{"id":8826,"date":"2025-01-25T15:52:35","date_gmt":"2025-01-25T18:52:35","guid":{"rendered":"https:\/\/arteemtransito.com.br\/site\/?page_id=8826"},"modified":"2025-01-25T15:52:36","modified_gmt":"2025-01-25T18:52:36","slug":"oficina-de-cordas","status":"publish","type":"page","link":"https:\/\/arteemtransito.com.br\/site\/pt_br\/oficina-de-cordas\/","title":{"rendered":"Oficina de Cordas"},"content":{"rendered":"\n<p>A Oficina de Cordas \u00e9 fruto de uma parceria entre a Escola de Artes Pr\u00f3-M\u00fasica, o Col\u00e9gio de Aplica\u00e7\u00e3o Jo\u00e3o XXIII e o Programa Arte em Tr\u00e2nsito. Trata-se de um projeto que visa o ensino coletivo de violino e violoncelo e que acontece nos espa\u00e7os do Col\u00e9gio de Aplica\u00e7\u00e3o. A proposta \u00e9 de que estudantes do Col\u00e9gio se insiram no aprendizado destes instrumentos e de que, posteriormente, deem continuidade aos seus estudos musicais diretamente no espa\u00e7o da Escola Pr\u00f3-M\u00fasica. Dessa forma, se estabelece um ciclo que possibilita, caso queiram, ir desde o in\u00edcio no instrumento at\u00e9 fases posteriores de profissionaliza\u00e7\u00e3o musical.<\/p>\n\n\n\n<figure class=\"wp-block-gallery has-nested-images columns-2 is-cropped wp-block-gallery-1 is-layout-flex wp-block-gallery-is-layout-flex\">\n<figure class=\"wp-block-image size-large\"><a href=\"https:\/\/i0.wp.com\/arteemtransito.com.br\/site\/wp-content\/uploads\/2025\/01\/IMG_0106-scaled.jpg?ssl=1\"><img data-recalc-dims=\"1\" loading=\"lazy\" decoding=\"async\" width=\"800\" height=\"534\" data-attachment-id=\"8836\" data-permalink=\"https:\/\/arteemtransito.com.br\/site\/pt_br\/oficina-de-cordas\/img_0106\/\" data-orig-file=\"https:\/\/i0.wp.com\/arteemtransito.com.br\/site\/wp-content\/uploads\/2025\/01\/IMG_0106-scaled.jpg?fit=2560%2C1707&amp;ssl=1\" data-orig-size=\"2560,1707\" data-comments-opened=\"1\" data-image-meta=\"{&quot;aperture&quot;:&quot;0&quot;,&quot;credit&quot;:&quot;&quot;,&quot;camera&quot;:&quot;&quot;,&quot;caption&quot;:&quot;&quot;,&quot;created_timestamp&quot;:&quot;0&quot;,&quot;copyright&quot;:&quot;&quot;,&quot;focal_length&quot;:&quot;0&quot;,&quot;iso&quot;:&quot;0&quot;,&quot;shutter_speed&quot;:&quot;0&quot;,&quot;title&quot;:&quot;&quot;,&quot;orientation&quot;:&quot;0&quot;}\" data-image-title=\"IMG_0106\" data-image-description=\"\" data-image-caption=\"\" data-medium-file=\"https:\/\/i0.wp.com\/arteemtransito.com.br\/site\/wp-content\/uploads\/2025\/01\/IMG_0106-scaled.jpg?fit=300%2C200&amp;ssl=1\" data-large-file=\"https:\/\/i0.wp.com\/arteemtransito.com.br\/site\/wp-content\/uploads\/2025\/01\/IMG_0106-scaled.jpg?fit=800%2C534&amp;ssl=1\" data-id=\"8836\" src=\"https:\/\/i0.wp.com\/arteemtransito.com.br\/site\/wp-content\/uploads\/2025\/01\/IMG_0106.jpg?resize=800%2C534&#038;ssl=1\" alt=\"\" class=\"wp-image-8836\" srcset=\"https:\/\/i0.wp.com\/arteemtransito.com.br\/site\/wp-content\/uploads\/2025\/01\/IMG_0106-scaled.jpg?resize=1024%2C683&amp;ssl=1 1024w, https:\/\/i0.wp.com\/arteemtransito.com.br\/site\/wp-content\/uploads\/2025\/01\/IMG_0106-scaled.jpg?resize=300%2C200&amp;ssl=1 300w, https:\/\/i0.wp.com\/arteemtransito.com.br\/site\/wp-content\/uploads\/2025\/01\/IMG_0106-scaled.jpg?resize=768%2C512&amp;ssl=1 768w, https:\/\/i0.wp.com\/arteemtransito.com.br\/site\/wp-content\/uploads\/2025\/01\/IMG_0106-scaled.jpg?resize=1536%2C1024&amp;ssl=1 1536w, https:\/\/i0.wp.com\/arteemtransito.com.br\/site\/wp-content\/uploads\/2025\/01\/IMG_0106-scaled.jpg?w=1600&amp;ssl=1 1600w, https:\/\/i0.wp.com\/arteemtransito.com.br\/site\/wp-content\/uploads\/2025\/01\/IMG_0106-scaled.jpg?w=2400&amp;ssl=1 2400w\" sizes=\"auto, (max-width: 800px) 100vw, 800px\" \/><\/a><\/figure>\n\n\n\n<figure class=\"wp-block-image size-large\"><a href=\"https:\/\/i0.wp.com\/arteemtransito.com.br\/site\/wp-content\/uploads\/2025\/01\/IMG_0083-scaled.jpg?ssl=1\"><img data-recalc-dims=\"1\" loading=\"lazy\" decoding=\"async\" width=\"800\" height=\"534\" data-attachment-id=\"8837\" data-permalink=\"https:\/\/arteemtransito.com.br\/site\/pt_br\/oficina-de-cordas\/img_0083\/\" data-orig-file=\"https:\/\/i0.wp.com\/arteemtransito.com.br\/site\/wp-content\/uploads\/2025\/01\/IMG_0083-scaled.jpg?fit=2560%2C1707&amp;ssl=1\" data-orig-size=\"2560,1707\" data-comments-opened=\"1\" data-image-meta=\"{&quot;aperture&quot;:&quot;0&quot;,&quot;credit&quot;:&quot;&quot;,&quot;camera&quot;:&quot;&quot;,&quot;caption&quot;:&quot;&quot;,&quot;created_timestamp&quot;:&quot;0&quot;,&quot;copyright&quot;:&quot;&quot;,&quot;focal_length&quot;:&quot;0&quot;,&quot;iso&quot;:&quot;0&quot;,&quot;shutter_speed&quot;:&quot;0&quot;,&quot;title&quot;:&quot;&quot;,&quot;orientation&quot;:&quot;0&quot;}\" data-image-title=\"IMG_0083\" data-image-description=\"\" data-image-caption=\"\" data-medium-file=\"https:\/\/i0.wp.com\/arteemtransito.com.br\/site\/wp-content\/uploads\/2025\/01\/IMG_0083-scaled.jpg?fit=300%2C200&amp;ssl=1\" data-large-file=\"https:\/\/i0.wp.com\/arteemtransito.com.br\/site\/wp-content\/uploads\/2025\/01\/IMG_0083-scaled.jpg?fit=800%2C534&amp;ssl=1\" data-id=\"8837\" src=\"https:\/\/i0.wp.com\/arteemtransito.com.br\/site\/wp-content\/uploads\/2025\/01\/IMG_0083.jpg?resize=800%2C534&#038;ssl=1\" alt=\"\" class=\"wp-image-8837\" srcset=\"https:\/\/i0.wp.com\/arteemtransito.com.br\/site\/wp-content\/uploads\/2025\/01\/IMG_0083-scaled.jpg?resize=1024%2C683&amp;ssl=1 1024w, https:\/\/i0.wp.com\/arteemtransito.com.br\/site\/wp-content\/uploads\/2025\/01\/IMG_0083-scaled.jpg?resize=300%2C200&amp;ssl=1 300w, https:\/\/i0.wp.com\/arteemtransito.com.br\/site\/wp-content\/uploads\/2025\/01\/IMG_0083-scaled.jpg?resize=768%2C512&amp;ssl=1 768w, https:\/\/i0.wp.com\/arteemtransito.com.br\/site\/wp-content\/uploads\/2025\/01\/IMG_0083-scaled.jpg?resize=1536%2C1024&amp;ssl=1 1536w, https:\/\/i0.wp.com\/arteemtransito.com.br\/site\/wp-content\/uploads\/2025\/01\/IMG_0083-scaled.jpg?w=1600&amp;ssl=1 1600w, https:\/\/i0.wp.com\/arteemtransito.com.br\/site\/wp-content\/uploads\/2025\/01\/IMG_0083-scaled.jpg?w=2400&amp;ssl=1 2400w\" sizes=\"auto, (max-width: 800px) 100vw, 800px\" \/><\/a><\/figure>\n\n\n\n<figure class=\"wp-block-image size-large\"><a href=\"https:\/\/i0.wp.com\/arteemtransito.com.br\/site\/wp-content\/uploads\/2025\/01\/IMG_0136-scaled.jpg?ssl=1\"><img data-recalc-dims=\"1\" loading=\"lazy\" decoding=\"async\" width=\"800\" height=\"534\" data-attachment-id=\"8834\" data-permalink=\"https:\/\/arteemtransito.com.br\/site\/pt_br\/oficina-de-cordas\/img_0136\/\" data-orig-file=\"https:\/\/i0.wp.com\/arteemtransito.com.br\/site\/wp-content\/uploads\/2025\/01\/IMG_0136-scaled.jpg?fit=2560%2C1707&amp;ssl=1\" data-orig-size=\"2560,1707\" data-comments-opened=\"1\" data-image-meta=\"{&quot;aperture&quot;:&quot;0&quot;,&quot;credit&quot;:&quot;&quot;,&quot;camera&quot;:&quot;&quot;,&quot;caption&quot;:&quot;&quot;,&quot;created_timestamp&quot;:&quot;0&quot;,&quot;copyright&quot;:&quot;&quot;,&quot;focal_length&quot;:&quot;0&quot;,&quot;iso&quot;:&quot;0&quot;,&quot;shutter_speed&quot;:&quot;0&quot;,&quot;title&quot;:&quot;&quot;,&quot;orientation&quot;:&quot;0&quot;}\" data-image-title=\"IMG_0136\" data-image-description=\"\" data-image-caption=\"\" data-medium-file=\"https:\/\/i0.wp.com\/arteemtransito.com.br\/site\/wp-content\/uploads\/2025\/01\/IMG_0136-scaled.jpg?fit=300%2C200&amp;ssl=1\" data-large-file=\"https:\/\/i0.wp.com\/arteemtransito.com.br\/site\/wp-content\/uploads\/2025\/01\/IMG_0136-scaled.jpg?fit=800%2C534&amp;ssl=1\" data-id=\"8834\" src=\"https:\/\/i0.wp.com\/arteemtransito.com.br\/site\/wp-content\/uploads\/2025\/01\/IMG_0136.jpg?resize=800%2C534&#038;ssl=1\" alt=\"\" class=\"wp-image-8834\" srcset=\"https:\/\/i0.wp.com\/arteemtransito.com.br\/site\/wp-content\/uploads\/2025\/01\/IMG_0136-scaled.jpg?resize=1024%2C683&amp;ssl=1 1024w, https:\/\/i0.wp.com\/arteemtransito.com.br\/site\/wp-content\/uploads\/2025\/01\/IMG_0136-scaled.jpg?resize=300%2C200&amp;ssl=1 300w, https:\/\/i0.wp.com\/arteemtransito.com.br\/site\/wp-content\/uploads\/2025\/01\/IMG_0136-scaled.jpg?resize=768%2C512&amp;ssl=1 768w, https:\/\/i0.wp.com\/arteemtransito.com.br\/site\/wp-content\/uploads\/2025\/01\/IMG_0136-scaled.jpg?resize=1536%2C1024&amp;ssl=1 1536w, https:\/\/i0.wp.com\/arteemtransito.com.br\/site\/wp-content\/uploads\/2025\/01\/IMG_0136-scaled.jpg?w=1600&amp;ssl=1 1600w, https:\/\/i0.wp.com\/arteemtransito.com.br\/site\/wp-content\/uploads\/2025\/01\/IMG_0136-scaled.jpg?w=2400&amp;ssl=1 2400w\" sizes=\"auto, (max-width: 800px) 100vw, 800px\" \/><\/a><\/figure>\n\n\n\n<figure class=\"wp-block-image size-large\"><a href=\"https:\/\/i0.wp.com\/arteemtransito.com.br\/site\/wp-content\/uploads\/2025\/01\/IMG_0133-scaled.jpg?ssl=1\"><img data-recalc-dims=\"1\" loading=\"lazy\" decoding=\"async\" width=\"800\" height=\"534\" data-attachment-id=\"8835\" data-permalink=\"https:\/\/arteemtransito.com.br\/site\/pt_br\/oficina-de-cordas\/img_0133\/\" data-orig-file=\"https:\/\/i0.wp.com\/arteemtransito.com.br\/site\/wp-content\/uploads\/2025\/01\/IMG_0133-scaled.jpg?fit=2560%2C1707&amp;ssl=1\" data-orig-size=\"2560,1707\" data-comments-opened=\"1\" data-image-meta=\"{&quot;aperture&quot;:&quot;0&quot;,&quot;credit&quot;:&quot;&quot;,&quot;camera&quot;:&quot;&quot;,&quot;caption&quot;:&quot;&quot;,&quot;created_timestamp&quot;:&quot;0&quot;,&quot;copyright&quot;:&quot;&quot;,&quot;focal_length&quot;:&quot;0&quot;,&quot;iso&quot;:&quot;0&quot;,&quot;shutter_speed&quot;:&quot;0&quot;,&quot;title&quot;:&quot;&quot;,&quot;orientation&quot;:&quot;0&quot;}\" data-image-title=\"IMG_0133\" data-image-description=\"\" data-image-caption=\"\" data-medium-file=\"https:\/\/i0.wp.com\/arteemtransito.com.br\/site\/wp-content\/uploads\/2025\/01\/IMG_0133-scaled.jpg?fit=300%2C200&amp;ssl=1\" data-large-file=\"https:\/\/i0.wp.com\/arteemtransito.com.br\/site\/wp-content\/uploads\/2025\/01\/IMG_0133-scaled.jpg?fit=800%2C534&amp;ssl=1\" data-id=\"8835\" src=\"https:\/\/i0.wp.com\/arteemtransito.com.br\/site\/wp-content\/uploads\/2025\/01\/IMG_0133.jpg?resize=800%2C534&#038;ssl=1\" alt=\"\" class=\"wp-image-8835\" srcset=\"https:\/\/i0.wp.com\/arteemtransito.com.br\/site\/wp-content\/uploads\/2025\/01\/IMG_0133-scaled.jpg?resize=1024%2C683&amp;ssl=1 1024w, https:\/\/i0.wp.com\/arteemtransito.com.br\/site\/wp-content\/uploads\/2025\/01\/IMG_0133-scaled.jpg?resize=300%2C200&amp;ssl=1 300w, https:\/\/i0.wp.com\/arteemtransito.com.br\/site\/wp-content\/uploads\/2025\/01\/IMG_0133-scaled.jpg?resize=768%2C512&amp;ssl=1 768w, https:\/\/i0.wp.com\/arteemtransito.com.br\/site\/wp-content\/uploads\/2025\/01\/IMG_0133-scaled.jpg?resize=1536%2C1024&amp;ssl=1 1536w, https:\/\/i0.wp.com\/arteemtransito.com.br\/site\/wp-content\/uploads\/2025\/01\/IMG_0133-scaled.jpg?w=1600&amp;ssl=1 1600w, https:\/\/i0.wp.com\/arteemtransito.com.br\/site\/wp-content\/uploads\/2025\/01\/IMG_0133-scaled.jpg?w=2400&amp;ssl=1 2400w\" sizes=\"auto, (max-width: 800px) 100vw, 800px\" \/><\/a><\/figure>\n<\/figure>\n","protected":false},"excerpt":{"rendered":"<p>A Oficina de Cordas \u00e9 fruto de uma parceria entre a Escola de Artes Pr\u00f3-M\u00fasica, o Col\u00e9gio de Aplica\u00e7\u00e3o Jo\u00e3o XXIII e o Programa Arte em Tr\u00e2nsito. Trata-se de um &#8230;<\/p>\n","protected":false},"author":3,"featured_media":0,"parent":0,"menu_order":0,"comment_status":"closed","ping_status":"closed","template":"","meta":{"ngg_post_thumbnail":0,"jetpack_post_was_ever_published":false,"footnotes":""},"class_list":["post-8826","page","type-page","status-publish","hentry"],"jetpack_shortlink":"https:\/\/wp.me\/P3LbTB-2im","jetpack_sharing_enabled":true,"jetpack_likes_enabled":false,"jetpack-related-posts":[],"_links":{"self":[{"href":"https:\/\/arteemtransito.com.br\/site\/pt_br\/wp-json\/wp\/v2\/pages\/8826","targetHints":{"allow":["GET"]}}],"collection":[{"href":"https:\/\/arteemtransito.com.br\/site\/pt_br\/wp-json\/wp\/v2\/pages"}],"about":[{"href":"https:\/\/arteemtransito.com.br\/site\/pt_br\/wp-json\/wp\/v2\/types\/page"}],"author":[{"embeddable":true,"href":"https:\/\/arteemtransito.com.br\/site\/pt_br\/wp-json\/wp\/v2\/users\/3"}],"replies":[{"embeddable":true,"href":"https:\/\/arteemtransito.com.br\/site\/pt_br\/wp-json\/wp\/v2\/comments?post=8826"}],"version-history":[{"count":2,"href":"https:\/\/arteemtransito.com.br\/site\/pt_br\/wp-json\/wp\/v2\/pages\/8826\/revisions"}],"predecessor-version":[{"id":8843,"href":"https:\/\/arteemtransito.com.br\/site\/pt_br\/wp-json\/wp\/v2\/pages\/8826\/revisions\/8843"}],"wp:attachment":[{"href":"https:\/\/arteemtransito.com.br\/site\/pt_br\/wp-json\/wp\/v2\/media?parent=8826"}],"curies":[{"name":"wp","href":"https:\/\/api.w.org\/{rel}","templated":true}]}}