{"id":8782,"date":"2025-01-16T14:53:11","date_gmt":"2025-01-16T17:53:11","guid":{"rendered":"https:\/\/arteemtransito.com.br\/site\/?page_id=8782"},"modified":"2025-12-21T20:26:28","modified_gmt":"2025-12-21T23:26:28","slug":"2025-2","status":"publish","type":"page","link":"https:\/\/arteemtransito.com.br\/site\/pt_br\/2025-2\/","title":{"rendered":"2025"},"content":{"rendered":"\n<p>O ano de 2025 foi especial, pois marcou o retorno de nosso evento presencial, com o IX Col\u00f3quio Arte em Tr\u00e2nsito.<\/p>\n\n\n\n<p>Realizamos tamb\u00e9m 03 exposi\u00e7\u00f5es pedag\u00f3gicas:<a href=\"https:\/\/arteemtransito.com.br\/site\/pt_br\/postais\/\" data-type=\"link\" data-id=\"https:\/\/arteemtransito.com.br\/site\/pt_br\/postais\/\"> &#8220;Postais&#8221;<\/a>, de 12 de fevereiro a 10 de mar\u00e7o; &#8220;Onde a arte Nasce&#8221;, de 17 a 30 de setembro;  Gatafunho de 17 a 30 de setembro.<\/p>\n\n\n\n<p>Outro grande destaque foi o recebimento da Men\u00e7\u00e3o Honrosa no Pr\u00eamio Alda Oliveira 2025 de Pr\u00e1ticas de Ensino de M\u00fasica nas escolas Brasileiras de Educa\u00e7\u00e3o B\u00e1sica. O material premiado foi todo o processo pedag\u00f3gico que gerou a exposi\u00e7\u00e3o <a href=\"https:\/\/arteemtransito.com.br\/site\/pt_br\/2020\/12\/retrospectiva-2020-dialogos-sobre-paisagem\/\" data-type=\"link\" data-id=\"https:\/\/arteemtransito.com.br\/site\/pt_br\/2020\/12\/retrospectiva-2020-dialogos-sobre-paisagem\/\">&#8220;Di\u00e1logos sobre Paisagem&#8221;<\/a>.<\/p>\n\n\n\n<p><\/p>\n","protected":false},"excerpt":{"rendered":"<p>O ano de 2025 foi especial, pois marcou o retorno de nosso evento presencial, com o IX Col\u00f3quio Arte em Tr\u00e2nsito. Realizamos tamb\u00e9m 03 exposi\u00e7\u00f5es pedag\u00f3gicas: &#8220;Postais&#8221;, de 12 de &#8230;<\/p>\n","protected":false},"author":3,"featured_media":0,"parent":0,"menu_order":0,"comment_status":"closed","ping_status":"closed","template":"","meta":{"ngg_post_thumbnail":0,"jetpack_post_was_ever_published":false,"footnotes":""},"class_list":["post-8782","page","type-page","status-publish","hentry"],"jetpack_shortlink":"https:\/\/wp.me\/P3LbTB-2hE","jetpack_sharing_enabled":true,"jetpack_likes_enabled":false,"jetpack-related-posts":[],"_links":{"self":[{"href":"https:\/\/arteemtransito.com.br\/site\/pt_br\/wp-json\/wp\/v2\/pages\/8782","targetHints":{"allow":["GET"]}}],"collection":[{"href":"https:\/\/arteemtransito.com.br\/site\/pt_br\/wp-json\/wp\/v2\/pages"}],"about":[{"href":"https:\/\/arteemtransito.com.br\/site\/pt_br\/wp-json\/wp\/v2\/types\/page"}],"author":[{"embeddable":true,"href":"https:\/\/arteemtransito.com.br\/site\/pt_br\/wp-json\/wp\/v2\/users\/3"}],"replies":[{"embeddable":true,"href":"https:\/\/arteemtransito.com.br\/site\/pt_br\/wp-json\/wp\/v2\/comments?post=8782"}],"version-history":[{"count":3,"href":"https:\/\/arteemtransito.com.br\/site\/pt_br\/wp-json\/wp\/v2\/pages\/8782\/revisions"}],"predecessor-version":[{"id":8881,"href":"https:\/\/arteemtransito.com.br\/site\/pt_br\/wp-json\/wp\/v2\/pages\/8782\/revisions\/8881"}],"wp:attachment":[{"href":"https:\/\/arteemtransito.com.br\/site\/pt_br\/wp-json\/wp\/v2\/media?parent=8782"}],"curies":[{"name":"wp","href":"https:\/\/api.w.org\/{rel}","templated":true}]}}