{"id":8357,"date":"2023-01-21T11:18:47","date_gmt":"2023-01-21T14:18:47","guid":{"rendered":"https:\/\/arteemtransito.com.br\/site\/?page_id=8357"},"modified":"2025-01-16T14:51:54","modified_gmt":"2025-01-16T17:51:54","slug":"2023-2","status":"publish","type":"page","link":"https:\/\/arteemtransito.com.br\/site\/pt_br\/2023-2\/","title":{"rendered":"2023"},"content":{"rendered":"\n<p>No ano de 2023, apresentamos as exposi\u00e7\u00f5es pedag\u00f3gicas: \u201cEntre Azuis\u201d, \u201cOutra Coisa\u201d e \u201cBios\u201d. Contamos com os seguintes artistas convidados: Samantha Ribeiros com a exposi\u00e7\u00e3o \u201cPalavras nunca ditas\u201d, Fred Crochet com \u201cA Ben\u00e7\u00e3o\u201d e German Bezerra com \u201cOrix\u00e1s\u201d. Para al\u00e9m disso, tivemos nossas atividades de forma\u00e7\u00e3o como a Oficina de Cordas e houve o lan\u00e7amento do <a href=\"https:\/\/arteemtransito.com.br\/site\/pt_br\/2023\/03\/ciclo-de-encontros-como-esta-a-arte-nos-colegios-de-aplicacao\/\" data-type=\"link\" data-id=\"https:\/\/arteemtransito.com.br\/site\/pt_br\/2023\/03\/ciclo-de-encontros-como-esta-a-arte-nos-colegios-de-aplicacao\/\"><mark style=\"background-color:rgba(0, 0, 0, 0)\" class=\"has-inline-color has-luminous-vivid-amber-color\">Ciclo de Encontros<\/mark><\/a> em formato online contando com a apresenta\u00e7\u00e3o de trabalhos de arte-educadores de Col\u00e9gios de Aplica\u00e7\u00e3o de todo o Brasil.<\/p>\n\n\n\n<p><\/p>\n","protected":false},"excerpt":{"rendered":"<p>No ano de 2023, apresentamos as exposi\u00e7\u00f5es pedag\u00f3gicas: \u201cEntre Azuis\u201d, \u201cOutra Coisa\u201d e \u201cBios\u201d. Contamos com os seguintes artistas convidados: Samantha Ribeiros com a exposi\u00e7\u00e3o \u201cPalavras nunca ditas\u201d, Fred Crochet &#8230;<\/p>\n","protected":false},"author":3,"featured_media":0,"parent":0,"menu_order":0,"comment_status":"closed","ping_status":"closed","template":"","meta":{"ngg_post_thumbnail":0,"jetpack_post_was_ever_published":false,"footnotes":""},"class_list":["post-8357","page","type-page","status-publish","hentry"],"jetpack_shortlink":"https:\/\/wp.me\/P3LbTB-2aN","jetpack_sharing_enabled":true,"jetpack_likes_enabled":false,"jetpack-related-posts":[],"_links":{"self":[{"href":"https:\/\/arteemtransito.com.br\/site\/pt_br\/wp-json\/wp\/v2\/pages\/8357","targetHints":{"allow":["GET"]}}],"collection":[{"href":"https:\/\/arteemtransito.com.br\/site\/pt_br\/wp-json\/wp\/v2\/pages"}],"about":[{"href":"https:\/\/arteemtransito.com.br\/site\/pt_br\/wp-json\/wp\/v2\/types\/page"}],"author":[{"embeddable":true,"href":"https:\/\/arteemtransito.com.br\/site\/pt_br\/wp-json\/wp\/v2\/users\/3"}],"replies":[{"embeddable":true,"href":"https:\/\/arteemtransito.com.br\/site\/pt_br\/wp-json\/wp\/v2\/comments?post=8357"}],"version-history":[{"count":4,"href":"https:\/\/arteemtransito.com.br\/site\/pt_br\/wp-json\/wp\/v2\/pages\/8357\/revisions"}],"predecessor-version":[{"id":8790,"href":"https:\/\/arteemtransito.com.br\/site\/pt_br\/wp-json\/wp\/v2\/pages\/8357\/revisions\/8790"}],"wp:attachment":[{"href":"https:\/\/arteemtransito.com.br\/site\/pt_br\/wp-json\/wp\/v2\/media?parent=8357"}],"curies":[{"name":"wp","href":"https:\/\/api.w.org\/{rel}","templated":true}]}}