{"id":8246,"date":"2022-04-01T12:48:06","date_gmt":"2022-04-01T15:48:06","guid":{"rendered":"https:\/\/arteemtransito.com.br\/site\/?page_id=8246"},"modified":"2022-04-01T12:48:07","modified_gmt":"2022-04-01T15:48:07","slug":"videos","status":"publish","type":"page","link":"https:\/\/arteemtransito.com.br\/site\/pt_br\/videos\/","title":{"rendered":"V\u00eddeos"},"content":{"rendered":"\n<p>Disponibilizamos nosso conte\u00fado audiovisual no YouTube! L\u00e1 voc\u00ea encontra grava\u00e7\u00f5es de lives, entrevistas com artistas, eventos, exposi\u00e7\u00f5es e o nosso trabalho no Jo\u00e3o XXIII.<\/p>\n\n\n\n<p><a rel=\"noreferrer noopener\" href=\"https:\/\/www.youtube.com\/channel\/UC6M5eluSB33fJRmKzbPCj4A\/videos\" target=\"_blank\"><span class=\"has-inline-color has-luminous-vivid-amber-color\">YouTube<\/span><\/a><br><a href=\"http:\/\/Lives\"><span class=\"has-inline-color has-luminous-vivid-amber-color\">Lives<\/span><\/a><\/p>\n","protected":false},"excerpt":{"rendered":"<p>Disponibilizamos nosso conte\u00fado audiovisual no YouTube! L\u00e1 voc\u00ea encontra grava\u00e7\u00f5es de lives, entrevistas com artistas, eventos, exposi\u00e7\u00f5es e o nosso trabalho no Jo\u00e3o XXIII. YouTubeLives<\/p>\n","protected":false},"author":3,"featured_media":0,"parent":0,"menu_order":0,"comment_status":"closed","ping_status":"closed","template":"","meta":{"ngg_post_thumbnail":0,"jetpack_post_was_ever_published":false,"footnotes":""},"class_list":["post-8246","page","type-page","status-publish","hentry"],"jetpack_shortlink":"https:\/\/wp.me\/P3LbTB-290","jetpack_sharing_enabled":true,"jetpack_likes_enabled":false,"jetpack-related-posts":[],"_links":{"self":[{"href":"https:\/\/arteemtransito.com.br\/site\/pt_br\/wp-json\/wp\/v2\/pages\/8246","targetHints":{"allow":["GET"]}}],"collection":[{"href":"https:\/\/arteemtransito.com.br\/site\/pt_br\/wp-json\/wp\/v2\/pages"}],"about":[{"href":"https:\/\/arteemtransito.com.br\/site\/pt_br\/wp-json\/wp\/v2\/types\/page"}],"author":[{"embeddable":true,"href":"https:\/\/arteemtransito.com.br\/site\/pt_br\/wp-json\/wp\/v2\/users\/3"}],"replies":[{"embeddable":true,"href":"https:\/\/arteemtransito.com.br\/site\/pt_br\/wp-json\/wp\/v2\/comments?post=8246"}],"version-history":[{"count":2,"href":"https:\/\/arteemtransito.com.br\/site\/pt_br\/wp-json\/wp\/v2\/pages\/8246\/revisions"}],"predecessor-version":[{"id":8252,"href":"https:\/\/arteemtransito.com.br\/site\/pt_br\/wp-json\/wp\/v2\/pages\/8246\/revisions\/8252"}],"wp:attachment":[{"href":"https:\/\/arteemtransito.com.br\/site\/pt_br\/wp-json\/wp\/v2\/media?parent=8246"}],"curies":[{"name":"wp","href":"https:\/\/api.w.org\/{rel}","templated":true}]}}