{"id":8242,"date":"2022-03-23T11:40:50","date_gmt":"2022-03-23T14:40:50","guid":{"rendered":"https:\/\/arteemtransito.com.br\/site\/?page_id=8242"},"modified":"2025-01-16T15:16:03","modified_gmt":"2025-01-16T18:16:03","slug":"2022-2","status":"publish","type":"page","link":"https:\/\/arteemtransito.com.br\/site\/pt_br\/2022-2\/","title":{"rendered":"2022"},"content":{"rendered":"\n<p>2022 foi um ano extremamente produtivo. Poder voltar a ocupar o espa\u00e7o do Jo\u00e3o XXIII foi important\u00edssimo para a retomada do nosso trabalho. Contamos com tr\u00eas exposi\u00e7\u00f5es, sendo a primeira, &#8220;Desenhando no Ar&#8221;. J\u00e1 na galeria Professor P\u00e1vel, reestreamos o corredor com a exposi\u00e7\u00e3o pedag\u00f3gica &#8220;<a href=\"https:\/\/arteemtransito.com.br\/site\/pt_br\/2022\/10\/exposicoes-de-outubro-na-galeria-professor-pavel\/\" target=\"_blank\" rel=\"noreferrer noopener\">Crion\u00e7as<\/a>&#8220;, realizada em meados de setembro, a partir de obras das crian\u00e7as da escola. Kawany Tamoyos tamb\u00e9m teve seu trabalho de grafitti presentes no nosso col\u00e9gio com a &#8220;<a href=\"https:\/\/arteemtransito.com.br\/site\/pt_br\/2022\/10\/exposicoes-de-outubro-na-galeria-professor-pavel\/\">Galeria Inquieta<\/a>&#8220;.<\/p>\n\n\n\n<p>Por estarmos dois anos inseridos em um per\u00edodo praticamente todo digital, tivemos que reaprender muita coisa, mas todo o novo conhecimento nos ajudou com a adapta\u00e7\u00e3o e nos trouxe uma prepara\u00e7\u00e3o para o futuro.<\/p>\n","protected":false},"excerpt":{"rendered":"<p>2022 foi um ano extremamente produtivo. Poder voltar a ocupar o espa\u00e7o do Jo\u00e3o XXIII foi important\u00edssimo para a retomada do nosso trabalho. Contamos com tr\u00eas exposi\u00e7\u00f5es, sendo a primeira, &#8230;<\/p>\n","protected":false},"author":3,"featured_media":0,"parent":0,"menu_order":0,"comment_status":"closed","ping_status":"closed","template":"","meta":{"ngg_post_thumbnail":0,"jetpack_post_was_ever_published":false,"footnotes":""},"class_list":["post-8242","page","type-page","status-publish","hentry"],"jetpack_shortlink":"https:\/\/wp.me\/P3LbTB-28W","jetpack_sharing_enabled":true,"jetpack_likes_enabled":false,"jetpack-related-posts":[],"_links":{"self":[{"href":"https:\/\/arteemtransito.com.br\/site\/pt_br\/wp-json\/wp\/v2\/pages\/8242","targetHints":{"allow":["GET"]}}],"collection":[{"href":"https:\/\/arteemtransito.com.br\/site\/pt_br\/wp-json\/wp\/v2\/pages"}],"about":[{"href":"https:\/\/arteemtransito.com.br\/site\/pt_br\/wp-json\/wp\/v2\/types\/page"}],"author":[{"embeddable":true,"href":"https:\/\/arteemtransito.com.br\/site\/pt_br\/wp-json\/wp\/v2\/users\/3"}],"replies":[{"embeddable":true,"href":"https:\/\/arteemtransito.com.br\/site\/pt_br\/wp-json\/wp\/v2\/comments?post=8242"}],"version-history":[{"count":3,"href":"https:\/\/arteemtransito.com.br\/site\/pt_br\/wp-json\/wp\/v2\/pages\/8242\/revisions"}],"predecessor-version":[{"id":8794,"href":"https:\/\/arteemtransito.com.br\/site\/pt_br\/wp-json\/wp\/v2\/pages\/8242\/revisions\/8794"}],"wp:attachment":[{"href":"https:\/\/arteemtransito.com.br\/site\/pt_br\/wp-json\/wp\/v2\/media?parent=8242"}],"curies":[{"name":"wp","href":"https:\/\/api.w.org\/{rel}","templated":true}]}}