{"id":80,"date":"2011-07-21T15:00:18","date_gmt":"2011-07-21T18:00:18","guid":{"rendered":"http:\/\/arteemtransito.wordpress.com\/?page_id=80"},"modified":"2020-02-09T17:38:49","modified_gmt":"2020-02-09T20:38:49","slug":"contato","status":"publish","type":"page","link":"https:\/\/arteemtransito.com.br\/site\/pt_br\/contato\/","title":{"rendered":"Contatos"},"content":{"rendered":"<p><strong>Col\u00e9gio de Aplica\u00e7\u00e3o Jo\u00e3o XXIII:<\/strong><\/p>\n<p>Rua Visconde de Mau\u00e1, 300, Bairro Santa Helena, Juiz de Fora , MG. CEP.: 36015-260<\/p>\n<p>Email: <a href=\"mailto:arteemtransitoj23@gmail.com\" target=\"_blank\" rel=\"noopener noreferrer\">arteemtransitoj23@gmail.com<\/a><\/p>\n<p>Facebook: <a href=\"https:\/\/www.facebook.com\/arteemtransito\/\">https:\/\/www.facebook.com\/arteemtransito\/<\/a><\/p>\n<p>Instagram: <a href=\"https:\/\/www.instagram.com\/arteemtransito\/\">https:\/\/www.instagram.com\/arteemtransito\/<\/a><\/p>\n","protected":false},"excerpt":{"rendered":"<p>Col\u00e9gio de Aplica\u00e7\u00e3o Jo\u00e3o XXIII: Rua Visconde de Mau\u00e1, 300, Bairro Santa Helena, Juiz de Fora , MG. CEP.: 36015-260 Email: arteemtransitoj23@gmail.com Facebook: https:\/\/www.facebook.com\/arteemtransito\/ Instagram: https:\/\/www.instagram.com\/arteemtransito\/<\/p>\n","protected":false},"author":1,"featured_media":0,"parent":0,"menu_order":6,"comment_status":"open","ping_status":"open","template":"","meta":{"ngg_post_thumbnail":0,"jetpack_post_was_ever_published":false,"footnotes":""},"class_list":["post-80","page","type-page","status-publish","hentry"],"jetpack_shortlink":"https:\/\/wp.me\/P3LbTB-1i","jetpack_sharing_enabled":true,"jetpack_likes_enabled":false,"jetpack-related-posts":[],"_links":{"self":[{"href":"https:\/\/arteemtransito.com.br\/site\/pt_br\/wp-json\/wp\/v2\/pages\/80","targetHints":{"allow":["GET"]}}],"collection":[{"href":"https:\/\/arteemtransito.com.br\/site\/pt_br\/wp-json\/wp\/v2\/pages"}],"about":[{"href":"https:\/\/arteemtransito.com.br\/site\/pt_br\/wp-json\/wp\/v2\/types\/page"}],"author":[{"embeddable":true,"href":"https:\/\/arteemtransito.com.br\/site\/pt_br\/wp-json\/wp\/v2\/users\/1"}],"replies":[{"embeddable":true,"href":"https:\/\/arteemtransito.com.br\/site\/pt_br\/wp-json\/wp\/v2\/comments?post=80"}],"version-history":[{"count":3,"href":"https:\/\/arteemtransito.com.br\/site\/pt_br\/wp-json\/wp\/v2\/pages\/80\/revisions"}],"predecessor-version":[{"id":6098,"href":"https:\/\/arteemtransito.com.br\/site\/pt_br\/wp-json\/wp\/v2\/pages\/80\/revisions\/6098"}],"wp:attachment":[{"href":"https:\/\/arteemtransito.com.br\/site\/pt_br\/wp-json\/wp\/v2\/media?parent=80"}],"curies":[{"name":"wp","href":"https:\/\/api.w.org\/{rel}","templated":true}]}}