{"id":7903,"date":"2021-08-23T12:21:00","date_gmt":"2021-08-23T15:21:00","guid":{"rendered":"https:\/\/arteemtransito.com.br\/site\/?page_id=7903"},"modified":"2021-09-15T20:59:14","modified_gmt":"2021-09-15T23:59:14","slug":"pes-no-chao-e-cabeca-nas-nuvens","status":"publish","type":"page","link":"https:\/\/arteemtransito.com.br\/site\/pt_br\/pes-no-chao-e-cabeca-nas-nuvens\/","title":{"rendered":"P\u00e9s no ch\u00e3o e cabe\u00e7a nas nuvens"},"content":{"rendered":"\n<iframe src=\"https:\/\/spark.adobe.com\/page\/b7pIaSoAXEO89\/\" style=\"margin: 1.5rem auto;border-width: 0; padding: 0; display: block; width: 80vw; height: 60vh;\"><\/iframe>\n\n\n\n<p><\/p>\n","protected":false},"excerpt":{"rendered":"","protected":false},"author":3,"featured_media":0,"parent":0,"menu_order":0,"comment_status":"closed","ping_status":"closed","template":"template-fullwidth-stretched.php","meta":{"ngg_post_thumbnail":0,"jetpack_post_was_ever_published":false,"footnotes":""},"class_list":["post-7903","page","type-page","status-publish","hentry"],"jetpack_shortlink":"https:\/\/wp.me\/P3LbTB-23t","jetpack_sharing_enabled":true,"jetpack_likes_enabled":false,"jetpack-related-posts":[],"_links":{"self":[{"href":"https:\/\/arteemtransito.com.br\/site\/pt_br\/wp-json\/wp\/v2\/pages\/7903","targetHints":{"allow":["GET"]}}],"collection":[{"href":"https:\/\/arteemtransito.com.br\/site\/pt_br\/wp-json\/wp\/v2\/pages"}],"about":[{"href":"https:\/\/arteemtransito.com.br\/site\/pt_br\/wp-json\/wp\/v2\/types\/page"}],"author":[{"embeddable":true,"href":"https:\/\/arteemtransito.com.br\/site\/pt_br\/wp-json\/wp\/v2\/users\/3"}],"replies":[{"embeddable":true,"href":"https:\/\/arteemtransito.com.br\/site\/pt_br\/wp-json\/wp\/v2\/comments?post=7903"}],"version-history":[{"count":16,"href":"https:\/\/arteemtransito.com.br\/site\/pt_br\/wp-json\/wp\/v2\/pages\/7903\/revisions"}],"predecessor-version":[{"id":8023,"href":"https:\/\/arteemtransito.com.br\/site\/pt_br\/wp-json\/wp\/v2\/pages\/7903\/revisions\/8023"}],"wp:attachment":[{"href":"https:\/\/arteemtransito.com.br\/site\/pt_br\/wp-json\/wp\/v2\/media?parent=7903"}],"curies":[{"name":"wp","href":"https:\/\/api.w.org\/{rel}","templated":true}]}}