{"id":67,"date":"2011-07-21T14:50:56","date_gmt":"2011-07-21T17:50:56","guid":{"rendered":"http:\/\/arteemtransito.wordpress.com\/?page_id=67"},"modified":"2016-03-23T17:12:23","modified_gmt":"2016-03-23T20:12:23","slug":"programacao","status":"publish","type":"page","link":"https:\/\/arteemtransito.com.br\/site\/pt_br\/programacao\/","title":{"rendered":"Programa\u00e7\u00e3o"},"content":{"rendered":"<p style=\"text-align: center;\">Vem a\u00ed:<\/p>\n<p style=\"text-align: left;\">&#8211; 6\u00aa Mostra Cultural: Exposi\u00e7\u00f5es de alunos; Exposi\u00e7\u00f5es e interven\u00e7\u00f5es de artistas convidados; Apresenta\u00e7\u00f5es musicais e de dan\u00e7a.<\/p>\n<p>&#8211; 5\u00ba Col\u00f3quio Arte em Tr\u00e2nsito: Encontro multidisciplinar de grupos de pesquisa; Apresenta\u00e7\u00f5es de trabalhos em rodas de comunica\u00e7\u00e3o oral e relatos de experi\u00eancia; Palestra.<\/p>\n","protected":false},"excerpt":{"rendered":"<p>Vem a\u00ed: &#8211; 6\u00aa Mostra Cultural: Exposi\u00e7\u00f5es de alunos; Exposi\u00e7\u00f5es e interven\u00e7\u00f5es de artistas convidados; Apresenta\u00e7\u00f5es musicais e de dan\u00e7a. &#8211; 5\u00ba Col\u00f3quio Arte em Tr\u00e2nsito: Encontro multidisciplinar de grupos &#8230;<\/p>\n","protected":false},"author":1,"featured_media":0,"parent":0,"menu_order":3,"comment_status":"open","ping_status":"open","template":"","meta":{"ngg_post_thumbnail":0,"jetpack_post_was_ever_published":false,"footnotes":""},"class_list":["post-67","page","type-page","status-publish","hentry"],"jetpack_shortlink":"https:\/\/wp.me\/P3LbTB-15","jetpack_sharing_enabled":true,"jetpack_likes_enabled":false,"jetpack-related-posts":[],"_links":{"self":[{"href":"https:\/\/arteemtransito.com.br\/site\/pt_br\/wp-json\/wp\/v2\/pages\/67","targetHints":{"allow":["GET"]}}],"collection":[{"href":"https:\/\/arteemtransito.com.br\/site\/pt_br\/wp-json\/wp\/v2\/pages"}],"about":[{"href":"https:\/\/arteemtransito.com.br\/site\/pt_br\/wp-json\/wp\/v2\/types\/page"}],"author":[{"embeddable":true,"href":"https:\/\/arteemtransito.com.br\/site\/pt_br\/wp-json\/wp\/v2\/users\/1"}],"replies":[{"embeddable":true,"href":"https:\/\/arteemtransito.com.br\/site\/pt_br\/wp-json\/wp\/v2\/comments?post=67"}],"version-history":[{"count":16,"href":"https:\/\/arteemtransito.com.br\/site\/pt_br\/wp-json\/wp\/v2\/pages\/67\/revisions"}],"predecessor-version":[{"id":2226,"href":"https:\/\/arteemtransito.com.br\/site\/pt_br\/wp-json\/wp\/v2\/pages\/67\/revisions\/2226"}],"wp:attachment":[{"href":"https:\/\/arteemtransito.com.br\/site\/pt_br\/wp-json\/wp\/v2\/media?parent=67"}],"curies":[{"name":"wp","href":"https:\/\/api.w.org\/{rel}","templated":true}]}}