{"id":6514,"date":"2020-05-29T17:53:51","date_gmt":"2020-05-29T20:53:51","guid":{"rendered":"http:\/\/arteemtransito.com.br\/site\/?page_id=6514"},"modified":"2025-01-21T12:13:33","modified_gmt":"2025-01-21T15:13:33","slug":"residencia-docente","status":"publish","type":"page","link":"https:\/\/arteemtransito.com.br\/site\/pt_br\/dispositivos-de-pesquisa\/residencia-docente\/","title":{"rendered":"Resid\u00eancia Docente"},"content":{"rendered":"\n<p class=\"has-text-align-justify\">A Resid\u00eancia Docente est\u00e1 vinculada a Pr\u00f3-Reitoria de Gradua\u00e7\u00e3o, e se alinha ao Projeto Pedag\u00f3gico Institucional das Licenciaturas da Universidade Federal de Juiz de Fora, com o objetivo de aprimorar a forma\u00e7\u00e3o de professores da Educa\u00e7\u00e3o B\u00e1sica, oferecendo um programa de forma\u00e7\u00e3o continuada, por meio de uma Especializa\u00e7\u00e3o, assim como possibilita o desenvolvimento de compet\u00eancias docentes in loco, complementando o aprendizado recebido na Institui\u00e7\u00e3o de Ensino Superior de origem com a viv\u00eancia no ambiente escolar.<\/p>\n\n\n\n<p class=\"has-text-align-justify\">O Col\u00e9gio de Aplica\u00e7\u00e3o \u00e9 parte importante dessa iniciativa oferecendo-se como campo para o exerc\u00edcio da co-doc\u00eancia exercida entre Residentes Docentes e professores coordenadores que atuam na institui\u00e7\u00e3o.<\/p>\n\n\n\n<p class=\"has-text-align-justify\">Nesse sentido, recebemos as seguintes residentes ao longo dos \u00faltimos anos, que trabalharam sob a orienta\u00e7\u00e3o dos professores Pedro Dutra e Renata Caetano e tamb\u00e9m colaboraram no Programa Arte em Tr\u00e2nsito.<\/p>\n\n\n\n<p>Gabriela Nunes de Almeida &#8211; 2024<\/p>\n\n\n\n<p>Erika Rohlfs &#8211; 2022\/ 2023<\/p>\n\n\n\n<p>Camila Magalh\u00e3es da Silva &#8211; 2020\/ 2021<\/p>\n\n\n\n<p>Marl\u00facia Pereira da Silva &#8211; 2019\/ 2020<\/p>\n\n\n\n<p class=\"has-text-align-justify\">L\u00edgia Gon\u00e7alves Costa &#8211; 2019\/ 2020<\/p>\n\n\n\n<p><\/p>\n","protected":false},"excerpt":{"rendered":"<p>A Resid\u00eancia Docente est\u00e1 vinculada a Pr\u00f3-Reitoria de Gradua\u00e7\u00e3o, e se alinha ao Projeto Pedag\u00f3gico Institucional das Licenciaturas da Universidade Federal de Juiz de Fora, com o objetivo de aprimorar &#8230;<\/p>\n","protected":false},"author":3,"featured_media":0,"parent":6079,"menu_order":0,"comment_status":"closed","ping_status":"closed","template":"","meta":{"ngg_post_thumbnail":0,"jetpack_post_was_ever_published":false,"footnotes":""},"class_list":["post-6514","page","type-page","status-publish","hentry"],"jetpack_shortlink":"https:\/\/wp.me\/P3LbTB-1H4","jetpack_sharing_enabled":true,"jetpack_likes_enabled":false,"jetpack-related-posts":[],"_links":{"self":[{"href":"https:\/\/arteemtransito.com.br\/site\/pt_br\/wp-json\/wp\/v2\/pages\/6514","targetHints":{"allow":["GET"]}}],"collection":[{"href":"https:\/\/arteemtransito.com.br\/site\/pt_br\/wp-json\/wp\/v2\/pages"}],"about":[{"href":"https:\/\/arteemtransito.com.br\/site\/pt_br\/wp-json\/wp\/v2\/types\/page"}],"author":[{"embeddable":true,"href":"https:\/\/arteemtransito.com.br\/site\/pt_br\/wp-json\/wp\/v2\/users\/3"}],"replies":[{"embeddable":true,"href":"https:\/\/arteemtransito.com.br\/site\/pt_br\/wp-json\/wp\/v2\/comments?post=6514"}],"version-history":[{"count":4,"href":"https:\/\/arteemtransito.com.br\/site\/pt_br\/wp-json\/wp\/v2\/pages\/6514\/revisions"}],"predecessor-version":[{"id":8825,"href":"https:\/\/arteemtransito.com.br\/site\/pt_br\/wp-json\/wp\/v2\/pages\/6514\/revisions\/8825"}],"up":[{"embeddable":true,"href":"https:\/\/arteemtransito.com.br\/site\/pt_br\/wp-json\/wp\/v2\/pages\/6079"}],"wp:attachment":[{"href":"https:\/\/arteemtransito.com.br\/site\/pt_br\/wp-json\/wp\/v2\/media?parent=6514"}],"curies":[{"name":"wp","href":"https:\/\/api.w.org\/{rel}","templated":true}]}}