{"id":6317,"date":"2020-04-29T14:39:55","date_gmt":"2020-04-29T17:39:55","guid":{"rendered":"http:\/\/arteemtransito.com.br\/site\/?page_id=6317"},"modified":"2021-07-15T12:31:20","modified_gmt":"2021-07-15T15:31:20","slug":"pontes-comunitarias","status":"publish","type":"page","link":"https:\/\/arteemtransito.com.br\/site\/pt_br\/dispositivos-para-formacao-docente\/pontes-comunitarias\/","title":{"rendered":"Pontes Comunit\u00e1rias"},"content":{"rendered":"\n<figure class=\"wp-block-gallery columns-1 is-cropped wp-block-gallery-1 is-layout-flex wp-block-gallery-is-layout-flex\"><ul class=\"blocks-gallery-grid\"><li class=\"blocks-gallery-item\"><figure><img data-recalc-dims=\"1\" loading=\"lazy\" decoding=\"async\" width=\"800\" height=\"266\" data-attachment-id=\"6822\" data-permalink=\"https:\/\/arteemtransito.com.br\/site\/pt_br\/dispositivos-para-formacao-docente\/pontes-comunitarias\/capa_pontes\/\" data-orig-file=\"https:\/\/i0.wp.com\/arteemtransito.com.br\/site\/wp-content\/uploads\/2020\/08\/capa_pontes.png?fit=1500%2C500&amp;ssl=1\" data-orig-size=\"1500,500\" data-comments-opened=\"1\" data-image-meta=\"{&quot;aperture&quot;:&quot;0&quot;,&quot;credit&quot;:&quot;&quot;,&quot;camera&quot;:&quot;&quot;,&quot;caption&quot;:&quot;&quot;,&quot;created_timestamp&quot;:&quot;0&quot;,&quot;copyright&quot;:&quot;&quot;,&quot;focal_length&quot;:&quot;0&quot;,&quot;iso&quot;:&quot;0&quot;,&quot;shutter_speed&quot;:&quot;0&quot;,&quot;title&quot;:&quot;&quot;,&quot;orientation&quot;:&quot;0&quot;}\" data-image-title=\"capa_pontes\" data-image-description=\"\" data-image-caption=\"\" data-medium-file=\"https:\/\/i0.wp.com\/arteemtransito.com.br\/site\/wp-content\/uploads\/2020\/08\/capa_pontes.png?fit=300%2C100&amp;ssl=1\" data-large-file=\"https:\/\/i0.wp.com\/arteemtransito.com.br\/site\/wp-content\/uploads\/2020\/08\/capa_pontes.png?fit=800%2C266&amp;ssl=1\" src=\"https:\/\/i0.wp.com\/arteemtransito.com.br\/site\/wp-content\/uploads\/2020\/08\/capa_pontes-1024x341.png?resize=800%2C266\" alt=\"\" data-id=\"6822\" data-full-url=\"http:\/\/arteemtransito.com.br\/site\/wp-content\/uploads\/2020\/08\/capa_pontes.png\" data-link=\"http:\/\/arteemtransito.com.br\/site\/dispositivos-para-formacao-docente\/pontes-comunitarias\/capa_pontes\/\" class=\"wp-image-6822\" srcset=\"https:\/\/i0.wp.com\/arteemtransito.com.br\/site\/wp-content\/uploads\/2020\/08\/capa_pontes.png?resize=1024%2C341&amp;ssl=1 1024w, https:\/\/i0.wp.com\/arteemtransito.com.br\/site\/wp-content\/uploads\/2020\/08\/capa_pontes.png?resize=300%2C100&amp;ssl=1 300w, https:\/\/i0.wp.com\/arteemtransito.com.br\/site\/wp-content\/uploads\/2020\/08\/capa_pontes.png?resize=768%2C256&amp;ssl=1 768w, https:\/\/i0.wp.com\/arteemtransito.com.br\/site\/wp-content\/uploads\/2020\/08\/capa_pontes.png?w=1500&amp;ssl=1 1500w\" sizes=\"auto, (max-width: 800px) 100vw, 800px\" \/><\/figure><\/li><\/ul><\/figure>\n\n\n\n<p><br><br>O projeto Pontes Comunit\u00e1rias, integrado aos dispositivos de forma\u00e7\u00e3o do Programa Arte em Tr\u00e2nsito, nasce em 2020 com o prop\u00f3sito de aproximar os diversos saberes da comunidade ao espa\u00e7o escolar. Na perspectiva da Educa\u00e7\u00e3o Popular, buscamos uma vis\u00e3o mais abrangente de educa\u00e7\u00e3o, entendendo-a como inerente \u00e0 vida, ao cotidiano das pessoas, suas pr\u00e1ticas, suas manifesta\u00e7\u00f5es, sua cultura. Assim, acreditamos que nos educamos em diversas pr\u00e1ticas sociais, entre elas a escola, mas tamb\u00e9m em grupos de conviv\u00eancia, grupos comunit\u00e1rios, nas distintas manifesta\u00e7\u00f5es da cultura popular. Dessa forma, vemos como essencial o di\u00e1logo entre escola e comunidade.<\/p>\n\n\n\n<p class=\"has-text-align-justify\">Sendo assim, o Pontes Comunit\u00e1rias est\u00e1 engajado atualmente no desenvolvimento de duas a\u00e7\u00f5es: A primeira, tem como objetivo buscar e conhecer pr\u00e1ticas individuais ou coletivas, vinculadas \u00e0 m\u00fasica, visualidades, cer\u00e2mica, bordados, dan\u00e7a, dentre outras presentes na regi\u00e3o de Juiz de Fora, e apresent\u00e1-las num cat\u00e1logo que pretende divulgar a hist\u00f3ria, as a\u00e7\u00f5es, os sujeitos envolvidos em tais pr\u00e1ticas. A segunda a\u00e7\u00e3o, totalmente integrada \u00e0 primeira, busca proporcionar encontros entre esses artistas e a comunidade escolar, principalmente no \u00e2mbito do Col\u00e9gio de Aplica\u00e7\u00e3o Jo\u00e3o XXIII, da Universidade Federal de Juiz de Fora, a fim de promover rodas de conversa, oficinas, apresenta\u00e7\u00f5es, exposi\u00e7\u00f5es, no intuito de que o espa\u00e7o escola seja efetivamente um espa\u00e7o da comunidade e, consequentemente, dos saberes provenientes dela.<br><\/p>\n\n\n\n<p><a href=\"http:\/\/youtube.com\/watch?v=jvH_teQs1do&amp;t=7s&amp;ab_channel=ArteemTr\u00e2nsitoCol\u00e9giodeAplica\u00e7\u00e3oJo\u00e3oXXIII\" target=\"_blank\" rel=\"noreferrer noopener\" aria-label=\"Acesse aqui o v\u00eddeo de apresenta\u00e7\u00e3o do Projeto! (opens in a new tab)\">Acesse aqui o v\u00eddeo de apresenta\u00e7\u00e3o do Projeto!<\/a><br><br><\/p>\n\n\n\n<p>Cat\u00e1logo digital de artistas e grupos:<\/p>\n\n\n\n<ul class=\"wp-block-list\"><li><a href=\"https:\/\/arteemtransito.com.br\/site\/pt_br\/bordadeiras-projeto-linhas-de-minas\/\" data-type=\"URL\" data-id=\"https:\/\/arteemtransito.com.br\/site\/pt_br\/bordadeiras-projeto-linhas-de-minas\/\">Bordadeiras &#8211; Projeto Linhas de Minas<\/a><\/li><li><a rel=\"noreferrer noopener\" aria-label=\"Arlindo e Bi\u00e1 (opens in a new tab)\" href=\"http:\/\/arteemtransito.com.br\/site\/seu-arlindo-e-bia-projeto-linhas-de-minas\/\" target=\"_blank\">Arlindo e Bi\u00e1<\/a><\/li><li><a rel=\"noreferrer noopener\" href=\"https:\/\/arteemtransito.com.br\/site\/pt_br\/muvuka\/\" target=\"_blank\" data-type=\"URL\" data-id=\"https:\/\/arteemtransito.com.br\/site\/pt_br\/muvuka\/\">MUVUKA<\/a><\/li><li><a rel=\"noreferrer noopener\" href=\"https:\/\/arteemtransito.com.br\/site\/pt_br\/ras-charlles-oleiro-e-ceramista\/\" target=\"_blank\">Ras Charlles<\/a><\/li><li><a rel=\"noreferrer noopener\" href=\"https:\/\/arteemtransito.com.br\/site\/sanfoneiro-zibica\/\" target=\"_blank\">Sanfoneiro Zibica<\/a><\/li><\/ul>\n\n\n\n<p><\/p>\n","protected":false},"excerpt":{"rendered":"<p>O projeto Pontes Comunit\u00e1rias, integrado aos dispositivos de forma\u00e7\u00e3o do Programa Arte em Tr\u00e2nsito, nasce em 2020 com o prop\u00f3sito de aproximar os diversos saberes da comunidade ao espa\u00e7o escolar. &#8230;<\/p>\n","protected":false},"author":3,"featured_media":0,"parent":5334,"menu_order":0,"comment_status":"closed","ping_status":"closed","template":"","meta":{"ngg_post_thumbnail":0,"jetpack_post_was_ever_published":false,"footnotes":""},"class_list":["post-6317","page","type-page","status-publish","hentry"],"jetpack_shortlink":"https:\/\/wp.me\/P3LbTB-1DT","jetpack_sharing_enabled":true,"jetpack_likes_enabled":false,"jetpack-related-posts":[],"_links":{"self":[{"href":"https:\/\/arteemtransito.com.br\/site\/pt_br\/wp-json\/wp\/v2\/pages\/6317","targetHints":{"allow":["GET"]}}],"collection":[{"href":"https:\/\/arteemtransito.com.br\/site\/pt_br\/wp-json\/wp\/v2\/pages"}],"about":[{"href":"https:\/\/arteemtransito.com.br\/site\/pt_br\/wp-json\/wp\/v2\/types\/page"}],"author":[{"embeddable":true,"href":"https:\/\/arteemtransito.com.br\/site\/pt_br\/wp-json\/wp\/v2\/users\/3"}],"replies":[{"embeddable":true,"href":"https:\/\/arteemtransito.com.br\/site\/pt_br\/wp-json\/wp\/v2\/comments?post=6317"}],"version-history":[{"count":13,"href":"https:\/\/arteemtransito.com.br\/site\/pt_br\/wp-json\/wp\/v2\/pages\/6317\/revisions"}],"predecessor-version":[{"id":7804,"href":"https:\/\/arteemtransito.com.br\/site\/pt_br\/wp-json\/wp\/v2\/pages\/6317\/revisions\/7804"}],"up":[{"embeddable":true,"href":"https:\/\/arteemtransito.com.br\/site\/pt_br\/wp-json\/wp\/v2\/pages\/5334"}],"wp:attachment":[{"href":"https:\/\/arteemtransito.com.br\/site\/pt_br\/wp-json\/wp\/v2\/media?parent=6317"}],"curies":[{"name":"wp","href":"https:\/\/api.w.org\/{rel}","templated":true}]}}