{"id":6087,"date":"2020-02-09T17:08:23","date_gmt":"2020-02-09T20:08:23","guid":{"rendered":"http:\/\/arteemtransito.com.br\/site\/?page_id=6087"},"modified":"2020-02-09T17:08:30","modified_gmt":"2020-02-09T20:08:30","slug":"acoes-anteriores","status":"publish","type":"page","link":"https:\/\/arteemtransito.com.br\/site\/pt_br\/acoes-anteriores\/","title":{"rendered":"A\u00e7\u00f5es anteriores"},"content":{"rendered":"\n<p><strong>Grupo de pesquisa Dimens\u00f5es Contempor\u00e2neas de Arte na Educa\u00e7\u00e3o B\u00e1sica (CNPq)<\/strong> <\/p>\n\n\n\n<p>O grupo \u00e9 formado por professoras e pesquisadoras de artes visuais do Col\u00e9gio de Aplica\u00e7\u00e3o Jo\u00e3o XXIII\/ UFJF, professoras das redes municipal e estadual, estudantes de artes e designers. Pretende contribuir na amplia\u00e7\u00e3o, na organiza\u00e7\u00e3o e na sistematiza\u00e7\u00e3o de um conhecimento ainda considerado recente no campo das pesquisas acad\u00eamicas. A motiva\u00e7\u00e3o nasce da constata\u00e7\u00e3o de que o ensino convencional de arte na escola n\u00e3o d\u00e1 conta da pluralidade, da diversidade e da acessibilidade \u00e0 informa\u00e7\u00e3o do mundo atual. Portanto, \u00e9 preciso avan\u00e7ar em pesquisas que elaborem e proponham novos objetos de aprendizagem e metodologias que dar\u00e3o um sentido expandido ao conhecimento de artes visuais na educa\u00e7\u00e3o b\u00e1sica. Composto pelas linhas de pesquisa &#8220;<strong>Po\u00e9ticas visuais no ensino<\/strong>&#8221; e &#8220;<strong>Arte, hist\u00f3ria e imagem no ensino<\/strong>&#8220;, visa gerar frentes de trabalho que instaurem metodologias, desenvolvam materiais did\u00e1ticos inovadores e rediscutam o(s) lugar(es) do ensino de arte em escolas formais.<\/p>\n\n\n\n<p>Encerrado em 2017.<\/p>\n\n\n\n<figure class=\"wp-block-embed\"><div class=\"wp-block-embed__wrapper\">\nhttp:\/\/dgp.cnpq.br\/dgp\/espelhogrupo\/4350139951213822\n<\/div><\/figure>\n\n\n\n<p><\/p>\n","protected":false},"excerpt":{"rendered":"<p>Grupo de pesquisa Dimens\u00f5es Contempor\u00e2neas de Arte na Educa\u00e7\u00e3o B\u00e1sica (CNPq) O grupo \u00e9 formado por professoras e pesquisadoras de artes visuais do Col\u00e9gio de Aplica\u00e7\u00e3o Jo\u00e3o XXIII\/ UFJF, professoras &#8230;<\/p>\n","protected":false},"author":3,"featured_media":0,"parent":0,"menu_order":0,"comment_status":"closed","ping_status":"closed","template":"","meta":{"ngg_post_thumbnail":0,"jetpack_post_was_ever_published":false,"footnotes":""},"class_list":["post-6087","page","type-page","status-publish","hentry"],"jetpack_shortlink":"https:\/\/wp.me\/P3LbTB-1Ab","jetpack_sharing_enabled":true,"jetpack_likes_enabled":false,"jetpack-related-posts":[],"_links":{"self":[{"href":"https:\/\/arteemtransito.com.br\/site\/pt_br\/wp-json\/wp\/v2\/pages\/6087","targetHints":{"allow":["GET"]}}],"collection":[{"href":"https:\/\/arteemtransito.com.br\/site\/pt_br\/wp-json\/wp\/v2\/pages"}],"about":[{"href":"https:\/\/arteemtransito.com.br\/site\/pt_br\/wp-json\/wp\/v2\/types\/page"}],"author":[{"embeddable":true,"href":"https:\/\/arteemtransito.com.br\/site\/pt_br\/wp-json\/wp\/v2\/users\/3"}],"replies":[{"embeddable":true,"href":"https:\/\/arteemtransito.com.br\/site\/pt_br\/wp-json\/wp\/v2\/comments?post=6087"}],"version-history":[{"count":1,"href":"https:\/\/arteemtransito.com.br\/site\/pt_br\/wp-json\/wp\/v2\/pages\/6087\/revisions"}],"predecessor-version":[{"id":6088,"href":"https:\/\/arteemtransito.com.br\/site\/pt_br\/wp-json\/wp\/v2\/pages\/6087\/revisions\/6088"}],"wp:attachment":[{"href":"https:\/\/arteemtransito.com.br\/site\/pt_br\/wp-json\/wp\/v2\/media?parent=6087"}],"curies":[{"name":"wp","href":"https:\/\/api.w.org\/{rel}","templated":true}]}}