{"id":6026,"date":"2019-12-27T08:10:48","date_gmt":"2019-12-27T11:10:48","guid":{"rendered":"http:\/\/arteemtransito.com.br\/site\/?page_id=6026"},"modified":"2019-12-31T15:23:22","modified_gmt":"2019-12-31T18:23:22","slug":"certificados","status":"publish","type":"page","link":"https:\/\/arteemtransito.com.br\/site\/pt_br\/certificados\/","title":{"rendered":"Certificados"},"content":{"rendered":"\n<p>Segue a baixo o link das atividades do Evento Arte em Tr\u00e2nsito: Deslocamentos Po\u00e9ticos, com os respectivas certificados. Os certificados dos expositores e convidados ser\u00e3o enviados por email. <\/p>\n\n\n\n<p><a href=\"https:\/\/drive.google.com\/open?id=17ENkFaUI7NwtM38MbqAp5hKt9KCPkO6E\">Oficina: &#8220;Fios, frestas e fendas: O lugar onde a arte brota&#8221; <\/a> 10-13h<\/p>\n\n\n\n<p><a href=\"https:\/\/drive.google.com\/open?id=1v7ZebowwL6bxRWvtLMbT9yFc6HPqPwFm\">Oficina: &#8220;Fios, frestas e fendas: O lugar onde a arte brota&#8221;<\/a> 14-17h<\/p>\n\n\n\n<p><a href=\"https:\/\/drive.google.com\/open?id=1VqLn7KBL_PzKMjynNtHhKRygja4ai3TS\">Oficina: &#8220;M\u00fasica e a Sensibilidade&#8221;<\/a><\/p>\n\n\n\n<p><a href=\"https:\/\/drive.google.com\/open?id=1cADAx90lzVjKdhsGLbg5XmUOC-CfeyeA\">Oficina: &#8220;Po\u00e9ticas do Azul: Cianotipia como processo fotogr\u00e1fico alternativo&#8221;<\/a><\/p>\n\n\n\n<p><a href=\"https:\/\/drive.google.com\/open?id=1-Q0F29vse8Z3wCzI5a6rDCbDSp4HcizL\">Oficina: &#8220;Pr\u00e1ticas perfomativas e experi\u00eancias coletivizadas&#8221; <\/a><\/p>\n\n\n\n<p><a href=\"https:\/\/drive.google.com\/open?id=138DWz9P50a3WchLKrUkSEHlW-gWAHYA_\">Oficina: &#8220;Reconstruir a paisagem&#8221;<\/a><\/p>\n\n\n\n<p><a href=\"https:\/\/drive.google.com\/open?id=1c8oXIHTEH8ekPa4nuKf4vELZBedM2XL9\">Oficina: Document\u00e1rio como registro po\u00e9tico<\/a><\/p>\n\n\n\n<p><a href=\"https:\/\/drive.google.com\/open?id=1TkYp6O2czKyFuKZ0eMtuKzTfSGBuctl9\">Palestra &#8220;Bioconceitualismo: exerc\u00edcios, aproxima\u00e7\u00f5es e zonas de contato&#8221; <\/a><\/p>\n\n\n\n<p><a href=\"https:\/\/drive.google.com\/drive\/folders\/1mVK77mqS6P5nK8mhNOoIouBMu0fGu3cY?usp=sharing\">Roda de Conversa sobre a Performance em Treinamento<\/a> <\/p>\n\n\n\n<p><a href=\"https:\/\/drive.google.com\/drive\/folders\/1tIlmwiyxzjLT-0uMQjzw2UihRvNem0K3?usp=sharing\">Roda de Conversa: &#8220;O Corpo Oco&#8221;<\/a> <\/p>\n\n\n\n<p><a href=\"https:\/\/drive.google.com\/open?id=1Qyj6cd0C2bhP4_CX-PiNCS0xoWrIkpYt\">Roda de Conversa:&#8221; O que pode a arte em tr\u00e2nsito?&#8221; + Oficina: &#8220;Bolo para desatar n\u00f3s&#8221;<\/a><\/p>\n\n\n\n<p><a href=\"https:\/\/drive.google.com\/open?id=1S4dJiQCa9BBvX2XovsSwDy6U51qhzZxo\">Roda de Conversa: &#8220;Poesia urbana e direito \u00e0 cidade&#8221;<\/a><\/p>\n\n\n\n<p><a href=\"https:\/\/drive.google.com\/open?id=1kCZckGp6KKRIRnNurHYLPxMMv0dP0SZx\">Mesa 1 &#8220;Tr\u00e2nsito e experi\u00eancias: A arte no Col\u00e9gio de Aplica\u00e7\u00e3o Jo\u00e3o XXIII<\/a><\/p>\n\n\n\n<p><a href=\"https:\/\/drive.google.com\/open?id=1RPZWAwnvBYqWlO8Zw30EFXYQrxmjFiMN\">Mesa 2: &#8220;Arte contempor\u00e2nea na escola: tens\u00f5es e reverbera\u00e7\u00f5es dos artistas no ch\u00e3o da escola&#8221;<\/a><\/p>\n\n\n\n<p><a href=\"https:\/\/drive.google.com\/open?id=1tj5lGh7rOCrGNVyPJomp3IOgz39yqos-\">Mesa 3: &#8220;Descolonizando a experi\u00eancia est\u00e9tica: a arte na escola&#8221;<\/a><\/p>\n","protected":false},"excerpt":{"rendered":"<p>Segue a baixo o link das atividades do Evento Arte em Tr\u00e2nsito: Deslocamentos Po\u00e9ticos, com os respectivas certificados. Os certificados dos expositores e convidados ser\u00e3o enviados por email. Oficina: &#8220;Fios, &#8230;<\/p>\n","protected":false},"author":3,"featured_media":0,"parent":0,"menu_order":0,"comment_status":"closed","ping_status":"closed","template":"","meta":{"ngg_post_thumbnail":0,"jetpack_post_was_ever_published":false,"footnotes":""},"class_list":["post-6026","page","type-page","status-publish","hentry"],"jetpack_shortlink":"https:\/\/wp.me\/P3LbTB-1zc","jetpack_sharing_enabled":true,"jetpack_likes_enabled":false,"jetpack-related-posts":[],"_links":{"self":[{"href":"https:\/\/arteemtransito.com.br\/site\/pt_br\/wp-json\/wp\/v2\/pages\/6026","targetHints":{"allow":["GET"]}}],"collection":[{"href":"https:\/\/arteemtransito.com.br\/site\/pt_br\/wp-json\/wp\/v2\/pages"}],"about":[{"href":"https:\/\/arteemtransito.com.br\/site\/pt_br\/wp-json\/wp\/v2\/types\/page"}],"author":[{"embeddable":true,"href":"https:\/\/arteemtransito.com.br\/site\/pt_br\/wp-json\/wp\/v2\/users\/3"}],"replies":[{"embeddable":true,"href":"https:\/\/arteemtransito.com.br\/site\/pt_br\/wp-json\/wp\/v2\/comments?post=6026"}],"version-history":[{"count":4,"href":"https:\/\/arteemtransito.com.br\/site\/pt_br\/wp-json\/wp\/v2\/pages\/6026\/revisions"}],"predecessor-version":[{"id":6033,"href":"https:\/\/arteemtransito.com.br\/site\/pt_br\/wp-json\/wp\/v2\/pages\/6026\/revisions\/6033"}],"wp:attachment":[{"href":"https:\/\/arteemtransito.com.br\/site\/pt_br\/wp-json\/wp\/v2\/media?parent=6026"}],"curies":[{"name":"wp","href":"https:\/\/api.w.org\/{rel}","templated":true}]}}