{"id":6019,"date":"2019-11-07T10:10:00","date_gmt":"2019-11-07T13:10:00","guid":{"rendered":"http:\/\/arteemtransito.com.br\/site\/?page_id=6019"},"modified":"2021-04-01T14:09:42","modified_gmt":"2021-04-01T17:09:42","slug":"fotos","status":"publish","type":"page","link":"https:\/\/arteemtransito.com.br\/site\/pt_br\/arte-em-transito-deslocamentos-poeticos\/fotos\/","title":{"rendered":"Galeria de Fotos"},"content":{"rendered":"\n<p>Deslocamentos po\u00e9ticos foi um evento que mobilizou diferentes locais em torno das quest\u00f5es do Arte em Tr\u00e2nsito! Confira abaixo alguns registros do evento.<\/p>\n\n\n\n<ul class=\"wp-block-list\"><li> <a href=\"https:\/\/arteemtransito.com.br\/site\/pt_br\/deslocamentos-poeticos-exposicoes\/\" data-type=\"URL\">Exposi\u00e7\u00f5es<\/a><\/li><li><a href=\"https:\/\/arteemtransito.com.br\/site\/performances\/\" data-type=\"URL\">Performances<\/a><\/li><li><a href=\"https:\/\/arteemtransito.com.br\/site\/deslocamentos-poeticos-coloquio-oficinas\/\" data-type=\"URL\" data-id=\"https:\/\/arteemtransito.com.br\/site\/deslocamentos-poeticos-coloquio-oficinas\/\">Col\u00f3quio &#8211; Oficinas<\/a><\/li><li><a href=\"https:\/\/arteemtransito.com.br\/site\/deslocamentos-poeticos-coloquio-rodas-de-conversa\/\" data-type=\"URL\">Col\u00f3quio &#8211; Rodas de Conversa<\/a><\/li><li><a href=\"https:\/\/arteemtransito.com.br\/site\/deslocamentos-poeticos-coloquio-mesas\/\" data-type=\"URL\" data-id=\"https:\/\/arteemtransito.com.br\/site\/deslocamentos-poeticos-coloquio-mesas\/\">Col\u00f3quio &#8211; Mesas<\/a><\/li><li><a href=\"https:\/\/arteemtransito.com.br\/site\/deslocamentos-poeticos-encerramento-do-evento\/\" data-type=\"URL\" data-id=\"https:\/\/arteemtransito.com.br\/site\/deslocamentos-poeticos-encerramento-do-evento\/\">Encerramento do evento<\/a><\/li><\/ul>\n\n\n\n<p><\/p>\n","protected":false},"excerpt":{"rendered":"<p>Deslocamentos po\u00e9ticos foi um evento que mobilizou diferentes locais em torno das quest\u00f5es do Arte em Tr\u00e2nsito! Confira abaixo alguns registros do evento. Exposi\u00e7\u00f5es Performances Col\u00f3quio &#8211; Oficinas Col\u00f3quio &#8211; &#8230;<\/p>\n","protected":false},"author":3,"featured_media":0,"parent":5973,"menu_order":0,"comment_status":"closed","ping_status":"closed","template":"","meta":{"ngg_post_thumbnail":0,"jetpack_post_was_ever_published":false,"footnotes":""},"class_list":["post-6019","page","type-page","status-publish","hentry"],"jetpack_shortlink":"https:\/\/wp.me\/P3LbTB-1z5","jetpack_sharing_enabled":true,"jetpack_likes_enabled":false,"jetpack-related-posts":[],"_links":{"self":[{"href":"https:\/\/arteemtransito.com.br\/site\/pt_br\/wp-json\/wp\/v2\/pages\/6019","targetHints":{"allow":["GET"]}}],"collection":[{"href":"https:\/\/arteemtransito.com.br\/site\/pt_br\/wp-json\/wp\/v2\/pages"}],"about":[{"href":"https:\/\/arteemtransito.com.br\/site\/pt_br\/wp-json\/wp\/v2\/types\/page"}],"author":[{"embeddable":true,"href":"https:\/\/arteemtransito.com.br\/site\/pt_br\/wp-json\/wp\/v2\/users\/3"}],"replies":[{"embeddable":true,"href":"https:\/\/arteemtransito.com.br\/site\/pt_br\/wp-json\/wp\/v2\/comments?post=6019"}],"version-history":[{"count":19,"href":"https:\/\/arteemtransito.com.br\/site\/pt_br\/wp-json\/wp\/v2\/pages\/6019\/revisions"}],"predecessor-version":[{"id":8593,"href":"https:\/\/arteemtransito.com.br\/site\/pt_br\/wp-json\/wp\/v2\/pages\/6019\/revisions\/8593"}],"up":[{"embeddable":true,"href":"https:\/\/arteemtransito.com.br\/site\/pt_br\/wp-json\/wp\/v2\/pages\/5973"}],"wp:attachment":[{"href":"https:\/\/arteemtransito.com.br\/site\/pt_br\/wp-json\/wp\/v2\/media?parent=6019"}],"curies":[{"name":"wp","href":"https:\/\/api.w.org\/{rel}","templated":true}]}}