{"id":6003,"date":"2019-10-03T14:48:01","date_gmt":"2019-10-03T17:48:01","guid":{"rendered":"http:\/\/arteemtransito.com.br\/site\/?page_id=6003"},"modified":"2021-03-30T16:34:43","modified_gmt":"2021-03-30T19:34:43","slug":"textos-e-apresentacoes","status":"publish","type":"page","link":"https:\/\/arteemtransito.com.br\/site\/pt_br\/arte-em-transito-deslocamentos-poeticos\/textos-e-apresentacoes\/","title":{"rendered":"Textos e Apresenta\u00e7\u00f5es"},"content":{"rendered":"\n<p> Atendendo a pedidos, compartilhamos o texto e a apresenta\u00e7\u00e3o da professora Anna Thereza do Valle Bezerra de Menezes (CAp. UFRJ) que tanto nos encantou no Col\u00f3quio \u201cO que pode a arte na escola\u201d. Agradecemos a professora por gentilmente ceder o material para divulga\u00e7\u00e3o.<\/p>\n\n\n\n<p><\/p>\n\n\n\n<p>( VII Col\u00f3quio Arte em Tr\u00e2nsito ) <\/p>\n\n\n\n<p><\/p>\n\n\n\n<div class=\"wp-block-file\"><a href=\"http:\/\/arteemtransito.com.br\/site\/wp-content\/uploads\/2019\/10\/O-que-pode-uma-escola-atrav\u00e9s-da-arte.pdf\">O que pode uma escola atrav\u00e9s da arte<\/a><a href=\"http:\/\/arteemtransito.com.br\/site\/wp-content\/uploads\/2019\/10\/O-que-pode-uma-escola-atrav\u00e9s-da-arte.pdf\" class=\"wp-block-file__button\" download>Baixar<\/a><\/div>\n\n\n\n<div class=\"wp-block-file\"><a href=\"http:\/\/arteemtransito.com.br\/site\/wp-content\/uploads\/2019\/10\/imagens-apresenta\u00e7\u00e3o.pdf\">imagens apresenta\u00e7\u00e3o<\/a><a href=\"http:\/\/arteemtransito.com.br\/site\/wp-content\/uploads\/2019\/10\/imagens-apresenta\u00e7\u00e3o.pdf\" class=\"wp-block-file__button\" download>Baixar<\/a><\/div>\n\n\n\n<p><\/p>\n","protected":false},"excerpt":{"rendered":"<p>Atendendo a pedidos, compartilhamos o texto e a apresenta\u00e7\u00e3o da professora Anna Thereza do Valle Bezerra de Menezes (CAp. UFRJ) que tanto nos encantou no Col\u00f3quio \u201cO que pode a &#8230;<\/p>\n","protected":false},"author":3,"featured_media":0,"parent":5973,"menu_order":0,"comment_status":"closed","ping_status":"closed","template":"","meta":{"ngg_post_thumbnail":0,"jetpack_post_was_ever_published":false,"footnotes":""},"class_list":["post-6003","page","type-page","status-publish","hentry"],"jetpack_shortlink":"https:\/\/wp.me\/P3LbTB-1yP","jetpack_sharing_enabled":true,"jetpack_likes_enabled":false,"jetpack-related-posts":[],"_links":{"self":[{"href":"https:\/\/arteemtransito.com.br\/site\/pt_br\/wp-json\/wp\/v2\/pages\/6003","targetHints":{"allow":["GET"]}}],"collection":[{"href":"https:\/\/arteemtransito.com.br\/site\/pt_br\/wp-json\/wp\/v2\/pages"}],"about":[{"href":"https:\/\/arteemtransito.com.br\/site\/pt_br\/wp-json\/wp\/v2\/types\/page"}],"author":[{"embeddable":true,"href":"https:\/\/arteemtransito.com.br\/site\/pt_br\/wp-json\/wp\/v2\/users\/3"}],"replies":[{"embeddable":true,"href":"https:\/\/arteemtransito.com.br\/site\/pt_br\/wp-json\/wp\/v2\/comments?post=6003"}],"version-history":[{"count":4,"href":"https:\/\/arteemtransito.com.br\/site\/pt_br\/wp-json\/wp\/v2\/pages\/6003\/revisions"}],"predecessor-version":[{"id":7376,"href":"https:\/\/arteemtransito.com.br\/site\/pt_br\/wp-json\/wp\/v2\/pages\/6003\/revisions\/7376"}],"up":[{"embeddable":true,"href":"https:\/\/arteemtransito.com.br\/site\/pt_br\/wp-json\/wp\/v2\/pages\/5973"}],"wp:attachment":[{"href":"https:\/\/arteemtransito.com.br\/site\/pt_br\/wp-json\/wp\/v2\/media?parent=6003"}],"curies":[{"name":"wp","href":"https:\/\/api.w.org\/{rel}","templated":true}]}}