{"id":5973,"date":"2019-09-09T14:26:28","date_gmt":"2019-09-09T17:26:28","guid":{"rendered":"http:\/\/arteemtransito.com.br\/site\/?page_id=5973"},"modified":"2021-08-01T10:39:58","modified_gmt":"2021-08-01T13:39:58","slug":"arte-em-transito-deslocamentos-poeticos","status":"publish","type":"page","link":"https:\/\/arteemtransito.com.br\/site\/pt_br\/arte-em-transito-deslocamentos-poeticos\/","title":{"rendered":"Deslocamentos po\u00e9ticos"},"content":{"rendered":"\n<p>O Projeto Arte em Tr\u00e2nsito vem sendo realizado no CAp. Jo\u00e3o XXIII \u2013 UFJF, desde 2011. At\u00e9 2017, a maior parte das atividades do projeto ocorreu dentro dos espa\u00e7os do CAp. Jo\u00e3o XXIII. Ap\u00f3s uma pausa para reorganizar as a\u00e7\u00f5es no anos de 2018, retomamos nossas atividades de culmin\u00e2ncia, tendo sido incorporadas a elas algumas mudan\u00e7as. Houve a compreens\u00e3o sobre a import\u00e2ncia de realizarmos a\u00e7\u00f5es em outros locais da Universidade Federal de Juiz de Fora, de forma a ampliar o p\u00fablico do evento, assim como demarcar a import\u00e2ncia do ensino de arte para a forma\u00e7\u00e3o de pessoas cr\u00edticas e atuantes na sociedade.<\/p>\n\n\n\n<p>Assim, a edi\u00e7\u00e3o de 2019 que ficou conhecida como &#8220;Arte em Tr\u00e2nsito: Deslocamentos Po\u00e9ticos&#8221;, teve como proposta fazer transitar as quest\u00f5es em torno da arte e seu ensino, fundamentalmente a partir das seguintes frentes de trabalho: EXPOSI\u00c7\u00c3O MAMM &#8211; O que pode o artista na escola?; EXPOSI\u00c7\u00c3O SAGU\u00c3O REITORIA &#8211; O que pode a arte na escola?; EXPOSI\u00c7\u00c3O GALERIA GUA\u00c7UI (IAD) &#8211; O que pode a arte em tr\u00e2nsito?; EXPOSI\u00c7\u00c3O CAp. JO\u00c3O XXIII &#8211; O que pode uma escola sem arte?; COL\u00d3QUIO ARTE EM TR\u00c2NSITO &#8211; O que pode a arte na educa\u00e7\u00e3o?<\/p>\n\n\n\n<p>O evento contou com a participa\u00e7\u00e3o de professores de Juiz de Fora, Porto Alegre, Rio de Janeiro, Petr\u00f3polis, Santiago do Chile e Madrid. Nas exposi\u00e7\u00f5es tivemos a participa\u00e7nao de diversos artistas. <\/p>\n\n\n\n<h4 class=\"wp-block-heading\">Conhe\u00e7a algumas das atividades que aconteceram entre os dias 23 e 27 de setembro de 2019:<\/h4>\n\n\n\n<p><\/p>\n\n\n\n<h2 class=\"wp-block-heading\">Oficinas:<\/h2>\n\n\n\n<h4 class=\"wp-block-heading\">Oficina: &#8220;Pr\u00e1ticas performativas e experi\u00eancias coletivizadas&#8221; <\/h4>\n\n\n\n<h4 class=\"wp-block-heading\">Oficina: &#8220;M\u00fasica e a sensibilidade!&#8221;\u00a0<\/h4>\n\n\n\n<h4 class=\"wp-block-heading\">Oficina: &#8220;Fios, frestas e fendas: o lugar onde a arte brota&#8221;\u00a0<\/h4>\n\n\n\n<h4 class=\"wp-block-heading\">Oficina: &#8220;Po\u00e9ticas do Azul: Cianotipia como processo fotogr\u00e1fico alternativo&#8221;<\/h4>\n\n\n\n<h4 class=\"wp-block-heading\">Oficina: &#8220;Reconstruir a paisagem&#8221;<\/h4>\n\n\n\n<p><\/p>\n\n\n\n<p><\/p>\n\n\n\n<h2 class=\"wp-block-heading\">Palestra:<\/h2>\n\n\n\n<h4 class=\"wp-block-heading\">Palestra: &#8220;Bioconceitualismo: exerc\u00edcios, aproxima\u00e7\u00f5es e zonas de contato&#8221;<\/h4>\n\n\n\n<p><\/p>\n\n\n\n<h2 class=\"wp-block-heading\">Rodas de conversa:<\/h2>\n\n\n\n<h4 class=\"wp-block-heading\">Roda de Conversa: &#8220;O que pode a arte em tr\u00e2nsito?&#8221; + Oficina: &#8220;Bolo para desatar n\u00f3s&#8221;<\/h4>\n\n\n\n<p><\/p>\n\n\n\n<h4 class=\"wp-block-heading\">Roda de Conversa: &#8220;Poesia urbana e direito \u00e0 cidade&#8221;<\/h4>\n\n\n\n<h4 class=\"wp-block-heading\">Roda de Conversa: &#8220;O Oco do Corpo&#8221;<\/h4>\n\n\n\n<p><\/p>\n\n\n\n<h2 class=\"wp-block-heading\">Mesas:<\/h2>\n\n\n\n<h4 class=\"wp-block-heading\">Mesa 1: &#8220;Tr\u00e2nsitos e experi\u00eancias: A arte no Col\u00e9gio de Aplica\u00e7\u00e3o&#8221;<\/h4>\n\n\n\n<h4 class=\"wp-block-heading\">Mesa 2: &#8220;Arte contempor\u00e2nea na escola: tens\u00f5es e reverbera\u00e7\u00f5es dos artistas no ch\u00e3o da escola&#8221;<\/h4>\n\n\n\n<h4 class=\"wp-block-heading\">Mesa 3: &#8220;Descolonizando a experi\u00eancia est\u00e9tica: a arte na escola&#8221;<\/h4>\n\n\n\n<p><\/p>\n\n\n\n<p><\/p>\n\n\n\n<p> <\/p>\n\n\n\n<p><\/p>\n\n\n\n<p><strong>ARTISTAS: <\/strong><\/p>\n\n\n\n<p> Adriana Gomes Afonso Carvalho <\/p>\n\n\n\n<p>Ana Marina Coutinho<\/p>\n\n\n\n<p> Bruna Gon\u00e7alves <\/p>\n\n\n\n<p>C\u00edrculo das Mulheres da Terra <\/p>\n\n\n\n<p>Coletivo Transverso <\/p>\n\n\n\n<p>Fabr\u00edcio Carvalho <\/p>\n\n\n\n<p>Fernanda Morais <\/p>\n\n\n\n<p>Gabriel Ribeiro <\/p>\n\n\n\n<p>Gabriela Machado <\/p>\n\n\n\n<p>Josimar Freire <\/p>\n\n\n\n<p>Marcelo Brant <\/p>\n\n\n\n<p>Matheus de Simone Laborat\u00f3rio de Instantes <\/p>\n\n\n\n<p>Leandro Faber <\/p>\n\n\n\n<p>Lin Lima<\/p>\n\n\n\n<p> Luiz Gonzaga <\/p>\n\n\n\n<p>Makamba Dan\u00e7as Afro Brasileiras<\/p>\n\n\n\n<p> Petrillo <\/p>\n\n\n\n<p>Priscilla de Paula<\/p>\n\n\n\n<p> Rebeca Rose <\/p>\n\n\n\n<p>Renata Correa <\/p>\n\n\n\n<p>Ren\u00e9 Loui <\/p>\n\n\n\n<p>Ricardo Basbaum <\/p>\n\n\n\n<p>Ricardo Crist\u00f3faro <\/p>\n\n\n\n<p>Sandra Sato <\/p>\n\n\n\n<p>Val\u00e9ria Faria <\/p>\n\n\n\n<p><\/p>\n\n\n\n<p><strong>ARTISTAS-PROFESSORES-PESQUISADORES <\/strong><\/p>\n\n\n\n<p>Ana Beatriz Penna \u2013 PIBID\/UFJF <\/p>\n\n\n\n<p>Andr\u00e9a Senra Coutinho &#8211; CAp. Jo\u00e3o XXIII\/ UFJF <\/p>\n\n\n\n<p>Angeles Saura &#8211; Universidad Autonoma de Madrid\/ Espanha <\/p>\n\n\n\n<p>Anna Thereza do Valle Bezerra de Menezes &#8211; CAp. da UFRJ <\/p>\n\n\n\n<p>Artur Nascimento &#8211; PPGE\/UFJF <\/p>\n\n\n\n<p>Bruna Tostes de Oliveira &#8211; Escola Municipal Bom Pastor\/ PMJF <\/p>\n\n\n\n<p>Carolina Esguep &#8211; Colegio Wunman e Centro de Aprendizaje Afther School Las Condes\/ Chile Caroline Valada Becker &#8211; CAp.da UFRGS <\/p>\n\n\n\n<p>Eliane Bettocchi &#8211; IAD\/UFJF Fernanda Morais &#8211; E. M. Prefeito <\/p>\n\n\n\n<p>Jammil Sabr\u00e1\/ Prefeitura de Petr\u00f3polis <\/p>\n\n\n\n<p>Francione Oliveira Carvalho &#8211; FACED-UFJF Frederico Crochet &#8211; CAp. Jo\u00e3o XXIII\/ UFJF  <\/p>\n\n\n\n<p>Karine Storck &#8211; CAp.da UFRGS Leandro Souza &#8211; Col\u00e9gio Pedro II\/ Campus Humait\u00e1 Leonardo Escobar &#8211; Colegio Wunman\/ Chile  <\/p>\n\n\n\n<p>Marcelo Gon\u00e7alves Maciel &#8211; CAp.da UFRGS Mariana Ament &#8211; Prefeitura Municipal de S\u00e3o Carlos\/ Universidade Federal de S\u00e3o Carlos Nati Borba &#8211; CAp. Jo\u00e3o XXIII\/ UFJF <\/p>\n\n\n\n<p>Olga Egas &#8211; FACED-UFJF Pedro Augusto Dutra de Oliveira &#8211; CAp. Jo\u00e3o XXIII\/ UFJF Renata Oliveira Caetano &#8211; CAp. Jo\u00e3o XXIII\/ UFJF <\/p>\n\n\n\n<p>Thalita Reis &#8211; PMFJ Vitor Barros &#8211; PIBID-UFJF <\/p>\n\n\n\n<p><\/p>\n\n\n\n<p><strong>FICHA T\u00c9CNICA DO EVENTO:<\/strong><\/p>\n\n\n\n<p>Coordena\u00e7\u00e3o do Projeto Arte em Tr\u00e2nsito (2019):  Renata Oliveira Caetano e Andr\u00e9a Senra Coutinho <\/p>\n\n\n\n<p>Organiza\u00e7\u00e3o do Col\u00f3quio:  Francione Oliveira Carvalho  <\/p>\n\n\n\n<p>Bolsista (Extens\u00e3o)\/Equipe Curatorial: Ana Beatriz Marques Penna, Isadora Matos Moreira,  Larissa Gon\u00e7alves Ara\u00fajo Brand\u00e3o, Lucas Soares, Mariana Couto Miranda, Paula Lopes Silva e Sergio Octavio Izzo Marcolino. <\/p>\n\n\n\n<p> <br>Colaboradores: <\/p>\n\n\n\n<p>Ariadne Bedim, Rezende Danielle Menezes,  Pedro Augusto Dutra de Oliveira e Thaiz Freitas  <\/p>\n\n\n\n<p>Residentes Docentes: L\u00edgia Gon\u00e7alves Costa e Marl\u00facia Pereira da Silva <\/p>\n\n\n\n<p> <br>Bolsistas (Treinamento Profissional): Gabrielle Garcia M\u00fcller, Nicole Andrade Bem e Ruan Marques Moraes Bolsistas<\/p>\n\n\n\n<p> (Inicia\u00e7\u00e3o Cient\u00edfica): Mariana Monteiro de Pinho e Rafael da Costa Leal <\/p>\n\n\n\n<p>Monitores J\u00fanior: Laura Moreira Campos,  Laura Nagen Costa e Augusto Renato Araujo Garcia.<\/p>\n\n\n\n<p> <br><\/p>\n\n\n\n<ul class=\"wp-block-list\"><li><\/li><\/ul>\n","protected":false},"excerpt":{"rendered":"<p>O Projeto Arte em Tr\u00e2nsito vem sendo realizado no CAp. Jo\u00e3o XXIII \u2013 UFJF, desde 2011. At\u00e9 2017, a maior parte das atividades do projeto ocorreu dentro dos espa\u00e7os do &#8230;<\/p>\n","protected":false},"author":3,"featured_media":0,"parent":0,"menu_order":0,"comment_status":"closed","ping_status":"closed","template":"","meta":{"ngg_post_thumbnail":0,"jetpack_post_was_ever_published":false,"footnotes":""},"class_list":["post-5973","page","type-page","status-publish","hentry"],"jetpack_shortlink":"https:\/\/wp.me\/P3LbTB-1yl","jetpack_sharing_enabled":true,"jetpack_likes_enabled":false,"jetpack-related-posts":[],"_links":{"self":[{"href":"https:\/\/arteemtransito.com.br\/site\/pt_br\/wp-json\/wp\/v2\/pages\/5973","targetHints":{"allow":["GET"]}}],"collection":[{"href":"https:\/\/arteemtransito.com.br\/site\/pt_br\/wp-json\/wp\/v2\/pages"}],"about":[{"href":"https:\/\/arteemtransito.com.br\/site\/pt_br\/wp-json\/wp\/v2\/types\/page"}],"author":[{"embeddable":true,"href":"https:\/\/arteemtransito.com.br\/site\/pt_br\/wp-json\/wp\/v2\/users\/3"}],"replies":[{"embeddable":true,"href":"https:\/\/arteemtransito.com.br\/site\/pt_br\/wp-json\/wp\/v2\/comments?post=5973"}],"version-history":[{"count":18,"href":"https:\/\/arteemtransito.com.br\/site\/pt_br\/wp-json\/wp\/v2\/pages\/5973\/revisions"}],"predecessor-version":[{"id":7844,"href":"https:\/\/arteemtransito.com.br\/site\/pt_br\/wp-json\/wp\/v2\/pages\/5973\/revisions\/7844"}],"wp:attachment":[{"href":"https:\/\/arteemtransito.com.br\/site\/pt_br\/wp-json\/wp\/v2\/media?parent=5973"}],"curies":[{"name":"wp","href":"https:\/\/api.w.org\/{rel}","templated":true}]}}