{"id":5799,"date":"2019-02-14T20:44:07","date_gmt":"2019-02-14T23:44:07","guid":{"rendered":"http:\/\/arteemtransito.com.br\/site\/?page_id=5799"},"modified":"2025-04-03T14:58:31","modified_gmt":"2025-04-03T17:58:31","slug":"2019-2","status":"publish","type":"page","link":"https:\/\/arteemtransito.com.br\/site\/pt_br\/o-projeto-2\/2019-2\/","title":{"rendered":"2019"},"content":{"rendered":"\n<h4 class=\"wp-block-heading\"><strong>Os seguintes artistas transitaram pela Galeria Edson P\u00e1vel Bastos:<\/strong><\/h4>\n\n\n\n<ul class=\"wp-block-list\">\n<li><strong>Intercambio Liter\u00e1rio &#8211;\u00a0<\/strong><em>Exposi\u00e7\u00e3o Pedag\u00f3gica<\/em> do trabalho das professoras Lauriana Paiva e Liliana Mendes-\u00a019\/02\u00a0-15\/03<\/li>\n\n\n\n<li><strong>A Fake Makeup da Miscigena\u00e7\u00e3o <\/strong>&#8211; <em>Noah Mancinni <\/em>-01\/04 &#8211; 17\/04<\/li>\n\n\n\n<li><strong>Respostas para o vento <\/strong>&#8211; <em>Marcelo Brant<\/em> &#8211; 13\/05 &#8211; 31\/05<\/li>\n\n\n\n<li><strong>Aqu\u00e1rio \u00a0&#8211;\u00a0<\/strong><em>Ana\u00a0Carolina\u00a0Belo<\/em>\u00a0&#8211;\u00a017\/06 &#8211; 10\/07<\/li>\n\n\n\n<li><strong>Quando Monstros Cantam N\u00e3o<\/strong>\u00a0&#8211; <em>Rodrigo Millani<\/em> &#8211; 12\/08 &#8211; 30\/08<\/li>\n\n\n\n<li><strong>Teia de Aranha<\/strong> &#8211; <em>Paulo Rafael<\/em> &#8211; 21\/10 &#8211; 08\/11<\/li>\n\n\n\n<li><strong>Sem Laqu\u00ea, Sem Gomalina\u00a0<\/strong>&#8211; <em>Andrea Coutinho <\/em>&#8211; 19\/11 &#8211; 06\/12<\/li>\n<\/ul>\n\n\n\n<p><\/p>\n\n\n\n<h4 class=\"wp-block-heading\">Oficinas:<\/h4>\n\n\n\n<ul class=\"wp-block-list\">\n<li><strong>A Fake Makeup da Miscigena\u00e7\u00e3o<\/strong> &#8211; Oficina com os alunos dinamarqueses<\/li>\n\n\n\n<li><strong>Oficina Itinerante<\/strong> &#8211; Oficina ministrada pelo Marcelo Brant para alunos do C.A Jo\u00e3o XXIII e comunidade<\/li>\n\n\n\n<li><strong>Oficina com Rodrigo Millani <\/strong>&#8211; para estudantes do ensino fundamental 1<\/li>\n<\/ul>\n\n\n\n<p><\/p>\n\n\n\n<h4 class=\"wp-block-heading\">Eventos:<\/h4>\n\n\n\n<ul class=\"wp-block-list\">\n<li><strong>Arte em Tr\u00e2nsito: Deslocamentos Po\u00e9ticos<\/strong> (VII Col\u00f3quio) 23\/09 &#8211; 27\/09<\/li>\n\n\n\n<li><strong>O que pode um artista na escola?<\/strong> <em>(Exposi\u00e7\u00e3o &#8211; MAMM)<\/em> 24\/09 -11\/11<\/li>\n\n\n\n<li><strong>O que pode uma escola sem arte?<\/strong> <em>(Exposi\u00e7\u00e3o &#8211; C.A Jo\u00e3o XXIII)<\/em> 23\/09 &#8211; 04\/10<\/li>\n\n\n\n<li><strong>O que pode a arte em tr\u00e2nsito?<\/strong> <em>(Exposi\u00e7\u00e3o &#8211; Galeria Gua\u00e7u\u00ed-IAD)<\/em> 23\/09 -19\/10<\/li>\n\n\n\n<li><strong>O que pode a arte na escola? <\/strong>(<em>Exposi\u00e7\u00e3o &#8211; Reitoria-UFJF<\/em>) -23\/09 &#8211; 25\/10<\/li>\n<\/ul>\n","protected":false},"excerpt":{"rendered":"<p>Os seguintes artistas transitaram pela Galeria Edson P\u00e1vel Bastos: Oficinas: Eventos:<\/p>\n","protected":false},"author":3,"featured_media":0,"parent":73,"menu_order":1,"comment_status":"closed","ping_status":"closed","template":"","meta":{"ngg_post_thumbnail":0,"jetpack_post_was_ever_published":false,"footnotes":""},"class_list":["post-5799","page","type-page","status-publish","hentry"],"jetpack_shortlink":"https:\/\/wp.me\/P3LbTB-1vx","jetpack_sharing_enabled":true,"jetpack_likes_enabled":false,"jetpack-related-posts":[],"_links":{"self":[{"href":"https:\/\/arteemtransito.com.br\/site\/pt_br\/wp-json\/wp\/v2\/pages\/5799","targetHints":{"allow":["GET"]}}],"collection":[{"href":"https:\/\/arteemtransito.com.br\/site\/pt_br\/wp-json\/wp\/v2\/pages"}],"about":[{"href":"https:\/\/arteemtransito.com.br\/site\/pt_br\/wp-json\/wp\/v2\/types\/page"}],"author":[{"embeddable":true,"href":"https:\/\/arteemtransito.com.br\/site\/pt_br\/wp-json\/wp\/v2\/users\/3"}],"replies":[{"embeddable":true,"href":"https:\/\/arteemtransito.com.br\/site\/pt_br\/wp-json\/wp\/v2\/comments?post=5799"}],"version-history":[{"count":11,"href":"https:\/\/arteemtransito.com.br\/site\/pt_br\/wp-json\/wp\/v2\/pages\/5799\/revisions"}],"predecessor-version":[{"id":8864,"href":"https:\/\/arteemtransito.com.br\/site\/pt_br\/wp-json\/wp\/v2\/pages\/5799\/revisions\/8864"}],"up":[{"embeddable":true,"href":"https:\/\/arteemtransito.com.br\/site\/pt_br\/wp-json\/wp\/v2\/pages\/73"}],"wp:attachment":[{"href":"https:\/\/arteemtransito.com.br\/site\/pt_br\/wp-json\/wp\/v2\/media?parent=5799"}],"curies":[{"name":"wp","href":"https:\/\/api.w.org\/{rel}","templated":true}]}}