{"id":5692,"date":"2018-11-01T18:12:45","date_gmt":"2018-11-01T21:12:45","guid":{"rendered":"http:\/\/arteemtransito.com.br\/site\/?page_id=5692"},"modified":"2022-04-03T20:33:59","modified_gmt":"2022-04-03T23:33:59","slug":"2018-2","status":"publish","type":"page","link":"https:\/\/arteemtransito.com.br\/site\/pt_br\/o-projeto-2\/2018-2\/","title":{"rendered":"2018"},"content":{"rendered":"<h3>Realizamos:<\/h3>\n<ul>\n<li>Conversa entre o artista Luiz Gonzaga e as crian\u00e7as do 1\u00ba ano do Ensino Fundamental.<\/li>\n<li>Primeiro Edital de Ocupa\u00e7\u00e3o da Galeria ConVida.<\/li>\n<li>Roda de conversa com a artista Carolina Bezerra.<\/li>\n<\/ul>\n<h3>Os seguintes artistas transitaram pela Galeria Edson P\u00e1vel Bastos:<\/h3>\n<ul>\n<li><strong>Retrospectiva sobre o Projeto Arte em Tr\u00e2nsito<\/strong> &#8211; Exposi\u00e7\u00e3o Pedag\u00f3gica &#8211; 20\/02 a 02\/03<\/li>\n<li><strong>29\/64 &#8211;<\/strong>&nbsp;Leonardo Morais &#8211; 04\/04 &#8211; 11\/04<\/li>\n<li><strong>Ilustra Monstro<\/strong> &#8211; Luiz Gonzaga<\/li>\n<li><strong>Inflar<\/strong> &#8211; Bruna Gon\u00e7alves &#8211; 18\/09 &#8211; 02\/10.<\/li>\n<li><strong>Espa\u00e7os ret\u00f3ricos<\/strong> &#8211; Lucas Soares &#8211; 18\/10 &#8211; 01\/11.<\/li>\n<li><strong>O Ax\u00e9 da Beleza Negra no Il\u00ea- Aiye<\/strong> &#8211; Carolina Bezerra &#8211; 07\/11 &#8211; 28\/11.<\/li>\n<\/ul>\n<h3>Oficinas:<\/h3>\n<ul>\n<li>\u201c<strong>Who are you that\u2019s going through?<\/strong>\u201d (\u201c<em>Quem \u00e9 voc\u00ea que est\u00e1 passando?\u201d) &#8211;<\/em>Oficina com alunos dinamarqueses &#8211;&nbsp; 01\/03\/2018<\/li>\n<li><strong>Novos Grafismos&nbsp;<\/strong>&nbsp;&#8211;&nbsp; Oficina realizada&nbsp;na Semana do Bem Viver, na<br \/>\nEscola Municipal Jos\u00e9 Calil Ahouagi, -07\/11\/2018 &#8211; 09\/11\/2018<\/li>\n<\/ul>\n<h3>Oficinas de media\u00e7\u00e3o:<\/h3>\n<ul>\n<li><strong>Oficina de Origami Estrutural<\/strong> &#8211; 18\/09 &#8211; 02\/10.<\/li>\n<li><strong>Quanto tempo o tempo tem<\/strong> &#8211;&nbsp;18\/10 &#8211; 01\/11.<\/li>\n<li><strong>Concurso universal de beleza<\/strong> &#8211;&nbsp;07\/11 &#8211; 28\/11.<\/li>\n<\/ul>\n<h3>&nbsp;<\/h3>\n","protected":false},"excerpt":{"rendered":"<p>Realizamos: Conversa entre o artista Luiz Gonzaga e as crian\u00e7as do 1\u00ba ano do Ensino Fundamental. Primeiro Edital de Ocupa\u00e7\u00e3o da Galeria ConVida. Roda de conversa com a artista Carolina &#8230;<\/p>\n","protected":false},"author":3,"featured_media":0,"parent":73,"menu_order":0,"comment_status":"closed","ping_status":"closed","template":"","meta":{"ngg_post_thumbnail":0,"jetpack_post_was_ever_published":false,"footnotes":""},"class_list":["post-5692","page","type-page","status-publish","hentry"],"jetpack_shortlink":"https:\/\/wp.me\/P3LbTB-1tO","jetpack_sharing_enabled":true,"jetpack_likes_enabled":false,"jetpack-related-posts":[],"_links":{"self":[{"href":"https:\/\/arteemtransito.com.br\/site\/pt_br\/wp-json\/wp\/v2\/pages\/5692","targetHints":{"allow":["GET"]}}],"collection":[{"href":"https:\/\/arteemtransito.com.br\/site\/pt_br\/wp-json\/wp\/v2\/pages"}],"about":[{"href":"https:\/\/arteemtransito.com.br\/site\/pt_br\/wp-json\/wp\/v2\/types\/page"}],"author":[{"embeddable":true,"href":"https:\/\/arteemtransito.com.br\/site\/pt_br\/wp-json\/wp\/v2\/users\/3"}],"replies":[{"embeddable":true,"href":"https:\/\/arteemtransito.com.br\/site\/pt_br\/wp-json\/wp\/v2\/comments?post=5692"}],"version-history":[{"count":16,"href":"https:\/\/arteemtransito.com.br\/site\/pt_br\/wp-json\/wp\/v2\/pages\/5692\/revisions"}],"predecessor-version":[{"id":8273,"href":"https:\/\/arteemtransito.com.br\/site\/pt_br\/wp-json\/wp\/v2\/pages\/5692\/revisions\/8273"}],"up":[{"embeddable":true,"href":"https:\/\/arteemtransito.com.br\/site\/pt_br\/wp-json\/wp\/v2\/pages\/73"}],"wp:attachment":[{"href":"https:\/\/arteemtransito.com.br\/site\/pt_br\/wp-json\/wp\/v2\/media?parent=5692"}],"curies":[{"name":"wp","href":"https:\/\/api.w.org\/{rel}","templated":true}]}}