{"id":5349,"date":"2017-08-20T00:35:53","date_gmt":"2017-08-20T03:35:53","guid":{"rendered":"http:\/\/arteemtransito.com.br\/site\/?page_id=5349"},"modified":"2019-03-23T16:52:22","modified_gmt":"2019-03-23T19:52:22","slug":"coloquio","status":"publish","type":"page","link":"https:\/\/arteemtransito.com.br\/site\/pt_br\/coloquio\/","title":{"rendered":"Col\u00f3quio"},"content":{"rendered":"<p>Inicialmente composto por palestras de te\u00f3ricos convidados com temas relacionados \u00e0 arte e\/ou da arte e educa\u00e7\u00e3o. Em sua organiza\u00e7\u00e3o original havia tamb\u00e9m mesas de debate com relatos de experi\u00eancia docente e comunica\u00e7\u00f5es orais. Em geral, o evento acontece em dois ou tr\u00eas dias no CAp. Jo\u00e3o XXIII. As inscri\u00e7\u00f5es s\u00e3o gratuitas e podem ser feitas em no site oficial do projeto. Os textos s\u00e3o publicados em anais do evento e distribu\u00eddos gratuitamente.<\/p>\n<p>Em parceria com o <strong>MIRADA &#8211; Grupo de Estudo e Pesquisa em Visualidades, Interculturalidade e Forma\u00e7\u00e3o Docente<\/strong> da Faculdade de Educa\u00e7\u00e3o da UFJF, liderado pelos professores Francione Oliveira e Olga Egas (FACED\/UFJF), em 2017, o <strong>Col\u00f3quio Arte em Tr\u00e2nsito<\/strong>\u00a0modificou sua estrutura para se concentrar em reflex\u00f5es, a\u00e7\u00f5es e compartilhamentos que problematizem o impacto das m\u00faltiplas visualidades nos processos educativos e na forma\u00e7\u00e3o do professor. O objetivo central do col\u00f3quio nesse novo formato ser\u00e1 o di\u00e1logo e a troca de experi\u00eancias entre diferentes gera\u00e7\u00f5es de professores, principalmente os da \u00e1rea de Arte. Para isso prop\u00f5e a aproxima\u00e7\u00e3o dos licenciandos de Artes Visuais e Pedagogia da UFJF e de outras institui\u00e7\u00f5es do cotidiano e das pr\u00e1ticas pedag\u00f3gicas do Col\u00e9gio de Aplica\u00e7\u00e3o Jo\u00e3o XXIII, como tamb\u00e9m das a\u00e7\u00f5es de professores da rede municipal de Juiz de Fora e estadual de Minas Gerais.<\/p>\n<p style=\"text-align: center;\">\n","protected":false},"excerpt":{"rendered":"<p>Inicialmente composto por palestras de te\u00f3ricos convidados com temas relacionados \u00e0 arte e\/ou da arte e educa\u00e7\u00e3o. Em sua organiza\u00e7\u00e3o original havia tamb\u00e9m mesas de debate com relatos de experi\u00eancia &#8230;<\/p>\n","protected":false},"author":1,"featured_media":0,"parent":0,"menu_order":0,"comment_status":"closed","ping_status":"closed","template":"","meta":{"ngg_post_thumbnail":0,"jetpack_post_was_ever_published":false,"footnotes":""},"class_list":["post-5349","page","type-page","status-publish","hentry"],"jetpack_shortlink":"https:\/\/wp.me\/P3LbTB-1oh","jetpack_sharing_enabled":true,"jetpack_likes_enabled":false,"jetpack-related-posts":[],"_links":{"self":[{"href":"https:\/\/arteemtransito.com.br\/site\/pt_br\/wp-json\/wp\/v2\/pages\/5349","targetHints":{"allow":["GET"]}}],"collection":[{"href":"https:\/\/arteemtransito.com.br\/site\/pt_br\/wp-json\/wp\/v2\/pages"}],"about":[{"href":"https:\/\/arteemtransito.com.br\/site\/pt_br\/wp-json\/wp\/v2\/types\/page"}],"author":[{"embeddable":true,"href":"https:\/\/arteemtransito.com.br\/site\/pt_br\/wp-json\/wp\/v2\/users\/1"}],"replies":[{"embeddable":true,"href":"https:\/\/arteemtransito.com.br\/site\/pt_br\/wp-json\/wp\/v2\/comments?post=5349"}],"version-history":[{"count":12,"href":"https:\/\/arteemtransito.com.br\/site\/pt_br\/wp-json\/wp\/v2\/pages\/5349\/revisions"}],"predecessor-version":[{"id":5850,"href":"https:\/\/arteemtransito.com.br\/site\/pt_br\/wp-json\/wp\/v2\/pages\/5349\/revisions\/5850"}],"wp:attachment":[{"href":"https:\/\/arteemtransito.com.br\/site\/pt_br\/wp-json\/wp\/v2\/media?parent=5349"}],"curies":[{"name":"wp","href":"https:\/\/api.w.org\/{rel}","templated":true}]}}