{"id":5338,"date":"2017-08-20T00:29:49","date_gmt":"2017-08-20T03:29:49","guid":{"rendered":"http:\/\/arteemtransito.com.br\/site\/?page_id=5338"},"modified":"2025-01-25T15:53:43","modified_gmt":"2025-01-25T18:53:43","slug":"grupo-de-pesquisa-dimensoes-contemporaneas-de-arte-na-educacao-basica-cnpq","status":"publish","type":"page","link":"https:\/\/arteemtransito.com.br\/site\/pt_br\/dispositivos-para-formacao-docente\/grupo-de-pesquisa-dimensoes-contemporaneas-de-arte-na-educacao-basica-cnpq\/","title":{"rendered":"A\u00e7\u00f5es de forma\u00e7\u00e3o (inicial ou continuada)"},"content":{"rendered":"<p class=\"p1\">Atividades pontuais visando a troca de experi\u00eancias, voltadas para qualifica\u00e7\u00e3o de professores de outras redes de ensino e forma\u00e7\u00e3o inicial para estudantes da gradua\u00e7\u00e3o ou profissionais rec\u00e9m-formados no campo da Arte-Educa\u00e7\u00e3o.<\/p>\n<p><strong>Algumas dessas a\u00e7\u00f5es:<\/strong><\/p>\n<p><a href=\"https:\/\/arteemtransito.com.br\/site\/oficina-de-grafite\/\">Oficina de Grafite<\/a> (2024)<\/p>\n<p><a href=\"https:\/\/arteemtransito.com.br\/site\/oficina-de-cordas\/\">Oficina de Cordas<\/a> (desde 2023)<\/p>\n<p><a href=\"https:\/\/arteemtransito.com.br\/site\/pt_br\/2023\/03\/ciclo-de-encontros-como-esta-a-arte-nos-colegios-de-aplicacao\/\">Ciclo de Encontros: Como Est\u00e1 a Arte nos Col\u00e9gios de Aplica\u00e7\u00e3o<\/a><\/p>\n\n\n<p><\/p>\n","protected":false},"excerpt":{"rendered":"<p>Atividades pontuais visando a troca de experi\u00eancias, voltadas para qualifica\u00e7\u00e3o de professores de outras redes de ensino e forma\u00e7\u00e3o inicial para estudantes da gradua\u00e7\u00e3o ou profissionais rec\u00e9m-formados no campo da &#8230;<\/p>\n","protected":false},"author":1,"featured_media":0,"parent":5334,"menu_order":0,"comment_status":"closed","ping_status":"closed","template":"","meta":{"ngg_post_thumbnail":0,"jetpack_post_was_ever_published":false,"footnotes":""},"class_list":["post-5338","page","type-page","status-publish","hentry"],"jetpack_shortlink":"https:\/\/wp.me\/P3LbTB-1o6","jetpack_sharing_enabled":true,"jetpack_likes_enabled":false,"jetpack-related-posts":[],"_links":{"self":[{"href":"https:\/\/arteemtransito.com.br\/site\/pt_br\/wp-json\/wp\/v2\/pages\/5338","targetHints":{"allow":["GET"]}}],"collection":[{"href":"https:\/\/arteemtransito.com.br\/site\/pt_br\/wp-json\/wp\/v2\/pages"}],"about":[{"href":"https:\/\/arteemtransito.com.br\/site\/pt_br\/wp-json\/wp\/v2\/types\/page"}],"author":[{"embeddable":true,"href":"https:\/\/arteemtransito.com.br\/site\/pt_br\/wp-json\/wp\/v2\/users\/1"}],"replies":[{"embeddable":true,"href":"https:\/\/arteemtransito.com.br\/site\/pt_br\/wp-json\/wp\/v2\/comments?post=5338"}],"version-history":[{"count":13,"href":"https:\/\/arteemtransito.com.br\/site\/pt_br\/wp-json\/wp\/v2\/pages\/5338\/revisions"}],"predecessor-version":[{"id":8844,"href":"https:\/\/arteemtransito.com.br\/site\/pt_br\/wp-json\/wp\/v2\/pages\/5338\/revisions\/8844"}],"up":[{"embeddable":true,"href":"https:\/\/arteemtransito.com.br\/site\/pt_br\/wp-json\/wp\/v2\/pages\/5334"}],"wp:attachment":[{"href":"https:\/\/arteemtransito.com.br\/site\/pt_br\/wp-json\/wp\/v2\/media?parent=5338"}],"curies":[{"name":"wp","href":"https:\/\/api.w.org\/{rel}","templated":true}]}}