{"id":5320,"date":"2017-08-20T00:18:34","date_gmt":"2017-08-20T03:18:34","guid":{"rendered":"http:\/\/arteemtransito.com.br\/site\/?page_id=5320"},"modified":"2025-01-17T09:46:21","modified_gmt":"2025-01-17T12:46:21","slug":"dispositivos-artisticos","status":"publish","type":"page","link":"https:\/\/arteemtransito.com.br\/site\/pt_br\/dispositivos-artisticos\/","title":{"rendered":"Dispositivos Art\u00edsticos"},"content":{"rendered":"<p>Pensar o artista dentro da escola, atuando e promovendo diferentes encontros educacionais com a arte tem sido o foco desse eixo. Ao lado disso, o pensamento curatorial que promove uma outra constru\u00e7\u00e3o est\u00e9tica do espa\u00e7o escolar, trazendo para os corredores v\u00e1rias exposi\u00e7\u00f5es de estudantes, desenvolvidas com seus professores e professoras de arte, a partir de propostas pedag\u00f3gicas inovadoras e cr\u00edticas. Esse di\u00e1logo, estabelecido em meio a uma rede colaborativa, apoiada em cria\u00e7\u00f5es de artistas da cidade de Juiz de Fora e outras, professores\/as de diversas institui\u00e7\u00f5es de ensino e discentes, tem dado o tom \u00e0 um trabalho que apresenta de forma ampla a import\u00e2ncia do ensino de Artes em escolas brasileiras, sendo esse a base de um pensamento cr\u00edtico e ampliado de educa\u00e7\u00e3o.<\/p>\n<ul>\n<li><a href=\"http:\/\/arteemtransito.com.br\/site\/dispositivos-artisticos\/mostra-cultural\/\">Mostra Cultural<\/a><\/li>\n<li><a href=\"https:\/\/arteemtransito.com.br\/site\/pt_br\/dispositivos-artisticos\/convida\/\">Galeria Professor P\u00e1vel<\/a><\/li>\n<li><a href=\"http:\/\/arteemtransito.com.br\/site\/dispositivos-artisticos\/residencia-artistica\/\">Resid\u00eancia Art\u00edstica<\/a><\/li>\n<\/ul>\n\n\n<figure class=\"wp-block-gallery has-nested-images columns-default is-cropped wp-block-gallery-1 is-layout-flex wp-block-gallery-is-layout-flex\">\n<figure class=\"wp-block-image size-large\"><a href=\"https:\/\/i0.wp.com\/arteemtransito.com.br\/site\/wp-content\/uploads\/2024\/09\/20240822_154627-1.jpg?ssl=1\"><img data-recalc-dims=\"1\" decoding=\"async\" data-attachment-id=\"8706\" data-permalink=\"https:\/\/arteemtransito.com.br\/site\/pt_br\/20240822_154627-1\/\" data-orig-file=\"https:\/\/i0.wp.com\/arteemtransito.com.br\/site\/wp-content\/uploads\/2024\/09\/20240822_154627-1.jpg?fit=%2C&amp;ssl=1\" data-orig-size=\"\" data-comments-opened=\"1\" data-image-meta=\"[]\" data-image-title=\"20240822_154627-1\" data-image-description=\"\" data-image-caption=\"\" data-medium-file=\"https:\/\/i0.wp.com\/arteemtransito.com.br\/site\/wp-content\/uploads\/2024\/09\/20240822_154627-1.jpg?fit=300%2C300&amp;ssl=1\" data-large-file=\"https:\/\/i0.wp.com\/arteemtransito.com.br\/site\/wp-content\/uploads\/2024\/09\/20240822_154627-1.jpg?fit=1024%2C1024&amp;ssl=1\" data-id=\"8706\" src=\"https:\/\/i0.wp.com\/arteemtransito.com.br\/site\/wp-content\/uploads\/2024\/09\/20240822_154627-1.jpg?w=800&#038;ssl=1\" alt=\"\" class=\"wp-image-8706\"\/><\/a><\/figure>\n\n\n\n<figure class=\"wp-block-image size-large\"><a href=\"https:\/\/i0.wp.com\/arteemtransito.com.br\/site\/wp-content\/uploads\/2020\/06\/IMG_05.jpg?ssl=1\"><img data-recalc-dims=\"1\" loading=\"lazy\" decoding=\"async\" width=\"800\" height=\"533\" data-attachment-id=\"6549\" data-permalink=\"https:\/\/arteemtransito.com.br\/site\/pt_br\/2020\/06\/residencia-artistica-como-comecamos\/img_05\/\" data-orig-file=\"https:\/\/i0.wp.com\/arteemtransito.com.br\/site\/wp-content\/uploads\/2020\/06\/IMG_05.jpg?fit=1280%2C853&amp;ssl=1\" data-orig-size=\"1280,853\" data-comments-opened=\"1\" data-image-meta=\"{&quot;aperture&quot;:&quot;0&quot;,&quot;credit&quot;:&quot;&quot;,&quot;camera&quot;:&quot;&quot;,&quot;caption&quot;:&quot;&quot;,&quot;created_timestamp&quot;:&quot;0&quot;,&quot;copyright&quot;:&quot;&quot;,&quot;focal_length&quot;:&quot;0&quot;,&quot;iso&quot;:&quot;0&quot;,&quot;shutter_speed&quot;:&quot;0&quot;,&quot;title&quot;:&quot;&quot;,&quot;orientation&quot;:&quot;0&quot;}\" data-image-title=\"IMG_05\" data-image-description=\"&lt;p&gt;Registros da Oficina \u201cTecer afeto: risco, fio e gesto\u201d da professora\/artista\/pesquisadora Fernanda Morais no CAp. Jo\u00e3o XXIII com estudantes do 3o. ano do Ensino M\u00e9dio.&lt;\/p&gt;\n\" data-image-caption=\"\" data-medium-file=\"https:\/\/i0.wp.com\/arteemtransito.com.br\/site\/wp-content\/uploads\/2020\/06\/IMG_05.jpg?fit=300%2C200&amp;ssl=1\" data-large-file=\"https:\/\/i0.wp.com\/arteemtransito.com.br\/site\/wp-content\/uploads\/2020\/06\/IMG_05.jpg?fit=800%2C533&amp;ssl=1\" data-id=\"6549\" src=\"https:\/\/i0.wp.com\/arteemtransito.com.br\/site\/wp-content\/uploads\/2020\/06\/IMG_05.jpg?resize=800%2C533&#038;ssl=1\" alt=\"\" class=\"wp-image-6549\" srcset=\"https:\/\/i0.wp.com\/arteemtransito.com.br\/site\/wp-content\/uploads\/2020\/06\/IMG_05.jpg?resize=1024%2C682&amp;ssl=1 1024w, https:\/\/i0.wp.com\/arteemtransito.com.br\/site\/wp-content\/uploads\/2020\/06\/IMG_05.jpg?resize=300%2C200&amp;ssl=1 300w, https:\/\/i0.wp.com\/arteemtransito.com.br\/site\/wp-content\/uploads\/2020\/06\/IMG_05.jpg?resize=768%2C512&amp;ssl=1 768w, https:\/\/i0.wp.com\/arteemtransito.com.br\/site\/wp-content\/uploads\/2020\/06\/IMG_05.jpg?w=1280&amp;ssl=1 1280w\" sizes=\"auto, (max-width: 800px) 100vw, 800px\" \/><\/a><\/figure>\n\n\n\n<figure class=\"wp-block-image size-large\"><a href=\"https:\/\/i0.wp.com\/arteemtransito.com.br\/site\/wp-content\/uploads\/2023\/03\/WhatsApp-Image-2023-03-06-at-14.51.57.jpeg?ssl=1\"><img data-recalc-dims=\"1\" loading=\"lazy\" decoding=\"async\" width=\"768\" height=\"1024\" data-attachment-id=\"8405\" data-permalink=\"https:\/\/arteemtransito.com.br\/site\/pt_br\/2023\/03\/entre-azuis-exposicao-pedagogica-aberta-no-cap-joao-xxiii\/whatsapp-image-2023-03-06-at-14-51-57\/\" data-orig-file=\"https:\/\/i0.wp.com\/arteemtransito.com.br\/site\/wp-content\/uploads\/2023\/03\/WhatsApp-Image-2023-03-06-at-14.51.57.jpeg?fit=1200%2C1600&amp;ssl=1\" data-orig-size=\"1200,1600\" data-comments-opened=\"1\" data-image-meta=\"{&quot;aperture&quot;:&quot;0&quot;,&quot;credit&quot;:&quot;&quot;,&quot;camera&quot;:&quot;&quot;,&quot;caption&quot;:&quot;&quot;,&quot;created_timestamp&quot;:&quot;0&quot;,&quot;copyright&quot;:&quot;&quot;,&quot;focal_length&quot;:&quot;0&quot;,&quot;iso&quot;:&quot;0&quot;,&quot;shutter_speed&quot;:&quot;0&quot;,&quot;title&quot;:&quot;&quot;,&quot;orientation&quot;:&quot;0&quot;}\" data-image-title=\"WhatsApp Image 2023-03-06 at 14.51.57\" data-image-description=\"\" data-image-caption=\"&lt;p&gt;Entre Azuis&lt;\/p&gt;\n\" data-medium-file=\"https:\/\/i0.wp.com\/arteemtransito.com.br\/site\/wp-content\/uploads\/2023\/03\/WhatsApp-Image-2023-03-06-at-14.51.57.jpeg?fit=225%2C300&amp;ssl=1\" data-large-file=\"https:\/\/i0.wp.com\/arteemtransito.com.br\/site\/wp-content\/uploads\/2023\/03\/WhatsApp-Image-2023-03-06-at-14.51.57.jpeg?fit=768%2C1024&amp;ssl=1\" data-id=\"8405\" src=\"https:\/\/i0.wp.com\/arteemtransito.com.br\/site\/wp-content\/uploads\/2023\/03\/WhatsApp-Image-2023-03-06-at-14.51.57.jpeg?resize=768%2C1024&#038;ssl=1\" alt=\"\" class=\"wp-image-8405\" srcset=\"https:\/\/i0.wp.com\/arteemtransito.com.br\/site\/wp-content\/uploads\/2023\/03\/WhatsApp-Image-2023-03-06-at-14.51.57.jpeg?resize=768%2C1024&amp;ssl=1 768w, https:\/\/i0.wp.com\/arteemtransito.com.br\/site\/wp-content\/uploads\/2023\/03\/WhatsApp-Image-2023-03-06-at-14.51.57.jpeg?resize=225%2C300&amp;ssl=1 225w, https:\/\/i0.wp.com\/arteemtransito.com.br\/site\/wp-content\/uploads\/2023\/03\/WhatsApp-Image-2023-03-06-at-14.51.57.jpeg?resize=1152%2C1536&amp;ssl=1 1152w, https:\/\/i0.wp.com\/arteemtransito.com.br\/site\/wp-content\/uploads\/2023\/03\/WhatsApp-Image-2023-03-06-at-14.51.57.jpeg?w=1200&amp;ssl=1 1200w\" sizes=\"auto, (max-width: 768px) 100vw, 768px\" \/><\/a><\/figure>\n\n\n\n<figure class=\"wp-block-image size-large\"><a href=\"https:\/\/i0.wp.com\/arteemtransito.com.br\/site\/wp-content\/uploads\/2021\/08\/Slide4.jpg?ssl=1\"><img data-recalc-dims=\"1\" loading=\"lazy\" decoding=\"async\" width=\"800\" height=\"600\" data-attachment-id=\"7925\" data-permalink=\"https:\/\/arteemtransito.com.br\/site\/pt_br\/2021\/08\/oca-escola-cultural\/slide4\/\" data-orig-file=\"https:\/\/i0.wp.com\/arteemtransito.com.br\/site\/wp-content\/uploads\/2021\/08\/Slide4.jpg?fit=960%2C720&amp;ssl=1\" data-orig-size=\"960,720\" data-comments-opened=\"1\" data-image-meta=\"{&quot;aperture&quot;:&quot;0&quot;,&quot;credit&quot;:&quot;&quot;,&quot;camera&quot;:&quot;&quot;,&quot;caption&quot;:&quot;&quot;,&quot;created_timestamp&quot;:&quot;0&quot;,&quot;copyright&quot;:&quot;&quot;,&quot;focal_length&quot;:&quot;0&quot;,&quot;iso&quot;:&quot;0&quot;,&quot;shutter_speed&quot;:&quot;0&quot;,&quot;title&quot;:&quot;&quot;,&quot;orientation&quot;:&quot;0&quot;}\" data-image-title=\"Slide4\" data-image-description=\"\" data-image-caption=\"\" data-medium-file=\"https:\/\/i0.wp.com\/arteemtransito.com.br\/site\/wp-content\/uploads\/2021\/08\/Slide4.jpg?fit=300%2C225&amp;ssl=1\" data-large-file=\"https:\/\/i0.wp.com\/arteemtransito.com.br\/site\/wp-content\/uploads\/2021\/08\/Slide4.jpg?fit=800%2C600&amp;ssl=1\" data-id=\"7925\" src=\"https:\/\/i0.wp.com\/arteemtransito.com.br\/site\/wp-content\/uploads\/2021\/08\/Slide4.jpg?resize=800%2C600&#038;ssl=1\" alt=\"\" class=\"wp-image-7925\" srcset=\"https:\/\/i0.wp.com\/arteemtransito.com.br\/site\/wp-content\/uploads\/2021\/08\/Slide4.jpg?w=960&amp;ssl=1 960w, https:\/\/i0.wp.com\/arteemtransito.com.br\/site\/wp-content\/uploads\/2021\/08\/Slide4.jpg?resize=300%2C225&amp;ssl=1 300w, https:\/\/i0.wp.com\/arteemtransito.com.br\/site\/wp-content\/uploads\/2021\/08\/Slide4.jpg?resize=768%2C576&amp;ssl=1 768w\" sizes=\"auto, (max-width: 800px) 100vw, 800px\" \/><\/a><\/figure>\n\n\n\n<figure class=\"wp-block-image size-large\"><a href=\"https:\/\/i0.wp.com\/arteemtransito.com.br\/site\/wp-content\/uploads\/2025\/01\/Imagem73.jpg?ssl=1\"><img data-recalc-dims=\"1\" loading=\"lazy\" decoding=\"async\" width=\"768\" height=\"1024\" data-attachment-id=\"8819\" data-permalink=\"https:\/\/arteemtransito.com.br\/site\/pt_br\/dispositivos-artisticos\/imagem73\/\" data-orig-file=\"https:\/\/i0.wp.com\/arteemtransito.com.br\/site\/wp-content\/uploads\/2025\/01\/Imagem73.jpg?fit=1778%2C2371&amp;ssl=1\" data-orig-size=\"1778,2371\" data-comments-opened=\"1\" data-image-meta=\"{&quot;aperture&quot;:&quot;0&quot;,&quot;credit&quot;:&quot;&quot;,&quot;camera&quot;:&quot;&quot;,&quot;caption&quot;:&quot;&quot;,&quot;created_timestamp&quot;:&quot;0&quot;,&quot;copyright&quot;:&quot;&quot;,&quot;focal_length&quot;:&quot;0&quot;,&quot;iso&quot;:&quot;0&quot;,&quot;shutter_speed&quot;:&quot;0&quot;,&quot;title&quot;:&quot;&quot;,&quot;orientation&quot;:&quot;0&quot;}\" data-image-title=\"Imagem73\" data-image-description=\"\" data-image-caption=\"\" data-medium-file=\"https:\/\/i0.wp.com\/arteemtransito.com.br\/site\/wp-content\/uploads\/2025\/01\/Imagem73.jpg?fit=225%2C300&amp;ssl=1\" data-large-file=\"https:\/\/i0.wp.com\/arteemtransito.com.br\/site\/wp-content\/uploads\/2025\/01\/Imagem73.jpg?fit=768%2C1024&amp;ssl=1\" data-id=\"8819\" src=\"https:\/\/i0.wp.com\/arteemtransito.com.br\/site\/wp-content\/uploads\/2025\/01\/Imagem73.jpg?resize=768%2C1024&#038;ssl=1\" alt=\"\" class=\"wp-image-8819\" srcset=\"https:\/\/i0.wp.com\/arteemtransito.com.br\/site\/wp-content\/uploads\/2025\/01\/Imagem73.jpg?resize=768%2C1024&amp;ssl=1 768w, https:\/\/i0.wp.com\/arteemtransito.com.br\/site\/wp-content\/uploads\/2025\/01\/Imagem73.jpg?resize=225%2C300&amp;ssl=1 225w, https:\/\/i0.wp.com\/arteemtransito.com.br\/site\/wp-content\/uploads\/2025\/01\/Imagem73.jpg?w=1778&amp;ssl=1 1778w, https:\/\/i0.wp.com\/arteemtransito.com.br\/site\/wp-content\/uploads\/2025\/01\/Imagem73.jpg?w=1600&amp;ssl=1 1600w\" sizes=\"auto, (max-width: 768px) 100vw, 768px\" \/><\/a><\/figure>\n\n\n\n<figure class=\"wp-block-image size-large\"><a href=\"https:\/\/i0.wp.com\/arteemtransito.com.br\/site\/wp-content\/uploads\/2025\/01\/Imagem79-scaled.jpg?ssl=1\"><img data-recalc-dims=\"1\" loading=\"lazy\" decoding=\"async\" width=\"800\" height=\"450\" data-attachment-id=\"8820\" data-permalink=\"https:\/\/arteemtransito.com.br\/site\/pt_br\/dispositivos-artisticos\/imagem79\/\" data-orig-file=\"https:\/\/i0.wp.com\/arteemtransito.com.br\/site\/wp-content\/uploads\/2025\/01\/Imagem79-scaled.jpg?fit=2560%2C1440&amp;ssl=1\" data-orig-size=\"2560,1440\" data-comments-opened=\"1\" data-image-meta=\"{&quot;aperture&quot;:&quot;0&quot;,&quot;credit&quot;:&quot;&quot;,&quot;camera&quot;:&quot;&quot;,&quot;caption&quot;:&quot;&quot;,&quot;created_timestamp&quot;:&quot;0&quot;,&quot;copyright&quot;:&quot;&quot;,&quot;focal_length&quot;:&quot;0&quot;,&quot;iso&quot;:&quot;0&quot;,&quot;shutter_speed&quot;:&quot;0&quot;,&quot;title&quot;:&quot;&quot;,&quot;orientation&quot;:&quot;0&quot;}\" data-image-title=\"Imagem79\" data-image-description=\"\" data-image-caption=\"\" data-medium-file=\"https:\/\/i0.wp.com\/arteemtransito.com.br\/site\/wp-content\/uploads\/2025\/01\/Imagem79-scaled.jpg?fit=300%2C169&amp;ssl=1\" data-large-file=\"https:\/\/i0.wp.com\/arteemtransito.com.br\/site\/wp-content\/uploads\/2025\/01\/Imagem79-scaled.jpg?fit=800%2C450&amp;ssl=1\" data-id=\"8820\" src=\"https:\/\/i0.wp.com\/arteemtransito.com.br\/site\/wp-content\/uploads\/2025\/01\/Imagem79.jpg?resize=800%2C450&#038;ssl=1\" alt=\"\" class=\"wp-image-8820\" srcset=\"https:\/\/i0.wp.com\/arteemtransito.com.br\/site\/wp-content\/uploads\/2025\/01\/Imagem79-scaled.jpg?resize=1024%2C576&amp;ssl=1 1024w, https:\/\/i0.wp.com\/arteemtransito.com.br\/site\/wp-content\/uploads\/2025\/01\/Imagem79-scaled.jpg?resize=300%2C169&amp;ssl=1 300w, https:\/\/i0.wp.com\/arteemtransito.com.br\/site\/wp-content\/uploads\/2025\/01\/Imagem79-scaled.jpg?resize=768%2C432&amp;ssl=1 768w, https:\/\/i0.wp.com\/arteemtransito.com.br\/site\/wp-content\/uploads\/2025\/01\/Imagem79-scaled.jpg?resize=1536%2C864&amp;ssl=1 1536w, https:\/\/i0.wp.com\/arteemtransito.com.br\/site\/wp-content\/uploads\/2025\/01\/Imagem79-scaled.jpg?w=1600&amp;ssl=1 1600w, https:\/\/i0.wp.com\/arteemtransito.com.br\/site\/wp-content\/uploads\/2025\/01\/Imagem79-scaled.jpg?w=2400&amp;ssl=1 2400w\" sizes=\"auto, (max-width: 800px) 100vw, 800px\" \/><\/a><\/figure>\n\n\n\n<figure class=\"wp-block-image size-large\"><a href=\"https:\/\/i0.wp.com\/arteemtransito.com.br\/site\/wp-content\/uploads\/2025\/01\/IMG_1195.jpg?ssl=1\"><img data-recalc-dims=\"1\" loading=\"lazy\" decoding=\"async\" width=\"640\" height=\"480\" data-attachment-id=\"8818\" data-permalink=\"https:\/\/arteemtransito.com.br\/site\/pt_br\/dispositivos-artisticos\/img_1195\/\" data-orig-file=\"https:\/\/i0.wp.com\/arteemtransito.com.br\/site\/wp-content\/uploads\/2025\/01\/IMG_1195.jpg?fit=640%2C480&amp;ssl=1\" data-orig-size=\"640,480\" data-comments-opened=\"1\" data-image-meta=\"{&quot;aperture&quot;:&quot;0&quot;,&quot;credit&quot;:&quot;&quot;,&quot;camera&quot;:&quot;&quot;,&quot;caption&quot;:&quot;&quot;,&quot;created_timestamp&quot;:&quot;0&quot;,&quot;copyright&quot;:&quot;&quot;,&quot;focal_length&quot;:&quot;0&quot;,&quot;iso&quot;:&quot;0&quot;,&quot;shutter_speed&quot;:&quot;0&quot;,&quot;title&quot;:&quot;&quot;,&quot;orientation&quot;:&quot;0&quot;}\" data-image-title=\"IMG_1195\" data-image-description=\"\" data-image-caption=\"\" data-medium-file=\"https:\/\/i0.wp.com\/arteemtransito.com.br\/site\/wp-content\/uploads\/2025\/01\/IMG_1195.jpg?fit=300%2C225&amp;ssl=1\" data-large-file=\"https:\/\/i0.wp.com\/arteemtransito.com.br\/site\/wp-content\/uploads\/2025\/01\/IMG_1195.jpg?fit=640%2C480&amp;ssl=1\" data-id=\"8818\" src=\"https:\/\/i0.wp.com\/arteemtransito.com.br\/site\/wp-content\/uploads\/2025\/01\/IMG_1195.jpg?resize=640%2C480&#038;ssl=1\" alt=\"\" class=\"wp-image-8818\" srcset=\"https:\/\/i0.wp.com\/arteemtransito.com.br\/site\/wp-content\/uploads\/2025\/01\/IMG_1195.jpg?w=640&amp;ssl=1 640w, https:\/\/i0.wp.com\/arteemtransito.com.br\/site\/wp-content\/uploads\/2025\/01\/IMG_1195.jpg?resize=300%2C225&amp;ssl=1 300w, https:\/\/i0.wp.com\/arteemtransito.com.br\/site\/wp-content\/uploads\/2025\/01\/IMG_1195.jpg?resize=16%2C12&amp;ssl=1 16w\" sizes=\"auto, (max-width: 640px) 100vw, 640px\" \/><\/a><\/figure>\n<\/figure>\n","protected":false},"excerpt":{"rendered":"<p>Pensar o artista dentro da escola, atuando e promovendo diferentes encontros educacionais com a arte tem sido o foco desse eixo. Ao lado disso, o pensamento curatorial que promove uma &#8230;<\/p>\n","protected":false},"author":1,"featured_media":0,"parent":0,"menu_order":0,"comment_status":"closed","ping_status":"closed","template":"","meta":{"ngg_post_thumbnail":0,"jetpack_post_was_ever_published":false,"footnotes":""},"class_list":["post-5320","page","type-page","status-publish","hentry"],"jetpack_shortlink":"https:\/\/wp.me\/P3LbTB-1nO","jetpack_sharing_enabled":true,"jetpack_likes_enabled":false,"jetpack-related-posts":[],"_links":{"self":[{"href":"https:\/\/arteemtransito.com.br\/site\/pt_br\/wp-json\/wp\/v2\/pages\/5320","targetHints":{"allow":["GET"]}}],"collection":[{"href":"https:\/\/arteemtransito.com.br\/site\/pt_br\/wp-json\/wp\/v2\/pages"}],"about":[{"href":"https:\/\/arteemtransito.com.br\/site\/pt_br\/wp-json\/wp\/v2\/types\/page"}],"author":[{"embeddable":true,"href":"https:\/\/arteemtransito.com.br\/site\/pt_br\/wp-json\/wp\/v2\/users\/1"}],"replies":[{"embeddable":true,"href":"https:\/\/arteemtransito.com.br\/site\/pt_br\/wp-json\/wp\/v2\/comments?post=5320"}],"version-history":[{"count":8,"href":"https:\/\/arteemtransito.com.br\/site\/pt_br\/wp-json\/wp\/v2\/pages\/5320\/revisions"}],"predecessor-version":[{"id":8824,"href":"https:\/\/arteemtransito.com.br\/site\/pt_br\/wp-json\/wp\/v2\/pages\/5320\/revisions\/8824"}],"wp:attachment":[{"href":"https:\/\/arteemtransito.com.br\/site\/pt_br\/wp-json\/wp\/v2\/media?parent=5320"}],"curies":[{"name":"wp","href":"https:\/\/api.w.org\/{rel}","templated":true}]}}