{"id":5316,"date":"2017-08-20T00:14:27","date_gmt":"2017-08-20T03:14:27","guid":{"rendered":"http:\/\/arteemtransito.com.br\/site\/?page_id=5316"},"modified":"2025-12-21T21:49:08","modified_gmt":"2025-12-22T00:49:08","slug":"quem-somos","status":"publish","type":"page","link":"https:\/\/arteemtransito.com.br\/site\/pt_br\/quem-somos\/","title":{"rendered":"Quem somos"},"content":{"rendered":"<h3>Coordena\u00e7\u00e3o:<\/h3>\n<h4>Profa. Dra. Renata Oliveira Caetano<\/h4>\n<p>Doutora em Arte pelo Programa de P\u00f3s-Gradua\u00e7\u00e3o em Arte (UERJ\/ 2017). Mestre em Hist\u00f3ria pelo Programa de P\u00f3s-Gradua\u00e7\u00e3o em Hist\u00f3ria (UFJF\/2012). Especialista em Arte Cultura Visual e Comunica\u00e7\u00e3o (UFJF\/2006). Licenciada e Bacharel em Artes (UFJF\/2004). \u00c9 professora do Col\u00e9gio de Aplica\u00e7\u00e3o Jo\u00e3o XXIII da Universidade Federal de Juiz de Fora nomeada por concurso p\u00fablico desde agosto de 2010. Professora do Programa de P\u00f3s-Gradua\u00e7\u00e3o em Hist\u00f3ria da UFJF. Como pesquisadora, tem experi\u00eancia na \u00e1rea de Artes Visuais, com \u00eanfase em arte brasileira do s\u00e9culo XX, atuando principalmente nos seguintes temas: arte moderna, arte contempor\u00e2nea, cole\u00e7\u00f5es, desenho, rela\u00e7\u00f5es entre desenho e escrita, educa\u00e7\u00e3o, hist\u00f3ria da arte e cultura.<\/p>\n<p>Curr\u00edculo Lattes: <a href=\"http:\/\/buscatextual.cnpq.br\/buscatextual\/visualizacv.do?id=K4437842D3\">http:\/\/buscatextual.cnpq.br\/buscatextual\/visualizacv.do?id=K4437842D3<\/a><\/p>\n<h4>&nbsp;<\/h4>\n<h4>Prof. Dr. Pedro Augusto Dutra de Oliveira&nbsp;<\/h4>\n<p>Doutor e Mestre em Educa\u00e7\u00e3o pela Universidade Federal de S\u00e3o Carlos, Especialista em arte-educa\u00e7\u00e3o pela Universidade de Bras\u00edlia e Licenciado em m\u00fasica pela Universidade de S\u00e3o Paulo. Desde 2001 desenvolve trabalho como educador musical, atuando na educa\u00e7\u00e3o b\u00e1sica como professor, regente de coro infantil e orquestra de estudantes. Atuou tamb\u00e9m como educador musical na Associa\u00e7\u00e3o Amigos do Projeto Guri e Conservat\u00f3rio Municipal de Alfenas. Na educa\u00e7\u00e3o superior foi tutor virtual no curso de educa\u00e7\u00e3o musical da Universidade Federal de S\u00e3o Carlos, professor substituto no curso presencial de educa\u00e7\u00e3o musical na mesma institui\u00e7\u00e3o, coordenador e docente do curso de licenciatura em m\u00fasica e no curso de p\u00f3s-gradua\u00e7\u00e3o em educa\u00e7\u00e3o musical do Centro Universit\u00e1rio Claretiano, onde coordenou o grupo de pesquisa M\u00fasica, Educa\u00e7\u00e3o e Interdisciplinaridade. Atualmente \u00e9 professor efetivo de Educa\u00e7\u00e3o Musical no Col\u00e9gio de Aplica\u00e7\u00e3o Jo\u00e3o XXIII na Universidade Federal de Juiz de Fora. No \u00e2mbito de sua pesquisa tem realizado trabalho de campo no nordeste de Minas Gerais, Vale do Jequitinhonha, com o coral e grupo de cultura popular Trovadores do Vale. Foi doutorando visitante no Centro de Estudos Sociais (CES) da Universidade de Coimbra, Portugal, onde desenvolveu investiga\u00e7\u00e3o no programa &#8220;P\u00f3s-Colonialismos e Cidadania Global&#8221;. Trabalha e tem interesse nas seguintes tem\u00e1ticas: educa\u00e7\u00e3o musical e humaniza\u00e7\u00e3o; educa\u00e7\u00e3o popular; colonialidade; m\u00fasica e comunidade; pr\u00e1ticas musicais coletivas; processos educativos em pr\u00e1ticas sociais.<\/p>\n<p>Curr\u00edculo Lattes: <a href=\"http:\/\/lattes.cnpq.br\/3945855591148052\">http:\/\/lattes.cnpq.br\/3945855591148052<\/a><\/p>\n<p>&nbsp;<\/p>\n<h3>Colaboradores docentes:&nbsp;<\/h3>\n<h4>Prof. Dr. Francione Oliveira Carvalho &#8211; FACED\/ UFJF<\/h4>\n<p>&nbsp;<\/p>\n<h3>Colaboradores externos:&nbsp;<\/h3>\n<h4><strong>Dispositivos de Comunica\u00e7\u00e3o<\/strong> &#8211; Rog\u00e9rio Pires Caetano<\/h4>\n<h3>&nbsp;<\/h3>\n<h3>Bolsistas:<\/h3>\n<ul>\n<li>2025 &#8211; Helena de Paula Vasconcelos, Isabel Santiago Azevedo (at\u00e9 fevereiro), Laura Maria El\u00f3i de Solza Fen\u00edcio (at\u00e9 outubro), Luiza Gianelli Granato Feital (at\u00e9 fevereiro), Maria Clara Nazarareth Picorone (at\u00e9 setembro).<\/li>\n<li>2024 &#8211; Helena de Paula Vasconcelos, Isabel Santiago Azevedo, Laura Maria El\u00f3i de Solza Fen\u00edcio, Luiza Gianelli Granato Feital, Maria Clara Nazarareth Picorone, \u00c1gatha de Lima Bueno (at\u00e9 abril), Matheus Soares Faria (at\u00e9 Julho), Miriam Camargo dos Santos (at\u00e9 julho).<\/li>\n<li>2023 &#8211; Carolina Cobuci, Maria Laura Abreu, Heloana Fonseca, Lais Sindorf, Maria Rosa Rodrigues de Lima, Yuri Br\u00edgido Da Dalt<\/li>\n<li>2022 &#8211; Ana Luisa de Toledo Amaral (at\u00e9 maio), Evelyn Gon\u00e7alves Azevedo dos Santos (at\u00e9 fevereiro), Heloana Fonseca, Lais Sindorf, Maria Rosa Rodrigues de Lima, Naiara Carvalho, Vit\u00f3ria Pires Nery (at\u00e9 fevereiro), Yuri Br\u00edgido Da Dalt,<\/li>\n<li>2021 &#8211; Ana Laura Pompe da Costa, Ana Luisa de Toledo Amaral, Evelyn Gon\u00e7alves Azevedo dos Santos, Giovana Alves Fran\u00e7a (at\u00e9 julho), Guilherme Costa Borges de Oliveira (at\u00e9 junho), J\u00falia Lopes Roberto (at\u00e9 junho), Kethleen Formigon Gomes (at\u00e9 outubro), Maria Rosa Rodrigues de Lima, Vit\u00f3ria Pires Nery, Yuri Br\u00edgido Da Dalt, com a colabora\u00e7\u00e3o de Bruna Tostes de Oliveira.<\/li>\n<li>2020 &#8211; Ana Laura Pompe da Costa, Bianca Celestino Barbosa de Assis, Guilherme Costa Borges de Oliveira, J\u00falia Lopes Roberto, Let\u00edcia Coelho Morais, Mariana Ferreira Brugiolo, com a colabora\u00e7\u00e3o de Ariadne Bedim, Bruna Tostes de Oliveira e Daniela Afonso Cardoso.<\/li>\n<li>2019 &#8211; Ana Beatriz Penna, Larissa Brand\u00e3o, Lucas Soares, Isadora Matos, Mariana Couto, Paula Lopes, S\u00e9rgio Izzo, com a colabora\u00e7\u00e3o de Ariadne Bedim.<\/li>\n<li>2018 &#8211; Ana Beatriz Penna, Larissa Brand\u00e3o, Lucas Soares, Isadora Matos, Mariana Couto, Paula Lopes,&nbsp; com a colabora\u00e7\u00e3o de Ariadne Bedim.<\/li>\n<li>2017 \u2013 Ariadne Bedim e Mariana Couto.<\/li>\n<li>2016 &#8211; Janaliza Pereira<\/li>\n<li>2015 \u2013 Isabella Alba,&nbsp;com colabora\u00e7\u00e3o de Gabriela Morais, Mayara Alves e Alessandra Noraberto<\/li>\n<li>2014 \u2013 Let\u00edcia Coelho<\/li>\n<li>2013 \u2013 Let\u00edcia Coelho<\/li>\n<li>2012 \u2013 Lucas Menezes<\/li>\n<li>2011 &#8211; Juan Lucas.<\/li>\n<\/ul>\n<h3>&nbsp;<\/h3>\n<h3>Filmagem:<\/h3>\n<ul>\n<li>2019 &#8211; Danielle Menezes e Thaiz Freitas<\/li>\n<\/ul>\n<h3>&nbsp;<\/h3>\n<h3>Fotografias:<\/h3>\n<ul>\n<li>S\u00e9rgio Izzo<\/li>\n<li>Jo\u00e3o Victor Costa Medeiros<\/li>\n<li>Ana Marina Coutinho<\/li>\n<li>Alfredo Souza<\/li>\n<\/ul>\n<h3>&nbsp;<\/h3>\n<h3>Design Gr\u00e1fico:<\/h3>\n<ul>\n<li>Guilherme Costa Borges de Oliveira<\/li>\n<li>Larissa Brand\u00e3o<\/li>\n<li>Rog\u00e9rio Pires Caetano<\/li>\n<li>Gabriel Coutinho<\/li>\n<\/ul>\n\n\n<p><\/p>\n","protected":false},"excerpt":{"rendered":"<p>Coordena\u00e7\u00e3o: Profa. Dra. Renata Oliveira Caetano Doutora em Arte pelo Programa de P\u00f3s-Gradua\u00e7\u00e3o em Arte (UERJ\/ 2017). Mestre em Hist\u00f3ria pelo Programa de P\u00f3s-Gradua\u00e7\u00e3o em Hist\u00f3ria (UFJF\/2012). Especialista em Arte &#8230;<\/p>\n","protected":false},"author":1,"featured_media":0,"parent":0,"menu_order":0,"comment_status":"closed","ping_status":"closed","template":"","meta":{"ngg_post_thumbnail":0,"jetpack_post_was_ever_published":false,"footnotes":""},"class_list":["post-5316","page","type-page","status-publish","hentry"],"jetpack_shortlink":"https:\/\/wp.me\/P3LbTB-1nK","jetpack_sharing_enabled":true,"jetpack_likes_enabled":false,"jetpack-related-posts":[],"_links":{"self":[{"href":"https:\/\/arteemtransito.com.br\/site\/pt_br\/wp-json\/wp\/v2\/pages\/5316","targetHints":{"allow":["GET"]}}],"collection":[{"href":"https:\/\/arteemtransito.com.br\/site\/pt_br\/wp-json\/wp\/v2\/pages"}],"about":[{"href":"https:\/\/arteemtransito.com.br\/site\/pt_br\/wp-json\/wp\/v2\/types\/page"}],"author":[{"embeddable":true,"href":"https:\/\/arteemtransito.com.br\/site\/pt_br\/wp-json\/wp\/v2\/users\/1"}],"replies":[{"embeddable":true,"href":"https:\/\/arteemtransito.com.br\/site\/pt_br\/wp-json\/wp\/v2\/comments?post=5316"}],"version-history":[{"count":22,"href":"https:\/\/arteemtransito.com.br\/site\/pt_br\/wp-json\/wp\/v2\/pages\/5316\/revisions"}],"predecessor-version":[{"id":8911,"href":"https:\/\/arteemtransito.com.br\/site\/pt_br\/wp-json\/wp\/v2\/pages\/5316\/revisions\/8911"}],"wp:attachment":[{"href":"https:\/\/arteemtransito.com.br\/site\/pt_br\/wp-json\/wp\/v2\/media?parent=5316"}],"curies":[{"name":"wp","href":"https:\/\/api.w.org\/{rel}","templated":true}]}}