{"id":5307,"date":"2017-08-20T00:10:20","date_gmt":"2017-08-20T03:10:20","guid":{"rendered":"http:\/\/arteemtransito.com.br\/site\/?page_id=5307"},"modified":"2019-02-14T20:46:58","modified_gmt":"2019-02-14T23:46:58","slug":"2011-2","status":"publish","type":"page","link":"https:\/\/arteemtransito.com.br\/site\/pt_br\/o-projeto-2\/2011-2\/","title":{"rendered":"2011"},"content":{"rendered":"<p><strong>Per\u00edodo:<\/strong> 17 e 21 de outubro.<\/p>\n<h3>Transitaram pela I Mostra Cultural os seguintes artistas convidados:<\/h3>\n<ul>\n<li>Galeria Edson P\u00e1vel Bastos: Confraria de Arte (JF)<\/li>\n<li>Interven\u00e7\u00e3o art\u00edstica: Fabr\u00edcio Carvalho (UFJF)<\/li>\n<li>Apresenta\u00e7\u00e3o teatral: Tapetes Contadores de Hist\u00f3rias (RJ)<\/li>\n<li>Performance de encerramento: Ren\u00e9 Loui e J\u00e9ssica Melatto (Ekil\u00edbrio Cia de Dan\u00e7a)<\/li>\n<\/ul>\n<p>&nbsp;<\/p>\n<h3>No I Col\u00f3quio, contamos com as seguintes colabora\u00e7\u00f5es:<\/h3>\n<ul>\n<li>Dra Leila Danziger (UERJ<\/li>\n<li>Doutoranda Simone Vacaro Fogazzi (CAp. UFRGS)<\/li>\n<li>Dra Adriana Gomes (UFJF)<\/li>\n<li>Dr Afonso Carvalho (UFJF)<\/li>\n<li>Mestre Fabr\u00edcio Carvalho (UFJF)<\/li>\n<li>Doutorando Gilton Monteiro (UFRJ)<\/li>\n<li>Mestre Olga Egas (UFJF)<\/li>\n<li>Dra Rosane Preciosa (UFJF)<\/li>\n<li>Dra Sandra Sato (UFJF)<\/li>\n<li>Dra Ieda Loureiro (SE \u2013 PJF)<\/li>\n<li>Mestre Helen Barra de Moura (CAp. Jo\u00e3o XXIII)<\/li>\n<\/ul>\n<p>&nbsp;<\/p>\n<h3>Galeria de fotos 2011<\/h3>\n<div class=\"tiled-gallery type-square tiled-gallery-unresized\" data-original-width=\"800\" data-carousel-extra='{&quot;blog_id&quot;:1,&quot;permalink&quot;:&quot;https:\\\/\\\/arteemtransito.com.br\\\/site\\\/pt_br\\\/o-projeto-2\\\/2011-2\\\/&quot;,&quot;likes_blog_id&quot;:55576155}' itemscope itemtype=\"http:\/\/schema.org\/ImageGallery\" > <div class=\"gallery-row\" style=\"width: 800px; height: 266px;\" data-original-width=\"800\" data-original-height=\"266\" > <div class=\"gallery-group\" style=\"width: 266px; height: 266px;\" data-original-width=\"266\" data-original-height=\"266\" > <div class=\"tiled-gallery-item \" itemprop=\"associatedMedia\" itemscope itemtype=\"http:\/\/schema.org\/ImageObject\"> <a href=\"https:\/\/i0.wp.com\/arteemtransito.com.br\/site\/wp-content\/uploads\/2011\/10\/img_0560.jpg?ssl=1\" border=\"0\" itemprop=\"url\"> <meta itemprop=\"width\" content=\"262\"> <meta itemprop=\"height\" content=\"262\"> <img decoding=\"async\" class=\"\" data-attachment-id=\"243\" data-orig-file=\"https:\/\/arteemtransito.com.br\/site\/wp-content\/uploads\/2011\/10\/img_0560.jpg\" data-orig-size=\"1936,2592\" data-comments-opened=\"1\" data-image-meta=\"{&quot;aperture&quot;:&quot;2.8&quot;,&quot;credit&quot;:&quot;&quot;,&quot;camera&quot;:&quot;iPhone 4&quot;,&quot;caption&quot;:&quot;&quot;,&quot;created_timestamp&quot;:&quot;1318523195&quot;,&quot;copyright&quot;:&quot;&quot;,&quot;focal_length&quot;:&quot;3.85&quot;,&quot;iso&quot;:&quot;400&quot;,&quot;shutter_speed&quot;:&quot;0.0666666666667&quot;,&quot;title&quot;:&quot;&quot;}\" data-image-title=\"IMG_0560\" data-image-description=\"\" data-medium-file=\"https:\/\/i0.wp.com\/arteemtransito.com.br\/site\/wp-content\/uploads\/2011\/10\/img_0560.jpg?fit=224%2C300&#038;ssl=1\" data-large-file=\"https:\/\/i0.wp.com\/arteemtransito.com.br\/site\/wp-content\/uploads\/2011\/10\/img_0560.jpg?fit=764%2C1024&#038;ssl=1\" src=\"https:\/\/i0.wp.com\/arteemtransito.com.br\/site\/wp-content\/uploads\/2011\/10\/img_0560.jpg?w=262&#038;h=262&#038;crop=1&#038;ssl=1\" srcset=\"https:\/\/i0.wp.com\/arteemtransito.com.br\/site\/wp-content\/uploads\/2011\/10\/img_0560.jpg?resize=150%2C150&amp;ssl=1 150w, https:\/\/i0.wp.com\/arteemtransito.com.br\/site\/wp-content\/uploads\/2011\/10\/img_0560.jpg?zoom=2&amp;resize=262%2C262&amp;ssl=1 524w, https:\/\/i0.wp.com\/arteemtransito.com.br\/site\/wp-content\/uploads\/2011\/10\/img_0560.jpg?zoom=3&amp;resize=262%2C262&amp;ssl=1 786w\" width=\"262\" height=\"262\" loading=\"lazy\" data-original-width=\"262\" data-original-height=\"262\" itemprop=\"http:\/\/schema.org\/image\" title=\"IMG_0560\" alt=\"Mostra Cultural - Trabalhos de estudantes\" style=\"width: 262px; height: 262px;\" \/> <\/a> <div class=\"tiled-gallery-caption\" itemprop=\"caption description\"> Mostra Cultural &#8211; Trabalhos de estudantes <\/div> <\/div> <\/div> <div class=\"gallery-group\" style=\"width: 266px; height: 266px;\" data-original-width=\"266\" data-original-height=\"266\" > <div class=\"tiled-gallery-item \" itemprop=\"associatedMedia\" itemscope itemtype=\"http:\/\/schema.org\/ImageObject\"> <a href=\"https:\/\/i0.wp.com\/arteemtransito.com.br\/site\/wp-content\/uploads\/2011\/10\/img_0604.jpg?ssl=1\" border=\"0\" itemprop=\"url\"> <meta itemprop=\"width\" content=\"262\"> <meta itemprop=\"height\" content=\"262\"> <img decoding=\"async\" class=\"\" data-attachment-id=\"283\" data-orig-file=\"https:\/\/arteemtransito.com.br\/site\/wp-content\/uploads\/2011\/10\/img_0604.jpg\" data-orig-size=\"1936,2592\" data-comments-opened=\"1\" data-image-meta=\"{&quot;aperture&quot;:&quot;2.8&quot;,&quot;credit&quot;:&quot;&quot;,&quot;camera&quot;:&quot;iPhone 4&quot;,&quot;caption&quot;:&quot;&quot;,&quot;created_timestamp&quot;:&quot;1319022809&quot;,&quot;copyright&quot;:&quot;&quot;,&quot;focal_length&quot;:&quot;3.85&quot;,&quot;iso&quot;:&quot;320&quot;,&quot;shutter_speed&quot;:&quot;0.0666666666667&quot;,&quot;title&quot;:&quot;&quot;}\" data-image-title=\"IMG_0604\" data-image-description=\"\" data-medium-file=\"https:\/\/i0.wp.com\/arteemtransito.com.br\/site\/wp-content\/uploads\/2011\/10\/img_0604.jpg?fit=224%2C300&#038;ssl=1\" data-large-file=\"https:\/\/i0.wp.com\/arteemtransito.com.br\/site\/wp-content\/uploads\/2011\/10\/img_0604.jpg?fit=764%2C1024&#038;ssl=1\" src=\"https:\/\/i0.wp.com\/arteemtransito.com.br\/site\/wp-content\/uploads\/2011\/10\/img_0604.jpg?w=262&#038;h=262&#038;crop=1&#038;ssl=1\" srcset=\"https:\/\/i0.wp.com\/arteemtransito.com.br\/site\/wp-content\/uploads\/2011\/10\/img_0604.jpg?resize=150%2C150&amp;ssl=1 150w, https:\/\/i0.wp.com\/arteemtransito.com.br\/site\/wp-content\/uploads\/2011\/10\/img_0604.jpg?zoom=2&amp;resize=262%2C262&amp;ssl=1 524w, https:\/\/i0.wp.com\/arteemtransito.com.br\/site\/wp-content\/uploads\/2011\/10\/img_0604.jpg?zoom=3&amp;resize=262%2C262&amp;ssl=1 786w\" width=\"262\" height=\"262\" loading=\"lazy\" data-original-width=\"262\" data-original-height=\"262\" itemprop=\"http:\/\/schema.org\/image\" title=\"IMG_0604\" alt=\"Col\u00f3quio\" style=\"width: 262px; height: 262px;\" \/> <\/a> <div class=\"tiled-gallery-caption\" itemprop=\"caption description\"> Col\u00f3quio <\/div> <\/div> <\/div> <div class=\"gallery-group\" style=\"width: 266px; height: 266px;\" data-original-width=\"266\" data-original-height=\"266\" > <div class=\"tiled-gallery-item \" itemprop=\"associatedMedia\" itemscope itemtype=\"http:\/\/schema.org\/ImageObject\"> <a href=\"https:\/\/i0.wp.com\/arteemtransito.com.br\/site\/wp-content\/uploads\/2017\/08\/IMG_5135.jpg?ssl=1\" border=\"0\" itemprop=\"url\"> <meta itemprop=\"width\" content=\"262\"> <meta itemprop=\"height\" content=\"262\"> <img decoding=\"async\" class=\"\" data-attachment-id=\"5370\" data-orig-file=\"https:\/\/arteemtransito.com.br\/site\/wp-content\/uploads\/2017\/08\/IMG_5135.jpg\" data-orig-size=\"4272,2848\" data-comments-opened=\"1\" data-image-meta=\"{&quot;aperture&quot;:&quot;5&quot;,&quot;credit&quot;:&quot;&quot;,&quot;camera&quot;:&quot;Canon EOS DIGITAL REBEL XSi&quot;,&quot;caption&quot;:&quot;&quot;,&quot;created_timestamp&quot;:&quot;1318736550&quot;,&quot;copyright&quot;:&quot;&quot;,&quot;focal_length&quot;:&quot;41&quot;,&quot;iso&quot;:&quot;400&quot;,&quot;shutter_speed&quot;:&quot;0.0166666666667&quot;,&quot;title&quot;:&quot;&quot;,&quot;orientation&quot;:&quot;1&quot;}\" data-image-title=\"IMG_5135\" data-image-description=\"\" data-medium-file=\"https:\/\/i0.wp.com\/arteemtransito.com.br\/site\/wp-content\/uploads\/2017\/08\/IMG_5135.jpg?fit=300%2C200&#038;ssl=1\" data-large-file=\"https:\/\/i0.wp.com\/arteemtransito.com.br\/site\/wp-content\/uploads\/2017\/08\/IMG_5135.jpg?fit=800%2C534&#038;ssl=1\" src=\"https:\/\/i0.wp.com\/arteemtransito.com.br\/site\/wp-content\/uploads\/2017\/08\/IMG_5135.jpg?w=262&#038;h=262&#038;crop=1&#038;ssl=1\" srcset=\"https:\/\/i0.wp.com\/arteemtransito.com.br\/site\/wp-content\/uploads\/2017\/08\/IMG_5135.jpg?resize=150%2C150&amp;ssl=1 150w, https:\/\/i0.wp.com\/arteemtransito.com.br\/site\/wp-content\/uploads\/2017\/08\/IMG_5135.jpg?zoom=2&amp;resize=262%2C262&amp;ssl=1 524w, https:\/\/i0.wp.com\/arteemtransito.com.br\/site\/wp-content\/uploads\/2017\/08\/IMG_5135.jpg?zoom=3&amp;resize=262%2C262&amp;ssl=1 786w\" width=\"262\" height=\"262\" loading=\"lazy\" data-original-width=\"262\" data-original-height=\"262\" itemprop=\"http:\/\/schema.org\/image\" title=\"IMG_5135\" alt=\"Performance: Ren\u00e9 Loui e J\u00e9ssica Melatto\" style=\"width: 262px; height: 262px;\" \/> <\/a> <div class=\"tiled-gallery-caption\" itemprop=\"caption description\"> Performance: Ren\u00e9 Loui e J\u00e9ssica Melatto <\/div> <\/div> <\/div> <\/div> <\/div>\n<p>&nbsp;<\/p>\n","protected":false},"excerpt":{"rendered":"<p>Per\u00edodo: 17 e 21 de outubro. Transitaram pela I Mostra Cultural os seguintes artistas convidados: Galeria Edson P\u00e1vel Bastos: Confraria de Arte (JF) Interven\u00e7\u00e3o art\u00edstica: Fabr\u00edcio Carvalho (UFJF) Apresenta\u00e7\u00e3o teatral: &#8230;<\/p>\n","protected":false},"author":1,"featured_media":0,"parent":73,"menu_order":9,"comment_status":"closed","ping_status":"closed","template":"","meta":{"ngg_post_thumbnail":0,"jetpack_post_was_ever_published":false,"footnotes":""},"class_list":["post-5307","page","type-page","status-publish","hentry"],"jetpack_shortlink":"https:\/\/wp.me\/P3LbTB-1nB","jetpack_sharing_enabled":true,"jetpack_likes_enabled":false,"jetpack-related-posts":[],"_links":{"self":[{"href":"https:\/\/arteemtransito.com.br\/site\/pt_br\/wp-json\/wp\/v2\/pages\/5307","targetHints":{"allow":["GET"]}}],"collection":[{"href":"https:\/\/arteemtransito.com.br\/site\/pt_br\/wp-json\/wp\/v2\/pages"}],"about":[{"href":"https:\/\/arteemtransito.com.br\/site\/pt_br\/wp-json\/wp\/v2\/types\/page"}],"author":[{"embeddable":true,"href":"https:\/\/arteemtransito.com.br\/site\/pt_br\/wp-json\/wp\/v2\/users\/1"}],"replies":[{"embeddable":true,"href":"https:\/\/arteemtransito.com.br\/site\/pt_br\/wp-json\/wp\/v2\/comments?post=5307"}],"version-history":[{"count":4,"href":"https:\/\/arteemtransito.com.br\/site\/pt_br\/wp-json\/wp\/v2\/pages\/5307\/revisions"}],"predecessor-version":[{"id":5442,"href":"https:\/\/arteemtransito.com.br\/site\/pt_br\/wp-json\/wp\/v2\/pages\/5307\/revisions\/5442"}],"up":[{"embeddable":true,"href":"https:\/\/arteemtransito.com.br\/site\/pt_br\/wp-json\/wp\/v2\/pages\/73"}],"wp:attachment":[{"href":"https:\/\/arteemtransito.com.br\/site\/pt_br\/wp-json\/wp\/v2\/media?parent=5307"}],"curies":[{"name":"wp","href":"https:\/\/api.w.org\/{rel}","templated":true}]}}