{"id":5305,"date":"2017-08-20T00:08:30","date_gmt":"2017-08-20T03:08:30","guid":{"rendered":"http:\/\/arteemtransito.com.br\/site\/?page_id=5305"},"modified":"2019-02-14T20:47:12","modified_gmt":"2019-02-14T23:47:12","slug":"2012-2","status":"publish","type":"page","link":"https:\/\/arteemtransito.com.br\/site\/pt_br\/o-projeto-2\/2012-2\/","title":{"rendered":"2012"},"content":{"rendered":"<p><strong>Per\u00edodo:<\/strong> 26 de novembro e 14 de dezembro.<\/p>\n<h3>Transitaram pela II Mostra Cultural os seguintes artistas convidados:<\/h3>\n<ul>\n<li><strong>Interven\u00e7\u00e3o art\u00edstica:<\/strong> Ricardo Crist\u00f3faro (UFJF)<\/li>\n<li><strong>A\u00e7\u00e3o coletiva:<\/strong> Priscilla de Paula (UFJF);<\/li>\n<li><strong>Galeria Edson P\u00e1vel Bastos:<\/strong> Leandro Faber (CAp. Jo\u00e3o XXIII)<\/li>\n<li><strong>Apresenta\u00e7\u00f5es musicais:<\/strong> Mostra de talentos do CAp. Jo\u00e3o XXIII (apresenta\u00e7\u00f5es de estudantes do Col\u00e9gio)<\/li>\n<li><strong>Apresenta\u00e7\u00f5es culturais:<\/strong> Roda do Jongo com a profa. Carolina Bezerra (CAp. Jo\u00e3o XXIII)<\/li>\n<\/ul>\n<h3>No II Col\u00f3quio, contamos com as seguintes colabora\u00e7\u00f5es:<\/h3>\n<ul>\n<li>Ricardo Crist\u00f3faro (UFJF)<\/li>\n<li>Olga Egas (UFJF)<\/li>\n<li>Anderson Ferrari (UFJF)<\/li>\n<li>Christine S\u00edlmor e grupo de professores (PJF)<\/li>\n<li>Frederico Crochet &nbsp;e Nelson Faria (CAp. Jo\u00e3o XXIII)<\/li>\n<\/ul>\n<h3>Galeria de fotos 2012<\/h3>\n<div class=\"tiled-gallery type-square tiled-gallery-unresized\" data-original-width=\"800\" data-carousel-extra='{&quot;blog_id&quot;:1,&quot;permalink&quot;:&quot;https:\\\/\\\/arteemtransito.com.br\\\/site\\\/pt_br\\\/o-projeto-2\\\/2012-2\\\/&quot;,&quot;likes_blog_id&quot;:55576155}' itemscope itemtype=\"http:\/\/schema.org\/ImageGallery\" > <div class=\"gallery-row\" style=\"width: 800px; height: 266px;\" data-original-width=\"800\" data-original-height=\"266\" > <div class=\"gallery-group\" style=\"width: 266px; height: 266px;\" data-original-width=\"266\" data-original-height=\"266\" > <div class=\"tiled-gallery-item \" itemprop=\"associatedMedia\" itemscope itemtype=\"http:\/\/schema.org\/ImageObject\"> <a href=\"https:\/\/i0.wp.com\/arteemtransito.com.br\/site\/wp-content\/uploads\/2017\/08\/SUP_0341.jpg?ssl=1\" border=\"0\" itemprop=\"url\"> <meta itemprop=\"width\" content=\"262\"> <meta itemprop=\"height\" content=\"262\"> <img decoding=\"async\" class=\"\" data-attachment-id=\"5377\" data-orig-file=\"https:\/\/arteemtransito.com.br\/site\/wp-content\/uploads\/2017\/08\/SUP_0341.jpg\" data-orig-size=\"4928,3264\" data-comments-opened=\"1\" data-image-meta=\"{&quot;aperture&quot;:&quot;5.6&quot;,&quot;credit&quot;:&quot;&quot;,&quot;camera&quot;:&quot;NIKON D7000&quot;,&quot;caption&quot;:&quot;&quot;,&quot;created_timestamp&quot;:&quot;1353957808&quot;,&quot;copyright&quot;:&quot;&quot;,&quot;focal_length&quot;:&quot;26&quot;,&quot;iso&quot;:&quot;400&quot;,&quot;shutter_speed&quot;:&quot;0.125&quot;,&quot;title&quot;:&quot;&quot;,&quot;orientation&quot;:&quot;0&quot;}\" data-image-title=\"SUP_0341\" data-image-description=\"\" data-medium-file=\"https:\/\/i0.wp.com\/arteemtransito.com.br\/site\/wp-content\/uploads\/2017\/08\/SUP_0341.jpg?fit=300%2C199&#038;ssl=1\" data-large-file=\"https:\/\/i0.wp.com\/arteemtransito.com.br\/site\/wp-content\/uploads\/2017\/08\/SUP_0341.jpg?fit=800%2C530&#038;ssl=1\" src=\"https:\/\/i0.wp.com\/arteemtransito.com.br\/site\/wp-content\/uploads\/2017\/08\/SUP_0341.jpg?w=262&#038;h=262&#038;crop=1&#038;ssl=1\" srcset=\"https:\/\/i0.wp.com\/arteemtransito.com.br\/site\/wp-content\/uploads\/2017\/08\/SUP_0341.jpg?resize=150%2C150&amp;ssl=1 150w, https:\/\/i0.wp.com\/arteemtransito.com.br\/site\/wp-content\/uploads\/2017\/08\/SUP_0341.jpg?zoom=2&amp;resize=262%2C262&amp;ssl=1 524w, https:\/\/i0.wp.com\/arteemtransito.com.br\/site\/wp-content\/uploads\/2017\/08\/SUP_0341.jpg?zoom=3&amp;resize=262%2C262&amp;ssl=1 786w\" width=\"262\" height=\"262\" loading=\"lazy\" data-original-width=\"262\" data-original-height=\"262\" itemprop=\"http:\/\/schema.org\/image\" title=\"SUP_0341\" alt=\"Exposi\u00e7\u00e3o de fotos de Leandro Faber\" style=\"width: 262px; height: 262px;\" \/> <\/a> <div class=\"tiled-gallery-caption\" itemprop=\"caption description\"> Exposi\u00e7\u00e3o de fotos de Leandro Faber <\/div> <\/div> <\/div> <div class=\"gallery-group\" style=\"width: 266px; height: 266px;\" data-original-width=\"266\" data-original-height=\"266\" > <div class=\"tiled-gallery-item \" itemprop=\"associatedMedia\" itemscope itemtype=\"http:\/\/schema.org\/ImageObject\"> <a href=\"https:\/\/i0.wp.com\/arteemtransito.com.br\/site\/wp-content\/uploads\/2017\/08\/SUP_0354.jpg?ssl=1\" border=\"0\" itemprop=\"url\"> <meta itemprop=\"width\" content=\"262\"> <meta itemprop=\"height\" content=\"262\"> <img decoding=\"async\" class=\"\" data-attachment-id=\"5378\" data-orig-file=\"https:\/\/arteemtransito.com.br\/site\/wp-content\/uploads\/2017\/08\/SUP_0354.jpg\" data-orig-size=\"4928,3264\" data-comments-opened=\"1\" data-image-meta=\"{&quot;aperture&quot;:&quot;5.6&quot;,&quot;credit&quot;:&quot;&quot;,&quot;camera&quot;:&quot;NIKON D7000&quot;,&quot;caption&quot;:&quot;&quot;,&quot;created_timestamp&quot;:&quot;1353958235&quot;,&quot;copyright&quot;:&quot;&quot;,&quot;focal_length&quot;:&quot;18&quot;,&quot;iso&quot;:&quot;400&quot;,&quot;shutter_speed&quot;:&quot;0.125&quot;,&quot;title&quot;:&quot;&quot;,&quot;orientation&quot;:&quot;0&quot;}\" data-image-title=\"SUP_0354\" data-image-description=\"\" data-medium-file=\"https:\/\/i0.wp.com\/arteemtransito.com.br\/site\/wp-content\/uploads\/2017\/08\/SUP_0354.jpg?fit=300%2C199&#038;ssl=1\" data-large-file=\"https:\/\/i0.wp.com\/arteemtransito.com.br\/site\/wp-content\/uploads\/2017\/08\/SUP_0354.jpg?fit=800%2C530&#038;ssl=1\" src=\"https:\/\/i0.wp.com\/arteemtransito.com.br\/site\/wp-content\/uploads\/2017\/08\/SUP_0354.jpg?w=262&#038;h=262&#038;crop=1&#038;ssl=1\" srcset=\"https:\/\/i0.wp.com\/arteemtransito.com.br\/site\/wp-content\/uploads\/2017\/08\/SUP_0354.jpg?resize=150%2C150&amp;ssl=1 150w, https:\/\/i0.wp.com\/arteemtransito.com.br\/site\/wp-content\/uploads\/2017\/08\/SUP_0354.jpg?zoom=2&amp;resize=262%2C262&amp;ssl=1 524w, https:\/\/i0.wp.com\/arteemtransito.com.br\/site\/wp-content\/uploads\/2017\/08\/SUP_0354.jpg?zoom=3&amp;resize=262%2C262&amp;ssl=1 786w\" width=\"262\" height=\"262\" loading=\"lazy\" data-original-width=\"262\" data-original-height=\"262\" itemprop=\"http:\/\/schema.org\/image\" title=\"SUP_0354\" alt=\"Mostra Cultural\" style=\"width: 262px; height: 262px;\" \/> <\/a> <div class=\"tiled-gallery-caption\" itemprop=\"caption description\"> Mostra Cultural <\/div> <\/div> <\/div> <div class=\"gallery-group\" style=\"width: 266px; height: 266px;\" data-original-width=\"266\" data-original-height=\"266\" > <div class=\"tiled-gallery-item \" itemprop=\"associatedMedia\" itemscope itemtype=\"http:\/\/schema.org\/ImageObject\"> <a href=\"https:\/\/i0.wp.com\/arteemtransito.com.br\/site\/wp-content\/uploads\/2017\/08\/SUP_1000.jpg?ssl=1\" border=\"0\" itemprop=\"url\"> <meta itemprop=\"width\" content=\"262\"> <meta itemprop=\"height\" content=\"262\"> <img decoding=\"async\" class=\"\" data-attachment-id=\"5379\" data-orig-file=\"https:\/\/arteemtransito.com.br\/site\/wp-content\/uploads\/2017\/08\/SUP_1000.jpg\" data-orig-size=\"4928,3264\" data-comments-opened=\"1\" data-image-meta=\"{&quot;aperture&quot;:&quot;5.6&quot;,&quot;credit&quot;:&quot;&quot;,&quot;camera&quot;:&quot;NIKON D7000&quot;,&quot;caption&quot;:&quot;&quot;,&quot;created_timestamp&quot;:&quot;1354203367&quot;,&quot;copyright&quot;:&quot;&quot;,&quot;focal_length&quot;:&quot;98&quot;,&quot;iso&quot;:&quot;400&quot;,&quot;shutter_speed&quot;:&quot;0.0025&quot;,&quot;title&quot;:&quot;&quot;,&quot;orientation&quot;:&quot;0&quot;}\" data-image-title=\"SUP_1000\" data-image-description=\"\" data-medium-file=\"https:\/\/i0.wp.com\/arteemtransito.com.br\/site\/wp-content\/uploads\/2017\/08\/SUP_1000.jpg?fit=300%2C199&#038;ssl=1\" data-large-file=\"https:\/\/i0.wp.com\/arteemtransito.com.br\/site\/wp-content\/uploads\/2017\/08\/SUP_1000.jpg?fit=800%2C530&#038;ssl=1\" src=\"https:\/\/i0.wp.com\/arteemtransito.com.br\/site\/wp-content\/uploads\/2017\/08\/SUP_1000.jpg?w=262&#038;h=262&#038;crop=1&#038;ssl=1\" srcset=\"https:\/\/i0.wp.com\/arteemtransito.com.br\/site\/wp-content\/uploads\/2017\/08\/SUP_1000.jpg?resize=150%2C150&amp;ssl=1 150w, https:\/\/i0.wp.com\/arteemtransito.com.br\/site\/wp-content\/uploads\/2017\/08\/SUP_1000.jpg?zoom=2&amp;resize=262%2C262&amp;ssl=1 524w, https:\/\/i0.wp.com\/arteemtransito.com.br\/site\/wp-content\/uploads\/2017\/08\/SUP_1000.jpg?zoom=3&amp;resize=262%2C262&amp;ssl=1 786w\" width=\"262\" height=\"262\" loading=\"lazy\" data-original-width=\"262\" data-original-height=\"262\" itemprop=\"http:\/\/schema.org\/image\" title=\"SUP_1000\" alt=\"Interven\u00e7\u00e3o art\u00edstica: Priscilla de Paula\" style=\"width: 262px; height: 262px;\" \/> <\/a> <div class=\"tiled-gallery-caption\" itemprop=\"caption description\"> Interven\u00e7\u00e3o art\u00edstica: Priscilla de Paula <\/div> <\/div> <\/div> <\/div> <\/div>\n","protected":false},"excerpt":{"rendered":"<p>Per\u00edodo: 26 de novembro e 14 de dezembro. Transitaram pela II Mostra Cultural os seguintes artistas convidados: Interven\u00e7\u00e3o art\u00edstica: Ricardo Crist\u00f3faro (UFJF) A\u00e7\u00e3o coletiva: Priscilla de Paula (UFJF); Galeria Edson &#8230;<\/p>\n","protected":false},"author":1,"featured_media":0,"parent":73,"menu_order":8,"comment_status":"closed","ping_status":"closed","template":"","meta":{"ngg_post_thumbnail":0,"jetpack_post_was_ever_published":false,"footnotes":""},"class_list":["post-5305","page","type-page","status-publish","hentry"],"jetpack_shortlink":"https:\/\/wp.me\/P3LbTB-1nz","jetpack_sharing_enabled":true,"jetpack_likes_enabled":false,"jetpack-related-posts":[],"_links":{"self":[{"href":"https:\/\/arteemtransito.com.br\/site\/pt_br\/wp-json\/wp\/v2\/pages\/5305","targetHints":{"allow":["GET"]}}],"collection":[{"href":"https:\/\/arteemtransito.com.br\/site\/pt_br\/wp-json\/wp\/v2\/pages"}],"about":[{"href":"https:\/\/arteemtransito.com.br\/site\/pt_br\/wp-json\/wp\/v2\/types\/page"}],"author":[{"embeddable":true,"href":"https:\/\/arteemtransito.com.br\/site\/pt_br\/wp-json\/wp\/v2\/users\/1"}],"replies":[{"embeddable":true,"href":"https:\/\/arteemtransito.com.br\/site\/pt_br\/wp-json\/wp\/v2\/comments?post=5305"}],"version-history":[{"count":2,"href":"https:\/\/arteemtransito.com.br\/site\/pt_br\/wp-json\/wp\/v2\/pages\/5305\/revisions"}],"predecessor-version":[{"id":5381,"href":"https:\/\/arteemtransito.com.br\/site\/pt_br\/wp-json\/wp\/v2\/pages\/5305\/revisions\/5381"}],"up":[{"embeddable":true,"href":"https:\/\/arteemtransito.com.br\/site\/pt_br\/wp-json\/wp\/v2\/pages\/73"}],"wp:attachment":[{"href":"https:\/\/arteemtransito.com.br\/site\/pt_br\/wp-json\/wp\/v2\/media?parent=5305"}],"curies":[{"name":"wp","href":"https:\/\/api.w.org\/{rel}","templated":true}]}}