{"id":5289,"date":"2017-08-20T00:00:41","date_gmt":"2017-08-20T03:00:41","guid":{"rendered":"http:\/\/arteemtransito.com.br\/site\/?page_id=5289"},"modified":"2019-03-22T18:01:14","modified_gmt":"2019-03-22T21:01:14","slug":"2017-2","status":"publish","type":"page","link":"https:\/\/arteemtransito.com.br\/site\/pt_br\/o-projeto-2\/2017-2\/","title":{"rendered":"2017"},"content":{"rendered":"<p><strong>Per\u00edodo:<\/strong> 18 a 29 de setembro.<\/p>\n<h3>Realizamos:<\/h3>\n<ul>\n<li>VI Col\u00f3quio e a VII Mostra Cultural, com muito di\u00e1logo e reflex\u00e3o\u00a0<\/li>\n<li>Gerenciamento da Galeria Edson P\u00e1vel Bastos por meio do Espa\u00e7o ConVida<\/li>\n<li>Parceria com o <strong>MIRADA &#8211; Grupo de Estudo e Pesquisa em Visualidades, Interculturalidade e Forma\u00e7\u00e3o Docente<\/strong> da Faculdade de Educa\u00e7\u00e3o da UFJF<\/li>\n<li>Inclus\u00e3o de produ\u00e7\u00f5es de estudantes do Col\u00e9gio de Aplica\u00e7\u00e3o Jo\u00e3o XXIII (Juiz de Fora), E.M Bom Pastor (Juiz de Fora), E.M Prefeito Jammil Sabr\u00e1 (Petr\u00f3polis), Col\u00e9gio Pedro II\/Campus Tijuca (Rio de Janeiro), Escola Helvira Hurtado de Matte (Santiago do Chile) e Secretaria da Prefeitura Municipal de Al\u00e9m Para\u00edba<\/li>\n<li>Visita t\u00e9cnica ao Museu Mariano Proc\u00f3pio<\/li>\n<li>Visita mediada pelas crian\u00e7as nos trabalhos expostos<\/li>\n<\/ul>\n<h3>\u00a0<\/h3>\n<h3>Os seguintes artistas convidados transitaram pela VII Mostra Cultural:<\/h3>\n<ul>\n<li>A artista Val\u00e9ria Faria [Retrospectiva], com a exposi\u00e7\u00e3o\u00a0&#8220;Inventarium&#8221; \u00a0no eixo ConVida<\/li>\n<li>Exposi\u00e7\u00e3o &#8220;S\u00e9ries Fotogr\u00e1ficas&#8221; da fot\u00f3grafa Ana Marina Coutinho<\/li>\n<li>Interven\u00e7\u00e3o e instala\u00e7\u00e3o art\u00edstica do artista Gabriel Ribeiro, com lambe-lambe<\/li>\n<li>Performance de dan\u00e7a contempor\u00e2nea com Tantsida Companhia de Dan\u00e7a, composta por Jacky Ferreira, Leandro Souza e Wanderl\u00e9ya de Oliveira<\/li>\n<li>Apresenta\u00e7\u00e3o teatral: &#8220;Flicts &#8211; A hist\u00f3ria de uma cor&#8221; do CEC &#8211; Centro de Educa\u00e7\u00e3o e Cidadania, Educa\u00e7\u00e3o em tempo integral\/Sec. Municipal de Educa\u00e7\u00e3o de Al\u00e9m Para\u00edba<\/li>\n<li>Apresenta\u00e7\u00e3o de canto com as alunas do Col\u00e9gio de Aplica\u00e7\u00e3o Jo\u00e3o XXIII, Amanda Abib e Gabriela Gomes<\/li>\n<li>Apresenta\u00e7\u00e3o de dan\u00e7a contempor\u00e2nea com a aluna do Col\u00e9gio de Aplica\u00e7\u00e3o Jo\u00e3o XXIII, Gabrielle Costa<\/li>\n<\/ul>\n<p>\u00a0<\/p>\n<h3>No VI Col\u00f3quio, contamos com as seguintes colabora\u00e7\u00f5es:<\/h3>\n<ul>\n<li>Oficina &#8220;Metodologia Art\u00edstica de Pesquisa baseada na Fotografia&#8221;, ministrada pela Profa. Dra. Olga Egas (FACED\/UFJF)<\/li>\n<li>Oficina &#8220;Fotografia e celular na escola: Possibilidades de Cria\u00e7\u00e3o&#8221;, ministrada pelo Prof. Me. Leandro Souza\u00a0<\/li>\n<li>Oficina &#8220;Sobre ovos e utopia: f\u00e9, m\u00e1gica, talism\u00e3s e bem querer &#8211; a marca ucra\u00edno-brasileira&#8221;, com a Profa. Ma. Analu Steffen<\/li>\n<li>Sess\u00e3o do filme &#8220;Teoria da Escola&#8221; e roda de conversa com o Prof. Dr. Maximiliano L\u00f3pez\u00a0<\/li>\n<li>Encontros com os convidados Claudio Melo (Professor da Rede Estadual), Elayne Luciana Leite (Formadora da Rede Municipal), Karina Orqu\u00eddia (Licencianda em Artes Visuais pela UFJF), Herbert Hischter (Professor da Rede Municipal), Frederico Crochet (Professor no Col\u00e9gio de Aplica\u00e7\u00e3o Jo\u00e3o XXIII), Analu Steffen (Professora no Col\u00e9gio Dom Pedro II\/RJ), Gisela Pelizzoni (Professora da Rede Municipal) e Gabriel Ribeiro (Artista Visual)<\/li>\n<\/ul>\n<p>\u00a0<\/p>\n<h3>Galeria de fotos 2017<\/h3>\n<p>\u00a0<\/p>\n<p>\u00a0<\/p>\n<p>\u00a0<\/p>\n\n\n<ul class=\"wp-block-gallery columns-3 is-cropped wp-block-gallery-1 is-layout-flex wp-block-gallery-is-layout-flex\"><li class=\"blocks-gallery-item\"><figure><img data-recalc-dims=\"1\" loading=\"lazy\" decoding=\"async\" width=\"640\" height=\"620\" data-attachment-id=\"5836\" data-permalink=\"https:\/\/arteemtransito.com.br\/site\/pt_br\/o-projeto-2\/2017-2\/fullsizerender-11-2\/\" data-orig-file=\"https:\/\/i0.wp.com\/arteemtransito.com.br\/site\/wp-content\/uploads\/2019\/03\/FullSizeRender-11.jpg?fit=640%2C620&amp;ssl=1\" data-orig-size=\"640,620\" data-comments-opened=\"1\" data-image-meta=\"{&quot;aperture&quot;:&quot;0&quot;,&quot;credit&quot;:&quot;&quot;,&quot;camera&quot;:&quot;&quot;,&quot;caption&quot;:&quot;&quot;,&quot;created_timestamp&quot;:&quot;0&quot;,&quot;copyright&quot;:&quot;&quot;,&quot;focal_length&quot;:&quot;0&quot;,&quot;iso&quot;:&quot;0&quot;,&quot;shutter_speed&quot;:&quot;0&quot;,&quot;title&quot;:&quot;&quot;,&quot;orientation&quot;:&quot;0&quot;}\" data-image-title=\"FullSizeRender-11\" data-image-description=\"\" data-image-caption=\"\" data-medium-file=\"https:\/\/i0.wp.com\/arteemtransito.com.br\/site\/wp-content\/uploads\/2019\/03\/FullSizeRender-11.jpg?fit=300%2C291&amp;ssl=1\" data-large-file=\"https:\/\/i0.wp.com\/arteemtransito.com.br\/site\/wp-content\/uploads\/2019\/03\/FullSizeRender-11.jpg?fit=640%2C620&amp;ssl=1\" src=\"https:\/\/i0.wp.com\/arteemtransito.com.br\/site\/wp-content\/uploads\/2019\/03\/FullSizeRender-11.jpg?resize=640%2C620\" alt=\"\" data-id=\"5836\" data-link=\"http:\/\/arteemtransito.com.br\/site\/o-projeto-2\/2017-2\/fullsizerender-11-2\/\" class=\"wp-image-5836\" srcset=\"https:\/\/i0.wp.com\/arteemtransito.com.br\/site\/wp-content\/uploads\/2019\/03\/FullSizeRender-11.jpg?w=640&amp;ssl=1 640w, https:\/\/i0.wp.com\/arteemtransito.com.br\/site\/wp-content\/uploads\/2019\/03\/FullSizeRender-11.jpg?resize=300%2C291&amp;ssl=1 300w\" sizes=\"auto, (max-width: 640px) 100vw, 640px\" \/><\/figure><\/li><li class=\"blocks-gallery-item\"><figure><img data-recalc-dims=\"1\" loading=\"lazy\" decoding=\"async\" width=\"636\" height=\"623\" data-attachment-id=\"5835\" data-permalink=\"https:\/\/arteemtransito.com.br\/site\/pt_br\/o-projeto-2\/2017-2\/fullsizerender-9-2\/\" data-orig-file=\"https:\/\/i0.wp.com\/arteemtransito.com.br\/site\/wp-content\/uploads\/2019\/03\/FullSizeRender-9.jpg?fit=636%2C623&amp;ssl=1\" data-orig-size=\"636,623\" data-comments-opened=\"1\" data-image-meta=\"{&quot;aperture&quot;:&quot;0&quot;,&quot;credit&quot;:&quot;&quot;,&quot;camera&quot;:&quot;&quot;,&quot;caption&quot;:&quot;&quot;,&quot;created_timestamp&quot;:&quot;0&quot;,&quot;copyright&quot;:&quot;&quot;,&quot;focal_length&quot;:&quot;0&quot;,&quot;iso&quot;:&quot;0&quot;,&quot;shutter_speed&quot;:&quot;0&quot;,&quot;title&quot;:&quot;&quot;,&quot;orientation&quot;:&quot;0&quot;}\" data-image-title=\"FullSizeRender-9\" data-image-description=\"\" data-image-caption=\"\" data-medium-file=\"https:\/\/i0.wp.com\/arteemtransito.com.br\/site\/wp-content\/uploads\/2019\/03\/FullSizeRender-9.jpg?fit=300%2C294&amp;ssl=1\" data-large-file=\"https:\/\/i0.wp.com\/arteemtransito.com.br\/site\/wp-content\/uploads\/2019\/03\/FullSizeRender-9.jpg?fit=636%2C623&amp;ssl=1\" src=\"https:\/\/i0.wp.com\/arteemtransito.com.br\/site\/wp-content\/uploads\/2019\/03\/FullSizeRender-9.jpg?resize=636%2C623\" alt=\"\" data-id=\"5835\" data-link=\"http:\/\/arteemtransito.com.br\/site\/o-projeto-2\/2017-2\/fullsizerender-9-2\/\" class=\"wp-image-5835\" srcset=\"https:\/\/i0.wp.com\/arteemtransito.com.br\/site\/wp-content\/uploads\/2019\/03\/FullSizeRender-9.jpg?w=636&amp;ssl=1 636w, https:\/\/i0.wp.com\/arteemtransito.com.br\/site\/wp-content\/uploads\/2019\/03\/FullSizeRender-9.jpg?resize=300%2C294&amp;ssl=1 300w\" sizes=\"auto, (max-width: 636px) 100vw, 636px\" \/><\/figure><\/li><li class=\"blocks-gallery-item\"><figure><img data-recalc-dims=\"1\" loading=\"lazy\" decoding=\"async\" width=\"640\" height=\"627\" data-attachment-id=\"5834\" data-permalink=\"https:\/\/arteemtransito.com.br\/site\/pt_br\/o-projeto-2\/2017-2\/fullsizerender-6-2\/\" data-orig-file=\"https:\/\/i0.wp.com\/arteemtransito.com.br\/site\/wp-content\/uploads\/2019\/03\/FullSizeRender-6.jpg?fit=640%2C627&amp;ssl=1\" data-orig-size=\"640,627\" data-comments-opened=\"1\" data-image-meta=\"{&quot;aperture&quot;:&quot;0&quot;,&quot;credit&quot;:&quot;&quot;,&quot;camera&quot;:&quot;&quot;,&quot;caption&quot;:&quot;&quot;,&quot;created_timestamp&quot;:&quot;0&quot;,&quot;copyright&quot;:&quot;&quot;,&quot;focal_length&quot;:&quot;0&quot;,&quot;iso&quot;:&quot;0&quot;,&quot;shutter_speed&quot;:&quot;0&quot;,&quot;title&quot;:&quot;&quot;,&quot;orientation&quot;:&quot;0&quot;}\" data-image-title=\"FullSizeRender-6\" data-image-description=\"\" data-image-caption=\"\" data-medium-file=\"https:\/\/i0.wp.com\/arteemtransito.com.br\/site\/wp-content\/uploads\/2019\/03\/FullSizeRender-6.jpg?fit=300%2C294&amp;ssl=1\" data-large-file=\"https:\/\/i0.wp.com\/arteemtransito.com.br\/site\/wp-content\/uploads\/2019\/03\/FullSizeRender-6.jpg?fit=640%2C627&amp;ssl=1\" src=\"https:\/\/i0.wp.com\/arteemtransito.com.br\/site\/wp-content\/uploads\/2019\/03\/FullSizeRender-6.jpg?resize=640%2C627\" alt=\"\" data-id=\"5834\" data-link=\"http:\/\/arteemtransito.com.br\/site\/o-projeto-2\/2017-2\/fullsizerender-6-2\/\" class=\"wp-image-5834\" srcset=\"https:\/\/i0.wp.com\/arteemtransito.com.br\/site\/wp-content\/uploads\/2019\/03\/FullSizeRender-6.jpg?w=640&amp;ssl=1 640w, https:\/\/i0.wp.com\/arteemtransito.com.br\/site\/wp-content\/uploads\/2019\/03\/FullSizeRender-6.jpg?resize=300%2C294&amp;ssl=1 300w\" sizes=\"auto, (max-width: 640px) 100vw, 640px\" \/><\/figure><\/li><li class=\"blocks-gallery-item\"><figure><img data-recalc-dims=\"1\" loading=\"lazy\" decoding=\"async\" width=\"640\" height=\"620\" data-attachment-id=\"5833\" data-permalink=\"https:\/\/arteemtransito.com.br\/site\/pt_br\/o-projeto-2\/2017-2\/fullsizerender-1\/\" data-orig-file=\"https:\/\/i0.wp.com\/arteemtransito.com.br\/site\/wp-content\/uploads\/2019\/03\/FullSizeRender-1.jpg?fit=640%2C620&amp;ssl=1\" data-orig-size=\"640,620\" data-comments-opened=\"1\" data-image-meta=\"{&quot;aperture&quot;:&quot;0&quot;,&quot;credit&quot;:&quot;&quot;,&quot;camera&quot;:&quot;&quot;,&quot;caption&quot;:&quot;&quot;,&quot;created_timestamp&quot;:&quot;0&quot;,&quot;copyright&quot;:&quot;&quot;,&quot;focal_length&quot;:&quot;0&quot;,&quot;iso&quot;:&quot;0&quot;,&quot;shutter_speed&quot;:&quot;0&quot;,&quot;title&quot;:&quot;&quot;,&quot;orientation&quot;:&quot;0&quot;}\" data-image-title=\"FullSizeRender-1\" data-image-description=\"\" data-image-caption=\"&lt;p&gt;Interven\u00e7\u00e3o e instala\u00e7\u00e3o art\u00edstica do artista Gabriel Ribeiro&lt;\/p&gt;\n\" data-medium-file=\"https:\/\/i0.wp.com\/arteemtransito.com.br\/site\/wp-content\/uploads\/2019\/03\/FullSizeRender-1.jpg?fit=300%2C291&amp;ssl=1\" data-large-file=\"https:\/\/i0.wp.com\/arteemtransito.com.br\/site\/wp-content\/uploads\/2019\/03\/FullSizeRender-1.jpg?fit=640%2C620&amp;ssl=1\" src=\"https:\/\/i0.wp.com\/arteemtransito.com.br\/site\/wp-content\/uploads\/2019\/03\/FullSizeRender-1.jpg?resize=640%2C620\" alt=\"\" data-id=\"5833\" data-link=\"http:\/\/arteemtransito.com.br\/site\/o-projeto-2\/2017-2\/fullsizerender-1\/\" class=\"wp-image-5833\" srcset=\"https:\/\/i0.wp.com\/arteemtransito.com.br\/site\/wp-content\/uploads\/2019\/03\/FullSizeRender-1.jpg?w=640&amp;ssl=1 640w, https:\/\/i0.wp.com\/arteemtransito.com.br\/site\/wp-content\/uploads\/2019\/03\/FullSizeRender-1.jpg?resize=300%2C291&amp;ssl=1 300w\" sizes=\"auto, (max-width: 640px) 100vw, 640px\" \/><\/figure><\/li><li class=\"blocks-gallery-item\"><figure><img data-recalc-dims=\"1\" loading=\"lazy\" decoding=\"async\" width=\"640\" height=\"617\" data-attachment-id=\"5832\" data-permalink=\"https:\/\/arteemtransito.com.br\/site\/pt_br\/o-projeto-2\/2017-2\/fullsizerender-10-2\/\" data-orig-file=\"https:\/\/i0.wp.com\/arteemtransito.com.br\/site\/wp-content\/uploads\/2019\/03\/FullSizeRender-10.jpg?fit=640%2C617&amp;ssl=1\" data-orig-size=\"640,617\" data-comments-opened=\"1\" data-image-meta=\"{&quot;aperture&quot;:&quot;0&quot;,&quot;credit&quot;:&quot;&quot;,&quot;camera&quot;:&quot;&quot;,&quot;caption&quot;:&quot;&quot;,&quot;created_timestamp&quot;:&quot;0&quot;,&quot;copyright&quot;:&quot;&quot;,&quot;focal_length&quot;:&quot;0&quot;,&quot;iso&quot;:&quot;0&quot;,&quot;shutter_speed&quot;:&quot;0&quot;,&quot;title&quot;:&quot;&quot;,&quot;orientation&quot;:&quot;0&quot;}\" data-image-title=\"FullSizeRender-10\" data-image-description=\"\" data-image-caption=\"\" data-medium-file=\"https:\/\/i0.wp.com\/arteemtransito.com.br\/site\/wp-content\/uploads\/2019\/03\/FullSizeRender-10.jpg?fit=300%2C289&amp;ssl=1\" data-large-file=\"https:\/\/i0.wp.com\/arteemtransito.com.br\/site\/wp-content\/uploads\/2019\/03\/FullSizeRender-10.jpg?fit=640%2C617&amp;ssl=1\" src=\"https:\/\/i0.wp.com\/arteemtransito.com.br\/site\/wp-content\/uploads\/2019\/03\/FullSizeRender-10.jpg?resize=640%2C617\" alt=\"\" data-id=\"5832\" data-link=\"http:\/\/arteemtransito.com.br\/site\/o-projeto-2\/2017-2\/fullsizerender-10-2\/\" class=\"wp-image-5832\" srcset=\"https:\/\/i0.wp.com\/arteemtransito.com.br\/site\/wp-content\/uploads\/2019\/03\/FullSizeRender-10.jpg?w=640&amp;ssl=1 640w, https:\/\/i0.wp.com\/arteemtransito.com.br\/site\/wp-content\/uploads\/2019\/03\/FullSizeRender-10.jpg?resize=300%2C289&amp;ssl=1 300w\" sizes=\"auto, (max-width: 640px) 100vw, 640px\" \/><\/figure><\/li><\/ul>\n","protected":false},"excerpt":{"rendered":"<p>Per\u00edodo: 18 a 29 de setembro. Realizamos: VI Col\u00f3quio e a VII Mostra Cultural, com muito di\u00e1logo e reflex\u00e3o\u00a0 Gerenciamento da Galeria Edson P\u00e1vel Bastos por meio do Espa\u00e7o ConVida &#8230;<\/p>\n","protected":false},"author":1,"featured_media":0,"parent":73,"menu_order":0,"comment_status":"closed","ping_status":"closed","template":"","meta":{"ngg_post_thumbnail":0,"jetpack_post_was_ever_published":false,"footnotes":""},"class_list":["post-5289","page","type-page","status-publish","hentry"],"jetpack_shortlink":"https:\/\/wp.me\/P3LbTB-1nj","jetpack_sharing_enabled":true,"jetpack_likes_enabled":false,"jetpack-related-posts":[],"_links":{"self":[{"href":"https:\/\/arteemtransito.com.br\/site\/pt_br\/wp-json\/wp\/v2\/pages\/5289","targetHints":{"allow":["GET"]}}],"collection":[{"href":"https:\/\/arteemtransito.com.br\/site\/pt_br\/wp-json\/wp\/v2\/pages"}],"about":[{"href":"https:\/\/arteemtransito.com.br\/site\/pt_br\/wp-json\/wp\/v2\/types\/page"}],"author":[{"embeddable":true,"href":"https:\/\/arteemtransito.com.br\/site\/pt_br\/wp-json\/wp\/v2\/users\/1"}],"replies":[{"embeddable":true,"href":"https:\/\/arteemtransito.com.br\/site\/pt_br\/wp-json\/wp\/v2\/comments?post=5289"}],"version-history":[{"count":15,"href":"https:\/\/arteemtransito.com.br\/site\/pt_br\/wp-json\/wp\/v2\/pages\/5289\/revisions"}],"predecessor-version":[{"id":5842,"href":"https:\/\/arteemtransito.com.br\/site\/pt_br\/wp-json\/wp\/v2\/pages\/5289\/revisions\/5842"}],"up":[{"embeddable":true,"href":"https:\/\/arteemtransito.com.br\/site\/pt_br\/wp-json\/wp\/v2\/pages\/73"}],"wp:attachment":[{"href":"https:\/\/arteemtransito.com.br\/site\/pt_br\/wp-json\/wp\/v2\/media?parent=5289"}],"curies":[{"name":"wp","href":"https:\/\/api.w.org\/{rel}","templated":true}]}}