{"id":8898,"date":"2025-12-21T21:30:37","date_gmt":"2025-12-22T00:30:37","guid":{"rendered":"https:\/\/arteemtransito.com.br\/site\/?page_id=8898"},"modified":"2025-12-21T21:43:06","modified_gmt":"2025-12-22T00:43:06","slug":"arte-como-territorio-na-escola","status":"publish","type":"page","link":"https:\/\/arteemtransito.com.br\/site\/en\/arte-como-territorio-na-escola\/","title":{"rendered":"Arte como territ\u00f3rio na escola"},"content":{"rendered":"<div class=\"wp-block-image\">\n<figure class=\"aligncenter size-large\"><a href=\"https:\/\/i0.wp.com\/arteemtransito.com.br\/site\/wp-content\/uploads\/2025\/12\/99f8fbb6-2285-42c8-a03b-d46452c0d9ee.jpg?ssl=1\"><img data-recalc-dims=\"1\" loading=\"lazy\" decoding=\"async\" width=\"724\" height=\"1024\" data-attachment-id=\"8899\" data-permalink=\"https:\/\/arteemtransito.com.br\/site\/en\/arte-como-territorio-na-escola\/99f8fbb6-2285-42c8-a03b-d46452c0d9ee\/\" data-orig-file=\"https:\/\/i0.wp.com\/arteemtransito.com.br\/site\/wp-content\/uploads\/2025\/12\/99f8fbb6-2285-42c8-a03b-d46452c0d9ee.jpg?fit=905%2C1280&amp;ssl=1\" data-orig-size=\"905,1280\" data-comments-opened=\"1\" data-image-meta=\"{&quot;aperture&quot;:&quot;0&quot;,&quot;credit&quot;:&quot;&quot;,&quot;camera&quot;:&quot;&quot;,&quot;caption&quot;:&quot;&quot;,&quot;created_timestamp&quot;:&quot;0&quot;,&quot;copyright&quot;:&quot;&quot;,&quot;focal_length&quot;:&quot;0&quot;,&quot;iso&quot;:&quot;0&quot;,&quot;shutter_speed&quot;:&quot;0&quot;,&quot;title&quot;:&quot;&quot;,&quot;orientation&quot;:&quot;0&quot;}\" data-image-title=\"99f8fbb6-2285-42c8-a03b-d46452c0d9ee\" data-image-description=\"\" data-image-caption=\"\" data-medium-file=\"https:\/\/i0.wp.com\/arteemtransito.com.br\/site\/wp-content\/uploads\/2025\/12\/99f8fbb6-2285-42c8-a03b-d46452c0d9ee.jpg?fit=212%2C300&amp;ssl=1\" data-large-file=\"https:\/\/i0.wp.com\/arteemtransito.com.br\/site\/wp-content\/uploads\/2025\/12\/99f8fbb6-2285-42c8-a03b-d46452c0d9ee.jpg?fit=724%2C1024&amp;ssl=1\" src=\"https:\/\/i0.wp.com\/arteemtransito.com.br\/site\/wp-content\/uploads\/2025\/12\/99f8fbb6-2285-42c8-a03b-d46452c0d9ee.jpg?resize=724%2C1024&#038;ssl=1\" alt=\"\" class=\"wp-image-8899\" srcset=\"https:\/\/i0.wp.com\/arteemtransito.com.br\/site\/wp-content\/uploads\/2025\/12\/99f8fbb6-2285-42c8-a03b-d46452c0d9ee.jpg?resize=724%2C1024&amp;ssl=1 724w, https:\/\/i0.wp.com\/arteemtransito.com.br\/site\/wp-content\/uploads\/2025\/12\/99f8fbb6-2285-42c8-a03b-d46452c0d9ee.jpg?resize=212%2C300&amp;ssl=1 212w, https:\/\/i0.wp.com\/arteemtransito.com.br\/site\/wp-content\/uploads\/2025\/12\/99f8fbb6-2285-42c8-a03b-d46452c0d9ee.jpg?resize=768%2C1086&amp;ssl=1 768w, https:\/\/i0.wp.com\/arteemtransito.com.br\/site\/wp-content\/uploads\/2025\/12\/99f8fbb6-2285-42c8-a03b-d46452c0d9ee.jpg?resize=8%2C12&amp;ssl=1 8w, https:\/\/i0.wp.com\/arteemtransito.com.br\/site\/wp-content\/uploads\/2025\/12\/99f8fbb6-2285-42c8-a03b-d46452c0d9ee.jpg?w=905&amp;ssl=1 905w\" sizes=\"auto, (max-width: 724px) 100vw, 724px\" \/><\/a><\/figure>\n<\/div>\n\n\n<p>O IX Col\u00f3quio Arte em Tr\u00e2nsito foi um evento que aconteceu a partir de uma parceria com o MIRADA &#8211; Grupo de Estudo e Pesquisa em Visualidades, Interculturalidade e Forma\u00e7\u00e3o Docente e com o Programa de P\u00f3s-Gradua\u00e7\u00e3o em Educa\u00e7\u00e3o da UFJF. A proposta foi buscar por reflex\u00f5es, a\u00e7\u00f5es e compartilhamentos a partir do seguinte tema: &#8220;Arte como territ\u00f3rio na escola&#8221;.&nbsp;<\/p>\n\n\n\n<p>O objetivo central do col\u00f3quio foi reunir estudantes de licenciatura, professores da Educa\u00e7\u00e3o B\u00e1sica de diferentes redes de ensino e pesquisadores do campo da Arte Educa\u00e7\u00e3o colocando em debate n\u00e3o somente os limites que encontramos em nossos espa\u00e7os de atua\u00e7\u00e3o profissional, mas tamb\u00e9m, as brechas por onde podemos construir nossos pr\u00f3prios di\u00e1logos, de forma cr\u00edtica e apropriada.&nbsp;<\/p>\n\n\n\n<p>As atividades propostas pelo IX Col\u00f3quio Arte em Tr\u00e2nsito dialogaram com as tr\u00eas linhas de pesquisa delineadas pelo MIRADA. Com isso, buscamos o protagonismo da arte no ch\u00e3o da escola, sendo esse o territ\u00f3rio onde discentes exploram suas subjetividades em busca de um entendimento deles mesmos e do mundo que os rodeia. Do mesmo modo, visamos fomentar a preemin\u00eancia docente na media\u00e7\u00e3o de experimenta\u00e7\u00f5es, conhecimentos e abalos no ambiente escolar.&nbsp; <\/p>\n\n\n\n<p class=\"has-text-align-center\"><strong>Este evento contou com apoio PAEP da CAPES.<\/strong><\/p>\n\n\n\n<p>&nbsp;<\/p>\n\n\n\n<h2 class=\"wp-block-heading\"><strong>Contamos com as seguintes atividades:<\/strong><\/h2>\n\n\n\n<p><strong>Rodas de conversa: <\/strong>configurado como um importante espa\u00e7o de reflex\u00f5es e trocas de saberes;<\/p>\n\n\n\n<p><strong>Mesas de apresenta\u00e7\u00e3o de trabalhos acad\u00eamicos:<\/strong> divididas entre as tr\u00eas linhas de pesquisa delineadas pelo MIRADA, a saber: 1.Di\u00e1logos interculturais na Arte, na Educa\u00e7\u00e3o e na Forma\u00e7\u00e3o de Professores; 2.M\u00faltiplas visualidades, corporeidades, sonoridades e teatralidades na (da) escola; 3.Territ\u00f3rios Interdisciplinares em Educa\u00e7\u00e3o, Arte e Cultura.&nbsp;<\/p>\n\n\n\n<p><strong>Oficinas:<\/strong> trocas de saberes voltadas para quest\u00f5es mais pr\u00e1ticas das diferentes linguagens art\u00edsticas;<\/p>\n\n\n\n<p><strong>Confer\u00eancias:<\/strong> palestras realizadas por importantes pesquisadores do campo da Arte Educa\u00e7\u00e3o.<\/p>\n\n\n\n<p><\/p>\n\n\n\n<h2 class=\"wp-block-heading\"><strong>Quem transitou por aqui:<\/strong><\/h2>\n\n\n\n<p><strong>Andr\u00e9a Hygino<\/strong> &#8211; Artista convidada<\/p>\n\n\n\n<p><strong>Bru Novaes<\/strong> &#8211; Artista convidada<\/p>\n\n\n\n<p><strong>Celi Pal\u00e1cios<\/strong> &#8211; CAp da UFRJ<\/p>\n\n\n\n<p><strong>Cau\u00ea Augusto Maia Baptista<\/strong> &#8211; USP<\/p>\n\n\n\n<p><strong>Carlos Hidalgo <\/strong>&#8211; Universidade Central do Ecuador<\/p>\n\n\n\n<p><strong>Evandro Carvalho de Menezes<\/strong> &#8211; Centro Pedag\u00f3gico da UFMG<\/p>\n\n\n\n<p><strong>Everson Melqu\u00edades Ara\u00fajo Silva<\/strong> &#8211; UFPE<\/p>\n\n\n\n<p><strong>Gl\u00f2ria Jov\u00e9<\/strong> &#8211; Universidade de Lleida (Espanha)<\/p>\n\n\n\n<p><strong>Karine Storck <\/strong>&#8211; CAp da UFRGS<\/p>\n\n\n\n<p class=\"mt-3\"><strong>Leandro Souza<\/strong> &#8211; Col\u00e9gio Pedro II<\/p>\n\n\n\n<p><strong>Micael Carvalho dos Santos<\/strong> &#8211; COLUN da UFMA<\/p>\n\n\n\n<p><strong>Olga Egas<\/strong> &#8211; UFJS<\/p>\n\n\n\n<p><strong>Paulo Henrique Pinto Coelho Rodrigues Alves<\/strong> &#8211; Centro Pedag\u00f3gico da UFMG<\/p>\n\n\n\n<p><strong>Rejane Santos<\/strong> &#8211; CAp Jo\u00e3o XXIII da UFJF<\/p>\n\n\n\n<p><strong>Rodrigo Christofoletti<\/strong> &#8211; UFJF<\/p>\n\n\n\n<p><strong>Saulo Silveira <\/strong>&#8211; UFJF<br><\/p>\n\n\n\n<h2 data-wp-context---core-fit-text=\"core\/fit-text::{&quot;fontSize&quot;:&quot;&quot;}\" data-wp-init---core-fit-text=\"core\/fit-text::callbacks.init\" data-wp-interactive data-wp-style--font-size=\"core\/fit-text::context.fontSize\" class=\"wp-block-heading has-fit-text\">Acesse aqui os anais do evento em sua vers\u00e3o\u00a0<a href=\"https:\/\/www.even3.com.br\/anais\/ix-coloquio-arte-em-transito\/\" data-type=\"link\" data-id=\"https:\/\/www.even3.com.br\/anais\/ix-coloquio-arte-em-transito\/\"><\/a><strong><a href=\"https:\/\/www.even3.com.br\/anais\/ix-coloquio-arte-em-transito\/\" data-type=\"link\" data-id=\"https:\/\/www.even3.com.br\/anais\/ix-coloquio-arte-em-transito\/\">online<\/a> <\/strong>e em formato <strong><a href=\"https:\/\/drive.google.com\/file\/d\/1GPM1-vc3gl0ia8HX2MyM6Chip5MZyKHk\/view?usp=sharing\" data-type=\"link\" data-id=\"https:\/\/drive.google.com\/file\/d\/1GPM1-vc3gl0ia8HX2MyM6Chip5MZyKHk\/view?usp=sharing\">PDF<\/a>.<\/strong><\/h2>\n\n\n\n<p><\/p>","protected":false},"excerpt":{"rendered":"<p>O IX Col\u00f3quio Arte em Tr\u00e2nsito foi um evento que aconteceu a partir de uma parceria com o MIRADA &#8211; Grupo de Estudo e Pesquisa em Visualidades, Interculturalidade e Forma\u00e7\u00e3o &#8230;<\/p>","protected":false},"author":3,"featured_media":0,"parent":0,"menu_order":0,"comment_status":"closed","ping_status":"closed","template":"","meta":{"ngg_post_thumbnail":0,"jetpack_post_was_ever_published":false,"footnotes":""},"class_list":["post-8898","page","type-page","status-publish","hentry"],"jetpack_shortlink":"https:\/\/wp.me\/P3LbTB-2jw","jetpack_sharing_enabled":true,"jetpack_likes_enabled":false,"jetpack-related-posts":[],"_links":{"self":[{"href":"https:\/\/arteemtransito.com.br\/site\/en\/wp-json\/wp\/v2\/pages\/8898","targetHints":{"allow":["GET"]}}],"collection":[{"href":"https:\/\/arteemtransito.com.br\/site\/en\/wp-json\/wp\/v2\/pages"}],"about":[{"href":"https:\/\/arteemtransito.com.br\/site\/en\/wp-json\/wp\/v2\/types\/page"}],"author":[{"embeddable":true,"href":"https:\/\/arteemtransito.com.br\/site\/en\/wp-json\/wp\/v2\/users\/3"}],"replies":[{"embeddable":true,"href":"https:\/\/arteemtransito.com.br\/site\/en\/wp-json\/wp\/v2\/comments?post=8898"}],"version-history":[{"count":7,"href":"https:\/\/arteemtransito.com.br\/site\/en\/wp-json\/wp\/v2\/pages\/8898\/revisions"}],"predecessor-version":[{"id":8909,"href":"https:\/\/arteemtransito.com.br\/site\/en\/wp-json\/wp\/v2\/pages\/8898\/revisions\/8909"}],"wp:attachment":[{"href":"https:\/\/arteemtransito.com.br\/site\/en\/wp-json\/wp\/v2\/media?parent=8898"}],"curies":[{"name":"wp","href":"https:\/\/api.w.org\/{rel}","templated":true}]}}