{"id":8811,"date":"2025-01-16T16:48:15","date_gmt":"2025-01-16T19:48:15","guid":{"rendered":"https:\/\/arteemtransito.com.br\/site\/?page_id=8811"},"modified":"2025-01-16T16:48:16","modified_gmt":"2025-01-16T19:48:16","slug":"oficina-de-grafite","status":"publish","type":"page","link":"https:\/\/arteemtransito.com.br\/site\/en\/oficina-de-grafite\/","title":{"rendered":"Oficina de Grafite"},"content":{"rendered":"<figure class=\"wp-block-embed is-type-video is-provider-youtube wp-block-embed-youtube wp-embed-aspect-16-9 wp-has-aspect-ratio\"><div class=\"wp-block-embed__wrapper\">\n<iframe loading=\"lazy\" title=\"Convite Oficina de Grafite V2\" width=\"800\" height=\"450\" src=\"https:\/\/www.youtube.com\/embed\/PsnwZL4qCYY?feature=oembed\" frameborder=\"0\" allow=\"accelerometer; autoplay; clipboard-write; encrypted-media; gyroscope; picture-in-picture; web-share\" referrerpolicy=\"strict-origin-when-cross-origin\" allowfullscreen><\/iframe>\n<\/div><\/figure>\n\n\n\n<p>O Col\u00e9gio de Aplica\u00e7\u00e3o se tornou espa\u00e7o para a produ\u00e7\u00e3o de um grande grafite, realizado em uma das paredes pr\u00f3xima ao estacionamento do Ensino M\u00e9dio. A oficina aconteceu nos dias 20, 22, 23 e 27 de agosto com os ensinamentos do artista Lucas Tavares, que assina suas obras como Frisko.<\/p>\n\n\n\n<p>Ele foi ex-aluno do Col\u00e9gio e aprendeu um pouco mais sobre arte urbana em uma oficina oferecida durante a Mostra Cultural em 2017. Em 2024, ele retornou voluntariamente ao Col\u00e9gio para nos ajudar em uma a\u00e7\u00e3o pedag\u00f3gica, que visava aproximar os estudantes do Col\u00e9gio de Aplica\u00e7\u00e3o Jo\u00e3o XXIII de outras visualidades da arte urbana, ampliando o repert\u00f3rio deles, para al\u00e9m do pixo.<\/p>\n\n\n\n<p>A proposta \u00e9 parte das atividades Programa de Extens\u00e3o Arte em Tr\u00e2nsito e contou com a coordena\u00e7\u00e3o das professoras Renata Oliveira Caetano e Bruna Quartarolo Vargas. No primeiro dia da oficina, os alunos foram introduzidos \u00e0 defini\u00e7\u00e3o e \u00e0 hist\u00f3ria do grafite, explorando suas origens e seu impacto cultural. Ap\u00f3s a apresenta\u00e7\u00e3o te\u00f3rica, os participantes realizaram uma pr\u00e1tica inicial, experimentando com as tipografias caracter\u00edsticas do grafite em suas cria\u00e7\u00f5es.<\/p>\n\n\n\n<p>No segundo e terceiro dias da oficina, o desenho foi marcado na parede do p\u00e1tio do Ensino M\u00e9dio, definindo as linhas principais da arte. Em seguida, come\u00e7aram a pintar o fundo da imagem, preparando a base para os detalhes que seriam adicionados nos pr\u00f3ximos dias. No quarto dia da oficina, os alunos se concentraram nos detalhes finais, aplicando luz, sombra e refor\u00e7ando os contornos para dar mais profundidade \u00e0 arte. O mural ganhou vida com esses toques de acabamento, destacando as formas e cores presentes na obra coletiva.<\/p>\n\n\n\n<p>N\u00f3s gostar\u00edamos de expressar o nosso agradecimento ao Caixa Escolar que viabilizou a compra das tintas e \u00e0 Dire\u00e7\u00e3o por ter providenciado com presteza a prepara\u00e7\u00e3o da parede. Agradecemos tamb\u00e9m \u00e0 Laura, Vit\u00f3ria, Clarisse, Larissa, Dandara e ao Arthur, que participaram t\u00e3o lindamente desta oficina e ao Lucas pelo trabalho e pelo comprometimento nas cria\u00e7\u00e3o dessa obra incr\u00edvel e t\u00e3o importante para o nosso espa\u00e7o escolar.<\/p>\n\n\n\n<figure class=\"wp-block-gallery has-nested-images columns-3 is-cropped wp-block-gallery-1 is-layout-flex wp-block-gallery-is-layout-flex\">\n<figure class=\"wp-block-image size-large\"><a href=\"https:\/\/i0.wp.com\/arteemtransito.com.br\/site\/wp-content\/uploads\/2024\/09\/20240822_152818.jpg?ssl=1\"><img data-recalc-dims=\"1\" decoding=\"async\" data-attachment-id=\"8721\" data-permalink=\"https:\/\/arteemtransito.com.br\/site\/en\/20240822_152818\/\" data-orig-file=\"https:\/\/i0.wp.com\/arteemtransito.com.br\/site\/wp-content\/uploads\/2024\/09\/20240822_152818.jpg?fit=%2C&amp;ssl=1\" data-orig-size=\"\" data-comments-opened=\"1\" data-image-meta=\"[]\" data-image-title=\"20240822_152818\" data-image-description=\"\" data-image-caption=\"\" data-medium-file=\"https:\/\/i0.wp.com\/arteemtransito.com.br\/site\/wp-content\/uploads\/2024\/09\/20240822_152818.jpg?fit=300%2C300&amp;ssl=1\" data-large-file=\"https:\/\/i0.wp.com\/arteemtransito.com.br\/site\/wp-content\/uploads\/2024\/09\/20240822_152818.jpg?fit=1024%2C1024&amp;ssl=1\" data-id=\"8721\" src=\"https:\/\/i0.wp.com\/arteemtransito.com.br\/site\/wp-content\/uploads\/2024\/09\/20240822_152818.jpg?w=800&#038;ssl=1\" alt=\"\" class=\"wp-image-8721\"\/><\/a><\/figure>\n\n\n\n<figure class=\"wp-block-image size-large\"><a href=\"https:\/\/i0.wp.com\/arteemtransito.com.br\/site\/wp-content\/uploads\/2024\/10\/IMG_9175.jpg?ssl=1\"><img data-recalc-dims=\"1\" loading=\"lazy\" decoding=\"async\" width=\"800\" height=\"555\" data-attachment-id=\"8753\" data-permalink=\"https:\/\/arteemtransito.com.br\/site\/en\/img_9175-2\/\" data-orig-file=\"https:\/\/i0.wp.com\/arteemtransito.com.br\/site\/wp-content\/uploads\/2024\/10\/IMG_9175.jpg?fit=2440%2C1691&amp;ssl=1\" data-orig-size=\"2440,1691\" data-comments-opened=\"1\" data-image-meta=\"{&quot;aperture&quot;:&quot;0&quot;,&quot;credit&quot;:&quot;&quot;,&quot;camera&quot;:&quot;&quot;,&quot;caption&quot;:&quot;&quot;,&quot;created_timestamp&quot;:&quot;0&quot;,&quot;copyright&quot;:&quot;&quot;,&quot;focal_length&quot;:&quot;0&quot;,&quot;iso&quot;:&quot;0&quot;,&quot;shutter_speed&quot;:&quot;0&quot;,&quot;title&quot;:&quot;&quot;,&quot;orientation&quot;:&quot;0&quot;}\" data-image-title=\"IMG_9175\" data-image-description=\"\" data-image-caption=\"\" data-medium-file=\"https:\/\/i0.wp.com\/arteemtransito.com.br\/site\/wp-content\/uploads\/2024\/10\/IMG_9175.jpg?fit=300%2C208&amp;ssl=1\" data-large-file=\"https:\/\/i0.wp.com\/arteemtransito.com.br\/site\/wp-content\/uploads\/2024\/10\/IMG_9175.jpg?fit=800%2C555&amp;ssl=1\" data-id=\"8753\" src=\"https:\/\/i0.wp.com\/arteemtransito.com.br\/site\/wp-content\/uploads\/2024\/10\/IMG_9175.jpg?resize=800%2C555&#038;ssl=1\" alt=\"\" class=\"wp-image-8753\" srcset=\"https:\/\/i0.wp.com\/arteemtransito.com.br\/site\/wp-content\/uploads\/2024\/10\/IMG_9175.jpg?resize=1024%2C710&amp;ssl=1 1024w, https:\/\/i0.wp.com\/arteemtransito.com.br\/site\/wp-content\/uploads\/2024\/10\/IMG_9175.jpg?resize=300%2C208&amp;ssl=1 300w, https:\/\/i0.wp.com\/arteemtransito.com.br\/site\/wp-content\/uploads\/2024\/10\/IMG_9175.jpg?resize=768%2C532&amp;ssl=1 768w, https:\/\/i0.wp.com\/arteemtransito.com.br\/site\/wp-content\/uploads\/2024\/10\/IMG_9175.jpg?w=1600&amp;ssl=1 1600w, https:\/\/i0.wp.com\/arteemtransito.com.br\/site\/wp-content\/uploads\/2024\/10\/IMG_9175.jpg?w=2400&amp;ssl=1 2400w\" sizes=\"auto, (max-width: 800px) 100vw, 800px\" \/><\/a><\/figure>\n\n\n\n<figure class=\"wp-block-image size-large\"><a href=\"https:\/\/i0.wp.com\/arteemtransito.com.br\/site\/wp-content\/uploads\/2024\/09\/20240820_151324-1.jpg?ssl=1\"><img data-recalc-dims=\"1\" decoding=\"async\" data-attachment-id=\"8730\" data-permalink=\"https:\/\/arteemtransito.com.br\/site\/en\/20240820_151324-1\/\" data-orig-file=\"https:\/\/i0.wp.com\/arteemtransito.com.br\/site\/wp-content\/uploads\/2024\/09\/20240820_151324-1.jpg?fit=%2C&amp;ssl=1\" data-orig-size=\"\" data-comments-opened=\"1\" data-image-meta=\"[]\" data-image-title=\"20240820_151324-1\" data-image-description=\"\" data-image-caption=\"\" data-medium-file=\"https:\/\/i0.wp.com\/arteemtransito.com.br\/site\/wp-content\/uploads\/2024\/09\/20240820_151324-1.jpg?fit=300%2C300&amp;ssl=1\" data-large-file=\"https:\/\/i0.wp.com\/arteemtransito.com.br\/site\/wp-content\/uploads\/2024\/09\/20240820_151324-1.jpg?fit=1024%2C1024&amp;ssl=1\" data-id=\"8730\" src=\"https:\/\/i0.wp.com\/arteemtransito.com.br\/site\/wp-content\/uploads\/2024\/09\/20240820_151324-1.jpg?w=800&#038;ssl=1\" alt=\"\" class=\"wp-image-8730\"\/><\/a><\/figure>\n\n\n\n<figure class=\"wp-block-image size-full\"><a href=\"https:\/\/i0.wp.com\/arteemtransito.com.br\/site\/wp-content\/uploads\/2024\/09\/20240822_154627-2.jpg?ssl=1\"><img data-recalc-dims=\"1\" decoding=\"async\" data-attachment-id=\"8741\" data-permalink=\"https:\/\/arteemtransito.com.br\/site\/en\/20240822_154627-2\/\" data-orig-file=\"https:\/\/i0.wp.com\/arteemtransito.com.br\/site\/wp-content\/uploads\/2024\/09\/20240822_154627-2.jpg?fit=%2C&amp;ssl=1\" data-orig-size=\"\" data-comments-opened=\"1\" data-image-meta=\"[]\" data-image-title=\"20240822_154627-2\" data-image-description=\"\" data-image-caption=\"\" data-medium-file=\"https:\/\/i0.wp.com\/arteemtransito.com.br\/site\/wp-content\/uploads\/2024\/09\/20240822_154627-2.jpg?fit=300%2C300&amp;ssl=1\" data-large-file=\"https:\/\/i0.wp.com\/arteemtransito.com.br\/site\/wp-content\/uploads\/2024\/09\/20240822_154627-2.jpg?fit=1024%2C1024&amp;ssl=1\" data-id=\"8741\" src=\"https:\/\/i0.wp.com\/arteemtransito.com.br\/site\/wp-content\/uploads\/2024\/09\/20240822_154627-2.jpg?w=800&#038;ssl=1\" alt=\"\" class=\"wp-image-8741\"\/><\/a><\/figure>\n\n\n\n<figure class=\"wp-block-image size-full\"><a href=\"https:\/\/i0.wp.com\/arteemtransito.com.br\/site\/wp-content\/uploads\/2024\/09\/20240823_170235-2.jpg?ssl=1\"><img data-recalc-dims=\"1\" decoding=\"async\" data-attachment-id=\"8733\" data-permalink=\"https:\/\/arteemtransito.com.br\/site\/en\/20240823_170235-2\/\" data-orig-file=\"https:\/\/i0.wp.com\/arteemtransito.com.br\/site\/wp-content\/uploads\/2024\/09\/20240823_170235-2.jpg?fit=%2C&amp;ssl=1\" data-orig-size=\"\" data-comments-opened=\"1\" data-image-meta=\"[]\" data-image-title=\"20240823_170235-2\" data-image-description=\"\" data-image-caption=\"\" data-medium-file=\"https:\/\/i0.wp.com\/arteemtransito.com.br\/site\/wp-content\/uploads\/2024\/09\/20240823_170235-2.jpg?fit=300%2C300&amp;ssl=1\" data-large-file=\"https:\/\/i0.wp.com\/arteemtransito.com.br\/site\/wp-content\/uploads\/2024\/09\/20240823_170235-2.jpg?fit=1024%2C1024&amp;ssl=1\" data-id=\"8733\" src=\"https:\/\/i0.wp.com\/arteemtransito.com.br\/site\/wp-content\/uploads\/2024\/09\/20240823_170235-2.jpg?w=800&#038;ssl=1\" alt=\"\" class=\"wp-image-8733\"\/><\/a><\/figure>\n\n\n\n<figure class=\"wp-block-image size-full\"><a href=\"https:\/\/i0.wp.com\/arteemtransito.com.br\/site\/wp-content\/uploads\/2024\/09\/IMG_6824-1.jpg?ssl=1\"><img data-recalc-dims=\"1\" decoding=\"async\" data-attachment-id=\"8748\" data-permalink=\"https:\/\/arteemtransito.com.br\/site\/en\/img_6824-1\/\" data-orig-file=\"https:\/\/i0.wp.com\/arteemtransito.com.br\/site\/wp-content\/uploads\/2024\/09\/IMG_6824-1.jpg?fit=%2C&amp;ssl=1\" data-orig-size=\"\" data-comments-opened=\"1\" data-image-meta=\"[]\" data-image-title=\"IMG_6824-1\" data-image-description=\"\" data-image-caption=\"\" data-medium-file=\"https:\/\/i0.wp.com\/arteemtransito.com.br\/site\/wp-content\/uploads\/2024\/09\/IMG_6824-1.jpg?fit=300%2C300&amp;ssl=1\" data-large-file=\"https:\/\/i0.wp.com\/arteemtransito.com.br\/site\/wp-content\/uploads\/2024\/09\/IMG_6824-1.jpg?fit=1024%2C1024&amp;ssl=1\" data-id=\"8748\" src=\"https:\/\/i0.wp.com\/arteemtransito.com.br\/site\/wp-content\/uploads\/2024\/09\/IMG_6824-1.jpg?w=800&#038;ssl=1\" alt=\"\" class=\"wp-image-8748\"\/><\/a><\/figure>\n\n\n\n<figure class=\"wp-block-image size-large\"><a href=\"https:\/\/i0.wp.com\/arteemtransito.com.br\/site\/wp-content\/uploads\/2024\/09\/IMG_6831-1.jpg?ssl=1\"><img data-recalc-dims=\"1\" decoding=\"async\" data-attachment-id=\"8717\" data-permalink=\"https:\/\/arteemtransito.com.br\/site\/en\/img_6831-1\/\" data-orig-file=\"https:\/\/i0.wp.com\/arteemtransito.com.br\/site\/wp-content\/uploads\/2024\/09\/IMG_6831-1.jpg?fit=%2C&amp;ssl=1\" data-orig-size=\"\" data-comments-opened=\"1\" data-image-meta=\"[]\" data-image-title=\"IMG_6831-1\" data-image-description=\"\" data-image-caption=\"\" data-medium-file=\"https:\/\/i0.wp.com\/arteemtransito.com.br\/site\/wp-content\/uploads\/2024\/09\/IMG_6831-1.jpg?fit=300%2C300&amp;ssl=1\" data-large-file=\"https:\/\/i0.wp.com\/arteemtransito.com.br\/site\/wp-content\/uploads\/2024\/09\/IMG_6831-1.jpg?fit=1024%2C1024&amp;ssl=1\" data-id=\"8717\" src=\"https:\/\/i0.wp.com\/arteemtransito.com.br\/site\/wp-content\/uploads\/2024\/09\/IMG_6831-1.jpg?w=800&#038;ssl=1\" alt=\"\" class=\"wp-image-8717\"\/><\/a><\/figure>\n\n\n\n<figure class=\"wp-block-image size-large\"><a href=\"https:\/\/i0.wp.com\/arteemtransito.com.br\/site\/wp-content\/uploads\/2024\/09\/IMG_6968-1.jpg?ssl=1\"><img data-recalc-dims=\"1\" decoding=\"async\" data-attachment-id=\"8710\" data-permalink=\"https:\/\/arteemtransito.com.br\/site\/en\/img_6968-1\/\" data-orig-file=\"https:\/\/i0.wp.com\/arteemtransito.com.br\/site\/wp-content\/uploads\/2024\/09\/IMG_6968-1.jpg?fit=%2C&amp;ssl=1\" data-orig-size=\"\" data-comments-opened=\"1\" data-image-meta=\"[]\" data-image-title=\"IMG_6968-1\" data-image-description=\"\" data-image-caption=\"\" data-medium-file=\"https:\/\/i0.wp.com\/arteemtransito.com.br\/site\/wp-content\/uploads\/2024\/09\/IMG_6968-1.jpg?fit=300%2C300&amp;ssl=1\" data-large-file=\"https:\/\/i0.wp.com\/arteemtransito.com.br\/site\/wp-content\/uploads\/2024\/09\/IMG_6968-1.jpg?fit=1024%2C1024&amp;ssl=1\" data-id=\"8710\" src=\"https:\/\/i0.wp.com\/arteemtransito.com.br\/site\/wp-content\/uploads\/2024\/09\/IMG_6968-1.jpg?w=800&#038;ssl=1\" alt=\"\" class=\"wp-image-8710\"\/><\/a><\/figure>\n<\/figure>","protected":false},"excerpt":{"rendered":"<p>O Col\u00e9gio de Aplica\u00e7\u00e3o se tornou espa\u00e7o para a produ\u00e7\u00e3o de um grande grafite, realizado em uma das paredes pr\u00f3xima ao estacionamento do Ensino M\u00e9dio. A oficina aconteceu nos dias &#8230;<\/p>","protected":false},"author":3,"featured_media":0,"parent":0,"menu_order":0,"comment_status":"closed","ping_status":"closed","template":"","meta":{"ngg_post_thumbnail":0,"jetpack_post_was_ever_published":false,"footnotes":""},"class_list":["post-8811","page","type-page","status-publish","hentry"],"jetpack_shortlink":"https:\/\/wp.me\/P3LbTB-2i7","jetpack_sharing_enabled":true,"jetpack_likes_enabled":false,"jetpack-related-posts":[],"_links":{"self":[{"href":"https:\/\/arteemtransito.com.br\/site\/en\/wp-json\/wp\/v2\/pages\/8811","targetHints":{"allow":["GET"]}}],"collection":[{"href":"https:\/\/arteemtransito.com.br\/site\/en\/wp-json\/wp\/v2\/pages"}],"about":[{"href":"https:\/\/arteemtransito.com.br\/site\/en\/wp-json\/wp\/v2\/types\/page"}],"author":[{"embeddable":true,"href":"https:\/\/arteemtransito.com.br\/site\/en\/wp-json\/wp\/v2\/users\/3"}],"replies":[{"embeddable":true,"href":"https:\/\/arteemtransito.com.br\/site\/en\/wp-json\/wp\/v2\/comments?post=8811"}],"version-history":[{"count":1,"href":"https:\/\/arteemtransito.com.br\/site\/en\/wp-json\/wp\/v2\/pages\/8811\/revisions"}],"predecessor-version":[{"id":8812,"href":"https:\/\/arteemtransito.com.br\/site\/en\/wp-json\/wp\/v2\/pages\/8811\/revisions\/8812"}],"wp:attachment":[{"href":"https:\/\/arteemtransito.com.br\/site\/en\/wp-json\/wp\/v2\/media?parent=8811"}],"curies":[{"name":"wp","href":"https:\/\/api.w.org\/{rel}","templated":true}]}}