{"id":8594,"date":"2025-01-16T14:50:18","date_gmt":"2025-01-16T17:50:18","guid":{"rendered":"https:\/\/arteemtransito.com.br\/site\/?page_id=8594"},"modified":"2025-01-25T15:54:47","modified_gmt":"2025-01-25T18:54:47","slug":"2024-2","status":"publish","type":"page","link":"https:\/\/arteemtransito.com.br\/site\/en\/2024-2\/","title":{"rendered":"2024"},"content":{"rendered":"<p>Em 2024 apresentamos as exposi\u00e7\u00f5es pedag\u00f3gicas: \u201cExperimenta\u00e7\u00f5es da forma\u201d, \u201cCor, Linha, Forma\u201d. Apresentamos tamb\u00e9m a arte de tatuadores de Juiz de Fora na exposi\u00e7\u00e3o \u201cAntes da Pele: a arte de quem tatua\u201d. Para fechar o ano tivemos a ocupa\u00e7\u00e3o no nosso Instagram e a exposi\u00e7\u00e3o online \u201c<a href=\"https:\/\/arteemtransito.com.br\/site\/en\/batuque-encantos-de-luta\/\" data-type=\"page\" data-id=\"8764\"><mark style=\"background-color:rgba(0, 0, 0, 0)\" class=\"has-inline-color has-luminous-vivid-amber-color\">Batuques: (en)cantos de luta<\/mark><\/a>\u201d. Em nossas atividades de forma\u00e7\u00e3o desenvolvemos a <a href=\"https:\/\/arteemtransito.com.br\/site\/en\/oficina-de-cordas\/\" data-type=\"page\" data-id=\"8826\">Oficina de Cordas<\/a>, a <a href=\"https:\/\/arteemtransito.com.br\/site\/en\/oficina-de-grafite\/\" data-type=\"page\" data-id=\"8811\">Oficina de Grafite<\/a> e a Oficina de Desenho com Tatuadores.<\/p>\n\n\n\n<p><\/p>\n\n\n\n<p><\/p>\n\n\n\n<p><\/p>\n\n\n\n<p><\/p>","protected":false},"excerpt":{"rendered":"<p>Em 2024 apresentamos as exposi\u00e7\u00f5es pedag\u00f3gicas: \u201cExperimenta\u00e7\u00f5es da forma\u201d, \u201cCor, Linha, Forma\u201d. Apresentamos tamb\u00e9m a arte de tatuadores de Juiz de Fora na exposi\u00e7\u00e3o \u201cAntes da Pele: a arte de &#8230;<\/p>","protected":false},"author":3,"featured_media":0,"parent":0,"menu_order":0,"comment_status":"closed","ping_status":"closed","template":"","meta":{"ngg_post_thumbnail":0,"jetpack_post_was_ever_published":false,"footnotes":""},"class_list":["post-8594","page","type-page","status-publish","hentry"],"jetpack_shortlink":"https:\/\/wp.me\/P3LbTB-2eC","jetpack_sharing_enabled":true,"jetpack_likes_enabled":false,"jetpack-related-posts":[],"_links":{"self":[{"href":"https:\/\/arteemtransito.com.br\/site\/en\/wp-json\/wp\/v2\/pages\/8594","targetHints":{"allow":["GET"]}}],"collection":[{"href":"https:\/\/arteemtransito.com.br\/site\/en\/wp-json\/wp\/v2\/pages"}],"about":[{"href":"https:\/\/arteemtransito.com.br\/site\/en\/wp-json\/wp\/v2\/types\/page"}],"author":[{"embeddable":true,"href":"https:\/\/arteemtransito.com.br\/site\/en\/wp-json\/wp\/v2\/users\/3"}],"replies":[{"embeddable":true,"href":"https:\/\/arteemtransito.com.br\/site\/en\/wp-json\/wp\/v2\/comments?post=8594"}],"version-history":[{"count":3,"href":"https:\/\/arteemtransito.com.br\/site\/en\/wp-json\/wp\/v2\/pages\/8594\/revisions"}],"predecessor-version":[{"id":8845,"href":"https:\/\/arteemtransito.com.br\/site\/en\/wp-json\/wp\/v2\/pages\/8594\/revisions\/8845"}],"wp:attachment":[{"href":"https:\/\/arteemtransito.com.br\/site\/en\/wp-json\/wp\/v2\/media?parent=8594"}],"curies":[{"name":"wp","href":"https:\/\/api.w.org\/{rel}","templated":true}]}}