{"id":8264,"date":"2022-04-01T20:02:50","date_gmt":"2022-04-01T23:02:50","guid":{"rendered":"https:\/\/arteemtransito.com.br\/site\/?page_id=8264"},"modified":"2022-04-09T20:39:11","modified_gmt":"2022-04-09T23:39:11","slug":"artistas","status":"publish","type":"page","link":"https:\/\/arteemtransito.com.br\/site\/en\/artistas\/","title":{"rendered":"Artistas"},"content":{"rendered":"<p>Desde a cria\u00e7\u00e3o do programa, sempre mantivemos contato com artistas de todo o Brasil e procuramos explorar o espa\u00e7o escolar em conjunto.<\/p>\n\n\n\n<h4 class=\"wp-block-heading\">Conhe\u00e7a os artistas que j\u00e1 contribu\u00edram com o nosso projeto:&nbsp;<\/h4>\n\n\n\n<figure class=\"wp-block-image size-large\"><a href=\"https:\/\/i0.wp.com\/arteemtransito.com.br\/site\/wp-content\/uploads\/2017\/08\/14317373_1207205689354189_7337421035500825668_n.jpg?ssl=1\"><img data-recalc-dims=\"1\" loading=\"lazy\" decoding=\"async\" width=\"800\" height=\"800\" data-attachment-id=\"5400\" data-permalink=\"https:\/\/arteemtransito.com.br\/site\/en\/o-projeto-2\/2016-2\/14317373_1207205689354189_7337421035500825668_n\/\" data-orig-file=\"https:\/\/i0.wp.com\/arteemtransito.com.br\/site\/wp-content\/uploads\/2017\/08\/14317373_1207205689354189_7337421035500825668_n.jpg?fit=960%2C960&amp;ssl=1\" data-orig-size=\"960,960\" data-comments-opened=\"1\" data-image-meta=\"{&quot;aperture&quot;:&quot;0&quot;,&quot;credit&quot;:&quot;&quot;,&quot;camera&quot;:&quot;&quot;,&quot;caption&quot;:&quot;&quot;,&quot;created_timestamp&quot;:&quot;0&quot;,&quot;copyright&quot;:&quot;&quot;,&quot;focal_length&quot;:&quot;0&quot;,&quot;iso&quot;:&quot;0&quot;,&quot;shutter_speed&quot;:&quot;0&quot;,&quot;title&quot;:&quot;&quot;,&quot;orientation&quot;:&quot;0&quot;}\" data-image-title=\"14317373_1207205689354189_7337421035500825668_n\" data-image-description=\"\" data-image-caption=\"&lt;p&gt;Exposi\u00e7\u00e3o de Lin Lima &lt;\/p&gt;\" data-medium-file=\"https:\/\/i0.wp.com\/arteemtransito.com.br\/site\/wp-content\/uploads\/2017\/08\/14317373_1207205689354189_7337421035500825668_n.jpg?fit=300%2C300&amp;ssl=1\" data-large-file=\"https:\/\/i0.wp.com\/arteemtransito.com.br\/site\/wp-content\/uploads\/2017\/08\/14317373_1207205689354189_7337421035500825668_n.jpg?fit=800%2C800&amp;ssl=1\" src=\"https:\/\/i0.wp.com\/arteemtransito.com.br\/site\/wp-content\/uploads\/2017\/08\/14317373_1207205689354189_7337421035500825668_n.jpg?resize=800%2C800&#038;ssl=1\" alt=\"\" class=\"wp-image-5400\" srcset=\"https:\/\/i0.wp.com\/arteemtransito.com.br\/site\/wp-content\/uploads\/2017\/08\/14317373_1207205689354189_7337421035500825668_n.jpg?w=960&amp;ssl=1 960w, https:\/\/i0.wp.com\/arteemtransito.com.br\/site\/wp-content\/uploads\/2017\/08\/14317373_1207205689354189_7337421035500825668_n.jpg?resize=150%2C150&amp;ssl=1 150w, https:\/\/i0.wp.com\/arteemtransito.com.br\/site\/wp-content\/uploads\/2017\/08\/14317373_1207205689354189_7337421035500825668_n.jpg?resize=300%2C300&amp;ssl=1 300w, https:\/\/i0.wp.com\/arteemtransito.com.br\/site\/wp-content\/uploads\/2017\/08\/14317373_1207205689354189_7337421035500825668_n.jpg?resize=768%2C768&amp;ssl=1 768w\" sizes=\"auto, (max-width: 800px) 100vw, 800px\" \/><\/a><figcaption>Exposi\u00e7\u00e3o de Lin Lima (2016)<\/figcaption><\/figure>\n\n\n\n<figure class=\"wp-block-image size-large\"><a href=\"https:\/\/i0.wp.com\/arteemtransito.com.br\/site\/wp-content\/uploads\/2017\/08\/leo.jpg?ssl=1\"><img data-recalc-dims=\"1\" loading=\"lazy\" decoding=\"async\" width=\"800\" height=\"533\" data-attachment-id=\"5617\" data-permalink=\"https:\/\/arteemtransito.com.br\/site\/en\/dispositivos-artisticos\/convida\/leo\/\" data-orig-file=\"https:\/\/i0.wp.com\/arteemtransito.com.br\/site\/wp-content\/uploads\/2017\/08\/leo.jpg?fit=960%2C640&amp;ssl=1\" data-orig-size=\"960,640\" data-comments-opened=\"1\" data-image-meta=\"{&quot;aperture&quot;:&quot;0&quot;,&quot;credit&quot;:&quot;&quot;,&quot;camera&quot;:&quot;&quot;,&quot;caption&quot;:&quot;&quot;,&quot;created_timestamp&quot;:&quot;0&quot;,&quot;copyright&quot;:&quot;&quot;,&quot;focal_length&quot;:&quot;0&quot;,&quot;iso&quot;:&quot;0&quot;,&quot;shutter_speed&quot;:&quot;0&quot;,&quot;title&quot;:&quot;&quot;,&quot;orientation&quot;:&quot;0&quot;}\" data-image-title=\"leo\" data-image-description=\"\" data-image-caption=\"&lt;p&gt;29\/64 &amp;#8211; Leonardo Morais&lt;\/p&gt;\" data-medium-file=\"https:\/\/i0.wp.com\/arteemtransito.com.br\/site\/wp-content\/uploads\/2017\/08\/leo.jpg?fit=300%2C200&amp;ssl=1\" data-large-file=\"https:\/\/i0.wp.com\/arteemtransito.com.br\/site\/wp-content\/uploads\/2017\/08\/leo.jpg?fit=800%2C533&amp;ssl=1\" src=\"https:\/\/i0.wp.com\/arteemtransito.com.br\/site\/wp-content\/uploads\/2017\/08\/leo.jpg?resize=800%2C533&#038;ssl=1\" alt=\"\" class=\"wp-image-5617\" srcset=\"https:\/\/i0.wp.com\/arteemtransito.com.br\/site\/wp-content\/uploads\/2017\/08\/leo.jpg?w=960&amp;ssl=1 960w, https:\/\/i0.wp.com\/arteemtransito.com.br\/site\/wp-content\/uploads\/2017\/08\/leo.jpg?resize=300%2C200&amp;ssl=1 300w, https:\/\/i0.wp.com\/arteemtransito.com.br\/site\/wp-content\/uploads\/2017\/08\/leo.jpg?resize=768%2C512&amp;ssl=1 768w\" sizes=\"auto, (max-width: 800px) 100vw, 800px\" \/><\/a><figcaption>29\/64 &#8211; Leonardo Morais (2018)<\/figcaption><\/figure>\n\n\n\n<p>Deneir<\/p>\n\n\n\n<p>Lori Figueir\u00f3 <\/p>\n\n\n\n<p>Lauriana paiva <\/p>\n\n\n\n<p>Guilherme Landim<\/p>\n\n\n\n<p>Marize Moreno <\/p>\n\n\n\n<p>Liliana Mendes<\/p>\n\n\n\n<p>Noah Mancinni<\/p>\n\n\n\n<p>Marcelo Brant<\/p>\n\n\n\n<p>Ana Carolina Belo<\/p>\n\n\n\n<p>Rodrigo Millani<\/p>\n\n\n\n<p>Paulo Rafael<\/p>\n\n\n\n<p>Andrea Coutinho<\/p>\n\n\n\n<p>Leonardo Morais<\/p>\n\n\n\n<p>Luiz Gonzaga<\/p>\n\n\n\n<p>Bruna Gon\u00e7alves<\/p>\n\n\n\n<p>Fernanda Morais<\/p>\n\n\n\n<p>Lucas Soares<\/p>\n\n\n\n<p>Carolina Bezerra<\/p>\n\n\n\n<p>Daniel Venanzoni<\/p>\n\n\n\n<p>Gabriela Machado<\/p>\n\n\n\n<p>Leandro Souza<\/p>\n\n\n\n<p>Alessandra Brum<\/p>\n\n\n\n<p>Jo\u00e3o Victor Medeiros<\/p>\n\n\n\n<p>Claudia Rangel<\/p>\n\n\n\n<p>Renan Kneipp<\/p>\n\n\n\n<p>Priscilla de Paula e Fabr\u00edcio Carvalho<\/p>\n\n\n\n<p>Gilberto Medeiros<\/p>\n\n\n\n<p>&nbsp;Lin Lima&nbsp;<\/p>\n\n\n\n<p>&nbsp;Leonardo Paiva&nbsp;<\/p>\n\n\n\n<p>Cida Santos<\/p>\n\n\n\n<p>Ren\u00e9 Loui e Paulo Mota<\/p>\n\n\n\n<p>Charleston Hokama<\/p>\n\n\n\n<p>Petrillo\u00a0<\/p>\n\n\n\n<p>Adriana Gomes Afonso Carvalho<\/p>\n\n\n\n<p>Ana Marina Coutinho<\/p>\n\n\n\n<p>Gabriel Ribeiro<\/p>\n\n\n\n<p>Josimar Freire<\/p>\n\n\n\n<p>Matheus de Simone <\/p>\n\n\n\n<p>Laborat\u00f3rio de Instantes<\/p>\n\n\n\n<p>Leandro Faber<\/p>\n\n\n\n<p>Luiz Gonzaga<\/p>\n\n\n\n<p>Rebeca Rose<\/p>\n\n\n\n<p>Renata Correa<\/p>\n\n\n\n<p>Ricardo Basbaum<\/p>\n\n\n\n<p>Ricardo Crist\u00f3faro<\/p>\n\n\n\n<p>Sandra Sato<\/p>\n\n\n\n<p>Val\u00e9ria Faria<\/p>","protected":false},"excerpt":{"rendered":"<p>Desde a cria\u00e7\u00e3o do programa, sempre mantivemos contato com artistas de todo o Brasil e procuramos explorar o espa\u00e7o escolar em conjunto. Conhe\u00e7a os artistas que j\u00e1 contribu\u00edram com o &#8230;<\/p>","protected":false},"author":3,"featured_media":0,"parent":0,"menu_order":0,"comment_status":"closed","ping_status":"closed","template":"","meta":{"ngg_post_thumbnail":0,"jetpack_post_was_ever_published":false,"footnotes":""},"class_list":["post-8264","page","type-page","status-publish","hentry"],"jetpack_shortlink":"https:\/\/wp.me\/P3LbTB-29i","jetpack_sharing_enabled":true,"jetpack_likes_enabled":false,"jetpack-related-posts":[],"_links":{"self":[{"href":"https:\/\/arteemtransito.com.br\/site\/en\/wp-json\/wp\/v2\/pages\/8264","targetHints":{"allow":["GET"]}}],"collection":[{"href":"https:\/\/arteemtransito.com.br\/site\/en\/wp-json\/wp\/v2\/pages"}],"about":[{"href":"https:\/\/arteemtransito.com.br\/site\/en\/wp-json\/wp\/v2\/types\/page"}],"author":[{"embeddable":true,"href":"https:\/\/arteemtransito.com.br\/site\/en\/wp-json\/wp\/v2\/users\/3"}],"replies":[{"embeddable":true,"href":"https:\/\/arteemtransito.com.br\/site\/en\/wp-json\/wp\/v2\/comments?post=8264"}],"version-history":[{"count":4,"href":"https:\/\/arteemtransito.com.br\/site\/en\/wp-json\/wp\/v2\/pages\/8264\/revisions"}],"predecessor-version":[{"id":8276,"href":"https:\/\/arteemtransito.com.br\/site\/en\/wp-json\/wp\/v2\/pages\/8264\/revisions\/8276"}],"wp:attachment":[{"href":"https:\/\/arteemtransito.com.br\/site\/en\/wp-json\/wp\/v2\/media?parent=8264"}],"curies":[{"name":"wp","href":"https:\/\/api.w.org\/{rel}","templated":true}]}}