{"id":7796,"date":"2021-07-15T12:24:24","date_gmt":"2021-07-15T15:24:24","guid":{"rendered":"https:\/\/arteemtransito.com.br\/site\/?page_id=7796"},"modified":"2022-04-01T16:19:30","modified_gmt":"2022-04-01T19:19:30","slug":"2021-2","status":"publish","type":"page","link":"https:\/\/arteemtransito.com.br\/site\/en\/2021-2\/","title":{"rendered":"2021"},"content":{"rendered":"<p>Em 2021, aprendemos muito sobre a intera\u00e7\u00e3o digital e o impacto da pandemia na arte educa\u00e7\u00e3o. Com avan\u00e7os no processo de vacina\u00e7\u00e3o contra a Covid-19, finalmente podemos enxergar um caminho de volta \u00e0 normalidade. Estamos ansiosos para colocar em pr\u00e1tica tudo o que aprendemos neste per\u00edodo.&nbsp;<\/p>\n\n\n\n<p>Aqui no Arte em Tr\u00e2nsito, ao longo do ano, desenvolvemos uma s\u00e9rie de projetos e eventos pensados a partir do campo das artes e promovendo rela\u00e7\u00f5es dentro deste contexto de pandemia. Confira abaixo o conte\u00fado produzido ao longo do ano:<\/p>\n\n\n\n<p><strong>Os seguintes artistas transitaram pela Galeria Professor P\u00e1vel<\/strong><\/p>\n\n\n\n<ul class=\"wp-block-list\"><li><a href=\"https:\/\/arteemtransito.com.br\/site\/en\/diarios-capsula-do-tempo\/\"><span class=\"has-inline-color has-luminous-vivid-amber-color\">Di\u00e1rios C\u00e1psula do tempo<\/span><\/a><span class=\"has-inline-color has-luminous-vivid-amber-color\"> <\/span>&#8211; Lauriana Paiva, Maio de 2021<\/li><li><a href=\"https:\/\/arteemtransito.com.br\/site\/en\/encontros-com-as-forcas-da-terra\/\"><span class=\"has-inline-color has-luminous-vivid-amber-color\">Encontro com as for\u00e7as da Terra<\/span><\/a> &#8211; Lori Figueir\u00f3, Setembro de 2021<\/li><li><a href=\"https:\/\/arteemtransito.com.br\/site\/en\/2021\/09\/pes-no-chao-e-cabeca-nas-nuvens-deneir\/\"><span class=\"has-inline-color has-luminous-vivid-amber-color\">P\u00e9s no ch\u00e3o cabe\u00e7a nas nuvens<\/span><\/a> &#8211; Deneir, Setembro de 2021<br><\/li><\/ul>\n\n\n\n<p><a href=\"https:\/\/arteemtransito.com.br\/site\/en\/propostas-pedagogicas-galeria-de-videos-de-docentes-2\/\"><span class=\"has-inline-color has-luminous-vivid-amber-color\"><strong>Propostas Pedag\u00f3gicas<\/strong>&nbsp;\u2013 Galeria de v\u00eddeos de docentes<\/span><\/a><br><\/p>\n\n\n\n<p><strong>Conte\u00fado Audiovisual<\/strong><\/p>\n\n\n\n<p>No <a href=\"https:\/\/www.youtube.com\/channel\/UC6M5eluSB33fJRmKzbPCj4A\"><span class=\"has-inline-color has-luminous-vivid-amber-color\">canal do YouTube<\/span> <\/a>publicamos diversas produ\u00e7\u00f5es audiovisuais de eventos que ocorreram aqui no Arte em Tr\u00e2nsito. N\u00e3o esque\u00e7a de conferir!&nbsp;<\/p>\n\n\n\n<p><strong>Lives<\/strong><\/p>\n\n\n\n<p>Realizamos uma s\u00e9rie de transmiss\u00f5es ao vivo neste ano. Para v\u00ea-las, acesse o nosso YouTube ou <a href=\"https:\/\/arteemtransito.com.br\/site\/en\/lives\/\"><span class=\"has-inline-color has-luminous-vivid-amber-color\">clique aqui<\/span><\/a> para ver a lista.<\/p>","protected":false},"excerpt":{"rendered":"<p>Em 2021, aprendemos muito sobre a intera\u00e7\u00e3o digital e o impacto da pandemia na arte educa\u00e7\u00e3o. Com avan\u00e7os no processo de vacina\u00e7\u00e3o contra a Covid-19, finalmente podemos enxergar um caminho &#8230;<\/p>","protected":false},"author":3,"featured_media":0,"parent":0,"menu_order":0,"comment_status":"closed","ping_status":"closed","template":"","meta":{"ngg_post_thumbnail":0,"jetpack_post_was_ever_published":false,"footnotes":""},"class_list":["post-7796","page","type-page","status-publish","hentry"],"jetpack_shortlink":"https:\/\/wp.me\/P3LbTB-21K","jetpack_sharing_enabled":true,"jetpack_likes_enabled":false,"jetpack-related-posts":[],"_links":{"self":[{"href":"https:\/\/arteemtransito.com.br\/site\/en\/wp-json\/wp\/v2\/pages\/7796","targetHints":{"allow":["GET"]}}],"collection":[{"href":"https:\/\/arteemtransito.com.br\/site\/en\/wp-json\/wp\/v2\/pages"}],"about":[{"href":"https:\/\/arteemtransito.com.br\/site\/en\/wp-json\/wp\/v2\/types\/page"}],"author":[{"embeddable":true,"href":"https:\/\/arteemtransito.com.br\/site\/en\/wp-json\/wp\/v2\/users\/3"}],"replies":[{"embeddable":true,"href":"https:\/\/arteemtransito.com.br\/site\/en\/wp-json\/wp\/v2\/comments?post=7796"}],"version-history":[{"count":7,"href":"https:\/\/arteemtransito.com.br\/site\/en\/wp-json\/wp\/v2\/pages\/7796\/revisions"}],"predecessor-version":[{"id":8255,"href":"https:\/\/arteemtransito.com.br\/site\/en\/wp-json\/wp\/v2\/pages\/7796\/revisions\/8255"}],"wp:attachment":[{"href":"https:\/\/arteemtransito.com.br\/site\/en\/wp-json\/wp\/v2\/media?parent=7796"}],"curies":[{"name":"wp","href":"https:\/\/api.w.org\/{rel}","templated":true}]}}