{"id":7687,"date":"2021-06-02T12:59:12","date_gmt":"2021-06-02T15:59:12","guid":{"rendered":"https:\/\/arteemtransito.com.br\/site\/?page_id=7687"},"modified":"2021-07-15T12:28:39","modified_gmt":"2021-07-15T15:28:39","slug":"bordadeiras-projeto-linhas-de-minas","status":"publish","type":"page","link":"https:\/\/arteemtransito.com.br\/site\/en\/bordadeiras-projeto-linhas-de-minas\/","title":{"rendered":"Bordadeiras &#8211; Projeto Linhas de Minas"},"content":{"rendered":"<div class=\"wp-block-image\"><figure class=\"aligncenter size-large is-resized\"><a href=\"https:\/\/i0.wp.com\/arteemtransito.com.br\/site\/wp-content\/uploads\/2021\/06\/bordadeiras-2.jpg?ssl=1\"><img data-recalc-dims=\"1\" loading=\"lazy\" decoding=\"async\" data-attachment-id=\"7707\" data-permalink=\"https:\/\/arteemtransito.com.br\/site\/en\/bordadeiras-projeto-linhas-de-minas\/bordadeiras-2\/\" data-orig-file=\"https:\/\/i0.wp.com\/arteemtransito.com.br\/site\/wp-content\/uploads\/2021\/06\/bordadeiras-2.jpg?fit=780%2C664&amp;ssl=1\" data-orig-size=\"780,664\" data-comments-opened=\"1\" data-image-meta=\"{&quot;aperture&quot;:&quot;0&quot;,&quot;credit&quot;:&quot;&quot;,&quot;camera&quot;:&quot;&quot;,&quot;caption&quot;:&quot;&quot;,&quot;created_timestamp&quot;:&quot;0&quot;,&quot;copyright&quot;:&quot;&quot;,&quot;focal_length&quot;:&quot;0&quot;,&quot;iso&quot;:&quot;0&quot;,&quot;shutter_speed&quot;:&quot;0&quot;,&quot;title&quot;:&quot;&quot;,&quot;orientation&quot;:&quot;0&quot;}\" data-image-title=\"bordadeiras-2\" data-image-description=\"\" data-image-caption=\"\" data-medium-file=\"https:\/\/i0.wp.com\/arteemtransito.com.br\/site\/wp-content\/uploads\/2021\/06\/bordadeiras-2.jpg?fit=300%2C255&amp;ssl=1\" data-large-file=\"https:\/\/i0.wp.com\/arteemtransito.com.br\/site\/wp-content\/uploads\/2021\/06\/bordadeiras-2.jpg?fit=780%2C664&amp;ssl=1\" src=\"https:\/\/i0.wp.com\/arteemtransito.com.br\/site\/wp-content\/uploads\/2021\/06\/bordadeiras-2.jpg?resize=736%2C701&#038;ssl=1\" alt=\"\" class=\"wp-image-7707\" width=\"736\" height=\"701\"\/><\/a><figcaption>Fotografia &#8211; Acervo do Projeto Linhas de Minas<\/figcaption><\/figure><\/div>\n\n\n\n<p><\/p>\n\n\n\n<p><\/p>\n\n\n\n<p>O Linhas de Minas \u00e9 uma associa\u00e7\u00e3o de artes\u00e3s e artes\u00e3os que existe desde 2018 em S\u00e3o Jos\u00e9 dos Lopes, distrito rural de Lima Duarte, aos p\u00e9s da Serra do Ibitipoca. O projeto foi idealizado por Let\u00edcia, Ana Alice e Aninha, partindo do desejo de se reabrir uma ONG que funcionava em uma antiga casa da comunidade. As idealizadoras do projeto reuniram antigos participantes da ONG e deram in\u00edcio \u00e0s atividades.<\/p>\n\n\n\n<p>A proposta da associa\u00e7\u00e3o \u00e9 dar luz aos talentos presentes na comunidade, potencializando seus fazeres e saberes e construindo possibilidades de gera\u00e7\u00e3o de renda. A coletividade tamb\u00e9m \u00e9 outra caracter\u00edstica forte do Linhas de Minas. Todos os trabalhos desenvolvidos pelo grupo s\u00e3o cria\u00e7\u00f5es coletivas, ou seja, todas e todos integrantes do projeto participam na constru\u00e7\u00e3o est\u00e9tica das pe\u00e7as com total liberdade criativa.<\/p>\n\n\n\n<p>O projeto tem duas vertentes: a cestaria e o bordado. No campo da cestaria, s\u00e3o produzidos tapetes, jogos americanos, cestos e cortinas. Dessa vez o nosso foco ser\u00e1 o bordado. Esse saber transita por entre as gera\u00e7\u00f5es de mulheres da regi\u00e3o, sendo aprendido e compartilhado por av\u00f3s, m\u00e3es, filhas e netas da comunidade. \u00c9 tamb\u00e9m em grupo que o trabalho \u00e9 desenvolvido: sempre que poss\u00edvel, as bordadeiras se encontram na sede da associa\u00e7\u00e3o para produzir as pe\u00e7as. E assim tamb\u00e9m elas v\u00e3o trocando saberes, aprendendo entre elas diferentes tipos de pontos e desenhos para as cria\u00e7\u00f5es.<\/p>\n\n\n\n<p>O bordado surgiu para ocupar o tempo dessas mulheres, que ficavam em casa, e hoje se constitui como uma fonte de renda para elas. \u201cIsso aqui [o bordado] foi muito bom por isso, porque muita gente n\u00e3o tinha nada quase para fazer, ent\u00e3o agora todo mundo tem uma coisinha para fazer\u2026\u201d, diz Dona Domingas, uma das bordadeiras.<\/p>\n\n\n\n<p>Atualmente o trabalho \u00e9 desenvolvido pelas artes\u00e3s Alice Valda, Ana Alice de Oliveira, Auzelina Reis, Domingas, Maria de Almeida e Maria de F\u00e1tima. Juntas elas bordam flores, plantas e p\u00e1ssaros da regi\u00e3o, trazendo cor e delicadeza para panos de prato, almofadas, bolsas, caderninhos e guardanapos.<\/p>\n\n\n\n<p>A associa\u00e7\u00e3o possui um site, onde podem ser encontradas mais informa\u00e7\u00f5es sobre o projeto, al\u00e9m dos produtos que est\u00e3o \u00e0 venda. Basta acessar:<\/p>\n\n\n\n<p class=\"has-normal-font-size\"><a href=\"https:\/\/sites.google.com\/view\/linhas-de-minas-artesanatos\/p%C3%A1gina-inicial\">https:\/\/sites.google.com\/view\/linhas-de-minas-artesanatos\/p%C3%A1gina-inicial<\/a><\/p>\n\n\n\n<p>Assista tamb\u00e9m o v\u00eddeo produzido no YouTube:<\/p>\n\n\n\n<figure class=\"wp-block-embed is-type-video is-provider-youtube wp-block-embed-youtube wp-embed-aspect-16-9 wp-has-aspect-ratio\"><div class=\"wp-block-embed__wrapper\">\n<iframe loading=\"lazy\" title=\"Bordadeiras - Projeto Linhas de Minas\" width=\"800\" height=\"450\" src=\"https:\/\/www.youtube.com\/embed\/9cHCH-7U2-o?feature=oembed\" frameborder=\"0\" allow=\"accelerometer; autoplay; clipboard-write; encrypted-media; gyroscope; picture-in-picture; web-share\" referrerpolicy=\"strict-origin-when-cross-origin\" allowfullscreen><\/iframe>\n<\/div><\/figure>\n\n\n\n<div class=\"wp-block-columns is-layout-flex wp-container-core-columns-is-layout-9d6595d7 wp-block-columns-is-layout-flex\">\n<div class=\"wp-block-column is-layout-flow wp-block-column-is-layout-flow\" style=\"flex-basis:100%\">\n<p class=\"has-large-font-size\"><strong>Galeria de Fotos<\/strong><\/p>\n\n\n\n<div class=\"wp-block-columns is-layout-flex wp-container-core-columns-is-layout-9d6595d7 wp-block-columns-is-layout-flex\">\n<div class=\"wp-block-column is-layout-flow wp-block-column-is-layout-flow\" style=\"flex-basis:100%\">\n<div class=\"wp-block-jetpack-tiled-gallery aligncenter is-style-square\"><div class=\"tiled-gallery__gallery\"><div class=\"tiled-gallery__row columns-2\"><div class=\"tiled-gallery__col\"><figure class=\"tiled-gallery__item\"><img decoding=\"async\" data-attachment-id=\"7725\" data-permalink=\"https:\/\/arteemtransito.com.br\/site\/en\/bordadeiras-projeto-linhas-de-minas\/30b78957-af9d-4376-b13f-754100fad3e3-1\/\" data-orig-file=\"https:\/\/i0.wp.com\/arteemtransito.com.br\/site\/wp-content\/uploads\/2021\/06\/30b78957-af9d-4376-b13f-754100fad3e3-1.jpg?fit=780%2C1040&amp;ssl=1\" data-orig-size=\"780,1040\" data-comments-opened=\"1\" data-image-meta=\"{&quot;aperture&quot;:&quot;0&quot;,&quot;credit&quot;:&quot;&quot;,&quot;camera&quot;:&quot;&quot;,&quot;caption&quot;:&quot;&quot;,&quot;created_timestamp&quot;:&quot;0&quot;,&quot;copyright&quot;:&quot;&quot;,&quot;focal_length&quot;:&quot;0&quot;,&quot;iso&quot;:&quot;0&quot;,&quot;shutter_speed&quot;:&quot;0&quot;,&quot;title&quot;:&quot;&quot;,&quot;orientation&quot;:&quot;0&quot;}\" data-image-title=\"30b78957-af9d-4376-b13f-754100fad3e3-1\" data-image-description=\"\" data-image-caption=\"\" data-medium-file=\"https:\/\/i0.wp.com\/arteemtransito.com.br\/site\/wp-content\/uploads\/2021\/06\/30b78957-af9d-4376-b13f-754100fad3e3-1.jpg?fit=225%2C300&amp;ssl=1\" data-large-file=\"https:\/\/i0.wp.com\/arteemtransito.com.br\/site\/wp-content\/uploads\/2021\/06\/30b78957-af9d-4376-b13f-754100fad3e3-1.jpg?fit=768%2C1024&amp;ssl=1\" srcset=\"https:\/\/i1.wp.com\/arteemtransito.com.br\/site\/wp-content\/uploads\/2021\/06\/30b78957-af9d-4376-b13f-754100fad3e3-1.jpg?resize=600%2C600&#038;strip=info&#038;ssl=1 600w,https:\/\/i1.wp.com\/arteemtransito.com.br\/site\/wp-content\/uploads\/2021\/06\/30b78957-af9d-4376-b13f-754100fad3e3-1.jpg?resize=780%2C780&#038;strip=info&#038;ssl=1 780w\" alt=\"\" data-height=\"1040\" data-id=\"7725\" data-link=\"https:\/\/arteemtransito.com.br\/site\/bordadeiras-projeto-linhas-de-minas\/30b78957-af9d-4376-b13f-754100fad3e3-1\/\" data-url=\"https:\/\/arteemtransito.com.br\/site\/wp-content\/uploads\/2021\/06\/30b78957-af9d-4376-b13f-754100fad3e3-1.jpg\" data-width=\"780\" src=\"https:\/\/i1.wp.com\/arteemtransito.com.br\/site\/wp-content\/uploads\/2021\/06\/30b78957-af9d-4376-b13f-754100fad3e3-1.jpg?ssl=1&amp;resize=780%2C780\" layout=\"responsive\"\/><\/figure><\/div><div class=\"tiled-gallery__col\"><figure class=\"tiled-gallery__item\"><img decoding=\"async\" data-attachment-id=\"7726\" data-permalink=\"https:\/\/arteemtransito.com.br\/site\/en\/bordadeiras-projeto-linhas-de-minas\/1326bdac-4dc2-4a73-876f-da5bc290c560\/\" data-orig-file=\"https:\/\/i0.wp.com\/arteemtransito.com.br\/site\/wp-content\/uploads\/2021\/06\/1326bdac-4dc2-4a73-876f-da5bc290c560.jpg?fit=853%2C1280&amp;ssl=1\" data-orig-size=\"853,1280\" data-comments-opened=\"1\" data-image-meta=\"{&quot;aperture&quot;:&quot;0&quot;,&quot;credit&quot;:&quot;&quot;,&quot;camera&quot;:&quot;&quot;,&quot;caption&quot;:&quot;&quot;,&quot;created_timestamp&quot;:&quot;0&quot;,&quot;copyright&quot;:&quot;&quot;,&quot;focal_length&quot;:&quot;0&quot;,&quot;iso&quot;:&quot;0&quot;,&quot;shutter_speed&quot;:&quot;0&quot;,&quot;title&quot;:&quot;&quot;,&quot;orientation&quot;:&quot;0&quot;}\" data-image-title=\"1326bdac-4dc2-4a73-876f-da5bc290c560\" data-image-description=\"\" data-image-caption=\"\" data-medium-file=\"https:\/\/i0.wp.com\/arteemtransito.com.br\/site\/wp-content\/uploads\/2021\/06\/1326bdac-4dc2-4a73-876f-da5bc290c560.jpg?fit=200%2C300&amp;ssl=1\" data-large-file=\"https:\/\/i0.wp.com\/arteemtransito.com.br\/site\/wp-content\/uploads\/2021\/06\/1326bdac-4dc2-4a73-876f-da5bc290c560.jpg?fit=682%2C1024&amp;ssl=1\" srcset=\"https:\/\/i1.wp.com\/arteemtransito.com.br\/site\/wp-content\/uploads\/2021\/06\/1326bdac-4dc2-4a73-876f-da5bc290c560.jpg?resize=600%2C600&#038;strip=info&#038;ssl=1 600w,https:\/\/i1.wp.com\/arteemtransito.com.br\/site\/wp-content\/uploads\/2021\/06\/1326bdac-4dc2-4a73-876f-da5bc290c560.jpg?resize=853%2C853&#038;strip=info&#038;ssl=1 853w\" alt=\"\" data-height=\"1280\" data-id=\"7726\" data-link=\"https:\/\/arteemtransito.com.br\/site\/bordadeiras-projeto-linhas-de-minas\/1326bdac-4dc2-4a73-876f-da5bc290c560\/\" data-url=\"https:\/\/arteemtransito.com.br\/site\/wp-content\/uploads\/2021\/06\/1326bdac-4dc2-4a73-876f-da5bc290c560.jpg\" data-width=\"853\" src=\"https:\/\/i1.wp.com\/arteemtransito.com.br\/site\/wp-content\/uploads\/2021\/06\/1326bdac-4dc2-4a73-876f-da5bc290c560.jpg?ssl=1&amp;resize=853%2C853\" layout=\"responsive\"\/><\/figure><\/div><\/div><div class=\"tiled-gallery__row columns-3\"><div class=\"tiled-gallery__col\"><figure class=\"tiled-gallery__item\"><img decoding=\"async\" data-attachment-id=\"7727\" data-permalink=\"https:\/\/arteemtransito.com.br\/site\/en\/bordadeiras-projeto-linhas-de-minas\/8cc9cd5d-361c-4559-ac6a-31e463785e91\/\" data-orig-file=\"https:\/\/i0.wp.com\/arteemtransito.com.br\/site\/wp-content\/uploads\/2021\/06\/8cc9cd5d-361c-4559-ac6a-31e463785e91.jpg?fit=622%2C1063&amp;ssl=1\" data-orig-size=\"622,1063\" data-comments-opened=\"1\" data-image-meta=\"{&quot;aperture&quot;:&quot;0&quot;,&quot;credit&quot;:&quot;&quot;,&quot;camera&quot;:&quot;&quot;,&quot;caption&quot;:&quot;&quot;,&quot;created_timestamp&quot;:&quot;0&quot;,&quot;copyright&quot;:&quot;&quot;,&quot;focal_length&quot;:&quot;0&quot;,&quot;iso&quot;:&quot;0&quot;,&quot;shutter_speed&quot;:&quot;0&quot;,&quot;title&quot;:&quot;&quot;,&quot;orientation&quot;:&quot;0&quot;}\" data-image-title=\"8cc9cd5d-361c-4559-ac6a-31e463785e91\" data-image-description=\"\" data-image-caption=\"\" data-medium-file=\"https:\/\/i0.wp.com\/arteemtransito.com.br\/site\/wp-content\/uploads\/2021\/06\/8cc9cd5d-361c-4559-ac6a-31e463785e91.jpg?fit=176%2C300&amp;ssl=1\" data-large-file=\"https:\/\/i0.wp.com\/arteemtransito.com.br\/site\/wp-content\/uploads\/2021\/06\/8cc9cd5d-361c-4559-ac6a-31e463785e91.jpg?fit=599%2C1024&amp;ssl=1\" srcset=\"https:\/\/i2.wp.com\/arteemtransito.com.br\/site\/wp-content\/uploads\/2021\/06\/8cc9cd5d-361c-4559-ac6a-31e463785e91.jpg?resize=600%2C600&#038;strip=info&#038;ssl=1 600w,https:\/\/i2.wp.com\/arteemtransito.com.br\/site\/wp-content\/uploads\/2021\/06\/8cc9cd5d-361c-4559-ac6a-31e463785e91.jpg?resize=622%2C622&#038;strip=info&#038;ssl=1 622w\" alt=\"\" data-height=\"1063\" data-id=\"7727\" data-link=\"https:\/\/arteemtransito.com.br\/site\/bordadeiras-projeto-linhas-de-minas\/8cc9cd5d-361c-4559-ac6a-31e463785e91\/\" data-url=\"https:\/\/arteemtransito.com.br\/site\/wp-content\/uploads\/2021\/06\/8cc9cd5d-361c-4559-ac6a-31e463785e91.jpg\" data-width=\"622\" src=\"https:\/\/i2.wp.com\/arteemtransito.com.br\/site\/wp-content\/uploads\/2021\/06\/8cc9cd5d-361c-4559-ac6a-31e463785e91.jpg?ssl=1&amp;resize=622%2C622\" layout=\"responsive\"\/><\/figure><\/div><div class=\"tiled-gallery__col\"><figure class=\"tiled-gallery__item\"><img decoding=\"async\" data-attachment-id=\"7729\" data-permalink=\"https:\/\/arteemtransito.com.br\/site\/en\/bordadeiras-projeto-linhas-de-minas\/9f3a85fb-59f5-493b-ad92-3b87f5e96819\/\" data-orig-file=\"https:\/\/i0.wp.com\/arteemtransito.com.br\/site\/wp-content\/uploads\/2021\/06\/9f3a85fb-59f5-493b-ad92-3b87f5e96819.jpg?fit=870%2C1278&amp;ssl=1\" data-orig-size=\"870,1278\" data-comments-opened=\"1\" data-image-meta=\"{&quot;aperture&quot;:&quot;0&quot;,&quot;credit&quot;:&quot;&quot;,&quot;camera&quot;:&quot;&quot;,&quot;caption&quot;:&quot;&quot;,&quot;created_timestamp&quot;:&quot;0&quot;,&quot;copyright&quot;:&quot;&quot;,&quot;focal_length&quot;:&quot;0&quot;,&quot;iso&quot;:&quot;0&quot;,&quot;shutter_speed&quot;:&quot;0&quot;,&quot;title&quot;:&quot;&quot;,&quot;orientation&quot;:&quot;0&quot;}\" data-image-title=\"9f3a85fb-59f5-493b-ad92-3b87f5e96819\" data-image-description=\"\" data-image-caption=\"\" data-medium-file=\"https:\/\/i0.wp.com\/arteemtransito.com.br\/site\/wp-content\/uploads\/2021\/06\/9f3a85fb-59f5-493b-ad92-3b87f5e96819.jpg?fit=204%2C300&amp;ssl=1\" data-large-file=\"https:\/\/i0.wp.com\/arteemtransito.com.br\/site\/wp-content\/uploads\/2021\/06\/9f3a85fb-59f5-493b-ad92-3b87f5e96819.jpg?fit=697%2C1024&amp;ssl=1\" srcset=\"https:\/\/i2.wp.com\/arteemtransito.com.br\/site\/wp-content\/uploads\/2021\/06\/9f3a85fb-59f5-493b-ad92-3b87f5e96819.jpg?resize=600%2C600&#038;strip=info&#038;ssl=1 600w,https:\/\/i2.wp.com\/arteemtransito.com.br\/site\/wp-content\/uploads\/2021\/06\/9f3a85fb-59f5-493b-ad92-3b87f5e96819.jpg?resize=870%2C870&#038;strip=info&#038;ssl=1 870w\" alt=\"\" data-height=\"1278\" data-id=\"7729\" data-link=\"https:\/\/arteemtransito.com.br\/site\/bordadeiras-projeto-linhas-de-minas\/9f3a85fb-59f5-493b-ad92-3b87f5e96819\/\" data-url=\"https:\/\/arteemtransito.com.br\/site\/wp-content\/uploads\/2021\/06\/9f3a85fb-59f5-493b-ad92-3b87f5e96819.jpg\" data-width=\"870\" src=\"https:\/\/i2.wp.com\/arteemtransito.com.br\/site\/wp-content\/uploads\/2021\/06\/9f3a85fb-59f5-493b-ad92-3b87f5e96819.jpg?ssl=1&amp;resize=870%2C870\" layout=\"responsive\"\/><\/figure><\/div><div class=\"tiled-gallery__col\"><figure class=\"tiled-gallery__item\"><img decoding=\"async\" data-attachment-id=\"7730\" data-permalink=\"https:\/\/arteemtransito.com.br\/site\/en\/bordadeiras-projeto-linhas-de-minas\/e2f46f14-ea25-4e8d-afe6-cdda7c515c42\/\" data-orig-file=\"https:\/\/i0.wp.com\/arteemtransito.com.br\/site\/wp-content\/uploads\/2021\/06\/e2f46f14-ea25-4e8d-afe6-cdda7c515c42.jpg?fit=960%2C1280&amp;ssl=1\" data-orig-size=\"960,1280\" data-comments-opened=\"1\" data-image-meta=\"{&quot;aperture&quot;:&quot;0&quot;,&quot;credit&quot;:&quot;&quot;,&quot;camera&quot;:&quot;&quot;,&quot;caption&quot;:&quot;&quot;,&quot;created_timestamp&quot;:&quot;0&quot;,&quot;copyright&quot;:&quot;&quot;,&quot;focal_length&quot;:&quot;0&quot;,&quot;iso&quot;:&quot;0&quot;,&quot;shutter_speed&quot;:&quot;0&quot;,&quot;title&quot;:&quot;&quot;,&quot;orientation&quot;:&quot;0&quot;}\" data-image-title=\"e2f46f14-ea25-4e8d-afe6-cdda7c515c42\" data-image-description=\"\" data-image-caption=\"\" data-medium-file=\"https:\/\/i0.wp.com\/arteemtransito.com.br\/site\/wp-content\/uploads\/2021\/06\/e2f46f14-ea25-4e8d-afe6-cdda7c515c42.jpg?fit=225%2C300&amp;ssl=1\" data-large-file=\"https:\/\/i0.wp.com\/arteemtransito.com.br\/site\/wp-content\/uploads\/2021\/06\/e2f46f14-ea25-4e8d-afe6-cdda7c515c42.jpg?fit=768%2C1024&amp;ssl=1\" srcset=\"https:\/\/i1.wp.com\/arteemtransito.com.br\/site\/wp-content\/uploads\/2021\/06\/e2f46f14-ea25-4e8d-afe6-cdda7c515c42.jpg?resize=600%2C600&#038;strip=info&#038;ssl=1 600w,https:\/\/i1.wp.com\/arteemtransito.com.br\/site\/wp-content\/uploads\/2021\/06\/e2f46f14-ea25-4e8d-afe6-cdda7c515c42.jpg?resize=900%2C900&#038;strip=info&#038;ssl=1 900w,https:\/\/i1.wp.com\/arteemtransito.com.br\/site\/wp-content\/uploads\/2021\/06\/e2f46f14-ea25-4e8d-afe6-cdda7c515c42.jpg?resize=960%2C960&#038;strip=info&#038;ssl=1 960w\" alt=\"\" data-height=\"1280\" data-id=\"7730\" data-link=\"https:\/\/arteemtransito.com.br\/site\/bordadeiras-projeto-linhas-de-minas\/e2f46f14-ea25-4e8d-afe6-cdda7c515c42\/\" data-url=\"https:\/\/arteemtransito.com.br\/site\/wp-content\/uploads\/2021\/06\/e2f46f14-ea25-4e8d-afe6-cdda7c515c42.jpg\" data-width=\"960\" src=\"https:\/\/i1.wp.com\/arteemtransito.com.br\/site\/wp-content\/uploads\/2021\/06\/e2f46f14-ea25-4e8d-afe6-cdda7c515c42.jpg?ssl=1&amp;resize=960%2C960\" layout=\"responsive\"\/><\/figure><\/div><\/div><div class=\"tiled-gallery__row columns-3\"><div class=\"tiled-gallery__col\"><figure class=\"tiled-gallery__item\"><img decoding=\"async\" data-attachment-id=\"7731\" data-permalink=\"https:\/\/arteemtransito.com.br\/site\/en\/bordadeiras-projeto-linhas-de-minas\/186fd2f2-1b1f-437c-8339-f923c5179a24\/\" data-orig-file=\"https:\/\/i0.wp.com\/arteemtransito.com.br\/site\/wp-content\/uploads\/2021\/06\/186fd2f2-1b1f-437c-8339-f923c5179a24.jpg?fit=581%2C1032&amp;ssl=1\" data-orig-size=\"581,1032\" data-comments-opened=\"1\" data-image-meta=\"{&quot;aperture&quot;:&quot;0&quot;,&quot;credit&quot;:&quot;&quot;,&quot;camera&quot;:&quot;&quot;,&quot;caption&quot;:&quot;&quot;,&quot;created_timestamp&quot;:&quot;0&quot;,&quot;copyright&quot;:&quot;&quot;,&quot;focal_length&quot;:&quot;0&quot;,&quot;iso&quot;:&quot;0&quot;,&quot;shutter_speed&quot;:&quot;0&quot;,&quot;title&quot;:&quot;&quot;,&quot;orientation&quot;:&quot;0&quot;}\" data-image-title=\"186fd2f2-1b1f-437c-8339-f923c5179a24\" data-image-description=\"\" data-image-caption=\"\" data-medium-file=\"https:\/\/i0.wp.com\/arteemtransito.com.br\/site\/wp-content\/uploads\/2021\/06\/186fd2f2-1b1f-437c-8339-f923c5179a24.jpg?fit=169%2C300&amp;ssl=1\" data-large-file=\"https:\/\/i0.wp.com\/arteemtransito.com.br\/site\/wp-content\/uploads\/2021\/06\/186fd2f2-1b1f-437c-8339-f923c5179a24.jpg?fit=576%2C1024&amp;ssl=1\" srcset=\"https:\/\/i2.wp.com\/arteemtransito.com.br\/site\/wp-content\/uploads\/2021\/06\/186fd2f2-1b1f-437c-8339-f923c5179a24.jpg?resize=581%2C581&#038;strip=info&#038;ssl=1 581w\" alt=\"\" data-height=\"1032\" data-id=\"7731\" data-link=\"https:\/\/arteemtransito.com.br\/site\/bordadeiras-projeto-linhas-de-minas\/186fd2f2-1b1f-437c-8339-f923c5179a24\/\" data-url=\"https:\/\/arteemtransito.com.br\/site\/wp-content\/uploads\/2021\/06\/186fd2f2-1b1f-437c-8339-f923c5179a24.jpg\" data-width=\"581\" src=\"https:\/\/i2.wp.com\/arteemtransito.com.br\/site\/wp-content\/uploads\/2021\/06\/186fd2f2-1b1f-437c-8339-f923c5179a24.jpg?ssl=1&amp;resize=581%2C581\" layout=\"responsive\"\/><\/figure><\/div><div class=\"tiled-gallery__col\"><figure class=\"tiled-gallery__item\"><img decoding=\"async\" data-attachment-id=\"7732\" data-permalink=\"https:\/\/arteemtransito.com.br\/site\/en\/bordadeiras-projeto-linhas-de-minas\/3377c11d-9fbc-4d63-a574-7cac1d83342f\/\" data-orig-file=\"https:\/\/i0.wp.com\/arteemtransito.com.br\/site\/wp-content\/uploads\/2021\/06\/3377c11d-9fbc-4d63-a574-7cac1d83342f.jpg?fit=1024%2C1024&amp;ssl=1\" data-orig-size=\"1024,1024\" data-comments-opened=\"1\" data-image-meta=\"{&quot;aperture&quot;:&quot;0&quot;,&quot;credit&quot;:&quot;&quot;,&quot;camera&quot;:&quot;&quot;,&quot;caption&quot;:&quot;&quot;,&quot;created_timestamp&quot;:&quot;0&quot;,&quot;copyright&quot;:&quot;&quot;,&quot;focal_length&quot;:&quot;0&quot;,&quot;iso&quot;:&quot;0&quot;,&quot;shutter_speed&quot;:&quot;0&quot;,&quot;title&quot;:&quot;&quot;,&quot;orientation&quot;:&quot;0&quot;}\" data-image-title=\"3377c11d-9fbc-4d63-a574-7cac1d83342f\" data-image-description=\"\" data-image-caption=\"\" data-medium-file=\"https:\/\/i0.wp.com\/arteemtransito.com.br\/site\/wp-content\/uploads\/2021\/06\/3377c11d-9fbc-4d63-a574-7cac1d83342f.jpg?fit=300%2C300&amp;ssl=1\" data-large-file=\"https:\/\/i0.wp.com\/arteemtransito.com.br\/site\/wp-content\/uploads\/2021\/06\/3377c11d-9fbc-4d63-a574-7cac1d83342f.jpg?fit=800%2C800&amp;ssl=1\" srcset=\"https:\/\/i1.wp.com\/arteemtransito.com.br\/site\/wp-content\/uploads\/2021\/06\/3377c11d-9fbc-4d63-a574-7cac1d83342f.jpg?resize=600%2C600&#038;strip=info&#038;ssl=1 600w,https:\/\/i1.wp.com\/arteemtransito.com.br\/site\/wp-content\/uploads\/2021\/06\/3377c11d-9fbc-4d63-a574-7cac1d83342f.jpg?resize=900%2C900&#038;strip=info&#038;ssl=1 900w,https:\/\/i1.wp.com\/arteemtransito.com.br\/site\/wp-content\/uploads\/2021\/06\/3377c11d-9fbc-4d63-a574-7cac1d83342f.jpg?resize=1024%2C1024&#038;strip=info&#038;ssl=1 1024w\" alt=\"\" data-height=\"1024\" data-id=\"7732\" data-link=\"https:\/\/arteemtransito.com.br\/site\/bordadeiras-projeto-linhas-de-minas\/3377c11d-9fbc-4d63-a574-7cac1d83342f\/\" data-url=\"https:\/\/arteemtransito.com.br\/site\/wp-content\/uploads\/2021\/06\/3377c11d-9fbc-4d63-a574-7cac1d83342f.jpg\" data-width=\"1024\" src=\"https:\/\/i1.wp.com\/arteemtransito.com.br\/site\/wp-content\/uploads\/2021\/06\/3377c11d-9fbc-4d63-a574-7cac1d83342f.jpg?ssl=1&amp;resize=1024%2C1024\" layout=\"responsive\"\/><\/figure><\/div><div class=\"tiled-gallery__col\"><figure class=\"tiled-gallery__item\"><img decoding=\"async\" data-attachment-id=\"7734\" data-permalink=\"https:\/\/arteemtransito.com.br\/site\/en\/bordadeiras-projeto-linhas-de-minas\/b8c00903-01f7-4f96-bdf1-032511717d76\/\" data-orig-file=\"https:\/\/i0.wp.com\/arteemtransito.com.br\/site\/wp-content\/uploads\/2021\/06\/b8c00903-01f7-4f96-bdf1-032511717d76.jpg?fit=648%2C1066&amp;ssl=1\" data-orig-size=\"648,1066\" data-comments-opened=\"1\" data-image-meta=\"{&quot;aperture&quot;:&quot;0&quot;,&quot;credit&quot;:&quot;&quot;,&quot;camera&quot;:&quot;&quot;,&quot;caption&quot;:&quot;&quot;,&quot;created_timestamp&quot;:&quot;0&quot;,&quot;copyright&quot;:&quot;&quot;,&quot;focal_length&quot;:&quot;0&quot;,&quot;iso&quot;:&quot;0&quot;,&quot;shutter_speed&quot;:&quot;0&quot;,&quot;title&quot;:&quot;&quot;,&quot;orientation&quot;:&quot;0&quot;}\" data-image-title=\"b8c00903-01f7-4f96-bdf1-032511717d76\" data-image-description=\"\" data-image-caption=\"\" data-medium-file=\"https:\/\/i0.wp.com\/arteemtransito.com.br\/site\/wp-content\/uploads\/2021\/06\/b8c00903-01f7-4f96-bdf1-032511717d76.jpg?fit=182%2C300&amp;ssl=1\" data-large-file=\"https:\/\/i0.wp.com\/arteemtransito.com.br\/site\/wp-content\/uploads\/2021\/06\/b8c00903-01f7-4f96-bdf1-032511717d76.jpg?fit=622%2C1024&amp;ssl=1\" srcset=\"https:\/\/i1.wp.com\/arteemtransito.com.br\/site\/wp-content\/uploads\/2021\/06\/b8c00903-01f7-4f96-bdf1-032511717d76.jpg?resize=600%2C600&#038;strip=info&#038;ssl=1 600w,https:\/\/i1.wp.com\/arteemtransito.com.br\/site\/wp-content\/uploads\/2021\/06\/b8c00903-01f7-4f96-bdf1-032511717d76.jpg?resize=648%2C648&#038;strip=info&#038;ssl=1 648w\" alt=\"\" data-height=\"1066\" data-id=\"7734\" data-link=\"https:\/\/arteemtransito.com.br\/site\/bordadeiras-projeto-linhas-de-minas\/b8c00903-01f7-4f96-bdf1-032511717d76\/\" data-url=\"https:\/\/arteemtransito.com.br\/site\/wp-content\/uploads\/2021\/06\/b8c00903-01f7-4f96-bdf1-032511717d76.jpg\" data-width=\"648\" src=\"https:\/\/i1.wp.com\/arteemtransito.com.br\/site\/wp-content\/uploads\/2021\/06\/b8c00903-01f7-4f96-bdf1-032511717d76.jpg?ssl=1&amp;resize=648%2C648\" layout=\"responsive\"\/><\/figure><\/div><\/div><\/div><\/div>\n<\/div>\n<\/div>\n<\/div>\n<\/div>","protected":false},"excerpt":{"rendered":"<p>O Linhas de Minas \u00e9 uma associa\u00e7\u00e3o de artes\u00e3s e artes\u00e3os que existe desde 2018 em S\u00e3o Jos\u00e9 dos Lopes, distrito rural de Lima Duarte, aos p\u00e9s da Serra do &#8230;<\/p>","protected":false},"author":3,"featured_media":7707,"parent":0,"menu_order":0,"comment_status":"closed","ping_status":"closed","template":"","meta":{"ngg_post_thumbnail":0,"jetpack_post_was_ever_published":false,"footnotes":""},"class_list":["post-7687","page","type-page","status-publish","has-post-thumbnail","hentry"],"jetpack_shortlink":"https:\/\/wp.me\/P3LbTB-1ZZ","jetpack_sharing_enabled":true,"jetpack_likes_enabled":false,"jetpack-related-posts":[],"_links":{"self":[{"href":"https:\/\/arteemtransito.com.br\/site\/en\/wp-json\/wp\/v2\/pages\/7687","targetHints":{"allow":["GET"]}}],"collection":[{"href":"https:\/\/arteemtransito.com.br\/site\/en\/wp-json\/wp\/v2\/pages"}],"about":[{"href":"https:\/\/arteemtransito.com.br\/site\/en\/wp-json\/wp\/v2\/types\/page"}],"author":[{"embeddable":true,"href":"https:\/\/arteemtransito.com.br\/site\/en\/wp-json\/wp\/v2\/users\/3"}],"replies":[{"embeddable":true,"href":"https:\/\/arteemtransito.com.br\/site\/en\/wp-json\/wp\/v2\/comments?post=7687"}],"version-history":[{"count":20,"href":"https:\/\/arteemtransito.com.br\/site\/en\/wp-json\/wp\/v2\/pages\/7687\/revisions"}],"predecessor-version":[{"id":7803,"href":"https:\/\/arteemtransito.com.br\/site\/en\/wp-json\/wp\/v2\/pages\/7687\/revisions\/7803"}],"wp:featuredmedia":[{"embeddable":true,"href":"https:\/\/arteemtransito.com.br\/site\/en\/wp-json\/wp\/v2\/media\/7707"}],"wp:attachment":[{"href":"https:\/\/arteemtransito.com.br\/site\/en\/wp-json\/wp\/v2\/media?parent=7687"}],"curies":[{"name":"wp","href":"https:\/\/api.w.org\/{rel}","templated":true}]}}