{"id":7521,"date":"2021-03-31T16:43:54","date_gmt":"2021-03-31T19:43:54","guid":{"rendered":"https:\/\/arteemtransito.com.br\/site\/?page_id=7521"},"modified":"2021-03-31T18:47:42","modified_gmt":"2021-03-31T21:47:42","slug":"performances","status":"publish","type":"page","link":"https:\/\/arteemtransito.com.br\/site\/en\/performances\/","title":{"rendered":"Performances"},"content":{"rendered":"<figure class=\"wp-block-gallery columns-2 is-cropped wp-block-gallery-1 is-layout-flex wp-block-gallery-is-layout-flex\"><ul class=\"blocks-gallery-grid\"><li class=\"blocks-gallery-item\"><figure><a href=\"https:\/\/i0.wp.com\/arteemtransito.com.br\/site\/wp-content\/uploads\/2021\/03\/31-1.jpg?ssl=1\"><img data-recalc-dims=\"1\" loading=\"lazy\" decoding=\"async\" width=\"800\" height=\"600\" data-attachment-id=\"7524\" data-permalink=\"https:\/\/arteemtransito.com.br\/site\/en\/performances\/31-1\/\" data-orig-file=\"https:\/\/i0.wp.com\/arteemtransito.com.br\/site\/wp-content\/uploads\/2021\/03\/31-1.jpg?fit=1200%2C900&amp;ssl=1\" data-orig-size=\"1200,900\" data-comments-opened=\"1\" data-image-meta=\"{&quot;aperture&quot;:&quot;1.8&quot;,&quot;credit&quot;:&quot;&quot;,&quot;camera&quot;:&quot;iPhone 7 Plus&quot;,&quot;caption&quot;:&quot;&quot;,&quot;created_timestamp&quot;:&quot;1569267880&quot;,&quot;copyright&quot;:&quot;&quot;,&quot;focal_length&quot;:&quot;3.99&quot;,&quot;iso&quot;:&quot;64&quot;,&quot;shutter_speed&quot;:&quot;0.066666666666667&quot;,&quot;title&quot;:&quot;&quot;,&quot;orientation&quot;:&quot;0&quot;}\" data-image-title=\"31-1\" data-image-description=\"\" data-image-caption=\"\" data-medium-file=\"https:\/\/i0.wp.com\/arteemtransito.com.br\/site\/wp-content\/uploads\/2021\/03\/31-1.jpg?fit=300%2C225&amp;ssl=1\" data-large-file=\"https:\/\/i0.wp.com\/arteemtransito.com.br\/site\/wp-content\/uploads\/2021\/03\/31-1.jpg?fit=800%2C600&amp;ssl=1\" src=\"https:\/\/i0.wp.com\/arteemtransito.com.br\/site\/wp-content\/uploads\/2021\/03\/31-1.jpg?resize=800%2C600&#038;ssl=1\" alt=\"\" data-id=\"7524\" data-full-url=\"https:\/\/arteemtransito.com.br\/site\/wp-content\/uploads\/2021\/03\/31-1.jpg\" data-link=\"https:\/\/arteemtransito.com.br\/site\/performances\/31-1\/\" class=\"wp-image-7524\" srcset=\"https:\/\/i0.wp.com\/arteemtransito.com.br\/site\/wp-content\/uploads\/2021\/03\/31-1.jpg?resize=1024%2C768&amp;ssl=1 1024w, https:\/\/i0.wp.com\/arteemtransito.com.br\/site\/wp-content\/uploads\/2021\/03\/31-1.jpg?resize=300%2C225&amp;ssl=1 300w, https:\/\/i0.wp.com\/arteemtransito.com.br\/site\/wp-content\/uploads\/2021\/03\/31-1.jpg?resize=768%2C576&amp;ssl=1 768w, https:\/\/i0.wp.com\/arteemtransito.com.br\/site\/wp-content\/uploads\/2021\/03\/31-1.jpg?w=1200&amp;ssl=1 1200w\" sizes=\"auto, (max-width: 800px) 100vw, 800px\" \/><\/a><figcaption class=\"blocks-gallery-item__caption\">Performance de Matheus de Simone na abertura da exposi\u00e7\u00e3o \u201cO que pode a arte em tr\u00e2nsito?\u201d &#8211; Galeria Gua\u00e7ui\/ Instituto de Artes e Design da Universidade Federal de Juiz de Fora<\/figcaption><\/figure><\/li><li class=\"blocks-gallery-item\"><figure><a href=\"https:\/\/i0.wp.com\/arteemtransito.com.br\/site\/wp-content\/uploads\/2021\/03\/32-1.jpg?ssl=1\"><img data-recalc-dims=\"1\" loading=\"lazy\" decoding=\"async\" width=\"800\" height=\"600\" data-attachment-id=\"7523\" data-permalink=\"https:\/\/arteemtransito.com.br\/site\/en\/performances\/32-1\/\" data-orig-file=\"https:\/\/i0.wp.com\/arteemtransito.com.br\/site\/wp-content\/uploads\/2021\/03\/32-1.jpg?fit=1200%2C900&amp;ssl=1\" data-orig-size=\"1200,900\" data-comments-opened=\"1\" data-image-meta=\"{&quot;aperture&quot;:&quot;1.8&quot;,&quot;credit&quot;:&quot;&quot;,&quot;camera&quot;:&quot;iPhone 7 Plus&quot;,&quot;caption&quot;:&quot;&quot;,&quot;created_timestamp&quot;:&quot;1569267994&quot;,&quot;copyright&quot;:&quot;&quot;,&quot;focal_length&quot;:&quot;3.99&quot;,&quot;iso&quot;:&quot;100&quot;,&quot;shutter_speed&quot;:&quot;0.066666666666667&quot;,&quot;title&quot;:&quot;&quot;,&quot;orientation&quot;:&quot;0&quot;}\" data-image-title=\"32-1\" data-image-description=\"\" data-image-caption=\"\" data-medium-file=\"https:\/\/i0.wp.com\/arteemtransito.com.br\/site\/wp-content\/uploads\/2021\/03\/32-1.jpg?fit=300%2C225&amp;ssl=1\" data-large-file=\"https:\/\/i0.wp.com\/arteemtransito.com.br\/site\/wp-content\/uploads\/2021\/03\/32-1.jpg?fit=800%2C600&amp;ssl=1\" src=\"https:\/\/i0.wp.com\/arteemtransito.com.br\/site\/wp-content\/uploads\/2021\/03\/32-1.jpg?resize=800%2C600&#038;ssl=1\" alt=\"\" data-id=\"7523\" data-full-url=\"https:\/\/arteemtransito.com.br\/site\/wp-content\/uploads\/2021\/03\/32-1.jpg\" data-link=\"https:\/\/arteemtransito.com.br\/site\/performances\/32-1\/\" class=\"wp-image-7523\" srcset=\"https:\/\/i0.wp.com\/arteemtransito.com.br\/site\/wp-content\/uploads\/2021\/03\/32-1.jpg?resize=1024%2C768&amp;ssl=1 1024w, https:\/\/i0.wp.com\/arteemtransito.com.br\/site\/wp-content\/uploads\/2021\/03\/32-1.jpg?resize=300%2C225&amp;ssl=1 300w, https:\/\/i0.wp.com\/arteemtransito.com.br\/site\/wp-content\/uploads\/2021\/03\/32-1.jpg?resize=768%2C576&amp;ssl=1 768w, https:\/\/i0.wp.com\/arteemtransito.com.br\/site\/wp-content\/uploads\/2021\/03\/32-1.jpg?w=1200&amp;ssl=1 1200w\" sizes=\"auto, (max-width: 800px) 100vw, 800px\" \/><\/a><figcaption class=\"blocks-gallery-item__caption\">Performance de Matheus de Simone na abertura da exposi\u00e7\u00e3o \u201cO que pode a arte em tr\u00e2nsito?\u201d &#8211; Galeria Gua\u00e7ui\/ Instituto de Artes e Design da Universidade Federal de Juiz de Fora<\/figcaption><\/figure><\/li><li class=\"blocks-gallery-item\"><figure><a href=\"https:\/\/i0.wp.com\/arteemtransito.com.br\/site\/wp-content\/uploads\/2021\/03\/33-1.jpg?ssl=1\"><img data-recalc-dims=\"1\" loading=\"lazy\" decoding=\"async\" width=\"800\" height=\"449\" data-attachment-id=\"7525\" data-permalink=\"https:\/\/arteemtransito.com.br\/site\/en\/performances\/33-1\/\" data-orig-file=\"https:\/\/i0.wp.com\/arteemtransito.com.br\/site\/wp-content\/uploads\/2021\/03\/33-1.jpg?fit=1200%2C674&amp;ssl=1\" data-orig-size=\"1200,674\" data-comments-opened=\"1\" data-image-meta=\"{&quot;aperture&quot;:&quot;11&quot;,&quot;credit&quot;:&quot;&quot;,&quot;camera&quot;:&quot;Canon EOS REBEL T5i&quot;,&quot;caption&quot;:&quot;&quot;,&quot;created_timestamp&quot;:&quot;1569234928&quot;,&quot;copyright&quot;:&quot;&quot;,&quot;focal_length&quot;:&quot;37&quot;,&quot;iso&quot;:&quot;400&quot;,&quot;shutter_speed&quot;:&quot;0.16666666666667&quot;,&quot;title&quot;:&quot;&quot;,&quot;orientation&quot;:&quot;0&quot;}\" data-image-title=\"33-1\" data-image-description=\"\" data-image-caption=\"\" data-medium-file=\"https:\/\/i0.wp.com\/arteemtransito.com.br\/site\/wp-content\/uploads\/2021\/03\/33-1.jpg?fit=300%2C169&amp;ssl=1\" data-large-file=\"https:\/\/i0.wp.com\/arteemtransito.com.br\/site\/wp-content\/uploads\/2021\/03\/33-1.jpg?fit=800%2C449&amp;ssl=1\" src=\"https:\/\/i0.wp.com\/arteemtransito.com.br\/site\/wp-content\/uploads\/2021\/03\/33-1.jpg?resize=800%2C449&#038;ssl=1\" alt=\"\" data-id=\"7525\" data-full-url=\"https:\/\/arteemtransito.com.br\/site\/wp-content\/uploads\/2021\/03\/33-1.jpg\" data-link=\"https:\/\/arteemtransito.com.br\/site\/performances\/33-1\/\" class=\"wp-image-7525\" srcset=\"https:\/\/i0.wp.com\/arteemtransito.com.br\/site\/wp-content\/uploads\/2021\/03\/33-1.jpg?resize=1024%2C575&amp;ssl=1 1024w, https:\/\/i0.wp.com\/arteemtransito.com.br\/site\/wp-content\/uploads\/2021\/03\/33-1.jpg?resize=300%2C169&amp;ssl=1 300w, https:\/\/i0.wp.com\/arteemtransito.com.br\/site\/wp-content\/uploads\/2021\/03\/33-1.jpg?resize=768%2C431&amp;ssl=1 768w, https:\/\/i0.wp.com\/arteemtransito.com.br\/site\/wp-content\/uploads\/2021\/03\/33-1.jpg?w=1200&amp;ssl=1 1200w\" sizes=\"auto, (max-width: 800px) 100vw, 800px\" \/><\/a><figcaption class=\"blocks-gallery-item__caption\">Performance dos artistas do Laborat\u00f3rio de Instantes durante a&nbsp; exposi\u00e7\u00e3o \u201cO que pode uma escola sem arte?\u201d &#8211; Col\u00e9gio de Aplica\u00e7\u00e3o Jo\u00e3o XXIII da Universidade Federal de Juiz de Fora<\/figcaption><\/figure><\/li><li class=\"blocks-gallery-item\"><figure><a href=\"https:\/\/i0.wp.com\/arteemtransito.com.br\/site\/wp-content\/uploads\/2021\/03\/34.jpg?ssl=1\"><img data-recalc-dims=\"1\" loading=\"lazy\" decoding=\"async\" width=\"575\" height=\"1024\" data-attachment-id=\"7527\" data-permalink=\"https:\/\/arteemtransito.com.br\/site\/en\/performances\/attachment\/34\/\" data-orig-file=\"https:\/\/i0.wp.com\/arteemtransito.com.br\/site\/wp-content\/uploads\/2021\/03\/34.jpg?fit=674%2C1200&amp;ssl=1\" data-orig-size=\"674,1200\" data-comments-opened=\"1\" data-image-meta=\"{&quot;aperture&quot;:&quot;11&quot;,&quot;credit&quot;:&quot;&quot;,&quot;camera&quot;:&quot;Canon EOS REBEL T5i&quot;,&quot;caption&quot;:&quot;&quot;,&quot;created_timestamp&quot;:&quot;1569235473&quot;,&quot;copyright&quot;:&quot;&quot;,&quot;focal_length&quot;:&quot;55&quot;,&quot;iso&quot;:&quot;400&quot;,&quot;shutter_speed&quot;:&quot;0.076923076923077&quot;,&quot;title&quot;:&quot;&quot;,&quot;orientation&quot;:&quot;0&quot;}\" data-image-title=\"34\" data-image-description=\"\" data-image-caption=\"\" data-medium-file=\"https:\/\/i0.wp.com\/arteemtransito.com.br\/site\/wp-content\/uploads\/2021\/03\/34.jpg?fit=169%2C300&amp;ssl=1\" data-large-file=\"https:\/\/i0.wp.com\/arteemtransito.com.br\/site\/wp-content\/uploads\/2021\/03\/34.jpg?fit=575%2C1024&amp;ssl=1\" src=\"https:\/\/i0.wp.com\/arteemtransito.com.br\/site\/wp-content\/uploads\/2021\/03\/34.jpg?resize=575%2C1024&#038;ssl=1\" alt=\"\" data-id=\"7527\" data-full-url=\"https:\/\/arteemtransito.com.br\/site\/wp-content\/uploads\/2021\/03\/34.jpg\" data-link=\"https:\/\/arteemtransito.com.br\/site\/performances\/attachment\/34\/\" class=\"wp-image-7527\" srcset=\"https:\/\/i0.wp.com\/arteemtransito.com.br\/site\/wp-content\/uploads\/2021\/03\/34.jpg?resize=575%2C1024&amp;ssl=1 575w, https:\/\/i0.wp.com\/arteemtransito.com.br\/site\/wp-content\/uploads\/2021\/03\/34.jpg?resize=169%2C300&amp;ssl=1 169w, https:\/\/i0.wp.com\/arteemtransito.com.br\/site\/wp-content\/uploads\/2021\/03\/34.jpg?w=674&amp;ssl=1 674w\" sizes=\"auto, (max-width: 575px) 100vw, 575px\" \/><\/a><figcaption class=\"blocks-gallery-item__caption\">Performance dos artistas do Laborat\u00f3rio de Instantes durante a&nbsp; exposi\u00e7\u00e3o \u201cO que pode uma escola sem arte?\u201d &#8211; Col\u00e9gio de Aplica\u00e7\u00e3o Jo\u00e3o XXIII da Universidade Federal de Juiz de Fora<\/figcaption><\/figure><\/li><\/ul><\/figure>","protected":false},"excerpt":{"rendered":"","protected":false},"author":3,"featured_media":0,"parent":0,"menu_order":0,"comment_status":"closed","ping_status":"closed","template":"","meta":{"ngg_post_thumbnail":0,"jetpack_post_was_ever_published":false,"footnotes":""},"class_list":["post-7521","page","type-page","status-publish","hentry"],"jetpack_shortlink":"https:\/\/wp.me\/P3LbTB-1Xj","jetpack_sharing_enabled":true,"jetpack_likes_enabled":false,"jetpack-related-posts":[],"_links":{"self":[{"href":"https:\/\/arteemtransito.com.br\/site\/en\/wp-json\/wp\/v2\/pages\/7521","targetHints":{"allow":["GET"]}}],"collection":[{"href":"https:\/\/arteemtransito.com.br\/site\/en\/wp-json\/wp\/v2\/pages"}],"about":[{"href":"https:\/\/arteemtransito.com.br\/site\/en\/wp-json\/wp\/v2\/types\/page"}],"author":[{"embeddable":true,"href":"https:\/\/arteemtransito.com.br\/site\/en\/wp-json\/wp\/v2\/users\/3"}],"replies":[{"embeddable":true,"href":"https:\/\/arteemtransito.com.br\/site\/en\/wp-json\/wp\/v2\/comments?post=7521"}],"version-history":[{"count":6,"href":"https:\/\/arteemtransito.com.br\/site\/en\/wp-json\/wp\/v2\/pages\/7521\/revisions"}],"predecessor-version":[{"id":7603,"href":"https:\/\/arteemtransito.com.br\/site\/en\/wp-json\/wp\/v2\/pages\/7521\/revisions\/7603"}],"wp:attachment":[{"href":"https:\/\/arteemtransito.com.br\/site\/en\/wp-json\/wp\/v2\/media?parent=7521"}],"curies":[{"name":"wp","href":"https:\/\/api.w.org\/{rel}","templated":true}]}}