{"id":73,"date":"2011-07-21T14:55:12","date_gmt":"2011-07-21T17:55:12","guid":{"rendered":"http:\/\/arteemtransito.wordpress.com\/?page_id=73"},"modified":"2025-12-21T20:05:05","modified_gmt":"2025-12-21T23:05:05","slug":"o-projeto-2","status":"publish","type":"page","link":"https:\/\/arteemtransito.com.br\/site\/en\/o-projeto-2\/","title":{"rendered":"Projeto"},"content":{"rendered":"<p style=\"text-align: right;\">&nbsp;<\/p>\n<p class=\"p1\">The <strong>Art in Flow <\/strong><span style=\"font-size: 0.875rem;\">\u00e9 um projeto de extens\u00e3o da Universidade Federal de Juiz de Fora, que tem como principal objetivo criar e desenvolver a\u00e7\u00f5es pautadas na triangula\u00e7\u00e3o entre <strong>Ensino \u2013 Pesquisa \u2013 Extens\u00e3o<\/strong>. As propostas se articulam em torno de quatro dispositivos integrados, a saber:<\/span><\/p>\n<p class=\"p1\"><span style=\"font-size: 0.875rem;\"> 1. Art\u00edstico ; <\/span><\/p>\n<p class=\"p1\"><span style=\"font-size: 0.875rem;\">2. de Forma\u00e7\u00e3o; <\/span><\/p>\n<p class=\"p1\"><span style=\"font-size: 0.875rem;\">3. de Comunica\u00e7\u00e3o; <\/span><\/p>\n<p class=\"p1\"><span style=\"font-size: 0.875rem;\">4. de Pesquisa.<\/span><\/p>\n<p class=\"p1\"><span style=\"font-size: 0.875rem;\">Estes dispositivos acontecem prioritariamente no Col\u00e9gio de Aplica\u00e7\u00e3o Jo\u00e3o XXIII e nas m\u00eddias sociais. Todos os n\u00facleos visam atender tanto aos discentes e seus familiares, docentes e funcion\u00e1rios do pr\u00f3prio <\/span><span style=\"font-size: 0.875rem;\">CAp, quanto a professores de outras institui\u00e7\u00f5es de ensino, pesquisadores, artistas e demais interessados, criando uma rede de interc\u00e2mbios, parcerias e constru\u00e7\u00f5es de sentidos nos campos da cultura, da arte e da educa\u00e7\u00e3o. Sendo assim, as atividades seguem um cronograma e s\u00e3o divulgadas regularmente no nosso instagram (@arteemtransito).<\/span><\/p>\n<h4>Support:<\/h4>\n<h4>&nbsp;<\/h4>\n<p><a href=\"https:\/\/i0.wp.com\/arteemtransito.com.br\/site\/wp-content\/uploads\/2011\/07\/proex.jpg\"><img data-recalc-dims=\"1\" loading=\"lazy\" decoding=\"async\" data-attachment-id=\"5358\" data-permalink=\"https:\/\/arteemtransito.com.br\/site\/en\/o-projeto-2\/proex\/\" data-orig-file=\"https:\/\/i0.wp.com\/arteemtransito.com.br\/site\/wp-content\/uploads\/2011\/07\/proex.jpg?fit=346%2C163&amp;ssl=1\" data-orig-size=\"346,163\" data-comments-opened=\"1\" data-image-meta=\"{&quot;aperture&quot;:&quot;0&quot;,&quot;credit&quot;:&quot;&quot;,&quot;camera&quot;:&quot;&quot;,&quot;caption&quot;:&quot;&quot;,&quot;created_timestamp&quot;:&quot;0&quot;,&quot;copyright&quot;:&quot;&quot;,&quot;focal_length&quot;:&quot;0&quot;,&quot;iso&quot;:&quot;0&quot;,&quot;shutter_speed&quot;:&quot;0&quot;,&quot;title&quot;:&quot;&quot;,&quot;orientation&quot;:&quot;1&quot;}\" data-image-title=\"proex\" data-image-description=\"\" data-image-caption=\"\" data-medium-file=\"https:\/\/i0.wp.com\/arteemtransito.com.br\/site\/wp-content\/uploads\/2011\/07\/proex.jpg?fit=300%2C141&amp;ssl=1\" data-large-file=\"https:\/\/i0.wp.com\/arteemtransito.com.br\/site\/wp-content\/uploads\/2011\/07\/proex.jpg?fit=346%2C163&amp;ssl=1\" class=\"wp-image-5358 alignleft\" src=\"https:\/\/i0.wp.com\/arteemtransito.com.br\/site\/wp-content\/uploads\/2011\/07\/proex-300x141.jpg?resize=159%2C75\" alt=\"\" width=\"159\" height=\"75\" srcset=\"https:\/\/i0.wp.com\/arteemtransito.com.br\/site\/wp-content\/uploads\/2011\/07\/proex.jpg?resize=300%2C141&amp;ssl=1 300w, https:\/\/i0.wp.com\/arteemtransito.com.br\/site\/wp-content\/uploads\/2011\/07\/proex.jpg?w=346&amp;ssl=1 346w\" sizes=\"auto, (max-width: 159px) 100vw, 159px\" \/><\/a><a href=\"https:\/\/i0.wp.com\/arteemtransito.com.br\/site\/wp-content\/uploads\/2011\/07\/logo-joao.png\"><img data-recalc-dims=\"1\" loading=\"lazy\" decoding=\"async\" data-attachment-id=\"5357\" data-permalink=\"https:\/\/arteemtransito.com.br\/site\/en\/o-projeto-2\/logo-joao\/\" data-orig-file=\"https:\/\/i0.wp.com\/arteemtransito.com.br\/site\/wp-content\/uploads\/2011\/07\/logo-joao.png?fit=320%2C240&amp;ssl=1\" data-orig-size=\"320,240\" data-comments-opened=\"1\" data-image-meta=\"{&quot;aperture&quot;:&quot;0&quot;,&quot;credit&quot;:&quot;&quot;,&quot;camera&quot;:&quot;&quot;,&quot;caption&quot;:&quot;&quot;,&quot;created_timestamp&quot;:&quot;0&quot;,&quot;copyright&quot;:&quot;&quot;,&quot;focal_length&quot;:&quot;0&quot;,&quot;iso&quot;:&quot;0&quot;,&quot;shutter_speed&quot;:&quot;0&quot;,&quot;title&quot;:&quot;&quot;,&quot;orientation&quot;:&quot;0&quot;}\" data-image-title=\"logo joao\" data-image-description=\"\" data-image-caption=\"\" data-medium-file=\"https:\/\/i0.wp.com\/arteemtransito.com.br\/site\/wp-content\/uploads\/2011\/07\/logo-joao.png?fit=300%2C225&amp;ssl=1\" data-large-file=\"https:\/\/i0.wp.com\/arteemtransito.com.br\/site\/wp-content\/uploads\/2011\/07\/logo-joao.png?fit=320%2C240&amp;ssl=1\" class=\"wp-image-5357 alignleft\" src=\"https:\/\/i0.wp.com\/arteemtransito.com.br\/site\/wp-content\/uploads\/2011\/07\/logo-joao-300x225.png?resize=158%2C118\" alt=\"\" width=\"158\" height=\"118\" srcset=\"https:\/\/i0.wp.com\/arteemtransito.com.br\/site\/wp-content\/uploads\/2011\/07\/logo-joao.png?resize=300%2C225&amp;ssl=1 300w, https:\/\/i0.wp.com\/arteemtransito.com.br\/site\/wp-content\/uploads\/2011\/07\/logo-joao.png?w=320&amp;ssl=1 320w\" sizes=\"auto, (max-width: 158px) 100vw, 158px\" \/><\/a><\/p>\n<p>&nbsp;<\/p>\n\n\n<p><\/p>","protected":false},"excerpt":{"rendered":"<p>&nbsp; O Arte em Tr\u00e2nsito \u00e9 um projeto de extens\u00e3o da Universidade Federal de Juiz de Fora, que tem como principal objetivo criar e desenvolver a\u00e7\u00f5es pautadas na triangula\u00e7\u00e3o entre &#8230;<\/p>","protected":false},"author":1,"featured_media":0,"parent":0,"menu_order":1,"comment_status":"open","ping_status":"open","template":"","meta":{"ngg_post_thumbnail":0,"jetpack_post_was_ever_published":false,"footnotes":""},"class_list":["post-73","page","type-page","status-publish","hentry"],"jetpack_shortlink":"https:\/\/wp.me\/P3LbTB-1b","jetpack_sharing_enabled":true,"jetpack_likes_enabled":false,"jetpack-related-posts":[],"_links":{"self":[{"href":"https:\/\/arteemtransito.com.br\/site\/en\/wp-json\/wp\/v2\/pages\/73","targetHints":{"allow":["GET"]}}],"collection":[{"href":"https:\/\/arteemtransito.com.br\/site\/en\/wp-json\/wp\/v2\/pages"}],"about":[{"href":"https:\/\/arteemtransito.com.br\/site\/en\/wp-json\/wp\/v2\/types\/page"}],"author":[{"embeddable":true,"href":"https:\/\/arteemtransito.com.br\/site\/en\/wp-json\/wp\/v2\/users\/1"}],"replies":[{"embeddable":true,"href":"https:\/\/arteemtransito.com.br\/site\/en\/wp-json\/wp\/v2\/comments?post=73"}],"version-history":[{"count":23,"href":"https:\/\/arteemtransito.com.br\/site\/en\/wp-json\/wp\/v2\/pages\/73\/revisions"}],"predecessor-version":[{"id":8878,"href":"https:\/\/arteemtransito.com.br\/site\/en\/wp-json\/wp\/v2\/pages\/73\/revisions\/8878"}],"wp:attachment":[{"href":"https:\/\/arteemtransito.com.br\/site\/en\/wp-json\/wp\/v2\/media?parent=73"}],"curies":[{"name":"wp","href":"https:\/\/api.w.org\/{rel}","templated":true}]}}