{"id":6870,"date":"2020-08-27T11:31:39","date_gmt":"2020-08-27T14:31:39","guid":{"rendered":"https:\/\/arteemtransito.com.br\/site\/?page_id=6870"},"modified":"2020-10-16T17:39:59","modified_gmt":"2020-10-16T20:39:59","slug":"descoordenadas","status":"publish","type":"page","link":"https:\/\/arteemtransito.com.br\/site\/en\/descoordenadas\/","title":{"rendered":"Descoordenadas"},"content":{"rendered":"<p class=\"has-text-align-center\"><strong>DESCOORDENADAS<\/strong><br>Guilherme Landim<br><br><\/p>\n\n\n\n<p class=\"has-text-align-justify\">Imagine uma viagem po\u00e9tica e visual pelo contexto rural mineiro em pleno s\u00e9culo XXI. Nesse percurso, torna-se poss\u00edvel redescobrir modos de vida que s\u00e3o atravessados por sonoridades, pessoas, paisagens, animais e universos \u00ednfimos. Esta urdidura de sensa\u00e7\u00f5es proposta na exposi\u00e7\u00e3o DESCOORDENADAS do fot\u00f3grafo Guilherme Landim nos apresenta uma s\u00e9rie de viv\u00eancias pessoais e aponta quest\u00f5es sociais do campo no Brasil, que muitas vezes passam desapercebidas para a maioria das pessoas.<\/p>\n\n\n\n<p class=\"has-text-align-justify\">Partindo do conceito elaborado a partir da psicogeografia por Guy Debord (1955), a presente exposi\u00e7\u00e3o fotogr\u00e1fica revela as deambula\u00e7\u00f5es de Landim na zona rural de Andrel\u00e2ndia (MG). O fot\u00f3grafo nos mostra as delicadezas vistas nesse percurso. Algo que acarreta uma desconstru\u00e7\u00e3o, na qual, o que o leva aos lugares s\u00e3o os \u00ednfimos: pessoas, animais, sons, possibilidades sensoriais permitidas pelo ambiente, que provocam as buscas pelas descoordenadas.<\/p>\n\n\n\n<p class=\"has-text-align-justify\">H\u00e1 tamb\u00e9m encontros com um Brasil, que de certa forma, retoma seu passado, por meio de t\u00e9cnicas agr\u00edcolas retr\u00f3gradas, como arados, moinhos, enxadas dentre outras ferramentas, que se mesclam ao sil\u00eancio das ranhuras das casas, ao abandono das pessoas do campo, \u00e0 solid\u00e3o impregnada nos olhares daqueles ermos habitantes. Tratam-se de deambula\u00e7\u00f5es po\u00e9ticas, filos\u00f3ficas e visuais que revelam encontros e desencontros de um pensador de imagens com sua terra, suas origens, seus medos e inquieta\u00e7\u00f5es diante dos caminhos e descaminhos das travessias poss\u00edveis.<\/p>\n\n\n\n<p class=\"has-text-align-justify\">A exposi\u00e7\u00e3o que aqui apresentamos tem um formato diferente daquele que imagin\u00e1vamos inicialmente. Trabalhamos com o princ\u00edpio de uma \u201cgaleria plana\u201d composta por quatro \u201cparedes\u201d nas quais os conjuntos de imagens s\u00e3o organizados. Voc\u00ea pode visualiz\u00e1-las seguindo um percurso curatorial, proposto a partir de 9 temas centrais, ou criar as suas pr\u00f3prias rotas, encontrando suas formas de vivenciar cada detalhe das imagens.<\/p>\n\n\n\n<p class=\"has-text-align-justify\">A nossa proposta on-line vai ao encontro da concep\u00e7\u00e3o do pr\u00f3prio fot\u00f3grafo e aqui \u00e9 utilizada como forma de instigar olhares e formas de se perceber e se abrir para novas experi\u00eancias est\u00e9ticas a partir da fotografia. Dessa forma, cada espectador pode percorrer a nossa galeria plana com sua err\u00e2ncia, sua possibilidade de cria\u00e7\u00e3o e recria\u00e7\u00e3o pelos caminhos e descaminhos propostos.<br><br><\/p>\n\n\n\n<p class=\"has-text-align-right\"><strong>Guilherme Landim<br>Renata Oliveira Caetano<\/strong><br><br><br><br><\/p>\n\n\n\n<p class=\"has-text-align-center\"><strong>Instru\u00e7\u00f5es de uso da galeria plana:<\/strong><\/p>\n\n\n\n<p class=\"has-small-font-size\"><strong>No computador:<\/strong><\/p>\n\n\n\n<p class=\"has-small-font-size\">Clique em apresentar.<br>Voc\u00ea ver\u00e1 a proposta da parede. Na parte inferior h\u00e1 uma barra azul com uma seta voltada para a esquerda e outra seta voltada para a direita. Estes s\u00e3o os comandos para ir e voltar nas imagens.<\/p>\n\n\n\n<p class=\"has-text-align-justify has-small-font-size\">No canto inferior direito h\u00e1 duas pequenas setas. Elas servem para abrir uma visualiza\u00e7\u00e3o em &#8220;Tela Cheia&#8221; da parede. Para sair desse modo, pressione \u201cESC\u201d no seu teclado.<\/p>\n\n\n\n<p class=\"has-text-align-justify has-small-font-size\">A partir da\u00ed, voc\u00ea tem duas op\u00e7\u00f5es:<br><strong>1.<\/strong> Seguir clicando com a seta voltada para a direita. Voc\u00ea pode fazer isso na tela, usando o seu mouse, ou usando o seu teclado. Essa op\u00e7\u00e3o vai te fazer seguir a linha constru\u00edda pela curadoria, visualizando as imagens em uma ordem pre-estabelecida. Caso voc\u00ea queira voltar em alguma imagem, use a seta voltada para a esquerda. Para voltar para a tela principal clique na casinha que aparece quando voc\u00ea passa o ponteiro do mouse \u00e0 direita da \u00e1rea de apresenta\u00e7\u00e3o;<br><strong>2.<\/strong> Clicar sobre um conjunto de imagens. Isso vai gerar um zoom. A partir dali voc\u00ea pode clicar qualquer imagem que te interessar. Para sair, basta clicar na \u00e1rea branca no lado da imagem. O zoom vai ser ativado e voc\u00ea vai retornar ao conjunto. Para voltar para a tela principal clique na seta voltada para a direita ou na casinha que aparece quando voc\u00ea passa o ponteiro do mouse \u00e0 direita da \u00e1rea de apresenta\u00e7\u00e3o.<br><br><\/p>\n\n\n\n<p class=\"has-text-align-justify has-small-font-size\"><strong>No celular:<\/strong><br><em>Aten\u00e7\u00e3o: nesse dispositivo a experi\u00eancia fica limitada \u00e0 op\u00e7\u00e3o de seguir a linha de visualiza\u00e7\u00e3o das imagens a partir da sequ\u00eancia proposta pela curadoria da exposi\u00e7\u00e3o.<\/em><\/p>\n\n\n\n<p class=\"has-text-align-justify has-small-font-size\">Clique em apresentar.<br>Voc\u00ea ver\u00e1 a proposta da parede. Na parte inferior h\u00e1 uma barra azul com uma seta voltada para a esquerda e outra seta voltada para a direita. Estes s\u00e3o os comandos para ir e voltar nas imagens.<br>Siga clicando com a seta voltada para a direita. Caso voc\u00ea queira voltar em alguma imagem, use a seta voltada para a esquerda.<br>Ao visualizar todas as imagens, a parede retorna para a vis\u00e3o geral.<br><br><\/p>\n\n\n\n<p class=\"has-text-align-justify\">Esperamos que voc\u00eas gostem da experi\u00eancia!<br><br><\/p>\n\n\n\n<iframe loading=\"lazy\" src=\"https:\/\/prezi.com\/p\/gfio3rukowaz\/embed\/\" id=\"iframe_container\" frameborder=\"0\" webkitallowfullscreen=\"\" mozallowfullscreen=\"\" allowfullscreen=\"\" allow=\"autoplay; fullscreen\" height=\"315\" width=\"560\"><\/iframe>\n\n\n\n<iframe loading=\"lazy\" src=\"https:\/\/prezi.com\/p\/5dew2ciekxqs\/embed\/\" id=\"iframe_container\" frameborder=\"0\" webkitallowfullscreen=\"\" mozallowfullscreen=\"\" allowfullscreen=\"\" allow=\"autoplay; fullscreen\" height=\"315\" width=\"560\"><\/iframe>\n\n\n\n<iframe loading=\"lazy\" src=\"https:\/\/prezi.com\/p\/sqcl-l2kwztv\/embed\/\" id=\"iframe_container\" frameborder=\"0\" webkitallowfullscreen=\"\" mozallowfullscreen=\"\" allowfullscreen=\"\" allow=\"autoplay; fullscreen\" height=\"315\" width=\"560\"><\/iframe>\n\n\n\n<iframe loading=\"lazy\" src=\"https:\/\/prezi.com\/p\/nsfgbvr3dksq\/embed\/\" id=\"iframe_container\" frameborder=\"0\" webkitallowfullscreen=\"\" mozallowfullscreen=\"\" allowfullscreen=\"\" allow=\"autoplay; fullscreen\" height=\"315\" width=\"560\"><\/iframe>\n\n\n\n<p><br><br>Para acessar o cat\u00e1logo completo da exposi\u00e7\u00e3o \u00e9 s\u00f3 fazer o download do arquivo abaixo:<\/p>\n\n\n\n<div class=\"wp-block-file\"><a href=\"https:\/\/arteemtransito.com.br\/site\/wp-content\/uploads\/2020\/10\/Catalogo_Descoordenadas-1.pdf\">Cat\u00e1logo &#8211; Descoordenadas<\/a><a href=\"https:\/\/arteemtransito.com.br\/site\/wp-content\/uploads\/2020\/10\/Catalogo_Descoordenadas-1.pdf\" class=\"wp-block-file__button\" download>Baixar<\/a><\/div>\n\n\n\n<p><br><br>Confira tamb\u00e9m o nosso material de media\u00e7\u00e3o:<\/p>\n\n\n\n<div class=\"wp-block-file\"><a href=\"https:\/\/arteemtransito.com.br\/site\/wp-content\/uploads\/2020\/10\/Material-de-mediacao.pdf\">Material de media\u00e7\u00e3o<\/a><a href=\"https:\/\/arteemtransito.com.br\/site\/wp-content\/uploads\/2020\/10\/Material-de-mediacao.pdf\" class=\"wp-block-file__button\" download>Baixar<\/a><\/div>\n\n\n\n<p><br><br>E nossa playlist de v\u00eddeos no Youtube:<\/p>\n\n\n\n<figure class=\"wp-block-embed-youtube wp-block-embed is-type-video is-provider-youtube wp-embed-aspect-16-9 wp-has-aspect-ratio\"><div class=\"wp-block-embed__wrapper\">\n<iframe loading=\"lazy\" title=\"Leitura de imagens - Modos de Vida\" width=\"800\" height=\"450\" src=\"https:\/\/www.youtube.com\/embed\/ue8QdDAXqZo?list=PLaAt4n_cKaJ78HD1Ap1ReWWtoKOkednS4\" frameborder=\"0\" allow=\"accelerometer; autoplay; clipboard-write; encrypted-media; gyroscope; picture-in-picture; web-share\" referrerpolicy=\"strict-origin-when-cross-origin\" allowfullscreen><\/iframe>\n<\/div><\/figure>\n\n\n\n<div class=\"wp-block-group is-layout-flow wp-block-group-is-layout-flow\"><div class=\"wp-block-group__inner-container\"><\/div><\/div>\n\n\n\n<p> <br><br> <\/p>","protected":false},"excerpt":{"rendered":"<p>DESCOORDENADASGuilherme Landim Imagine uma viagem po\u00e9tica e visual pelo contexto rural mineiro em pleno s\u00e9culo XXI. Nesse percurso, torna-se poss\u00edvel redescobrir modos de vida que s\u00e3o atravessados por sonoridades, pessoas, &#8230;<\/p>","protected":false},"author":3,"featured_media":0,"parent":0,"menu_order":0,"comment_status":"closed","ping_status":"closed","template":"","meta":{"ngg_post_thumbnail":0,"jetpack_post_was_ever_published":false,"footnotes":""},"class_list":["post-6870","page","type-page","status-publish","hentry"],"jetpack_shortlink":"https:\/\/wp.me\/P3LbTB-1MO","jetpack_sharing_enabled":true,"jetpack_likes_enabled":false,"jetpack-related-posts":[],"_links":{"self":[{"href":"https:\/\/arteemtransito.com.br\/site\/en\/wp-json\/wp\/v2\/pages\/6870","targetHints":{"allow":["GET"]}}],"collection":[{"href":"https:\/\/arteemtransito.com.br\/site\/en\/wp-json\/wp\/v2\/pages"}],"about":[{"href":"https:\/\/arteemtransito.com.br\/site\/en\/wp-json\/wp\/v2\/types\/page"}],"author":[{"embeddable":true,"href":"https:\/\/arteemtransito.com.br\/site\/en\/wp-json\/wp\/v2\/users\/3"}],"replies":[{"embeddable":true,"href":"https:\/\/arteemtransito.com.br\/site\/en\/wp-json\/wp\/v2\/comments?post=6870"}],"version-history":[{"count":14,"href":"https:\/\/arteemtransito.com.br\/site\/en\/wp-json\/wp\/v2\/pages\/6870\/revisions"}],"predecessor-version":[{"id":7224,"href":"https:\/\/arteemtransito.com.br\/site\/en\/wp-json\/wp\/v2\/pages\/6870\/revisions\/7224"}],"wp:attachment":[{"href":"https:\/\/arteemtransito.com.br\/site\/en\/wp-json\/wp\/v2\/media?parent=6870"}],"curies":[{"name":"wp","href":"https:\/\/api.w.org\/{rel}","templated":true}]}}