{"id":6511,"date":"2020-05-29T17:52:00","date_gmt":"2020-05-29T20:52:00","guid":{"rendered":"http:\/\/arteemtransito.com.br\/site\/?page_id=6511"},"modified":"2021-04-01T14:24:18","modified_gmt":"2021-04-01T17:24:18","slug":"iniciacao-cientifica","status":"publish","type":"page","link":"https:\/\/arteemtransito.com.br\/site\/en\/dispositivos-de-pesquisa\/iniciacao-cientifica\/","title":{"rendered":"Inicia\u00e7\u00e3o Cient\u00edfica"},"content":{"rendered":"<p class=\"has-text-align-justify\">Temos atrelado ao Programa Arte em Tr\u00e2nsito dois Projetos de Inicia\u00e7\u00e3o Cient\u00edfica cadastrados na Pro-Reitoria de P\u00f3s-Gradua\u00e7\u00e3o e Pesquisa da UFJF.<br><br><\/p>\n\n\n\n<p class=\"has-medium-font-size\"><em>Artistic Residency<\/em> <em>na Escola<\/em><\/p>\n\n\n\n<p class=\"has-text-align-justify\">A ideia de \u201cresid\u00eancia art\u00edstica\u201d vem, ao longo de alguns anos, se desenhando como um importante espa\u00e7o de cria\u00e7\u00e3o articulado \u00e0 forma\u00e7\u00e3o.<\/p>\n\n\n\n<p class=\"has-text-align-justify\">Normalmente atreladas a institui\u00e7\u00f5es culturais e\/ou museol\u00f3gicas, as resid\u00eancias art\u00edsticas se configuram principalmente como um espa\u00e7o f\u00edsico (casa, galeria, museu, etc.) disponibilizado para atua\u00e7\u00e3o do\/da artista durante um per\u00edodo de tempo; ou como uma viv\u00eancia em um determinado contexto n\u00e3o art\u00edstico\/institucional (comunidades, espa\u00e7os urbanos, etc.). Em ambos os casos, a experi\u00eancia vivida \u00e9 transformada em mote para o processo de cria\u00e7\u00e3o de obras, proposi\u00e7\u00f5es ou a\u00e7\u00f5es art\u00edsticas.<\/p>\n\n\n\n<p class=\"has-text-align-justify\">Mas, e quando o\/a artista faz uma resid\u00eancia na escola?<\/p>\n\n\n\n<p class=\"has-text-align-justify\">H\u00e1 8 anos o CAp. Jo\u00e3o XXIII\/UFJF \u00e9 sede do Projeto de Extens\u00e3o Arte em Tr\u00e2nsito que, desde sua primeira edi\u00e7\u00e3o, demonstra a import\u00e2ncia de se expandir a forma\u00e7\u00e3o no campo das Artes para al\u00e9m da sala de aula. Assim, vem ao longo dos anos buscando maneiras de expor, de forma n\u00e3o ilustrativa ou como mero enfeite do espa\u00e7o escolar, as proposi\u00e7\u00f5es art\u00edstico-pedag\u00f3gicas desenvolvidas em aulas de artes visuais. Aliado a isso, a presen\u00e7a de artistas na escola, expondo na Galeria do Col\u00e9gio ou criando interven\u00e7\u00f5es art\u00edsticas especialmente para o espa\u00e7o escolar.<\/p>\n\n\n\n<p class=\"has-text-align-justify\">Dessa forma, nasceu a vontade investigativa de perceber as redes de inter-rela\u00e7\u00f5es que surgem quando temos um\/uma artista convidado(a) trabalhando no Col\u00e9gio de Aplica\u00e7\u00e3o, criando de maneira colaborativa, obras ou a\u00e7\u00f5es art\u00edsticas, com estudantes de diferentes idades. Trata-se de algo que potencialmente vai gerar mais do que objetos.<\/p>\n\n\n\n<p class=\"has-text-align-justify\">Mas o que pode surgir disso? Poderia o\/a artista promover um outro encontro dos\/das estudantes com o ensino de artes visuais? Quais seriam os impactos das viv\u00eancias art\u00edsticas para esses\/essas estudantes? Quais s\u00e3o as caracter\u00edsticas dos encaminhamentos das proposi\u00e7\u00f5es art\u00edsticas nessa parceria?<\/p>\n\n\n\n<p class=\"has-text-align-justify\">Visamos apresentar, portanto, os levantamentos realizados at\u00e9 o presente momento, e debater, a partir de alguns apontamentos, quest\u00f5es importantes para um pensamento cr\u00edtico da inser\u00e7\u00e3o do ensino de arte no espa\u00e7o escolar. <\/p>\n\n\n\n<figure class=\"wp-block-embed aligncenter is-type-video is-provider-youtube wp-block-embed-youtube wp-embed-aspect-16-9 wp-has-aspect-ratio\"><div class=\"wp-block-embed__wrapper\">\n<iframe loading=\"lazy\" title=\"Artistic Residency\" width=\"800\" height=\"450\" src=\"https:\/\/www.youtube.com\/embed\/e8VrQkrJshY?feature=oembed\" frameborder=\"0\" allow=\"accelerometer; autoplay; clipboard-write; encrypted-media; gyroscope; picture-in-picture; web-share\" referrerpolicy=\"strict-origin-when-cross-origin\" allowfullscreen><\/iframe>\n<\/div><\/figure>\n\n\n\n<figure class=\"wp-block-embed is-type-video is-provider-youtube wp-block-embed-youtube wp-embed-aspect-16-9 wp-has-aspect-ratio\"><div class=\"wp-block-embed__wrapper\">\n<iframe loading=\"lazy\" title=\"UFJF\/SEMIC 2020 \u2013 Resid\u00eancia Art\u00edstica na Escola\" width=\"800\" height=\"450\" src=\"https:\/\/www.youtube.com\/embed\/cI0FDQlPds8?feature=oembed\" frameborder=\"0\" allow=\"accelerometer; autoplay; clipboard-write; encrypted-media; gyroscope; picture-in-picture; web-share\" referrerpolicy=\"strict-origin-when-cross-origin\" allowfullscreen><\/iframe>\n<\/div><\/figure>\n\n\n\n<p class=\"has-text-align-justify has-medium-font-size\"><br><em>M\u00fasica em comunidade: Cultura popular e pr\u00e1ticas musicais em Juiz de Fora<\/em><\/p>\n\n\n\n<p class=\"has-text-align-justify\">O projeto de Inicia\u00e7\u00e3o Cient\u00edfica \u201cM\u00fasica em Comunidade: Cultura Popular e Pr\u00e1ticas Musicais em Juiz de Fora&#8221;, parte do entendimento de que fora do ambiente escolar existem pr\u00e1ticas, experi\u00eancias e saberes oriundos da cultura popular que muito contribuem para os processos educativos escolares. Trata-se de pr\u00e1ticas sociais onde as pessoas, em coletividade, se educam, se formam cidad\u00e3s. Tais pr\u00e1ticas, sejam elas art\u00edsticas, musicais, pr\u00e1ticas de conviv\u00eancia na rua, na pra\u00e7a e em outros espa\u00e7os, geram tamb\u00e9m processos educativos.<\/p>\n\n\n\n<p class=\"has-text-align-justify\">Dessa forma, ao iniciarmos a pesquisa em 2019, buscamos identificar algumas pr\u00e1ticas musicais presentes nos diversos bairros de Juiz de Fora. No decorrer desse processo de identifica\u00e7\u00e3o, nosso olhar se voltou especificamente para diversos grupos de Folia de Reis em atividade na cidade.<br><\/p>\n\n\n\n<div class=\"wp-block-jetpack-tiled-gallery aligncenter is-style-rectangular\"><div class=\"tiled-gallery__gallery\"><div class=\"tiled-gallery__row\"><div class=\"tiled-gallery__col\" style=\"flex-basis:47.358306343081544%\"><figure class=\"tiled-gallery__item\"><img decoding=\"async\" data-attachment-id=\"6640\" data-permalink=\"https:\/\/arteemtransito.com.br\/site\/en\/dispositivos-de-pesquisa\/iniciacao-cientifica\/whatsapp-image-2020-06-25-at-14-08-10\/\" data-orig-file=\"https:\/\/i0.wp.com\/arteemtransito.com.br\/site\/wp-content\/uploads\/2020\/06\/WhatsApp-Image-2020-06-25-at-14.08.10.jpeg?fit=854%2C1280&amp;ssl=1\" data-orig-size=\"854,1280\" data-comments-opened=\"1\" data-image-meta=\"{&quot;aperture&quot;:&quot;0&quot;,&quot;credit&quot;:&quot;&quot;,&quot;camera&quot;:&quot;&quot;,&quot;caption&quot;:&quot;&quot;,&quot;created_timestamp&quot;:&quot;0&quot;,&quot;copyright&quot;:&quot;&quot;,&quot;focal_length&quot;:&quot;0&quot;,&quot;iso&quot;:&quot;0&quot;,&quot;shutter_speed&quot;:&quot;0&quot;,&quot;title&quot;:&quot;&quot;,&quot;orientation&quot;:&quot;0&quot;}\" data-image-title=\"WhatsApp-Image-2020-06-25-at-14.08.10\" data-image-description=\"&lt;p&gt;Grupo de Folia de Reis Resposta do Oriente Jesus Vivo. Foto: Paula Duarte&lt;\/p&gt;\" data-image-caption=\"\" data-medium-file=\"https:\/\/i0.wp.com\/arteemtransito.com.br\/site\/wp-content\/uploads\/2020\/06\/WhatsApp-Image-2020-06-25-at-14.08.10.jpeg?fit=200%2C300&amp;ssl=1\" data-large-file=\"https:\/\/i0.wp.com\/arteemtransito.com.br\/site\/wp-content\/uploads\/2020\/06\/WhatsApp-Image-2020-06-25-at-14.08.10.jpeg?fit=683%2C1024&amp;ssl=1\" srcset=\"https:\/\/i2.wp.com\/arteemtransito.com.br\/site\/wp-content\/uploads\/2020\/06\/WhatsApp-Image-2020-06-25-at-14.08.10.jpeg?strip=info&#038;w=600 600w,https:\/\/i2.wp.com\/arteemtransito.com.br\/site\/wp-content\/uploads\/2020\/06\/WhatsApp-Image-2020-06-25-at-14.08.10.jpeg?strip=info&#038;w=854 854w\" alt=\"\" data-height=\"1280\" data-id=\"6640\" data-link=\"http:\/\/arteemtransito.com.br\/site\/dispositivos-de-pesquisa\/iniciacao-cientifica\/whatsapp-image-2020-06-25-at-14-08-10\/\" data-url=\"http:\/\/arteemtransito.com.br\/site\/wp-content\/uploads\/2020\/06\/WhatsApp-Image-2020-06-25-at-14.08.10.jpeg\" data-width=\"854\" src=\"https:\/\/i2.wp.com\/arteemtransito.com.br\/site\/wp-content\/uploads\/2020\/06\/WhatsApp-Image-2020-06-25-at-14.08.10.jpeg\" layout=\"responsive\"\/><\/figure><\/div><div class=\"tiled-gallery__col\" style=\"flex-basis:52.64169365691846%\"><figure class=\"tiled-gallery__item\"><img decoding=\"async\" data-attachment-id=\"6642\" data-permalink=\"https:\/\/arteemtransito.com.br\/site\/en\/dispositivos-de-pesquisa\/iniciacao-cientifica\/whatsapp-image-2020-06-25-at-14-08-11\/\" data-orig-file=\"https:\/\/i0.wp.com\/arteemtransito.com.br\/site\/wp-content\/uploads\/2020\/06\/WhatsApp-Image-2020-06-25-at-14.08.11.jpeg?fit=1280%2C853&amp;ssl=1\" data-orig-size=\"1280,853\" data-comments-opened=\"1\" data-image-meta=\"{&quot;aperture&quot;:&quot;0&quot;,&quot;credit&quot;:&quot;&quot;,&quot;camera&quot;:&quot;&quot;,&quot;caption&quot;:&quot;&quot;,&quot;created_timestamp&quot;:&quot;0&quot;,&quot;copyright&quot;:&quot;&quot;,&quot;focal_length&quot;:&quot;0&quot;,&quot;iso&quot;:&quot;0&quot;,&quot;shutter_speed&quot;:&quot;0&quot;,&quot;title&quot;:&quot;&quot;,&quot;orientation&quot;:&quot;0&quot;}\" data-image-title=\"WhatsApp Image 2020-06-25 at 14.08.11\" data-image-description=\"&lt;p&gt;Grupo de Folia de Reis Resposta do Oriente Jesus Vivo. Foto: Paula Duarte&lt;\/p&gt;\" data-image-caption=\"\" data-medium-file=\"https:\/\/i0.wp.com\/arteemtransito.com.br\/site\/wp-content\/uploads\/2020\/06\/WhatsApp-Image-2020-06-25-at-14.08.11.jpeg?fit=300%2C200&amp;ssl=1\" data-large-file=\"https:\/\/i0.wp.com\/arteemtransito.com.br\/site\/wp-content\/uploads\/2020\/06\/WhatsApp-Image-2020-06-25-at-14.08.11.jpeg?fit=800%2C533&amp;ssl=1\" srcset=\"https:\/\/i0.wp.com\/arteemtransito.com.br\/site\/wp-content\/uploads\/2020\/06\/WhatsApp-Image-2020-06-25-at-14.08.11.jpeg?strip=info&#038;w=600 600w,https:\/\/i0.wp.com\/arteemtransito.com.br\/site\/wp-content\/uploads\/2020\/06\/WhatsApp-Image-2020-06-25-at-14.08.11.jpeg?strip=info&#038;w=900 900w,https:\/\/i0.wp.com\/arteemtransito.com.br\/site\/wp-content\/uploads\/2020\/06\/WhatsApp-Image-2020-06-25-at-14.08.11.jpeg?strip=info&#038;w=1200 1200w,https:\/\/i0.wp.com\/arteemtransito.com.br\/site\/wp-content\/uploads\/2020\/06\/WhatsApp-Image-2020-06-25-at-14.08.11.jpeg?strip=info&#038;w=1280 1280w\" alt=\"\" data-height=\"853\" data-id=\"6642\" data-link=\"http:\/\/arteemtransito.com.br\/site\/dispositivos-de-pesquisa\/iniciacao-cientifica\/whatsapp-image-2020-06-25-at-14-08-11\/\" data-url=\"http:\/\/arteemtransito.com.br\/site\/wp-content\/uploads\/2020\/06\/WhatsApp-Image-2020-06-25-at-14.08.11.jpeg\" data-width=\"1280\" src=\"https:\/\/i0.wp.com\/arteemtransito.com.br\/site\/wp-content\/uploads\/2020\/06\/WhatsApp-Image-2020-06-25-at-14.08.11.jpeg\" layout=\"responsive\"\/><\/figure><figure class=\"tiled-gallery__item\"><img decoding=\"async\" data-attachment-id=\"6641\" data-permalink=\"https:\/\/arteemtransito.com.br\/site\/en\/dispositivos-de-pesquisa\/iniciacao-cientifica\/whatsapp-image-2020-06-25-at-14-08-11-3\/\" data-orig-file=\"https:\/\/i0.wp.com\/arteemtransito.com.br\/site\/wp-content\/uploads\/2020\/06\/WhatsApp-Image-2020-06-25-at-14.08.11-3.jpeg?fit=1280%2C854&amp;ssl=1\" data-orig-size=\"1280,854\" data-comments-opened=\"1\" data-image-meta=\"{&quot;aperture&quot;:&quot;0&quot;,&quot;credit&quot;:&quot;&quot;,&quot;camera&quot;:&quot;&quot;,&quot;caption&quot;:&quot;&quot;,&quot;created_timestamp&quot;:&quot;0&quot;,&quot;copyright&quot;:&quot;&quot;,&quot;focal_length&quot;:&quot;0&quot;,&quot;iso&quot;:&quot;0&quot;,&quot;shutter_speed&quot;:&quot;0&quot;,&quot;title&quot;:&quot;&quot;,&quot;orientation&quot;:&quot;0&quot;}\" data-image-title=\"WhatsApp Image 2020-06-25 at 14.08.11 (3)\" data-image-description=\"&lt;p&gt;Grupo de Folia de Reis Resposta do Oriente Jesus Vivo. Foto: Paula Duarte&lt;\/p&gt;\" data-image-caption=\"\" data-medium-file=\"https:\/\/i0.wp.com\/arteemtransito.com.br\/site\/wp-content\/uploads\/2020\/06\/WhatsApp-Image-2020-06-25-at-14.08.11-3.jpeg?fit=300%2C200&amp;ssl=1\" data-large-file=\"https:\/\/i0.wp.com\/arteemtransito.com.br\/site\/wp-content\/uploads\/2020\/06\/WhatsApp-Image-2020-06-25-at-14.08.11-3.jpeg?fit=800%2C534&amp;ssl=1\" srcset=\"https:\/\/i1.wp.com\/arteemtransito.com.br\/site\/wp-content\/uploads\/2020\/06\/WhatsApp-Image-2020-06-25-at-14.08.11-3.jpeg?strip=info&#038;w=600 600w,https:\/\/i1.wp.com\/arteemtransito.com.br\/site\/wp-content\/uploads\/2020\/06\/WhatsApp-Image-2020-06-25-at-14.08.11-3.jpeg?strip=info&#038;w=900 900w,https:\/\/i1.wp.com\/arteemtransito.com.br\/site\/wp-content\/uploads\/2020\/06\/WhatsApp-Image-2020-06-25-at-14.08.11-3.jpeg?strip=info&#038;w=1200 1200w,https:\/\/i1.wp.com\/arteemtransito.com.br\/site\/wp-content\/uploads\/2020\/06\/WhatsApp-Image-2020-06-25-at-14.08.11-3.jpeg?strip=info&#038;w=1280 1280w\" alt=\"\" data-height=\"854\" data-id=\"6641\" data-link=\"http:\/\/arteemtransito.com.br\/site\/dispositivos-de-pesquisa\/iniciacao-cientifica\/whatsapp-image-2020-06-25-at-14-08-11-3\/\" data-url=\"http:\/\/arteemtransito.com.br\/site\/wp-content\/uploads\/2020\/06\/WhatsApp-Image-2020-06-25-at-14.08.11-3.jpeg\" data-width=\"1280\" src=\"https:\/\/i1.wp.com\/arteemtransito.com.br\/site\/wp-content\/uploads\/2020\/06\/WhatsApp-Image-2020-06-25-at-14.08.11-3.jpeg\" layout=\"responsive\"\/><\/figure><\/div><\/div><\/div><\/div>\n\n\n\n<p class=\"has-text-align-center\">Grupo de Folia de Reis Resposta do Oriente Jesus Vivo. Foto: Paula Duarte<\/p>\n\n\n\n<p class=\"has-text-align-justify\"><br><br>Nesse contexto, foi poss\u00edvel nossa participa\u00e7\u00e3o durante a entrega da bandeira, no dia 6 de janeiro, juntamente com a Folia Resposta do Oriente Jesus Vivo, presente no bairro Bela Aurora. Segundo o Mapeamento das Folias em Minas Gerais do Instituto Estadual do Patrim\u00f4nio Hist\u00f3rico e Art\u00edstico de Minas Gerais (IEPHA), a folia conta com 25 integrantes e realiza anualmente o giro, sua jornada percorrendo as resid\u00eancias dos devotos, entre os dias 24\/12 a 06\/01. Fazem parte da folia os seguintes instrumentos musicais: viola, viol\u00e3o, cavaquinho, sanfona, caixa (tambor), pandeiro, banjo, triangulo, chocalho.<br><\/p>\n\n\n\n<figure class=\"wp-block-gallery aligncenter columns-2 is-cropped wp-block-gallery-1 is-layout-flex wp-block-gallery-is-layout-flex\"><ul class=\"blocks-gallery-grid\"><li class=\"blocks-gallery-item\"><figure><img loading=\"lazy\" decoding=\"async\" width=\"1280\" height=\"935\" data-attachment-id=\"6643\" data-permalink=\"https:\/\/arteemtransito.com.br\/site\/en\/dispositivos-de-pesquisa\/iniciacao-cientifica\/whatsapp-image-2020-06-25-at-14-08-11-1\/\" data-orig-file=\"https:\/\/i0.wp.com\/arteemtransito.com.br\/site\/wp-content\/uploads\/2020\/06\/WhatsApp-Image-2020-06-25-at-14.08.11-1.jpeg?fit=1280%2C935&amp;ssl=1\" data-orig-size=\"1280,935\" data-comments-opened=\"1\" data-image-meta=\"{&quot;aperture&quot;:&quot;0&quot;,&quot;credit&quot;:&quot;&quot;,&quot;camera&quot;:&quot;&quot;,&quot;caption&quot;:&quot;&quot;,&quot;created_timestamp&quot;:&quot;0&quot;,&quot;copyright&quot;:&quot;&quot;,&quot;focal_length&quot;:&quot;0&quot;,&quot;iso&quot;:&quot;0&quot;,&quot;shutter_speed&quot;:&quot;0&quot;,&quot;title&quot;:&quot;&quot;,&quot;orientation&quot;:&quot;0&quot;}\" data-image-title=\"WhatsApp-Image-2020-06-25-at-14.08.11-1\" data-image-description=\"\" data-image-caption=\"\" data-medium-file=\"https:\/\/i0.wp.com\/arteemtransito.com.br\/site\/wp-content\/uploads\/2020\/06\/WhatsApp-Image-2020-06-25-at-14.08.11-1.jpeg?fit=300%2C219&amp;ssl=1\" data-large-file=\"https:\/\/i0.wp.com\/arteemtransito.com.br\/site\/wp-content\/uploads\/2020\/06\/WhatsApp-Image-2020-06-25-at-14.08.11-1.jpeg?fit=800%2C584&amp;ssl=1\" src=\"https:\/\/i0.wp.com\/arteemtransito.com.br\/site\/wp-content\/uploads\/2020\/06\/WhatsApp-Image-2020-06-25-at-14.08.11-1.jpeg?fit=800%2C584\" alt=\"\" data-id=\"6643\" data-full-url=\"https:\/\/i0.wp.com\/arteemtransito.com.br\/site\/wp-content\/uploads\/2020\/06\/WhatsApp-Image-2020-06-25-at-14.08.11-1.jpeg?fit=1280%2C935\" data-link=\"http:\/\/arteemtransito.com.br\/site\/dispositivos-de-pesquisa\/iniciacao-cientifica\/whatsapp-image-2020-06-25-at-14-08-11-1\/\" class=\"wp-image-6643\" srcset=\"https:\/\/i0.wp.com\/arteemtransito.com.br\/site\/wp-content\/uploads\/2020\/06\/WhatsApp-Image-2020-06-25-at-14.08.11-1.jpeg?w=1280&amp;ssl=1 1280w, https:\/\/i0.wp.com\/arteemtransito.com.br\/site\/wp-content\/uploads\/2020\/06\/WhatsApp-Image-2020-06-25-at-14.08.11-1.jpeg?resize=300%2C219&amp;ssl=1 300w, https:\/\/i0.wp.com\/arteemtransito.com.br\/site\/wp-content\/uploads\/2020\/06\/WhatsApp-Image-2020-06-25-at-14.08.11-1.jpeg?resize=1024%2C748&amp;ssl=1 1024w, https:\/\/i0.wp.com\/arteemtransito.com.br\/site\/wp-content\/uploads\/2020\/06\/WhatsApp-Image-2020-06-25-at-14.08.11-1.jpeg?resize=768%2C561&amp;ssl=1 768w\" sizes=\"auto, (max-width: 800px) 100vw, 800px\" \/><\/figure><\/li><li class=\"blocks-gallery-item\"><figure><img loading=\"lazy\" decoding=\"async\" width=\"1280\" height=\"853\" data-attachment-id=\"6644\" data-permalink=\"https:\/\/arteemtransito.com.br\/site\/en\/dispositivos-de-pesquisa\/iniciacao-cientifica\/whatsapp-image-2020-06-25-at-14-08-11-2\/\" data-orig-file=\"https:\/\/i0.wp.com\/arteemtransito.com.br\/site\/wp-content\/uploads\/2020\/06\/WhatsApp-Image-2020-06-25-at-14.08.11-2.jpeg?fit=1280%2C853&amp;ssl=1\" data-orig-size=\"1280,853\" data-comments-opened=\"1\" data-image-meta=\"{&quot;aperture&quot;:&quot;0&quot;,&quot;credit&quot;:&quot;&quot;,&quot;camera&quot;:&quot;&quot;,&quot;caption&quot;:&quot;&quot;,&quot;created_timestamp&quot;:&quot;0&quot;,&quot;copyright&quot;:&quot;&quot;,&quot;focal_length&quot;:&quot;0&quot;,&quot;iso&quot;:&quot;0&quot;,&quot;shutter_speed&quot;:&quot;0&quot;,&quot;title&quot;:&quot;&quot;,&quot;orientation&quot;:&quot;0&quot;}\" data-image-title=\"WhatsApp-Image-2020-06-25-at-14.08.11-2\" data-image-description=\"\" data-image-caption=\"\" data-medium-file=\"https:\/\/i0.wp.com\/arteemtransito.com.br\/site\/wp-content\/uploads\/2020\/06\/WhatsApp-Image-2020-06-25-at-14.08.11-2.jpeg?fit=300%2C200&amp;ssl=1\" data-large-file=\"https:\/\/i0.wp.com\/arteemtransito.com.br\/site\/wp-content\/uploads\/2020\/06\/WhatsApp-Image-2020-06-25-at-14.08.11-2.jpeg?fit=800%2C533&amp;ssl=1\" src=\"https:\/\/i2.wp.com\/arteemtransito.com.br\/site\/wp-content\/uploads\/2020\/06\/WhatsApp-Image-2020-06-25-at-14.08.11-2.jpeg?fit=800%2C533\" alt=\"\" data-id=\"6644\" data-full-url=\"https:\/\/i2.wp.com\/arteemtransito.com.br\/site\/wp-content\/uploads\/2020\/06\/WhatsApp-Image-2020-06-25-at-14.08.11-2.jpeg?fit=1280%2C853\" data-link=\"http:\/\/arteemtransito.com.br\/site\/dispositivos-de-pesquisa\/iniciacao-cientifica\/whatsapp-image-2020-06-25-at-14-08-11-2\/\" class=\"wp-image-6644\" srcset=\"https:\/\/i0.wp.com\/arteemtransito.com.br\/site\/wp-content\/uploads\/2020\/06\/WhatsApp-Image-2020-06-25-at-14.08.11-2.jpeg?w=1280&amp;ssl=1 1280w, https:\/\/i0.wp.com\/arteemtransito.com.br\/site\/wp-content\/uploads\/2020\/06\/WhatsApp-Image-2020-06-25-at-14.08.11-2.jpeg?resize=300%2C200&amp;ssl=1 300w, https:\/\/i0.wp.com\/arteemtransito.com.br\/site\/wp-content\/uploads\/2020\/06\/WhatsApp-Image-2020-06-25-at-14.08.11-2.jpeg?resize=1024%2C682&amp;ssl=1 1024w, https:\/\/i0.wp.com\/arteemtransito.com.br\/site\/wp-content\/uploads\/2020\/06\/WhatsApp-Image-2020-06-25-at-14.08.11-2.jpeg?resize=768%2C512&amp;ssl=1 768w\" sizes=\"auto, (max-width: 800px) 100vw, 800px\" \/><\/figure><\/li><\/ul><\/figure>\n\n\n\n<p class=\"has-text-align-center\">Grupo de Folia de Reis Resposta do Oriente Jesus Vivo. Foto: Paula Duarte<\/p>\n\n\n\n<p class=\"has-text-align-justify\"><br><br>Ao realizarmos uma pesquisa que nos levou a conhecer a exist\u00eancia de grupos de Folia de Reis em bairros de Juiz de Fora, entendemos que seria necess\u00e1rio a escolha de um dos grupos para que pud\u00e9ssemos identificar e descrever os processos educativos oriundos das pr\u00e1ticas por ele desenvolvidas.<\/p>\n\n\n\n<p class=\"has-text-align-justify\">Nesse sentido, na pr\u00f3xima etapa do projeto, tendo como crit\u00e9rio principal de escolha a disponibilidade e interesse do pr\u00f3prio grupo em participar, buscaremos uma aproxima\u00e7\u00e3o mais efetiva com o grupo de Folia de Reis Estrela do Amanh\u00e3, situado no bairro Dom Bosco. Segundo o IEPHA, o grupo Estrela do Amanh\u00e3 conta com 25 integrantes e se utiliza dos seguintes instrumentos musicais: viola, viol\u00e3o, cavaquinho, sanfona, caixa (tambor), pandeiro, banjo, triangulo e chocalho. De acordo com Wilian da Rocha Cirilo, mestre foli\u00e3o do grupo, os integrantes possuem faixa et\u00e1ria variada, incluindo adultos e crian\u00e7as. O grupo foi fundado no ano de 1969, por Jos\u00e9 Geraldo Cirilo, pai de Wilian.<\/p>","protected":false},"excerpt":{"rendered":"<p>Temos atrelado ao Programa Arte em Tr\u00e2nsito dois Projetos de Inicia\u00e7\u00e3o Cient\u00edfica cadastrados na Pro-Reitoria de P\u00f3s-Gradua\u00e7\u00e3o e Pesquisa da UFJF. Resid\u00eancia Art\u00edstica na Escola A ideia de \u201cresid\u00eancia art\u00edstica\u201d &#8230;<\/p>","protected":false},"author":3,"featured_media":0,"parent":6079,"menu_order":0,"comment_status":"closed","ping_status":"closed","template":"","meta":{"ngg_post_thumbnail":0,"jetpack_post_was_ever_published":false,"footnotes":""},"class_list":["post-6511","page","type-page","status-publish","hentry"],"jetpack_shortlink":"https:\/\/wp.me\/P3LbTB-1H1","jetpack_sharing_enabled":true,"jetpack_likes_enabled":false,"jetpack-related-posts":[],"_links":{"self":[{"href":"https:\/\/arteemtransito.com.br\/site\/en\/wp-json\/wp\/v2\/pages\/6511","targetHints":{"allow":["GET"]}}],"collection":[{"href":"https:\/\/arteemtransito.com.br\/site\/en\/wp-json\/wp\/v2\/pages"}],"about":[{"href":"https:\/\/arteemtransito.com.br\/site\/en\/wp-json\/wp\/v2\/types\/page"}],"author":[{"embeddable":true,"href":"https:\/\/arteemtransito.com.br\/site\/en\/wp-json\/wp\/v2\/users\/3"}],"replies":[{"embeddable":true,"href":"https:\/\/arteemtransito.com.br\/site\/en\/wp-json\/wp\/v2\/comments?post=6511"}],"version-history":[{"count":12,"href":"https:\/\/arteemtransito.com.br\/site\/en\/wp-json\/wp\/v2\/pages\/6511\/revisions"}],"predecessor-version":[{"id":7638,"href":"https:\/\/arteemtransito.com.br\/site\/en\/wp-json\/wp\/v2\/pages\/6511\/revisions\/7638"}],"up":[{"embeddable":true,"href":"https:\/\/arteemtransito.com.br\/site\/en\/wp-json\/wp\/v2\/pages\/6079"}],"wp:attachment":[{"href":"https:\/\/arteemtransito.com.br\/site\/en\/wp-json\/wp\/v2\/media?parent=6511"}],"curies":[{"name":"wp","href":"https:\/\/api.w.org\/{rel}","templated":true}]}}