{"id":6091,"date":"2020-02-09T17:11:29","date_gmt":"2020-02-09T20:11:29","guid":{"rendered":"http:\/\/arteemtransito.com.br\/site\/?page_id=6091"},"modified":"2020-02-09T17:13:12","modified_gmt":"2020-02-09T20:13:12","slug":"acoes-anteriores-formacao","status":"publish","type":"page","link":"https:\/\/arteemtransito.com.br\/site\/en\/acoes-anteriores-formacao\/","title":{"rendered":"A\u00e7\u00f5es anteriores"},"content":{"rendered":"<p><strong>Circuito de oficinas<\/strong><\/p>\n\n\n\n<p>Composto por a\u00e7\u00f5es externas de forma\u00e7\u00e3o docente, a a\u00e7\u00e3o pretendeu alcan\u00e7ar outras institui\u00e7\u00f5es de ensino, na perspectiva de gerar interc\u00e2mbios de conhecimento e aproxima\u00e7\u00f5es entre contextos diversos de ensino e aprendizagem. O eixo visou, fundamentalmente, o compartilhamento das experi\u00eancias exitosas, constru\u00eddas nos \u00faltimos anos, na realiza\u00e7\u00e3o do projeto Arte em Tr\u00e2nsito dentro dos espa\u00e7os do CAp Jo\u00e3o XXIII. Frente \u00e0 complexidade e \u00e0 diversidade das realidades das escolas brasileiras, em especial no que diz respeito \u00e0 fragilidade da forma\u00e7\u00e3o cultural e art\u00edstica (de maneira geral, h\u00e1 precariza\u00e7\u00e3o desse setor no Brasil), \u00e9 necess\u00e1rio sinalizar as lacunas existentes na forma\u00e7\u00e3o docente e discente, e empreender esfor\u00e7os que efetivamente levem \u00e0 mudan\u00e7a social. Desta forma, a coordena\u00e7\u00e3o do projeto assumiu o compromisso institucional pela mudan\u00e7a para al\u00e9m dos muros da universidade.<\/p>","protected":false},"excerpt":{"rendered":"<p>Circuito de oficinas Composto por a\u00e7\u00f5es externas de forma\u00e7\u00e3o docente, a a\u00e7\u00e3o pretendeu alcan\u00e7ar outras institui\u00e7\u00f5es de ensino, na perspectiva de gerar interc\u00e2mbios de conhecimento e aproxima\u00e7\u00f5es entre contextos diversos &#8230;<\/p>","protected":false},"author":3,"featured_media":0,"parent":0,"menu_order":0,"comment_status":"closed","ping_status":"closed","template":"","meta":{"ngg_post_thumbnail":0,"jetpack_post_was_ever_published":false,"footnotes":""},"class_list":["post-6091","page","type-page","status-publish","hentry"],"jetpack_shortlink":"https:\/\/wp.me\/P3LbTB-1Af","jetpack_sharing_enabled":true,"jetpack_likes_enabled":false,"jetpack-related-posts":[],"_links":{"self":[{"href":"https:\/\/arteemtransito.com.br\/site\/en\/wp-json\/wp\/v2\/pages\/6091","targetHints":{"allow":["GET"]}}],"collection":[{"href":"https:\/\/arteemtransito.com.br\/site\/en\/wp-json\/wp\/v2\/pages"}],"about":[{"href":"https:\/\/arteemtransito.com.br\/site\/en\/wp-json\/wp\/v2\/types\/page"}],"author":[{"embeddable":true,"href":"https:\/\/arteemtransito.com.br\/site\/en\/wp-json\/wp\/v2\/users\/3"}],"replies":[{"embeddable":true,"href":"https:\/\/arteemtransito.com.br\/site\/en\/wp-json\/wp\/v2\/comments?post=6091"}],"version-history":[{"count":2,"href":"https:\/\/arteemtransito.com.br\/site\/en\/wp-json\/wp\/v2\/pages\/6091\/revisions"}],"predecessor-version":[{"id":6095,"href":"https:\/\/arteemtransito.com.br\/site\/en\/wp-json\/wp\/v2\/pages\/6091\/revisions\/6095"}],"wp:attachment":[{"href":"https:\/\/arteemtransito.com.br\/site\/en\/wp-json\/wp\/v2\/media?parent=6091"}],"curies":[{"name":"wp","href":"https:\/\/api.w.org\/{rel}","templated":true}]}}