{"id":6087,"date":"2020-02-09T17:08:23","date_gmt":"2020-02-09T20:08:23","guid":{"rendered":"http:\/\/arteemtransito.com.br\/site\/?page_id=6087"},"modified":"2020-02-09T17:08:30","modified_gmt":"2020-02-09T20:08:30","slug":"acoes-anteriores","status":"publish","type":"page","link":"https:\/\/arteemtransito.com.br\/site\/en\/acoes-anteriores\/","title":{"rendered":"A\u00e7\u00f5es anteriores"},"content":{"rendered":"<p><strong>Dimens\u00f5es Contempor\u00e2neas de Arte na Educa\u00e7\u00e3o B\u00e1sica (\u201cArt in Basic Education\u2019s Contemporary Dimensions\u201d) research group<\/strong> <\/p>\n\n\n\n<p>The group is formed by the visual art professors and researchers from the Application School Jo\u00e3o XXIII\/ UFJF, teachers and professors from the municipal and state\u2019s system, art students and designers. It means to contribute to the enhancement, organization, and systematization of a knowledge area still considered new in the academic research field. The motivation arises from the acknowledgment that conventional art education in schools doesn\u2019t do enough to cover the plurality, the diversity and the accessibility to information of the present world. Therefore, it is necessary to move forward with researches that elaborate and propose new learning objects and methodologies that will give an expanded meaning to the visual art knowledge in basic education. Composed by research lines<strong>\u201cVisual Poetics in Education\u201d (\u201cPo\u00e9ticas visuais no Ensino\u201d)<\/strong>and<strong>\u201cArt, History, and Image in education\u201d (\u201cArte, Hist\u00f3ria e Imagem no Ensino\u201d),<\/strong>aims to generate working fronts that establish methodologies, develop innovative educational material and reconsider art education\u2019s place in formal schools.<\/p>\n\n\n\n<p>Encerrado em 2017.<\/p>\n\n\n\n<figure class=\"wp-block-embed\"><div class=\"wp-block-embed__wrapper\">\nhttp:\/\/dgp.cnpq.br\/dgp\/espelhogrupo\/4350139951213822\n<\/div><\/figure>\n\n\n\n<p><\/p>","protected":false},"excerpt":{"rendered":"<p>Grupo de pesquisa Dimens\u00f5es Contempor\u00e2neas de Arte na Educa\u00e7\u00e3o B\u00e1sica (CNPq) O grupo \u00e9 formado por professoras e pesquisadoras de artes visuais do Col\u00e9gio de Aplica\u00e7\u00e3o Jo\u00e3o XXIII\/ UFJF, professoras &#8230;<\/p>","protected":false},"author":3,"featured_media":0,"parent":0,"menu_order":0,"comment_status":"closed","ping_status":"closed","template":"","meta":{"ngg_post_thumbnail":0,"jetpack_post_was_ever_published":false,"footnotes":""},"class_list":["post-6087","page","type-page","status-publish","hentry"],"jetpack_shortlink":"https:\/\/wp.me\/P3LbTB-1Ab","jetpack_sharing_enabled":true,"jetpack_likes_enabled":false,"jetpack-related-posts":[],"_links":{"self":[{"href":"https:\/\/arteemtransito.com.br\/site\/en\/wp-json\/wp\/v2\/pages\/6087","targetHints":{"allow":["GET"]}}],"collection":[{"href":"https:\/\/arteemtransito.com.br\/site\/en\/wp-json\/wp\/v2\/pages"}],"about":[{"href":"https:\/\/arteemtransito.com.br\/site\/en\/wp-json\/wp\/v2\/types\/page"}],"author":[{"embeddable":true,"href":"https:\/\/arteemtransito.com.br\/site\/en\/wp-json\/wp\/v2\/users\/3"}],"replies":[{"embeddable":true,"href":"https:\/\/arteemtransito.com.br\/site\/en\/wp-json\/wp\/v2\/comments?post=6087"}],"version-history":[{"count":1,"href":"https:\/\/arteemtransito.com.br\/site\/en\/wp-json\/wp\/v2\/pages\/6087\/revisions"}],"predecessor-version":[{"id":6088,"href":"https:\/\/arteemtransito.com.br\/site\/en\/wp-json\/wp\/v2\/pages\/6087\/revisions\/6088"}],"wp:attachment":[{"href":"https:\/\/arteemtransito.com.br\/site\/en\/wp-json\/wp\/v2\/media?parent=6087"}],"curies":[{"name":"wp","href":"https:\/\/api.w.org\/{rel}","templated":true}]}}