{"id":6079,"date":"2020-02-09T16:48:22","date_gmt":"2020-02-09T19:48:22","guid":{"rendered":"http:\/\/arteemtransito.com.br\/site\/?page_id=6079"},"modified":"2021-08-01T10:58:47","modified_gmt":"2021-08-01T13:58:47","slug":"dispositivos-de-pesquisa","status":"publish","type":"page","link":"https:\/\/arteemtransito.com.br\/site\/en\/dispositivos-de-pesquisa\/","title":{"rendered":"Dispositivos de pesquisa"},"content":{"rendered":"<p>Eixo que possibilita uma via de m\u00e3o dupla que se estabelece entre acontecimento e reflex\u00e3o. Aqui apresentamos um compilado de a\u00e7\u00f5es de pesquisa pautadas pelas atividades do Programa.<\/p>","protected":false},"excerpt":{"rendered":"<p>Eixo que possibilita uma via de m\u00e3o dupla que se estabelece entre acontecimento e reflex\u00e3o. Aqui apresentamos um compilado de a\u00e7\u00f5es de pesquisa pautadas pelas atividades do Programa.<\/p>","protected":false},"author":3,"featured_media":0,"parent":0,"menu_order":0,"comment_status":"closed","ping_status":"closed","template":"","meta":{"ngg_post_thumbnail":0,"jetpack_post_was_ever_published":false,"footnotes":""},"class_list":["post-6079","page","type-page","status-publish","hentry"],"jetpack_shortlink":"https:\/\/wp.me\/P3LbTB-1A3","jetpack_sharing_enabled":true,"jetpack_likes_enabled":false,"jetpack-related-posts":[],"_links":{"self":[{"href":"https:\/\/arteemtransito.com.br\/site\/en\/wp-json\/wp\/v2\/pages\/6079","targetHints":{"allow":["GET"]}}],"collection":[{"href":"https:\/\/arteemtransito.com.br\/site\/en\/wp-json\/wp\/v2\/pages"}],"about":[{"href":"https:\/\/arteemtransito.com.br\/site\/en\/wp-json\/wp\/v2\/types\/page"}],"author":[{"embeddable":true,"href":"https:\/\/arteemtransito.com.br\/site\/en\/wp-json\/wp\/v2\/users\/3"}],"replies":[{"embeddable":true,"href":"https:\/\/arteemtransito.com.br\/site\/en\/wp-json\/wp\/v2\/comments?post=6079"}],"version-history":[{"count":2,"href":"https:\/\/arteemtransito.com.br\/site\/en\/wp-json\/wp\/v2\/pages\/6079\/revisions"}],"predecessor-version":[{"id":7849,"href":"https:\/\/arteemtransito.com.br\/site\/en\/wp-json\/wp\/v2\/pages\/6079\/revisions\/7849"}],"wp:attachment":[{"href":"https:\/\/arteemtransito.com.br\/site\/en\/wp-json\/wp\/v2\/media?parent=6079"}],"curies":[{"name":"wp","href":"https:\/\/api.w.org\/{rel}","templated":true}]}}