{"id":6038,"date":"2020-02-05T07:23:22","date_gmt":"2020-02-05T10:23:22","guid":{"rendered":"http:\/\/arteemtransito.com.br\/site\/?page_id=6038"},"modified":"2025-12-21T20:16:08","modified_gmt":"2025-12-21T23:16:08","slug":"2020-2","status":"publish","type":"page","link":"https:\/\/arteemtransito.com.br\/site\/en\/2020-2\/","title":{"rendered":"2020"},"content":{"rendered":"<p>O ano em que a pandemia da COVID-19 atingiu o mundo foi de profundas transforma\u00e7\u00f5es pol\u00edticas e sociais, e n\u00e3o seria diferente no campo das artes. A intera\u00e7\u00e3o e experimenta\u00e7\u00e3o art\u00edstica teve que ser reinventada para o modelo remoto, devido ao distanciamento social necess\u00e1rio. Assim, a arte, que j\u00e1 tende a ser deixada de lado no Brasil, ficou ainda mais vulner\u00e1vel. Apesar disso, verificou-se como ela pode ser uma grande ferramenta de express\u00e3o e questionamento, principalmente em meio a tend\u00eancia de desinforma\u00e7\u00e3o em que nos encontramos. Nesse contexto, o Programa Arte em Tr\u00e2nsito inicialmente adaptou algumas atividades j\u00e1 planejadas para o modelo digital. Posteriormente, conhecendo as particularidades e possibilidades do meio virtual, desenvolveu conte\u00fados espec\u00edficos para essa plataforma em um 2020 que se estendeu com atividades at\u00e9 mar\u00e7o de 2021.<\/p>\n\n\n\n<p><\/p>\n\n\n\n<p><\/p>\n\n\n\n<h4 class=\"wp-block-heading\"><strong>Novos projetos<\/strong><\/h4>\n\n\n\n<ul class=\"wp-block-list\">\n<li><strong>Galeria Professor P\u00e1vel &#8211; <\/strong>curadoria de exposi\u00e7\u00f5es on-line<\/li>\n<\/ul>\n\n\n\n<ul class=\"wp-block-list\">\n<li><strong>Pontes Comunit\u00e1rias &#8211;<\/strong> mapeamento de artistas populares de Juiz de Fora e Regi\u00e3o<\/li>\n<\/ul>\n\n\n\n<p><\/p>\n\n\n\n<h4 class=\"wp-block-heading\"><strong>Os seguintes artistas transitaram pela Galeria Edson P\u00e1vel Bastos:<\/strong><\/h4>\n\n\n\n<ul class=\"wp-block-list\">\n<li><strong>Di\u00e1logos sobre paisagem &#8211;<\/strong> Exposi\u00e7\u00e3o Pedag\u00f3gica do trabalho dos professores Pedro Dutra e Renata Caetano &#8211; mar\u00e7o\/abril de 2020<\/li>\n\n\n\n<li><strong>Descoordenadas &#8211;<\/strong> Guilherme Landim &#8211; setembro de 2020<\/li>\n\n\n\n<li><strong>Manuais &#8211;<\/strong> Marize Moreno &#8211; fevereiro de 2021<\/li>\n<\/ul>\n\n\n\n<p><\/p>\n\n\n\n<h4 class=\"wp-block-heading\"><strong>Audiovisual<\/strong><\/h4>\n\n\n\n<p>Atualizamos os v\u00eddeos sobre todas as exposi\u00e7\u00f5es que aconteceram em 2019 na Galeria Professor P\u00e1vel. Para ver, acesse <a href=\"https:\/\/www.youtube.com\/channel\/UC6M5eluSB33fJRmKzbPCj4A\" data-type=\"URL\" data-id=\"https:\/\/www.youtube.com\/channel\/UC6M5eluSB33fJRmKzbPCj4A\">nossa p\u00e1gina no youtube<\/a> <\/p>\n\n\n\n<p><\/p>\n\n\n\n<p><\/p>\n\n\n\n<h4 class=\"wp-block-heading\"><strong>Lives<\/strong><\/h4>\n\n\n\n<p>Desenvolvimento de lives sobre a\u00e7\u00f5es do projeto e participa\u00e7\u00e3o em lives externas. Para ver a lista completa, <a href=\"https:\/\/arteemtransito.com.br\/site\/en\/lives\/\" data-type=\"URL\">clique aqui<\/a><\/p>\n\n\n\n<p><\/p>","protected":false},"excerpt":{"rendered":"<p>O ano em que a pandemia da COVID-19 atingiu o mundo foi de profundas transforma\u00e7\u00f5es pol\u00edticas e sociais, e n\u00e3o seria diferente no campo das artes. A intera\u00e7\u00e3o e experimenta\u00e7\u00e3o &#8230;<\/p>","protected":false},"author":3,"featured_media":0,"parent":0,"menu_order":0,"comment_status":"closed","ping_status":"closed","template":"","meta":{"ngg_post_thumbnail":0,"jetpack_post_was_ever_published":false,"footnotes":""},"class_list":["post-6038","page","type-page","status-publish","hentry"],"jetpack_shortlink":"https:\/\/wp.me\/P3LbTB-1zo","jetpack_sharing_enabled":true,"jetpack_likes_enabled":false,"jetpack-related-posts":[],"_links":{"self":[{"href":"https:\/\/arteemtransito.com.br\/site\/en\/wp-json\/wp\/v2\/pages\/6038","targetHints":{"allow":["GET"]}}],"collection":[{"href":"https:\/\/arteemtransito.com.br\/site\/en\/wp-json\/wp\/v2\/pages"}],"about":[{"href":"https:\/\/arteemtransito.com.br\/site\/en\/wp-json\/wp\/v2\/types\/page"}],"author":[{"embeddable":true,"href":"https:\/\/arteemtransito.com.br\/site\/en\/wp-json\/wp\/v2\/users\/3"}],"replies":[{"embeddable":true,"href":"https:\/\/arteemtransito.com.br\/site\/en\/wp-json\/wp\/v2\/comments?post=6038"}],"version-history":[{"count":12,"href":"https:\/\/arteemtransito.com.br\/site\/en\/wp-json\/wp\/v2\/pages\/6038\/revisions"}],"predecessor-version":[{"id":8879,"href":"https:\/\/arteemtransito.com.br\/site\/en\/wp-json\/wp\/v2\/pages\/6038\/revisions\/8879"}],"wp:attachment":[{"href":"https:\/\/arteemtransito.com.br\/site\/en\/wp-json\/wp\/v2\/media?parent=6038"}],"curies":[{"name":"wp","href":"https:\/\/api.w.org\/{rel}","templated":true}]}}