{"id":5349,"date":"2017-08-20T00:35:53","date_gmt":"2017-08-20T03:35:53","guid":{"rendered":"http:\/\/arteemtransito.com.br\/site\/?page_id=5349"},"modified":"2019-03-23T16:52:22","modified_gmt":"2019-03-23T19:52:22","slug":"coloquio","status":"publish","type":"page","link":"https:\/\/arteemtransito.com.br\/site\/en\/coloquio\/","title":{"rendered":"Colloquium"},"content":{"rendered":"<p>Initially composed by lectures by invited thinkers  with themes related to art and\/or art education. In its former organization there were dabate spaces for the exchange of academic experiences and oral communication; In general, the event happens in two or three days at the CAp. Jo\u00e3o XXIII. Entries are free of charge and can be made at the project\u2019s official website. The papers are published on the event\u2019s annual and distributed for free.<\/p>\n<p>In partnership with <strong>MIRADA - Grupo de Estudo e Pesquisa em Visualidades, Interculturalidade e Forma\u00e7\u00e3o Docente (Research Group in Visualities, Interculturality and Faculty Training)<\/strong> from the Education course at UFJF, led by the professors Francione Oliveira and Olga Egas (FACED;UFJF), in 2017, the <strong>Colloquium Art In Transit<\/strong>\u00a0modified its structure with the intent of concentrating on the reflections, the actions and the exchanges that problematize the impact on the multiple visualities on educational processes and faculty training.The colloquium main objective in this new format is the dialogue and the exchange of experiences between different generations of professors, especially in the art field. The proposition is to reach out to the UFJF graduates of Visual Arts and Pedagogy and other everyday and pedagogical practices institutions from the school Jo\u00e3o XXIII, as well as the actions generated from the municipal system teachers of Juiz de Fora and the state of Minas Gerais.<\/p>\n<p style=\"text-align: center;\">","protected":false},"excerpt":{"rendered":"<p>Inicialmente composto por palestras de te\u00f3ricos convidados com temas relacionados \u00e0 arte e\/ou da arte e educa\u00e7\u00e3o. Em sua organiza\u00e7\u00e3o original havia tamb\u00e9m mesas de debate com relatos de experi\u00eancia &#8230;<\/p>","protected":false},"author":1,"featured_media":0,"parent":0,"menu_order":0,"comment_status":"closed","ping_status":"closed","template":"","meta":{"ngg_post_thumbnail":0,"jetpack_post_was_ever_published":false,"footnotes":""},"class_list":["post-5349","page","type-page","status-publish","hentry"],"jetpack_shortlink":"https:\/\/wp.me\/P3LbTB-1oh","jetpack_sharing_enabled":true,"jetpack_likes_enabled":false,"jetpack-related-posts":[],"_links":{"self":[{"href":"https:\/\/arteemtransito.com.br\/site\/en\/wp-json\/wp\/v2\/pages\/5349","targetHints":{"allow":["GET"]}}],"collection":[{"href":"https:\/\/arteemtransito.com.br\/site\/en\/wp-json\/wp\/v2\/pages"}],"about":[{"href":"https:\/\/arteemtransito.com.br\/site\/en\/wp-json\/wp\/v2\/types\/page"}],"author":[{"embeddable":true,"href":"https:\/\/arteemtransito.com.br\/site\/en\/wp-json\/wp\/v2\/users\/1"}],"replies":[{"embeddable":true,"href":"https:\/\/arteemtransito.com.br\/site\/en\/wp-json\/wp\/v2\/comments?post=5349"}],"version-history":[{"count":12,"href":"https:\/\/arteemtransito.com.br\/site\/en\/wp-json\/wp\/v2\/pages\/5349\/revisions"}],"predecessor-version":[{"id":5850,"href":"https:\/\/arteemtransito.com.br\/site\/en\/wp-json\/wp\/v2\/pages\/5349\/revisions\/5850"}],"wp:attachment":[{"href":"https:\/\/arteemtransito.com.br\/site\/en\/wp-json\/wp\/v2\/media?parent=5349"}],"curies":[{"name":"wp","href":"https:\/\/api.w.org\/{rel}","templated":true}]}}