{"id":5340,"date":"2017-08-20T00:30:36","date_gmt":"2017-08-20T03:30:36","guid":{"rendered":"http:\/\/arteemtransito.com.br\/site\/?page_id=5340"},"modified":"2021-08-01T10:50:50","modified_gmt":"2021-08-01T13:50:50","slug":"rotas-experimentais","status":"publish","type":"page","link":"https:\/\/arteemtransito.com.br\/site\/en\/dispositivos-para-formacao-docente\/rotas-experimentais\/","title":{"rendered":"Experimental Routes"},"content":{"rendered":"<p>Trata-se de objeto digital organizado pela professora Dra. Andr\u00e9a Senra Coutinho, que \u00e9 composto por registros textuais e imag\u00e9ticos de algumas das experi\u00eancias pedag\u00f3gicas em arte, apresentadas nas Mostras Culturais anuais. Todas as exposi\u00e7\u00f5es que compuseram os cen\u00e1rios das Mostras est\u00e3o organizadas para serem compartilhadas e, quem sabe, replicadas, reativadas e adaptadas em outros ambientes escolares. A ideia \u00e9 que, de posse das \u201crotas experimentais\u201d, outros docentes possam se apropriar das propostas e adequ\u00e1-las, transformando-as para suas pr\u00f3prias aulas. Pensamos que essa estrat\u00e9gia, al\u00e9m de colaborar no preenchimento da lacuna existente na editora\u00e7\u00e3o de material did\u00e1tico destinado ao ensino de arte escolar, possa ser interessante no sentido de partilhar experi\u00eancias com resultados positivos, ampliando a democratiza\u00e7\u00e3o do ensino de arte.<\/p>\n<figure id=\"attachment_5454\" aria-describedby=\"caption-attachment-5454\" style=\"width: 300px\" class=\"wp-caption aligncenter\"><a href=\"https:\/\/i0.wp.com\/arteemtransito.com.br\/site\/wp-content\/uploads\/2017\/08\/FullSizeRender.jpg\"><img data-recalc-dims=\"1\" loading=\"lazy\" decoding=\"async\" data-attachment-id=\"5454\" data-permalink=\"https:\/\/arteemtransito.com.br\/site\/en\/dispositivos-para-formacao-docente\/rotas-experimentais\/fullsizerender\/\" data-orig-file=\"https:\/\/i0.wp.com\/arteemtransito.com.br\/site\/wp-content\/uploads\/2017\/08\/FullSizeRender.jpg?fit=3264%2C2448&amp;ssl=1\" data-orig-size=\"3264,2448\" data-comments-opened=\"1\" data-image-meta=\"{&quot;aperture&quot;:&quot;2.2&quot;,&quot;credit&quot;:&quot;&quot;,&quot;camera&quot;:&quot;iPhone 5s&quot;,&quot;caption&quot;:&quot;&quot;,&quot;created_timestamp&quot;:&quot;1503762484&quot;,&quot;copyright&quot;:&quot;&quot;,&quot;focal_length&quot;:&quot;4.15&quot;,&quot;iso&quot;:&quot;50&quot;,&quot;shutter_speed&quot;:&quot;0.0166666666667&quot;,&quot;title&quot;:&quot;&quot;,&quot;orientation&quot;:&quot;0&quot;}\" data-image-title=\"FullSizeRender\" data-image-description=\"\" data-image-caption=\"\" data-medium-file=\"https:\/\/i0.wp.com\/arteemtransito.com.br\/site\/wp-content\/uploads\/2017\/08\/FullSizeRender.jpg?fit=300%2C225&amp;ssl=1\" data-large-file=\"https:\/\/i0.wp.com\/arteemtransito.com.br\/site\/wp-content\/uploads\/2017\/08\/FullSizeRender.jpg?fit=800%2C600&amp;ssl=1\" class=\"wp-image-5454 size-medium\" src=\"https:\/\/i0.wp.com\/arteemtransito.com.br\/site\/wp-content\/uploads\/2017\/08\/FullSizeRender-300x225.jpg?resize=300%2C225\" alt=\"\" width=\"300\" height=\"225\" srcset=\"https:\/\/i0.wp.com\/arteemtransito.com.br\/site\/wp-content\/uploads\/2017\/08\/FullSizeRender.jpg?resize=300%2C225&amp;ssl=1 300w, https:\/\/i0.wp.com\/arteemtransito.com.br\/site\/wp-content\/uploads\/2017\/08\/FullSizeRender.jpg?resize=768%2C576&amp;ssl=1 768w, https:\/\/i0.wp.com\/arteemtransito.com.br\/site\/wp-content\/uploads\/2017\/08\/FullSizeRender.jpg?resize=1024%2C768&amp;ssl=1 1024w, https:\/\/i0.wp.com\/arteemtransito.com.br\/site\/wp-content\/uploads\/2017\/08\/FullSizeRender.jpg?w=1600&amp;ssl=1 1600w, https:\/\/i0.wp.com\/arteemtransito.com.br\/site\/wp-content\/uploads\/2017\/08\/FullSizeRender.jpg?w=2400&amp;ssl=1 2400w\" sizes=\"auto, (max-width: 300px) 100vw, 300px\" \/><\/a><figcaption id=\"caption-attachment-5454\" class=\"wp-caption-text\">CDs handed out at events<\/figcaption><\/figure>\n<p style=\"text-align: center;\">&nbsp;<\/p>\n<p><a href=\"http:\/\/arteemtransito.com.br\/site\/wp-content\/uploads\/2017\/08\/rotas-4edicao-2017.pdf\">2017's Experimental Routes<\/a>&nbsp;<\/p>\n<p><a href=\"http:\/\/arteemtransito.com.br\/site\/wp-content\/uploads\/2016\/02\/Rotas-Experimentais-2015.pdf\" target=\"_blank\" rel=\"noopener\">2015's Experimental Routes<\/a><\/p>\n<p><a href=\"http:\/\/arteemtransito.com.br\/site\/wp-content\/uploads\/2016\/02\/Rotas-Experimentais-2014.pdf\" target=\"_blank\" rel=\"noopener\">2014's Experimental Routes<\/a><\/p>\n<p><a href=\"http:\/\/arteemtransito.com.br\/site\/wp-content\/uploads\/2016\/02\/Rotas-Experimentais-2013.pdf\" target=\"_blank\" rel=\"noopener\">2013's Experimental Routes<\/a><\/p>\n<p>&nbsp;<\/p>","protected":false},"excerpt":{"rendered":"<p>Trata-se de objeto digital organizado pela professora Dra. Andr\u00e9a Senra Coutinho, que \u00e9 composto por registros textuais e imag\u00e9ticos de algumas das experi\u00eancias pedag\u00f3gicas em arte, apresentadas nas Mostras Culturais &#8230;<\/p>","protected":false},"author":1,"featured_media":0,"parent":5334,"menu_order":0,"comment_status":"closed","ping_status":"closed","template":"","meta":{"ngg_post_thumbnail":0,"jetpack_post_was_ever_published":false,"footnotes":""},"class_list":["post-5340","page","type-page","status-publish","hentry"],"jetpack_shortlink":"https:\/\/wp.me\/P3LbTB-1o8","jetpack_sharing_enabled":true,"jetpack_likes_enabled":false,"jetpack-related-posts":[],"_links":{"self":[{"href":"https:\/\/arteemtransito.com.br\/site\/en\/wp-json\/wp\/v2\/pages\/5340","targetHints":{"allow":["GET"]}}],"collection":[{"href":"https:\/\/arteemtransito.com.br\/site\/en\/wp-json\/wp\/v2\/pages"}],"about":[{"href":"https:\/\/arteemtransito.com.br\/site\/en\/wp-json\/wp\/v2\/types\/page"}],"author":[{"embeddable":true,"href":"https:\/\/arteemtransito.com.br\/site\/en\/wp-json\/wp\/v2\/users\/1"}],"replies":[{"embeddable":true,"href":"https:\/\/arteemtransito.com.br\/site\/en\/wp-json\/wp\/v2\/comments?post=5340"}],"version-history":[{"count":5,"href":"https:\/\/arteemtransito.com.br\/site\/en\/wp-json\/wp\/v2\/pages\/5340\/revisions"}],"predecessor-version":[{"id":7847,"href":"https:\/\/arteemtransito.com.br\/site\/en\/wp-json\/wp\/v2\/pages\/5340\/revisions\/7847"}],"up":[{"embeddable":true,"href":"https:\/\/arteemtransito.com.br\/site\/en\/wp-json\/wp\/v2\/pages\/5334"}],"wp:attachment":[{"href":"https:\/\/arteemtransito.com.br\/site\/en\/wp-json\/wp\/v2\/media?parent=5340"}],"curies":[{"name":"wp","href":"https:\/\/api.w.org\/{rel}","templated":true}]}}