{"id":5334,"date":"2017-08-20T00:28:04","date_gmt":"2017-08-20T03:28:04","guid":{"rendered":"http:\/\/arteemtransito.com.br\/site\/?page_id=5334"},"modified":"2020-04-29T14:42:09","modified_gmt":"2020-04-29T17:42:09","slug":"dispositivos-para-formacao-docente","status":"publish","type":"page","link":"https:\/\/arteemtransito.com.br\/site\/en\/dispositivos-para-formacao-docente\/","title":{"rendered":"Dispositivos de Forma\u00e7\u00e3o"},"content":{"rendered":"<p class=\"p1\">Proposta que diminui as dist\u00e2ncias entre a universidade, outras institui\u00e7\u00f5es de ensino e comunidade. As a\u00e7\u00f5es externas de forma\u00e7\u00e3o ir\u00e3o promover um di\u00e1logo com outras localidades no sentido de um aprendizado colaborativo, a partir das seguintes frentes:<\/p>\n<ul>\n<li><a href=\"http:\/\/arteemtransito.com.br\/site\/en\/dispositivos-de-formacao-docente\/oficinas\/\">Oficinas e rodas de conversa<\/a><\/li>\n<li><a href=\"http:\/\/arteemtransito.com.br\/site\/en\/dispositivos-de-formacao\/inicial ou continuada\/\" data-wplink-url-error=\"true\">A\u00e7\u00f5es de forma\u00e7\u00e3o (Inicial ou continuada)<\/a><\/li>\n<li><a href=\"http:\/\/arteemtransito.com.br\/site\/en\/dispositivos-para-formacao-docente\/rotas-experimentais\/\">Workshops Circuit<\/a><\/li>\n<li><a href=\"http:\/\/arteemtransito.com.br\/site\/en\/coloquio\/\">Colloquium<\/a><\/li>\n<li><a href=\"http:\/\/arteemtransito.com.br\/site\/en\/dispositivos-para-formacao-docente\/pontes-comunitarias\/\">Pontes Comunit\u00e1rias<\/a><\/li>\n<\/ul>","protected":false},"excerpt":{"rendered":"<p>Proposta que diminui as dist\u00e2ncias entre a universidade, outras institui\u00e7\u00f5es de ensino e comunidade. As a\u00e7\u00f5es externas de forma\u00e7\u00e3o ir\u00e3o promover um di\u00e1logo com outras localidades no sentido de um &#8230;<\/p>","protected":false},"author":1,"featured_media":0,"parent":0,"menu_order":0,"comment_status":"closed","ping_status":"closed","template":"","meta":{"ngg_post_thumbnail":0,"jetpack_post_was_ever_published":false,"footnotes":""},"class_list":["post-5334","page","type-page","status-publish","hentry"],"jetpack_shortlink":"https:\/\/wp.me\/P3LbTB-1o2","jetpack_sharing_enabled":true,"jetpack_likes_enabled":false,"jetpack-related-posts":[],"_links":{"self":[{"href":"https:\/\/arteemtransito.com.br\/site\/en\/wp-json\/wp\/v2\/pages\/5334","targetHints":{"allow":["GET"]}}],"collection":[{"href":"https:\/\/arteemtransito.com.br\/site\/en\/wp-json\/wp\/v2\/pages"}],"about":[{"href":"https:\/\/arteemtransito.com.br\/site\/en\/wp-json\/wp\/v2\/types\/page"}],"author":[{"embeddable":true,"href":"https:\/\/arteemtransito.com.br\/site\/en\/wp-json\/wp\/v2\/users\/1"}],"replies":[{"embeddable":true,"href":"https:\/\/arteemtransito.com.br\/site\/en\/wp-json\/wp\/v2\/comments?post=5334"}],"version-history":[{"count":7,"href":"https:\/\/arteemtransito.com.br\/site\/en\/wp-json\/wp\/v2\/pages\/5334\/revisions"}],"predecessor-version":[{"id":7384,"href":"https:\/\/arteemtransito.com.br\/site\/en\/wp-json\/wp\/v2\/pages\/5334\/revisions\/7384"}],"wp:attachment":[{"href":"https:\/\/arteemtransito.com.br\/site\/en\/wp-json\/wp\/v2\/media?parent=5334"}],"curies":[{"name":"wp","href":"https:\/\/api.w.org\/{rel}","templated":true}]}}