{"id":5322,"date":"2017-08-20T00:19:25","date_gmt":"2017-08-20T03:19:25","guid":{"rendered":"http:\/\/arteemtransito.com.br\/site\/?page_id=5322"},"modified":"2025-01-16T14:55:37","modified_gmt":"2025-01-16T17:55:37","slug":"mostra-cultural","status":"publish","type":"page","link":"https:\/\/arteemtransito.com.br\/site\/en\/dispositivos-artisticos\/mostra-cultural\/","title":{"rendered":"Cultural Exhibition"},"content":{"rendered":"<p>Exposi\u00e7\u00f5es de arte com propostas pedag\u00f3gicas, desenvolvidas com estudantes do CAp., que apresentam resultados em termos de visualidade, materialidade e inova\u00e7\u00e3o. Em 2016, come\u00e7ou a ocorrer a participa\u00e7\u00e3o de docentes de outras institui\u00e7\u00f5es, promovendo uma aproxima\u00e7\u00e3o de diferentes realidades escolares. Em 2019 tivemos a nossa \u00faltima Mostra presencial e em 2021 realizamos o evento em formato online, devido \u00e0 pandemia.<\/p>\n<p>During the <strong>Art in Transit Week<\/strong>, that marks the culmination of the extension project activities, we count on an artist exposing in the Gallery Edson P\u00e1vel Bastos and an artist that creates an intervention in one of the school\u00b4s spaces. Besides that, we have artistic performances which happen during the morning or afternoon class recess.<\/p>\n<figure id=\"attachment_5407\" aria-describedby=\"caption-attachment-5407\" style=\"width: 300px\" class=\"wp-caption aligncenter\"><a href=\"https:\/\/i0.wp.com\/arteemtransito.com.br\/site\/wp-content\/uploads\/2017\/08\/1098347_500038656737566_1980591878_n.jpg\"><img data-recalc-dims=\"1\" loading=\"lazy\" decoding=\"async\" data-attachment-id=\"5407\" data-permalink=\"https:\/\/arteemtransito.com.br\/site\/en\/dispositivos-artisticos\/mostra-cultural\/1098347_500038656737566_1980591878_n\/\" data-orig-file=\"https:\/\/i0.wp.com\/arteemtransito.com.br\/site\/wp-content\/uploads\/2017\/08\/1098347_500038656737566_1980591878_n.jpg?fit=960%2C635&amp;ssl=1\" data-orig-size=\"960,635\" data-comments-opened=\"1\" data-image-meta=\"{&quot;aperture&quot;:&quot;0&quot;,&quot;credit&quot;:&quot;&quot;,&quot;camera&quot;:&quot;&quot;,&quot;caption&quot;:&quot;&quot;,&quot;created_timestamp&quot;:&quot;0&quot;,&quot;copyright&quot;:&quot;&quot;,&quot;focal_length&quot;:&quot;0&quot;,&quot;iso&quot;:&quot;0&quot;,&quot;shutter_speed&quot;:&quot;0&quot;,&quot;title&quot;:&quot;&quot;,&quot;orientation&quot;:&quot;0&quot;}\" data-image-title=\"1098347_500038656737566_1980591878_n\" data-image-description=\"\" data-image-caption=\"\" data-medium-file=\"https:\/\/i0.wp.com\/arteemtransito.com.br\/site\/wp-content\/uploads\/2017\/08\/1098347_500038656737566_1980591878_n.jpg?fit=300%2C198&amp;ssl=1\" data-large-file=\"https:\/\/i0.wp.com\/arteemtransito.com.br\/site\/wp-content\/uploads\/2017\/08\/1098347_500038656737566_1980591878_n.jpg?fit=800%2C529&amp;ssl=1\" class=\"wp-image-5407 size-medium\" src=\"https:\/\/i0.wp.com\/arteemtransito.com.br\/site\/wp-content\/uploads\/2017\/08\/1098347_500038656737566_1980591878_n-300x198.jpg?resize=300%2C198\" alt=\"\" width=\"300\" height=\"198\" srcset=\"https:\/\/i0.wp.com\/arteemtransito.com.br\/site\/wp-content\/uploads\/2017\/08\/1098347_500038656737566_1980591878_n.jpg?resize=300%2C198&amp;ssl=1 300w, https:\/\/i0.wp.com\/arteemtransito.com.br\/site\/wp-content\/uploads\/2017\/08\/1098347_500038656737566_1980591878_n.jpg?resize=768%2C508&amp;ssl=1 768w, https:\/\/i0.wp.com\/arteemtransito.com.br\/site\/wp-content\/uploads\/2017\/08\/1098347_500038656737566_1980591878_n.jpg?w=960&amp;ssl=1 960w\" sizes=\"auto, (max-width: 300px) 100vw, 300px\" \/><\/a><figcaption id=\"caption-attachment-5407\" class=\"wp-caption-text\">Student taking part in Priscila de Paula\u00b4s artistic intervention<\/figcaption><\/figure>","protected":false},"excerpt":{"rendered":"<p>Exposi\u00e7\u00f5es de arte com propostas pedag\u00f3gicas, desenvolvidas com estudantes do CAp., que apresentam resultados em termos de visualidade, materialidade e inova\u00e7\u00e3o. Em 2016, come\u00e7ou a ocorrer a participa\u00e7\u00e3o de docentes &#8230;<\/p>","protected":false},"author":1,"featured_media":0,"parent":5320,"menu_order":0,"comment_status":"closed","ping_status":"closed","template":"","meta":{"ngg_post_thumbnail":0,"jetpack_post_was_ever_published":false,"footnotes":""},"class_list":["post-5322","page","type-page","status-publish","hentry"],"jetpack_shortlink":"https:\/\/wp.me\/P3LbTB-1nQ","jetpack_sharing_enabled":true,"jetpack_likes_enabled":false,"jetpack-related-posts":[],"_links":{"self":[{"href":"https:\/\/arteemtransito.com.br\/site\/en\/wp-json\/wp\/v2\/pages\/5322","targetHints":{"allow":["GET"]}}],"collection":[{"href":"https:\/\/arteemtransito.com.br\/site\/en\/wp-json\/wp\/v2\/pages"}],"about":[{"href":"https:\/\/arteemtransito.com.br\/site\/en\/wp-json\/wp\/v2\/types\/page"}],"author":[{"embeddable":true,"href":"https:\/\/arteemtransito.com.br\/site\/en\/wp-json\/wp\/v2\/users\/1"}],"replies":[{"embeddable":true,"href":"https:\/\/arteemtransito.com.br\/site\/en\/wp-json\/wp\/v2\/comments?post=5322"}],"version-history":[{"count":5,"href":"https:\/\/arteemtransito.com.br\/site\/en\/wp-json\/wp\/v2\/pages\/5322\/revisions"}],"predecessor-version":[{"id":8793,"href":"https:\/\/arteemtransito.com.br\/site\/en\/wp-json\/wp\/v2\/pages\/5322\/revisions\/8793"}],"up":[{"embeddable":true,"href":"https:\/\/arteemtransito.com.br\/site\/en\/wp-json\/wp\/v2\/pages\/5320"}],"wp:attachment":[{"href":"https:\/\/arteemtransito.com.br\/site\/en\/wp-json\/wp\/v2\/media?parent=5322"}],"curies":[{"name":"wp","href":"https:\/\/api.w.org\/{rel}","templated":true}]}}