{"id":5303,"date":"2017-08-20T00:06:39","date_gmt":"2017-08-20T03:06:39","guid":{"rendered":"http:\/\/arteemtransito.com.br\/site\/?page_id=5303"},"modified":"2019-02-14T20:47:24","modified_gmt":"2019-02-14T23:47:24","slug":"2013-2","status":"publish","type":"page","link":"https:\/\/arteemtransito.com.br\/site\/en\/o-projeto-2\/2013-2\/","title":{"rendered":"2013"},"content":{"rendered":"<p><strong>Per\u00edodo:<\/strong> 21 de outubro e 08 de novembro.<\/p>\n<h3>Transitaram pela III Mostra Cultural os seguintes artistas convidados:<\/h3>\n<ul>\n<li>Galeria Edson P\u00e1vel Bastos: Petrillo (JF)<\/li>\n<li>Interven\u00e7\u00e3o art\u00edstica: Adriana Gomes (UFJF)<\/li>\n<li>Exposi\u00e7\u00e3o itinerante: Juiz de Fora verbo e cor<\/li>\n<li>Apresenta\u00e7\u00f5es musicais: Niara Vieira; Rafael Gon\u00e7alves Trio; Luane Voigan e Frederico Gr\u00fcnewald; alunos do CAp. Jo\u00e3o XXIII;<\/li>\n<li>Performance de encerramento: Fernanda de Oliveira (PJF)<\/li>\n<\/ul>\n<p>&nbsp;<\/p>\n<h3>No III Col\u00f3quio, contamos com as seguintes colabora\u00e7\u00f5es:<\/h3>\n<ul>\n<li>Gilton Monteiro (UFRJ)<\/li>\n<li>Gleice Cohn (Col\u00e9gio Dom Pedro II\/RJ)<\/li>\n<li>Adriana Gomes (UFJF)<\/li>\n<li>Helen Barra de Moura (CAp. Jo\u00e3o XXIII)<\/li>\n<li>Lan\u00e7amento Rotas Experimentais<\/li>\n<\/ul>\n<p>&nbsp;<\/p>\n<h3>Galeria de fotos 2013<\/h3>\n<div class=\"tiled-gallery type-square tiled-gallery-unresized\" data-original-width=\"800\" data-carousel-extra='{&quot;blog_id&quot;:1,&quot;permalink&quot;:&quot;https:\\\/\\\/arteemtransito.com.br\\\/site\\\/en\\\/o-projeto-2\\\/2013-2\\\/&quot;,&quot;likes_blog_id&quot;:55576155}' itemscope itemtype=\"http:\/\/schema.org\/ImageGallery\" > <div class=\"gallery-row\" style=\"width: 800px; height: 266px;\" data-original-width=\"800\" data-original-height=\"266\" > <div class=\"gallery-group\" style=\"width: 266px; height: 266px;\" data-original-width=\"266\" data-original-height=\"266\" > <div class=\"tiled-gallery-item\" itemprop=\"associatedMedia\" itemscope itemtype=\"http:\/\/schema.org\/ImageObject\"> <a href=\"https:\/\/i0.wp.com\/arteemtransito.com.br\/site\/wp-content\/uploads\/2017\/08\/1376582_545375212203910_34325889_n.jpg?ssl=1\" border=\"0\" itemprop=\"url\"> <meta itemprop=\"width\" content=\"262\"> <meta itemprop=\"height\" content=\"262\"> <img decoding=\"async\" class=\"\" data-attachment-id=\"5382\" data-orig-file=\"https:\/\/arteemtransito.com.br\/site\/wp-content\/uploads\/2017\/08\/1376582_545375212203910_34325889_n.jpg\" data-orig-size=\"720,478\" data-comments-opened=\"1\" data-image-meta=\"{&quot;aperture&quot;:&quot;0&quot;,&quot;credit&quot;:&quot;&quot;,&quot;camera&quot;:&quot;&quot;,&quot;caption&quot;:&quot;&quot;,&quot;created_timestamp&quot;:&quot;0&quot;,&quot;copyright&quot;:&quot;&quot;,&quot;focal_length&quot;:&quot;0&quot;,&quot;iso&quot;:&quot;0&quot;,&quot;shutter_speed&quot;:&quot;0&quot;,&quot;title&quot;:&quot;&quot;,&quot;orientation&quot;:&quot;0&quot;}\" data-image-title=\"1376582_545375212203910_34325889_n\" data-image-description=\"\" data-medium-file=\"https:\/\/i0.wp.com\/arteemtransito.com.br\/site\/wp-content\/uploads\/2017\/08\/1376582_545375212203910_34325889_n.jpg?fit=300%2C199&#038;ssl=1\" data-large-file=\"https:\/\/i0.wp.com\/arteemtransito.com.br\/site\/wp-content\/uploads\/2017\/08\/1376582_545375212203910_34325889_n.jpg?fit=720%2C478&#038;ssl=1\" src=\"https:\/\/i0.wp.com\/arteemtransito.com.br\/site\/wp-content\/uploads\/2017\/08\/1376582_545375212203910_34325889_n.jpg?w=262&#038;h=262&#038;crop=1&#038;ssl=1\" srcset=\"https:\/\/i0.wp.com\/arteemtransito.com.br\/site\/wp-content\/uploads\/2017\/08\/1376582_545375212203910_34325889_n.jpg?resize=150%2C150&amp;ssl=1 150w, https:\/\/i0.wp.com\/arteemtransito.com.br\/site\/wp-content\/uploads\/2017\/08\/1376582_545375212203910_34325889_n.jpg?zoom=2&amp;resize=262%2C262&amp;ssl=1 524w\" width=\"262\" height=\"262\" loading=\"lazy\" data-original-width=\"262\" data-original-height=\"262\" itemprop=\"http:\/\/schema.org\/image\" title=\"1376582_545375212203910_34325889_n\" alt=\"Exposi\u00e7\u00e3o de Petrillo\" style=\"width: 262px; height: 262px;\" \/> <\/a> <div class=\"tiled-gallery-caption\" itemprop=\"caption description\"> Exposi\u00e7\u00e3o de Petrillo <\/div> <\/div> <\/div> <div class=\"gallery-group\" style=\"width: 266px; height: 266px;\" data-original-width=\"266\" data-original-height=\"266\" > <div class=\"tiled-gallery-item\" itemprop=\"associatedMedia\" itemscope itemtype=\"http:\/\/schema.org\/ImageObject\"> <a href=\"https:\/\/i0.wp.com\/arteemtransito.com.br\/site\/wp-content\/uploads\/2017\/08\/DSC_0050.jpg?ssl=1\" border=\"0\" itemprop=\"url\"> <meta itemprop=\"width\" content=\"262\"> <meta itemprop=\"height\" content=\"262\"> <img decoding=\"async\" class=\"\" data-attachment-id=\"5384\" data-orig-file=\"https:\/\/arteemtransito.com.br\/site\/wp-content\/uploads\/2017\/08\/DSC_0050.jpg\" data-orig-size=\"3216,2136\" data-comments-opened=\"1\" data-image-meta=\"{&quot;aperture&quot;:&quot;3.5&quot;,&quot;credit&quot;:&quot;&quot;,&quot;camera&quot;:&quot;NIKON D90&quot;,&quot;caption&quot;:&quot;&quot;,&quot;created_timestamp&quot;:&quot;1382348542&quot;,&quot;copyright&quot;:&quot;&quot;,&quot;focal_length&quot;:&quot;18&quot;,&quot;iso&quot;:&quot;500&quot;,&quot;shutter_speed&quot;:&quot;0.00625&quot;,&quot;title&quot;:&quot;&quot;,&quot;orientation&quot;:&quot;1&quot;}\" data-image-title=\"DSC_0050\" data-image-description=\"\" data-medium-file=\"https:\/\/i0.wp.com\/arteemtransito.com.br\/site\/wp-content\/uploads\/2017\/08\/DSC_0050.jpg?fit=300%2C199&#038;ssl=1\" data-large-file=\"https:\/\/i0.wp.com\/arteemtransito.com.br\/site\/wp-content\/uploads\/2017\/08\/DSC_0050.jpg?fit=800%2C531&#038;ssl=1\" src=\"https:\/\/i0.wp.com\/arteemtransito.com.br\/site\/wp-content\/uploads\/2017\/08\/DSC_0050.jpg?w=262&#038;h=262&#038;crop=1&#038;ssl=1\" srcset=\"https:\/\/i0.wp.com\/arteemtransito.com.br\/site\/wp-content\/uploads\/2017\/08\/DSC_0050.jpg?resize=150%2C150&amp;ssl=1 150w, https:\/\/i0.wp.com\/arteemtransito.com.br\/site\/wp-content\/uploads\/2017\/08\/DSC_0050.jpg?zoom=2&amp;resize=262%2C262&amp;ssl=1 524w, https:\/\/i0.wp.com\/arteemtransito.com.br\/site\/wp-content\/uploads\/2017\/08\/DSC_0050.jpg?zoom=3&amp;resize=262%2C262&amp;ssl=1 786w\" width=\"262\" height=\"262\" loading=\"lazy\" data-original-width=\"262\" data-original-height=\"262\" itemprop=\"http:\/\/schema.org\/image\" title=\"DSC_0050\" alt=\"Mostra Cultural\" style=\"width: 262px; height: 262px;\" \/> <\/a> <div class=\"tiled-gallery-caption\" itemprop=\"caption description\"> Cultural Exhibition <\/div> <\/div> <\/div> <div class=\"gallery-group\" style=\"width: 266px; height: 266px;\" data-original-width=\"266\" data-original-height=\"266\" > <div class=\"tiled-gallery-item\" itemprop=\"associatedMedia\" itemscope itemtype=\"http:\/\/schema.org\/ImageObject\"> <a href=\"https:\/\/i0.wp.com\/arteemtransito.com.br\/site\/wp-content\/uploads\/2017\/08\/DSC_0174.jpg?ssl=1\" border=\"0\" itemprop=\"url\"> <meta itemprop=\"width\" content=\"262\"> <meta itemprop=\"height\" content=\"262\"> <img decoding=\"async\" class=\"\" data-attachment-id=\"5385\" data-orig-file=\"https:\/\/arteemtransito.com.br\/site\/wp-content\/uploads\/2017\/08\/DSC_0174.jpg\" data-orig-size=\"3216,2136\" data-comments-opened=\"1\" data-image-meta=\"{&quot;aperture&quot;:&quot;4&quot;,&quot;credit&quot;:&quot;&quot;,&quot;camera&quot;:&quot;NIKON D90&quot;,&quot;caption&quot;:&quot;&quot;,&quot;created_timestamp&quot;:&quot;1382384368&quot;,&quot;copyright&quot;:&quot;&quot;,&quot;focal_length&quot;:&quot;25&quot;,&quot;iso&quot;:&quot;800&quot;,&quot;shutter_speed&quot;:&quot;0.0666666666667&quot;,&quot;title&quot;:&quot;&quot;,&quot;orientation&quot;:&quot;1&quot;}\" data-image-title=\"DSC_0174\" data-image-description=\"\" data-medium-file=\"https:\/\/i0.wp.com\/arteemtransito.com.br\/site\/wp-content\/uploads\/2017\/08\/DSC_0174.jpg?fit=300%2C199&#038;ssl=1\" data-large-file=\"https:\/\/i0.wp.com\/arteemtransito.com.br\/site\/wp-content\/uploads\/2017\/08\/DSC_0174.jpg?fit=800%2C531&#038;ssl=1\" src=\"https:\/\/i0.wp.com\/arteemtransito.com.br\/site\/wp-content\/uploads\/2017\/08\/DSC_0174.jpg?w=262&#038;h=262&#038;crop=1&#038;ssl=1\" srcset=\"https:\/\/i0.wp.com\/arteemtransito.com.br\/site\/wp-content\/uploads\/2017\/08\/DSC_0174.jpg?resize=150%2C150&amp;ssl=1 150w, https:\/\/i0.wp.com\/arteemtransito.com.br\/site\/wp-content\/uploads\/2017\/08\/DSC_0174.jpg?zoom=2&amp;resize=262%2C262&amp;ssl=1 524w, https:\/\/i0.wp.com\/arteemtransito.com.br\/site\/wp-content\/uploads\/2017\/08\/DSC_0174.jpg?zoom=3&amp;resize=262%2C262&amp;ssl=1 786w\" width=\"262\" height=\"262\" loading=\"lazy\" data-original-width=\"262\" data-original-height=\"262\" itemprop=\"http:\/\/schema.org\/image\" title=\"DSC_0174\" alt=\"Interven\u00e7\u00e3o art\u00edstica: Adriana Gomes\" style=\"width: 262px; height: 262px;\" \/> <\/a> <div class=\"tiled-gallery-caption\" itemprop=\"caption description\"> Interven\u00e7\u00e3o art\u00edstica: Adriana Gomes <\/div> <\/div> <\/div> <\/div> <\/div>","protected":false},"excerpt":{"rendered":"<p>Per\u00edodo: 21 de outubro e 08 de novembro. Transitaram pela III Mostra Cultural os seguintes artistas convidados: Galeria Edson P\u00e1vel Bastos: Petrillo (JF) Interven\u00e7\u00e3o art\u00edstica: Adriana Gomes (UFJF) Exposi\u00e7\u00e3o itinerante: &#8230;<\/p>","protected":false},"author":1,"featured_media":0,"parent":73,"menu_order":7,"comment_status":"closed","ping_status":"closed","template":"","meta":{"ngg_post_thumbnail":0,"jetpack_post_was_ever_published":false,"footnotes":""},"class_list":["post-5303","page","type-page","status-publish","hentry"],"jetpack_shortlink":"https:\/\/wp.me\/P3LbTB-1nx","jetpack_sharing_enabled":true,"jetpack_likes_enabled":false,"jetpack-related-posts":[],"_links":{"self":[{"href":"https:\/\/arteemtransito.com.br\/site\/en\/wp-json\/wp\/v2\/pages\/5303","targetHints":{"allow":["GET"]}}],"collection":[{"href":"https:\/\/arteemtransito.com.br\/site\/en\/wp-json\/wp\/v2\/pages"}],"about":[{"href":"https:\/\/arteemtransito.com.br\/site\/en\/wp-json\/wp\/v2\/types\/page"}],"author":[{"embeddable":true,"href":"https:\/\/arteemtransito.com.br\/site\/en\/wp-json\/wp\/v2\/users\/1"}],"replies":[{"embeddable":true,"href":"https:\/\/arteemtransito.com.br\/site\/en\/wp-json\/wp\/v2\/comments?post=5303"}],"version-history":[{"count":2,"href":"https:\/\/arteemtransito.com.br\/site\/en\/wp-json\/wp\/v2\/pages\/5303\/revisions"}],"predecessor-version":[{"id":5386,"href":"https:\/\/arteemtransito.com.br\/site\/en\/wp-json\/wp\/v2\/pages\/5303\/revisions\/5386"}],"up":[{"embeddable":true,"href":"https:\/\/arteemtransito.com.br\/site\/en\/wp-json\/wp\/v2\/pages\/73"}],"wp:attachment":[{"href":"https:\/\/arteemtransito.com.br\/site\/en\/wp-json\/wp\/v2\/media?parent=5303"}],"curies":[{"name":"wp","href":"https:\/\/api.w.org\/{rel}","templated":true}]}}