{"id":5301,"date":"2017-08-20T00:04:48","date_gmt":"2017-08-20T03:04:48","guid":{"rendered":"http:\/\/arteemtransito.com.br\/site\/?page_id=5301"},"modified":"2025-04-03T14:55:58","modified_gmt":"2025-04-03T17:55:58","slug":"2014-2","status":"publish","type":"page","link":"https:\/\/arteemtransito.com.br\/site\/en\/o-projeto-2\/2014-2\/","title":{"rendered":"2014"},"content":{"rendered":"<p><strong>Per\u00edodo:<\/strong> 04 e 14 de novembro.<\/p>\n<h3>Transitaram pela IV Mostra Cultural os seguintes artistas convidados:<\/h3>\n<ul>\n<li><strong>Interven\u00e7\u00f5es art\u00edsticas<\/strong>: Coletivo Transverso (SP\/Bras\u00edlia) e Luiz Gonzaga (JF)<\/li>\n<li><strong>Apresenta\u00e7\u00f5es musicais<\/strong>: Projeto Nosso Canto, Nossa Gente (Conservat\u00f3rio Estadual de Musica Haid\u00e8e Fran\u00e7a Americano\/ Coordena\u00e7\u00e3o: Carla Rosa); Coral do Jo\u00e3o e Coral FUNALFA\/UFJF\u201d\/ (CAp. Jo\u00e3o XXIII\/ Coordena\u00e7\u00e3o: Helen Barra); alunos do CAp. Jo\u00e3o XXIII;<\/li>\n<li><strong>Dan\u00e7a<\/strong>: Batalha do Passinho (alunos do CAp. Jo\u00e3o XXIII)<\/li>\n<li><strong>Workshop<\/strong> \u201cObjetos sonoros e instrumentos n\u00e3o convencionais: cria\u00e7\u00f5es e aplica\u00e7\u00f5es\u201d com Adriana Miana (UNIRIO)<\/li>\n<li><strong>A\u00e7\u00e3o art\u00edstica<\/strong>: RM Cer\u00e2mica Art\u00edstica &#8211; Maur\u00edlio Souza, Rose Valverde e Orlando de Oliveira (JF)<\/li>\n<\/ul>\n<p>&nbsp;<\/p>\n<h3>No IV Col\u00f3quio, contamos com as seguintes colabora\u00e7\u00f5es:<\/h3>\n<ul>\n<li>Dr. Ricardo Basbaum (UFF). Contamos com o apoio da Livraria Saraiva para a conversa com o artista, acerca de seu livro \u201cManual do Artista-Etc.\u201d, em Juiz de Fora.<\/li>\n<li>Palestra de abertura \u201cDi\u00e1logos: pesquisa, pr\u00e1tica art\u00edstica e o ensino de artes nas escolas\u201d Profa. Ma. Fernanda Morais (Prefeitura Municipal do Rio de Janeiro)<\/li>\n<li>Bate papo com o artista Cau\u00ea Novaes (Coletivo Transverso)<\/li>\n<li>Lan\u00e7amento Rotas Experimentais<\/li>\n<\/ul>\n<p>&nbsp;<\/p>\n<h3>Galeria de fotos 2014<\/h3>\n<div class=\"tiled-gallery type-square tiled-gallery-unresized\" data-original-width=\"800\" data-carousel-extra='{&quot;blog_id&quot;:1,&quot;permalink&quot;:&quot;https:\\\/\\\/arteemtransito.com.br\\\/site\\\/en\\\/o-projeto-2\\\/2014-2\\\/&quot;,&quot;likes_blog_id&quot;:55576155}' itemscope itemtype=\"http:\/\/schema.org\/ImageGallery\" > <div class=\"gallery-row\" style=\"width: 800px; height: 266px;\" data-original-width=\"800\" data-original-height=\"266\" > <div class=\"gallery-group\" style=\"width: 266px; height: 266px;\" data-original-width=\"266\" data-original-height=\"266\" > <div class=\"tiled-gallery-item\" itemprop=\"associatedMedia\" itemscope itemtype=\"http:\/\/schema.org\/ImageObject\"> <a href=\"https:\/\/i0.wp.com\/arteemtransito.com.br\/site\/wp-content\/uploads\/2017\/08\/IMG_1196.jpg?ssl=1\" border=\"0\" itemprop=\"url\"> <meta itemprop=\"width\" content=\"262\"> <meta itemprop=\"height\" content=\"262\"> <img decoding=\"async\" class=\"\" data-attachment-id=\"5387\" data-orig-file=\"https:\/\/arteemtransito.com.br\/site\/wp-content\/uploads\/2017\/08\/IMG_1196.jpg\" data-orig-size=\"640,480\" data-comments-opened=\"1\" data-image-meta=\"{&quot;aperture&quot;:&quot;2.2&quot;,&quot;credit&quot;:&quot;&quot;,&quot;camera&quot;:&quot;iPhone 5s&quot;,&quot;caption&quot;:&quot;&quot;,&quot;created_timestamp&quot;:&quot;1415374979&quot;,&quot;copyright&quot;:&quot;&quot;,&quot;focal_length&quot;:&quot;4.15&quot;,&quot;iso&quot;:&quot;320&quot;,&quot;shutter_speed&quot;:&quot;0.0666666666667&quot;,&quot;title&quot;:&quot;&quot;,&quot;orientation&quot;:&quot;1&quot;}\" data-image-title=\"IMG_1196\" data-image-description=\"\" data-medium-file=\"https:\/\/i0.wp.com\/arteemtransito.com.br\/site\/wp-content\/uploads\/2017\/08\/IMG_1196.jpg?fit=300%2C225&#038;ssl=1\" data-large-file=\"https:\/\/i0.wp.com\/arteemtransito.com.br\/site\/wp-content\/uploads\/2017\/08\/IMG_1196.jpg?fit=640%2C480&#038;ssl=1\" src=\"https:\/\/i0.wp.com\/arteemtransito.com.br\/site\/wp-content\/uploads\/2017\/08\/IMG_1196.jpg?w=262&#038;h=262&#038;crop=1&#038;ssl=1\" srcset=\"https:\/\/i0.wp.com\/arteemtransito.com.br\/site\/wp-content\/uploads\/2017\/08\/IMG_1196.jpg?resize=150%2C150&amp;ssl=1 150w, https:\/\/i0.wp.com\/arteemtransito.com.br\/site\/wp-content\/uploads\/2017\/08\/IMG_1196.jpg?zoom=2&amp;resize=262%2C262&amp;ssl=1 524w\" width=\"262\" height=\"262\" loading=\"lazy\" data-original-width=\"262\" data-original-height=\"262\" itemprop=\"http:\/\/schema.org\/image\" title=\"IMG_1196\" alt=\"Apresenta\u00e7\u00e3o de cer\u00e2mica de torno com Orlando Oliveira\" style=\"width: 262px; height: 262px;\" \/> <\/a> <div class=\"tiled-gallery-caption\" itemprop=\"caption description\"> Apresenta\u00e7\u00e3o de cer\u00e2mica de torno com Orlando Oliveira <\/div> <\/div> <\/div> <div class=\"gallery-group\" style=\"width: 266px; height: 266px;\" data-original-width=\"266\" data-original-height=\"266\" > <div class=\"tiled-gallery-item\" itemprop=\"associatedMedia\" itemscope itemtype=\"http:\/\/schema.org\/ImageObject\"> <a href=\"https:\/\/i0.wp.com\/arteemtransito.com.br\/site\/wp-content\/uploads\/2017\/08\/DSC_0068.jpg?ssl=1\" border=\"0\" itemprop=\"url\"> <meta itemprop=\"width\" content=\"262\"> <meta itemprop=\"height\" content=\"262\"> <img decoding=\"async\" class=\"\" data-attachment-id=\"5388\" data-orig-file=\"https:\/\/arteemtransito.com.br\/site\/wp-content\/uploads\/2017\/08\/DSC_0068.jpg\" data-orig-size=\"799,531\" data-comments-opened=\"1\" data-image-meta=\"{&quot;aperture&quot;:&quot;3.5&quot;,&quot;credit&quot;:&quot;&quot;,&quot;camera&quot;:&quot;NIKON D90&quot;,&quot;caption&quot;:&quot;&quot;,&quot;created_timestamp&quot;:&quot;1415005204&quot;,&quot;copyright&quot;:&quot;&quot;,&quot;focal_length&quot;:&quot;18&quot;,&quot;iso&quot;:&quot;640&quot;,&quot;shutter_speed&quot;:&quot;0.025&quot;,&quot;title&quot;:&quot;&quot;,&quot;orientation&quot;:&quot;0&quot;}\" data-image-title=\"DSC_0068\" data-image-description=\"\" data-medium-file=\"https:\/\/i0.wp.com\/arteemtransito.com.br\/site\/wp-content\/uploads\/2017\/08\/DSC_0068.jpg?fit=300%2C199&#038;ssl=1\" data-large-file=\"https:\/\/i0.wp.com\/arteemtransito.com.br\/site\/wp-content\/uploads\/2017\/08\/DSC_0068.jpg?fit=799%2C531&#038;ssl=1\" src=\"https:\/\/i0.wp.com\/arteemtransito.com.br\/site\/wp-content\/uploads\/2017\/08\/DSC_0068.jpg?w=262&#038;h=262&#038;crop=1&#038;ssl=1\" srcset=\"https:\/\/i0.wp.com\/arteemtransito.com.br\/site\/wp-content\/uploads\/2017\/08\/DSC_0068.jpg?resize=150%2C150&amp;ssl=1 150w, https:\/\/i0.wp.com\/arteemtransito.com.br\/site\/wp-content\/uploads\/2017\/08\/DSC_0068.jpg?zoom=2&amp;resize=262%2C262&amp;ssl=1 524w, https:\/\/i0.wp.com\/arteemtransito.com.br\/site\/wp-content\/uploads\/2017\/08\/DSC_0068.jpg?zoom=3&amp;resize=262%2C262&amp;ssl=1 786w\" width=\"262\" height=\"262\" loading=\"lazy\" data-original-width=\"262\" data-original-height=\"262\" itemprop=\"http:\/\/schema.org\/image\" title=\"DSC_0068\" alt=\"Coletivo Transverso na Mostra Cultural\" style=\"width: 262px; height: 262px;\" \/> <\/a> <div class=\"tiled-gallery-caption\" itemprop=\"caption description\"> Coletivo Transverso na Mostra Cultural <\/div> <\/div> <\/div> <div class=\"gallery-group\" style=\"width: 266px; height: 266px;\" data-original-width=\"266\" data-original-height=\"266\" > <div class=\"tiled-gallery-item\" itemprop=\"associatedMedia\" itemscope itemtype=\"http:\/\/schema.org\/ImageObject\"> <a href=\"https:\/\/i0.wp.com\/arteemtransito.com.br\/site\/wp-content\/uploads\/2017\/08\/DSC_0140.jpg?ssl=1\" border=\"0\" itemprop=\"url\"> <meta itemprop=\"width\" content=\"262\"> <meta itemprop=\"height\" content=\"262\"> <img decoding=\"async\" class=\"\" data-attachment-id=\"5390\" data-orig-file=\"https:\/\/arteemtransito.com.br\/site\/wp-content\/uploads\/2017\/08\/DSC_0140.jpg\" data-orig-size=\"799,531\" data-comments-opened=\"1\" data-image-meta=\"{&quot;aperture&quot;:&quot;3.5&quot;,&quot;credit&quot;:&quot;&quot;,&quot;camera&quot;:&quot;NIKON D90&quot;,&quot;caption&quot;:&quot;&quot;,&quot;created_timestamp&quot;:&quot;1415091340&quot;,&quot;copyright&quot;:&quot;&quot;,&quot;focal_length&quot;:&quot;18&quot;,&quot;iso&quot;:&quot;250&quot;,&quot;shutter_speed&quot;:&quot;0.01&quot;,&quot;title&quot;:&quot;&quot;,&quot;orientation&quot;:&quot;0&quot;}\" data-image-title=\"DSC_0140\" data-image-description=\"\" data-medium-file=\"https:\/\/i0.wp.com\/arteemtransito.com.br\/site\/wp-content\/uploads\/2017\/08\/DSC_0140.jpg?fit=300%2C199&#038;ssl=1\" data-large-file=\"https:\/\/i0.wp.com\/arteemtransito.com.br\/site\/wp-content\/uploads\/2017\/08\/DSC_0140.jpg?fit=799%2C531&#038;ssl=1\" src=\"https:\/\/i0.wp.com\/arteemtransito.com.br\/site\/wp-content\/uploads\/2017\/08\/DSC_0140.jpg?w=262&#038;h=262&#038;crop=1&#038;ssl=1\" srcset=\"https:\/\/i0.wp.com\/arteemtransito.com.br\/site\/wp-content\/uploads\/2017\/08\/DSC_0140.jpg?resize=150%2C150&amp;ssl=1 150w, https:\/\/i0.wp.com\/arteemtransito.com.br\/site\/wp-content\/uploads\/2017\/08\/DSC_0140.jpg?zoom=2&amp;resize=262%2C262&amp;ssl=1 524w, https:\/\/i0.wp.com\/arteemtransito.com.br\/site\/wp-content\/uploads\/2017\/08\/DSC_0140.jpg?zoom=3&amp;resize=262%2C262&amp;ssl=1 786w\" width=\"262\" height=\"262\" loading=\"lazy\" data-original-width=\"262\" data-original-height=\"262\" itemprop=\"http:\/\/schema.org\/image\" title=\"DSC_0140\" alt=\"Batalha do Passinho\" style=\"width: 262px; height: 262px;\" \/> <\/a> <div class=\"tiled-gallery-caption\" itemprop=\"caption description\"> Batalha do Passinho <\/div> <\/div> <\/div> <\/div> <\/div>","protected":false},"excerpt":{"rendered":"<p>Per\u00edodo: 04 e 14 de novembro. Transitaram pela IV Mostra Cultural os seguintes artistas convidados: Interven\u00e7\u00f5es art\u00edsticas: Coletivo Transverso (SP\/Bras\u00edlia) e Luiz Gonzaga (JF) Apresenta\u00e7\u00f5es musicais: Projeto Nosso Canto, Nossa &#8230;<\/p>","protected":false},"author":1,"featured_media":0,"parent":73,"menu_order":6,"comment_status":"closed","ping_status":"closed","template":"","meta":{"ngg_post_thumbnail":0,"jetpack_post_was_ever_published":false,"footnotes":""},"class_list":["post-5301","page","type-page","status-publish","hentry"],"jetpack_shortlink":"https:\/\/wp.me\/P3LbTB-1nv","jetpack_sharing_enabled":true,"jetpack_likes_enabled":false,"jetpack-related-posts":[],"_links":{"self":[{"href":"https:\/\/arteemtransito.com.br\/site\/en\/wp-json\/wp\/v2\/pages\/5301","targetHints":{"allow":["GET"]}}],"collection":[{"href":"https:\/\/arteemtransito.com.br\/site\/en\/wp-json\/wp\/v2\/pages"}],"about":[{"href":"https:\/\/arteemtransito.com.br\/site\/en\/wp-json\/wp\/v2\/types\/page"}],"author":[{"embeddable":true,"href":"https:\/\/arteemtransito.com.br\/site\/en\/wp-json\/wp\/v2\/users\/1"}],"replies":[{"embeddable":true,"href":"https:\/\/arteemtransito.com.br\/site\/en\/wp-json\/wp\/v2\/comments?post=5301"}],"version-history":[{"count":4,"href":"https:\/\/arteemtransito.com.br\/site\/en\/wp-json\/wp\/v2\/pages\/5301\/revisions"}],"predecessor-version":[{"id":8862,"href":"https:\/\/arteemtransito.com.br\/site\/en\/wp-json\/wp\/v2\/pages\/5301\/revisions\/8862"}],"up":[{"embeddable":true,"href":"https:\/\/arteemtransito.com.br\/site\/en\/wp-json\/wp\/v2\/pages\/73"}],"wp:attachment":[{"href":"https:\/\/arteemtransito.com.br\/site\/en\/wp-json\/wp\/v2\/media?parent=5301"}],"curies":[{"name":"wp","href":"https:\/\/api.w.org\/{rel}","templated":true}]}}