{"id":4876,"date":"2017-08-19T23:49:55","date_gmt":"2017-08-20T02:49:55","guid":{"rendered":"http:\/\/arteemtransito.com.br\/site\/?page_id=4876"},"modified":"2025-04-03T14:56:38","modified_gmt":"2025-04-03T17:56:38","slug":"2016-2","status":"publish","type":"page","link":"https:\/\/arteemtransito.com.br\/site\/en\/o-projeto-2\/2016-2\/","title":{"rendered":"2016"},"content":{"rendered":"<p><strong>Per\u00edodo:<\/strong> 19 e 30 de setembro.<\/p>\n<h3>Realizamos:<\/h3>\n<ul>\n<li>V Col\u00f3quio e a VI Mostra Cultural, com sucesso.<\/li>\n<li>Gerenciamento da Galeria Edson P\u00e1vel Bastos por meio do Espa\u00e7o ConVida<\/li>\n<li>Implementa\u00e7\u00e3o de algumas a\u00e7\u00f5es novas como o convite \u00e0 professores de outras escolas para exporem seus trabalhos realizados com alunos\/as na Mostra<\/li>\n<li>I Encontro Multidisciplinar de Grupos de Pesquisa (UFJF, UFRGS, UERJ e Col\u00e9gio Pedro II)<\/li>\n<li>Oficina de bordaduras para alunos do Ensino M\u00e9dio do CAp<\/li>\n<li>Visita t\u00e9cnica ao Museu Mariano Proc\u00f3pio.<\/li>\n<\/ul>\n<p>&nbsp;<\/p>\n<h3>Transitaram pela VI Mostra Cultural os seguintes artistas convidados:<\/h3>\n<ul>\n<li>Exposi\u00e7\u00e3o de trabalhos art\u00edsticos de Lin Lima (Portas Vilasecas Galeria);<\/li>\n<li>Interven\u00e7\u00e3o art\u00edstica de Fernanda Morais (Prefeitura Municipal de Petr\u00f3polis)<\/li>\n<li>Coletivo feminino de arte &#8211; O C\u00edrculo de Mulheres de Arte da Terra no Espa\u00e7o expositivo da Reitoria da UFJF<\/li>\n<li>Performance de Dan\u00e7a do bailarino Leandro Souza (Col\u00e9gio Pedro II\/RJ)<\/li>\n<li>Mostra fotogr\u00e1fica de Renata Oliveira Caetano (CAp. Jo\u00e3o XXIII)<\/li>\n<li>Palestra: \u201cO profissional do cinema e do audiovisual no Brasil\u201d com a profa. dra. Alessandra Brum (UFJF)<\/li>\n<li>Performance de encerramento: Gabriela Machado (CAp. Jo\u00e3o XXIII)<\/li>\n<\/ul>\n<p>&nbsp;<\/p>\n<h3>No V Col\u00f3quio, contamos com as seguintes colabora\u00e7\u00f5es:<\/h3>\n<ul>\n<li>Palestra de abertura \u201cDoc\u00eancia artista: arte e novas plataformas para pensar educa\u00e7\u00e3o\u201d com Profa. Dra. Luciana G. Loponte (UFRGS)<\/li>\n<li>Doutorando Daniel Momoli (UFRGS);<\/li>\n<li>Doutorando D\u00e9bora Vier Fischer (Escola Projeto \u2013 RGS\/ UFRGS);<\/li>\n<li>Mestre Leandro Souza (Col\u00e9gio Pedro II)<\/li>\n<li>Doutoranda Val\u00e9ria Fazolato (Escola Estadual S\u00e3o Vicente de Paulo \/ UFJF)<\/li>\n<\/ul>\n<p>&nbsp;<\/p>\n<h3>Galeria de fotos 2016<\/h3>\n<div class=\"tiled-gallery type-square tiled-gallery-unresized\" data-original-width=\"800\" data-carousel-extra='{&quot;blog_id&quot;:1,&quot;permalink&quot;:&quot;https:\\\/\\\/arteemtransito.com.br\\\/site\\\/en\\\/o-projeto-2\\\/2016-2\\\/&quot;,&quot;likes_blog_id&quot;:55576155}' itemscope itemtype=\"http:\/\/schema.org\/ImageGallery\" > <div class=\"gallery-row\" style=\"width: 800px; height: 266px;\" data-original-width=\"800\" data-original-height=\"266\" > <div class=\"gallery-group\" style=\"width: 266px; height: 266px;\" data-original-width=\"266\" data-original-height=\"266\" > <div class=\"tiled-gallery-item\" itemprop=\"associatedMedia\" itemscope itemtype=\"http:\/\/schema.org\/ImageObject\"> <a href=\"https:\/\/i0.wp.com\/arteemtransito.com.br\/site\/wp-content\/uploads\/2017\/08\/14317373_1207205689354189_7337421035500825668_n.jpg?ssl=1\" border=\"0\" itemprop=\"url\"> <meta itemprop=\"width\" content=\"262\"> <meta itemprop=\"height\" content=\"262\"> <img decoding=\"async\" class=\"\" data-attachment-id=\"5400\" data-orig-file=\"https:\/\/arteemtransito.com.br\/site\/wp-content\/uploads\/2017\/08\/14317373_1207205689354189_7337421035500825668_n.jpg\" data-orig-size=\"960,960\" data-comments-opened=\"1\" data-image-meta=\"{&quot;aperture&quot;:&quot;0&quot;,&quot;credit&quot;:&quot;&quot;,&quot;camera&quot;:&quot;&quot;,&quot;caption&quot;:&quot;&quot;,&quot;created_timestamp&quot;:&quot;0&quot;,&quot;copyright&quot;:&quot;&quot;,&quot;focal_length&quot;:&quot;0&quot;,&quot;iso&quot;:&quot;0&quot;,&quot;shutter_speed&quot;:&quot;0&quot;,&quot;title&quot;:&quot;&quot;,&quot;orientation&quot;:&quot;0&quot;}\" data-image-title=\"14317373_1207205689354189_7337421035500825668_n\" data-image-description=\"\" data-medium-file=\"https:\/\/i0.wp.com\/arteemtransito.com.br\/site\/wp-content\/uploads\/2017\/08\/14317373_1207205689354189_7337421035500825668_n.jpg?fit=300%2C300&#038;ssl=1\" data-large-file=\"https:\/\/i0.wp.com\/arteemtransito.com.br\/site\/wp-content\/uploads\/2017\/08\/14317373_1207205689354189_7337421035500825668_n.jpg?fit=800%2C800&#038;ssl=1\" src=\"https:\/\/i0.wp.com\/arteemtransito.com.br\/site\/wp-content\/uploads\/2017\/08\/14317373_1207205689354189_7337421035500825668_n.jpg?w=262&#038;h=262&#038;crop=1&#038;ssl=1\" srcset=\"https:\/\/i0.wp.com\/arteemtransito.com.br\/site\/wp-content\/uploads\/2017\/08\/14317373_1207205689354189_7337421035500825668_n.jpg?w=960&amp;ssl=1 960w, https:\/\/i0.wp.com\/arteemtransito.com.br\/site\/wp-content\/uploads\/2017\/08\/14317373_1207205689354189_7337421035500825668_n.jpg?resize=150%2C150&amp;ssl=1 150w, https:\/\/i0.wp.com\/arteemtransito.com.br\/site\/wp-content\/uploads\/2017\/08\/14317373_1207205689354189_7337421035500825668_n.jpg?resize=300%2C300&amp;ssl=1 300w, https:\/\/i0.wp.com\/arteemtransito.com.br\/site\/wp-content\/uploads\/2017\/08\/14317373_1207205689354189_7337421035500825668_n.jpg?resize=768%2C768&amp;ssl=1 768w\" width=\"262\" height=\"262\" loading=\"lazy\" data-original-width=\"262\" data-original-height=\"262\" itemprop=\"http:\/\/schema.org\/image\" title=\"14317373_1207205689354189_7337421035500825668_n\" alt=\"Exposi\u00e7\u00e3o de Lin Lima\" style=\"width: 262px; height: 262px;\" \/> <\/a> <div class=\"tiled-gallery-caption\" itemprop=\"caption description\"> Exposi\u00e7\u00e3o de Lin Lima <\/div> <\/div> <\/div> <div class=\"gallery-group\" style=\"width: 266px; height: 266px;\" data-original-width=\"266\" data-original-height=\"266\" > <div class=\"tiled-gallery-item\" itemprop=\"associatedMedia\" itemscope itemtype=\"http:\/\/schema.org\/ImageObject\"> <a href=\"https:\/\/i0.wp.com\/arteemtransito.com.br\/site\/wp-content\/uploads\/2017\/08\/14364787_1210340405707384_2762683146650283174_n.jpg?ssl=1\" border=\"0\" itemprop=\"url\"> <meta itemprop=\"width\" content=\"262\"> <meta itemprop=\"height\" content=\"262\"> <img decoding=\"async\" class=\"\" data-attachment-id=\"5401\" data-orig-file=\"https:\/\/arteemtransito.com.br\/site\/wp-content\/uploads\/2017\/08\/14364787_1210340405707384_2762683146650283174_n.jpg\" data-orig-size=\"960,960\" data-comments-opened=\"1\" data-image-meta=\"{&quot;aperture&quot;:&quot;0&quot;,&quot;credit&quot;:&quot;&quot;,&quot;camera&quot;:&quot;&quot;,&quot;caption&quot;:&quot;&quot;,&quot;created_timestamp&quot;:&quot;0&quot;,&quot;copyright&quot;:&quot;&quot;,&quot;focal_length&quot;:&quot;0&quot;,&quot;iso&quot;:&quot;0&quot;,&quot;shutter_speed&quot;:&quot;0&quot;,&quot;title&quot;:&quot;&quot;,&quot;orientation&quot;:&quot;0&quot;}\" data-image-title=\"14364787_1210340405707384_2762683146650283174_n\" data-image-description=\"\" data-medium-file=\"https:\/\/i0.wp.com\/arteemtransito.com.br\/site\/wp-content\/uploads\/2017\/08\/14364787_1210340405707384_2762683146650283174_n.jpg?fit=300%2C300&#038;ssl=1\" data-large-file=\"https:\/\/i0.wp.com\/arteemtransito.com.br\/site\/wp-content\/uploads\/2017\/08\/14364787_1210340405707384_2762683146650283174_n.jpg?fit=800%2C800&#038;ssl=1\" src=\"https:\/\/i0.wp.com\/arteemtransito.com.br\/site\/wp-content\/uploads\/2017\/08\/14364787_1210340405707384_2762683146650283174_n.jpg?w=262&#038;h=262&#038;crop=1&#038;ssl=1\" srcset=\"https:\/\/i0.wp.com\/arteemtransito.com.br\/site\/wp-content\/uploads\/2017\/08\/14364787_1210340405707384_2762683146650283174_n.jpg?w=960&amp;ssl=1 960w, https:\/\/i0.wp.com\/arteemtransito.com.br\/site\/wp-content\/uploads\/2017\/08\/14364787_1210340405707384_2762683146650283174_n.jpg?resize=150%2C150&amp;ssl=1 150w, https:\/\/i0.wp.com\/arteemtransito.com.br\/site\/wp-content\/uploads\/2017\/08\/14364787_1210340405707384_2762683146650283174_n.jpg?resize=300%2C300&amp;ssl=1 300w, https:\/\/i0.wp.com\/arteemtransito.com.br\/site\/wp-content\/uploads\/2017\/08\/14364787_1210340405707384_2762683146650283174_n.jpg?resize=768%2C768&amp;ssl=1 768w\" width=\"262\" height=\"262\" loading=\"lazy\" data-original-width=\"262\" data-original-height=\"262\" itemprop=\"http:\/\/schema.org\/image\" title=\"14364787_1210340405707384_2762683146650283174_n\" alt=\"Luciana Loponte no Col\u00f3quio\" style=\"width: 262px; height: 262px;\" \/> <\/a> <div class=\"tiled-gallery-caption\" itemprop=\"caption description\"> Luciana Loponte no Col\u00f3quio <\/div> <\/div> <\/div> <div class=\"gallery-group\" style=\"width: 266px; height: 266px;\" data-original-width=\"266\" data-original-height=\"266\" > <div class=\"tiled-gallery-item\" itemprop=\"associatedMedia\" itemscope itemtype=\"http:\/\/schema.org\/ImageObject\"> <a href=\"https:\/\/i0.wp.com\/arteemtransito.com.br\/site\/wp-content\/uploads\/2017\/08\/14368721_1203699416371483_5270147126214027226_n.jpg?ssl=1\" border=\"0\" itemprop=\"url\"> <meta itemprop=\"width\" content=\"262\"> <meta itemprop=\"height\" content=\"262\"> <img decoding=\"async\" class=\"\" data-attachment-id=\"5402\" data-orig-file=\"https:\/\/arteemtransito.com.br\/site\/wp-content\/uploads\/2017\/08\/14368721_1203699416371483_5270147126214027226_n.jpg\" data-orig-size=\"860,959\" data-comments-opened=\"1\" data-image-meta=\"{&quot;aperture&quot;:&quot;0&quot;,&quot;credit&quot;:&quot;&quot;,&quot;camera&quot;:&quot;&quot;,&quot;caption&quot;:&quot;&quot;,&quot;created_timestamp&quot;:&quot;0&quot;,&quot;copyright&quot;:&quot;&quot;,&quot;focal_length&quot;:&quot;0&quot;,&quot;iso&quot;:&quot;0&quot;,&quot;shutter_speed&quot;:&quot;0&quot;,&quot;title&quot;:&quot;&quot;,&quot;orientation&quot;:&quot;0&quot;}\" data-image-title=\"14368721_1203699416371483_5270147126214027226_n\" data-image-description=\"\" data-medium-file=\"https:\/\/i0.wp.com\/arteemtransito.com.br\/site\/wp-content\/uploads\/2017\/08\/14368721_1203699416371483_5270147126214027226_n.jpg?fit=269%2C300&#038;ssl=1\" data-large-file=\"https:\/\/i0.wp.com\/arteemtransito.com.br\/site\/wp-content\/uploads\/2017\/08\/14368721_1203699416371483_5270147126214027226_n.jpg?fit=800%2C892&#038;ssl=1\" src=\"https:\/\/i0.wp.com\/arteemtransito.com.br\/site\/wp-content\/uploads\/2017\/08\/14368721_1203699416371483_5270147126214027226_n.jpg?w=262&#038;h=262&#038;crop=1&#038;ssl=1\" srcset=\"https:\/\/i0.wp.com\/arteemtransito.com.br\/site\/wp-content\/uploads\/2017\/08\/14368721_1203699416371483_5270147126214027226_n.jpg?resize=150%2C150&amp;ssl=1 150w, https:\/\/i0.wp.com\/arteemtransito.com.br\/site\/wp-content\/uploads\/2017\/08\/14368721_1203699416371483_5270147126214027226_n.jpg?zoom=2&amp;resize=262%2C262&amp;ssl=1 524w, https:\/\/i0.wp.com\/arteemtransito.com.br\/site\/wp-content\/uploads\/2017\/08\/14368721_1203699416371483_5270147126214027226_n.jpg?zoom=3&amp;resize=262%2C262&amp;ssl=1 786w\" width=\"262\" height=\"262\" loading=\"lazy\" data-original-width=\"262\" data-original-height=\"262\" itemprop=\"http:\/\/schema.org\/image\" title=\"14368721_1203699416371483_5270147126214027226_n\" alt=\"Mostra Cultural\" style=\"width: 262px; height: 262px;\" \/> <\/a> <div class=\"tiled-gallery-caption\" itemprop=\"caption description\"> Cultural Exhibition <\/div> <\/div> <\/div> <\/div> <div class=\"gallery-row\" style=\"width: 800px; height: 266px;\" data-original-width=\"800\" data-original-height=\"266\" > <div class=\"gallery-group\" style=\"width: 266px; height: 266px;\" data-original-width=\"266\" data-original-height=\"266\" > <div class=\"tiled-gallery-item\" itemprop=\"associatedMedia\" itemscope itemtype=\"http:\/\/schema.org\/ImageObject\"> <a href=\"https:\/\/i0.wp.com\/arteemtransito.com.br\/site\/wp-content\/uploads\/2017\/08\/14369877_1209804929094265_8830340732648949406_n.jpg?ssl=1\" border=\"0\" itemprop=\"url\"> <meta itemprop=\"width\" content=\"262\"> <meta itemprop=\"height\" content=\"262\"> <img decoding=\"async\" class=\"\" data-attachment-id=\"5403\" data-orig-file=\"https:\/\/arteemtransito.com.br\/site\/wp-content\/uploads\/2017\/08\/14369877_1209804929094265_8830340732648949406_n.jpg\" data-orig-size=\"960,960\" data-comments-opened=\"1\" data-image-meta=\"{&quot;aperture&quot;:&quot;0&quot;,&quot;credit&quot;:&quot;&quot;,&quot;camera&quot;:&quot;&quot;,&quot;caption&quot;:&quot;&quot;,&quot;created_timestamp&quot;:&quot;0&quot;,&quot;copyright&quot;:&quot;&quot;,&quot;focal_length&quot;:&quot;0&quot;,&quot;iso&quot;:&quot;0&quot;,&quot;shutter_speed&quot;:&quot;0&quot;,&quot;title&quot;:&quot;&quot;,&quot;orientation&quot;:&quot;0&quot;}\" data-image-title=\"14369877_1209804929094265_8830340732648949406_n\" data-image-description=\"\" data-medium-file=\"https:\/\/i0.wp.com\/arteemtransito.com.br\/site\/wp-content\/uploads\/2017\/08\/14369877_1209804929094265_8830340732648949406_n.jpg?fit=300%2C300&#038;ssl=1\" data-large-file=\"https:\/\/i0.wp.com\/arteemtransito.com.br\/site\/wp-content\/uploads\/2017\/08\/14369877_1209804929094265_8830340732648949406_n.jpg?fit=800%2C800&#038;ssl=1\" src=\"https:\/\/i0.wp.com\/arteemtransito.com.br\/site\/wp-content\/uploads\/2017\/08\/14369877_1209804929094265_8830340732648949406_n.jpg?w=262&#038;h=262&#038;crop=1&#038;ssl=1\" srcset=\"https:\/\/i0.wp.com\/arteemtransito.com.br\/site\/wp-content\/uploads\/2017\/08\/14369877_1209804929094265_8830340732648949406_n.jpg?w=960&amp;ssl=1 960w, https:\/\/i0.wp.com\/arteemtransito.com.br\/site\/wp-content\/uploads\/2017\/08\/14369877_1209804929094265_8830340732648949406_n.jpg?resize=150%2C150&amp;ssl=1 150w, https:\/\/i0.wp.com\/arteemtransito.com.br\/site\/wp-content\/uploads\/2017\/08\/14369877_1209804929094265_8830340732648949406_n.jpg?resize=300%2C300&amp;ssl=1 300w, https:\/\/i0.wp.com\/arteemtransito.com.br\/site\/wp-content\/uploads\/2017\/08\/14369877_1209804929094265_8830340732648949406_n.jpg?resize=768%2C768&amp;ssl=1 768w\" width=\"262\" height=\"262\" loading=\"lazy\" data-original-width=\"262\" data-original-height=\"262\" itemprop=\"http:\/\/schema.org\/image\" title=\"14369877_1209804929094265_8830340732648949406_n\" alt=\"Performance de Leandro Souza\" style=\"width: 262px; height: 262px;\" \/> <\/a> <div class=\"tiled-gallery-caption\" itemprop=\"caption description\"> Performance de Leandro Souza <\/div> <\/div> <\/div> <div class=\"gallery-group\" style=\"width: 266px; height: 266px;\" data-original-width=\"266\" data-original-height=\"266\" > <div class=\"tiled-gallery-item\" itemprop=\"associatedMedia\" itemscope itemtype=\"http:\/\/schema.org\/ImageObject\"> <a href=\"https:\/\/i0.wp.com\/arteemtransito.com.br\/site\/wp-content\/uploads\/2017\/08\/14370002_1205772706164154_7072432162119642899_n.jpg?ssl=1\" border=\"0\" itemprop=\"url\"> <meta itemprop=\"width\" content=\"262\"> <meta itemprop=\"height\" content=\"262\"> <img decoding=\"async\" class=\"\" data-attachment-id=\"5404\" data-orig-file=\"https:\/\/arteemtransito.com.br\/site\/wp-content\/uploads\/2017\/08\/14370002_1205772706164154_7072432162119642899_n.jpg\" data-orig-size=\"960,960\" data-comments-opened=\"1\" data-image-meta=\"{&quot;aperture&quot;:&quot;0&quot;,&quot;credit&quot;:&quot;&quot;,&quot;camera&quot;:&quot;&quot;,&quot;caption&quot;:&quot;&quot;,&quot;created_timestamp&quot;:&quot;0&quot;,&quot;copyright&quot;:&quot;&quot;,&quot;focal_length&quot;:&quot;0&quot;,&quot;iso&quot;:&quot;0&quot;,&quot;shutter_speed&quot;:&quot;0&quot;,&quot;title&quot;:&quot;&quot;,&quot;orientation&quot;:&quot;0&quot;}\" data-image-title=\"14370002_1205772706164154_7072432162119642899_n\" data-image-description=\"\" data-medium-file=\"https:\/\/i0.wp.com\/arteemtransito.com.br\/site\/wp-content\/uploads\/2017\/08\/14370002_1205772706164154_7072432162119642899_n.jpg?fit=300%2C300&#038;ssl=1\" data-large-file=\"https:\/\/i0.wp.com\/arteemtransito.com.br\/site\/wp-content\/uploads\/2017\/08\/14370002_1205772706164154_7072432162119642899_n.jpg?fit=800%2C800&#038;ssl=1\" src=\"https:\/\/i0.wp.com\/arteemtransito.com.br\/site\/wp-content\/uploads\/2017\/08\/14370002_1205772706164154_7072432162119642899_n.jpg?w=262&#038;h=262&#038;crop=1&#038;ssl=1\" srcset=\"https:\/\/i0.wp.com\/arteemtransito.com.br\/site\/wp-content\/uploads\/2017\/08\/14370002_1205772706164154_7072432162119642899_n.jpg?w=960&amp;ssl=1 960w, https:\/\/i0.wp.com\/arteemtransito.com.br\/site\/wp-content\/uploads\/2017\/08\/14370002_1205772706164154_7072432162119642899_n.jpg?resize=150%2C150&amp;ssl=1 150w, https:\/\/i0.wp.com\/arteemtransito.com.br\/site\/wp-content\/uploads\/2017\/08\/14370002_1205772706164154_7072432162119642899_n.jpg?resize=300%2C300&amp;ssl=1 300w, https:\/\/i0.wp.com\/arteemtransito.com.br\/site\/wp-content\/uploads\/2017\/08\/14370002_1205772706164154_7072432162119642899_n.jpg?resize=768%2C768&amp;ssl=1 768w\" width=\"262\" height=\"262\" loading=\"lazy\" data-original-width=\"262\" data-original-height=\"262\" itemprop=\"http:\/\/schema.org\/image\" title=\"14370002_1205772706164154_7072432162119642899_n\" alt=\"Interven\u00e7\u00e3o art\u00edstica de Fernanda Morais\" style=\"width: 262px; height: 262px;\" \/> <\/a> <div class=\"tiled-gallery-caption\" itemprop=\"caption description\"> Interven\u00e7\u00e3o art\u00edstica de Fernanda Morais <\/div> <\/div> <\/div> <div class=\"gallery-group\" style=\"width: 266px; height: 266px;\" data-original-width=\"266\" data-original-height=\"266\" > <div class=\"tiled-gallery-item\" itemprop=\"associatedMedia\" itemscope itemtype=\"http:\/\/schema.org\/ImageObject\"> <a href=\"https:\/\/i0.wp.com\/arteemtransito.com.br\/site\/wp-content\/uploads\/2017\/08\/14370424_1211439952264096_5758588892931064313_n.jpg?ssl=1\" border=\"0\" itemprop=\"url\"> <meta itemprop=\"width\" content=\"262\"> <meta itemprop=\"height\" content=\"262\"> <img decoding=\"async\" class=\"\" data-attachment-id=\"5405\" data-orig-file=\"https:\/\/arteemtransito.com.br\/site\/wp-content\/uploads\/2017\/08\/14370424_1211439952264096_5758588892931064313_n.jpg\" data-orig-size=\"960,960\" data-comments-opened=\"1\" data-image-meta=\"{&quot;aperture&quot;:&quot;0&quot;,&quot;credit&quot;:&quot;&quot;,&quot;camera&quot;:&quot;&quot;,&quot;caption&quot;:&quot;&quot;,&quot;created_timestamp&quot;:&quot;0&quot;,&quot;copyright&quot;:&quot;&quot;,&quot;focal_length&quot;:&quot;0&quot;,&quot;iso&quot;:&quot;0&quot;,&quot;shutter_speed&quot;:&quot;0&quot;,&quot;title&quot;:&quot;&quot;,&quot;orientation&quot;:&quot;0&quot;}\" data-image-title=\"14370424_1211439952264096_5758588892931064313_n\" data-image-description=\"\" data-medium-file=\"https:\/\/i0.wp.com\/arteemtransito.com.br\/site\/wp-content\/uploads\/2017\/08\/14370424_1211439952264096_5758588892931064313_n.jpg?fit=300%2C300&#038;ssl=1\" data-large-file=\"https:\/\/i0.wp.com\/arteemtransito.com.br\/site\/wp-content\/uploads\/2017\/08\/14370424_1211439952264096_5758588892931064313_n.jpg?fit=800%2C800&#038;ssl=1\" src=\"https:\/\/i0.wp.com\/arteemtransito.com.br\/site\/wp-content\/uploads\/2017\/08\/14370424_1211439952264096_5758588892931064313_n.jpg?w=262&#038;h=262&#038;crop=1&#038;ssl=1\" srcset=\"https:\/\/i0.wp.com\/arteemtransito.com.br\/site\/wp-content\/uploads\/2017\/08\/14370424_1211439952264096_5758588892931064313_n.jpg?w=960&amp;ssl=1 960w, https:\/\/i0.wp.com\/arteemtransito.com.br\/site\/wp-content\/uploads\/2017\/08\/14370424_1211439952264096_5758588892931064313_n.jpg?resize=150%2C150&amp;ssl=1 150w, https:\/\/i0.wp.com\/arteemtransito.com.br\/site\/wp-content\/uploads\/2017\/08\/14370424_1211439952264096_5758588892931064313_n.jpg?resize=300%2C300&amp;ssl=1 300w, https:\/\/i0.wp.com\/arteemtransito.com.br\/site\/wp-content\/uploads\/2017\/08\/14370424_1211439952264096_5758588892931064313_n.jpg?resize=768%2C768&amp;ssl=1 768w\" width=\"262\" height=\"262\" loading=\"lazy\" data-original-width=\"262\" data-original-height=\"262\" itemprop=\"http:\/\/schema.org\/image\" title=\"14370424_1211439952264096_5758588892931064313_n\" alt=\"Performance de Gabriela Machado\" style=\"width: 262px; height: 262px;\" \/> <\/a> <div class=\"tiled-gallery-caption\" itemprop=\"caption description\"> Performance de Gabriela Machado <\/div> <\/div> <\/div> <\/div> <\/div>","protected":false},"excerpt":{"rendered":"<p>Per\u00edodo: 19 e 30 de setembro. Realizamos: V Col\u00f3quio e a VI Mostra Cultural, com sucesso. Gerenciamento da Galeria Edson P\u00e1vel Bastos por meio do Espa\u00e7o ConVida Implementa\u00e7\u00e3o de algumas &#8230;<\/p>","protected":false},"author":3,"featured_media":0,"parent":73,"menu_order":0,"comment_status":"open","ping_status":"open","template":"","meta":{"ngg_post_thumbnail":0,"jetpack_post_was_ever_published":false,"footnotes":""},"class_list":["post-4876","page","type-page","status-publish","hentry"],"jetpack_shortlink":"https:\/\/wp.me\/P3LbTB-1gE","jetpack_sharing_enabled":true,"jetpack_likes_enabled":false,"jetpack-related-posts":[],"_links":{"self":[{"href":"https:\/\/arteemtransito.com.br\/site\/en\/wp-json\/wp\/v2\/pages\/4876","targetHints":{"allow":["GET"]}}],"collection":[{"href":"https:\/\/arteemtransito.com.br\/site\/en\/wp-json\/wp\/v2\/pages"}],"about":[{"href":"https:\/\/arteemtransito.com.br\/site\/en\/wp-json\/wp\/v2\/types\/page"}],"author":[{"embeddable":true,"href":"https:\/\/arteemtransito.com.br\/site\/en\/wp-json\/wp\/v2\/users\/3"}],"replies":[{"embeddable":true,"href":"https:\/\/arteemtransito.com.br\/site\/en\/wp-json\/wp\/v2\/comments?post=4876"}],"version-history":[{"count":3,"href":"https:\/\/arteemtransito.com.br\/site\/en\/wp-json\/wp\/v2\/pages\/4876\/revisions"}],"predecessor-version":[{"id":8863,"href":"https:\/\/arteemtransito.com.br\/site\/en\/wp-json\/wp\/v2\/pages\/4876\/revisions\/8863"}],"up":[{"embeddable":true,"href":"https:\/\/arteemtransito.com.br\/site\/en\/wp-json\/wp\/v2\/pages\/73"}],"wp:attachment":[{"href":"https:\/\/arteemtransito.com.br\/site\/en\/wp-json\/wp\/v2\/media?parent=4876"}],"curies":[{"name":"wp","href":"https:\/\/api.w.org\/{rel}","templated":true}]}}